{"id":998,"date":"2023-06-06T12:07:27","date_gmt":"2023-06-06T12:07:27","guid":{"rendered":"https:\/\/ttlcomputer.es\/new\/?page_id=998"},"modified":"2023-06-06T12:17:02","modified_gmt":"2023-06-06T12:17:02","slug":"monitor-ttl-236e70006","status":"publish","type":"page","link":"https:\/\/ttlcomputer.es\/new\/monitor-ttl-236e70006\/","title":{"rendered":"Monitor TTL 236E70006"},"content":{"rendered":"\n\n\n<figure class=\"wp-block-image size-full\"><img loading=\"lazy\" decoding=\"async\" width=\"1024\" height=\"1024\" src=\"https:\/\/ttlcomputer.es\/new\/wp-content\/uploads\/2023\/06\/TTL-M21VHD-front-2-1.jpg\" alt=\"\" class=\"wp-image-1002\" srcset=\"https:\/\/ttlcomputer.es\/new\/wp-content\/uploads\/2023\/06\/TTL-M21VHD-front-2-1.jpg 1024w, https:\/\/ttlcomputer.es\/new\/wp-content\/uploads\/2023\/06\/TTL-M21VHD-front-2-1-300x300.jpg 300w, https:\/\/ttlcomputer.es\/new\/wp-content\/uploads\/2023\/06\/TTL-M21VHD-front-2-1-150x150.jpg 150w, https:\/\/ttlcomputer.es\/new\/wp-content\/uploads\/2023\/06\/TTL-M21VHD-front-2-1-768x768.jpg 768w\" sizes=\"(max-width: 1024px) 100vw, 1024px\" \/><\/figure>\n\n\n\n<h2 class=\"wp-block-heading\">Caracter\u00edsticas T\u00e9cnicas:<\/h2>\n\n\n\n<figure class=\"wp-block-table\"><table><tbody><tr><td><strong>Tama\u00f1o de la pantalla visible al monitor <\/strong><\/td><td>23,6 pulgadas<\/td><\/tr><tr><td><strong>Tecnolog\u00eda Pantalla <\/strong><\/td><td>LED<\/td><\/tr><tr><td><strong>Relaci\u00f3n de aspecto<\/strong><\/td><td>16:9<\/td><\/tr><tr><td><strong>Conectividad de entrada de v\u00eddeo<\/strong><\/td><td>VGA, DVI, HDMI<\/td><\/tr><tr><td><strong>Frecuencia vertical (Hz)<\/strong><\/td><td>\u00a056 \u2013 75<\/td><\/tr><tr><td><strong>Resoluci\u00f3n <\/strong><\/td><td>1080 pixeles <\/td><\/tr><tr><td><strong>Iluminaci\u00f3n<\/strong><\/td><td>250 CDM2<\/td><\/tr><tr><td><strong>Clase de panel <\/strong><\/td><td>EN-ISO 9241-307: 1<\/td><\/tr><tr><td><strong>Permite variaci\u00f3n de altura y \u00e1ngulo de inclinaci\u00f3n vertical<\/strong><\/td><td>Permite variaci\u00f3n de altura y \u00e1ngulo de inclinaci\u00f3n vertical<\/td><\/tr><tr><td><strong>Incorpora conector de audio<\/strong><\/td><td><\/td><\/tr><tr><td><strong>Peso del monitor<\/strong><\/td><td>5,2 kg<\/td><\/tr><tr><td><strong>Dimensiones<\/strong><\/td><td>55,5\u00d711,4\u00d740,1<\/td><\/tr><tr><td><strong>Certificados <\/strong><\/td><td>Energy Star<br>Marcado CE<br>Certificado Huella de Carbono<\/td><\/tr><tr><td><strong>Normativas<\/strong><\/td><td>DSEG, REBT, CEE, RENV y RAEE<\/td><\/tr><tr><td><strong>Consumo de energ\u00eda en reposo:<\/strong><\/td><td>0,5 vatios<\/td><\/tr><tr><td><strong>Consumo de energ\u00eda en funcionamiento:<\/strong><\/td><td>26 vatios<\/td><\/tr><\/tbody><\/table><figcaption class=\"wp-element-caption\">*<strong>Las caracter\u00edsticas de dise\u00f1o del producto pueden variar debido a la configuraci\u00f3n y \/ o implementaciones interesados a petici\u00f3n.<\/strong><\/figcaption><\/figure>\n\n\n\n<h2 class=\"wp-block-heading\">Accesorio\/ Opciones <\/h2>\n\n\n\n<p><ul style=\"overflow-wrap: break-word; box-sizing: border-box; text-decoration: none; list-style: disc; padding-inline-start: 0px !important; max-width: 100%; color: rgb(60, 68, 75); font-family: &quot;Open Sans&quot;, sans-serif; font-size: 16px; font-style: normal; font-variant-ligatures: normal; font-variant-caps: normal; font-weight: 300; letter-spacing: normal; orphans: 2; text-align: left; text-indent: 0px; text-transform: none; widows: 2; word-spacing: 0px; -webkit-text-stroke-width: 0px; white-space: normal; background-color: rgb(255, 255, 255);\"><li style=\"overflow-wrap: break-word; box-sizing: border-box; margin-bottom: 10px; max-width: 100%;\">Etiquetado en origen<\/li><li style=\"overflow-wrap: break-word; box-sizing: border-box; margin-bottom: 10px; max-width: 100%;\">Serigraf\u00eda en origen<\/li><\/ul><\/p>\n","protected":false},"excerpt":{"rendered":"<p>Caracter\u00edsticas T\u00e9cnicas: Tama\u00f1o de la pantalla visible al monitor 23,6 pulgadas Tecnolog\u00eda Pantalla LED Relaci\u00f3n de aspecto 16:9 Conectividad de entrada de v\u00eddeo VGA, DVI, HDMI Frecuencia vertical (Hz) \u00a056 \u2013 75 Resoluci\u00f3n 1080 pixeles Iluminaci\u00f3n 250 CDM2 Clase de panel EN-ISO 9241-307: 1 Permite variaci\u00f3n de altura y \u00e1ngulo de inclinaci\u00f3n vertical Permite variaci\u00f3n &hellip; <\/p>\n<p class=\"link-more\"><a href=\"https:\/\/ttlcomputer.es\/new\/monitor-ttl-236e70006\/\" class=\"more-link\">Leer m\u00e1s<span class=\"screen-reader-text\"> \u00abMonitor TTL 236E70006\u00bb<\/span><\/a><\/p>\n","protected":false},"author":1,"featured_media":0,"parent":0,"menu_order":0,"comment_status":"closed","ping_status":"closed","template":"","meta":{"saved_in_kubio":true,"inspiro_hide_title":false,"footnotes":""},"class_list":["post-998","page","type-page","status-publish","hentry"],"kubio_ai_page_context":{"short_desc":"","purpose":"general"},"yoast_head":"<!-- This site is optimized with the Yoast SEO plugin v23.8 - https:\/\/yoast.com\/wordpress\/plugins\/seo\/ -->\n<title>Monitor TTL 236E70006 - TTL Computer<\/title>\n<meta name=\"robots\" content=\"noindex, follow, max-snippet:-1, max-image-preview:large, max-video-preview:-1\" \/>\n<meta property=\"og:locale\" content=\"es_ES\" \/>\n<meta property=\"og:type\" content=\"article\" \/>\n<meta property=\"og:title\" content=\"Monitor TTL 236E70006 - TTL Computer\" \/>\n<meta property=\"og:description\" content=\"Caracter\u00edsticas T\u00e9cnicas: Tama\u00f1o de la pantalla visible al monitor 23,6 pulgadas Tecnolog\u00eda Pantalla LED Relaci\u00f3n de aspecto 16:9 Conectividad de entrada de v\u00eddeo VGA, DVI, HDMI Frecuencia vertical (Hz) \u00a056 \u2013 75 Resoluci\u00f3n 1080 pixeles Iluminaci\u00f3n 250 CDM2 Clase de panel EN-ISO 9241-307: 1 Permite variaci\u00f3n de altura y \u00e1ngulo de inclinaci\u00f3n vertical Permite variaci\u00f3n &hellip; Leer m\u00e1s \u00abMonitor TTL 236E70006\u00bb\" \/>\n<meta property=\"og:url\" content=\"https:\/\/ttlcomputer.es\/new\/monitor-ttl-236e70006\/\" \/>\n<meta property=\"og:site_name\" content=\"TTL Computer\" \/>\n<meta property=\"article:modified_time\" content=\"2023-06-06T12:17:02+00:00\" \/>\n<meta property=\"og:image\" content=\"https:\/\/ttlcomputer.es\/new\/wp-content\/uploads\/2023\/06\/TTL-M21VHD-front-2-1.jpg\" \/>\n<meta name=\"twitter:card\" content=\"summary_large_image\" \/>\n<meta name=\"twitter:label1\" content=\"Tiempo de lectura\" \/>\n\t<meta name=\"twitter:data1\" content=\"1 minuto\" \/>\n<script type=\"application\/ld+json\" class=\"yoast-schema-graph\">{\"@context\":\"https:\/\/schema.org\",\"@graph\":[{\"@type\":\"WebPage\",\"@id\":\"https:\/\/ttlcomputer.es\/new\/monitor-ttl-236e70006\/\",\"url\":\"https:\/\/ttlcomputer.es\/new\/monitor-ttl-236e70006\/\",\"name\":\"Monitor TTL 236E70006 - TTL Computer\",\"isPartOf\":{\"@id\":\"https:\/\/ttlcomputer.es\/new\/#website\"},\"primaryImageOfPage\":{\"@id\":\"https:\/\/ttlcomputer.es\/new\/monitor-ttl-236e70006\/#primaryimage\"},\"image\":{\"@id\":\"https:\/\/ttlcomputer.es\/new\/monitor-ttl-236e70006\/#primaryimage\"},\"thumbnailUrl\":\"https:\/\/ttlcomputer.es\/new\/wp-content\/uploads\/2023\/06\/TTL-M21VHD-front-2-1.jpg\",\"datePublished\":\"2023-06-06T12:07:27+00:00\",\"dateModified\":\"2023-06-06T12:17:02+00:00\",\"breadcrumb\":{\"@id\":\"https:\/\/ttlcomputer.es\/new\/monitor-ttl-236e70006\/#breadcrumb\"},\"inLanguage\":\"es\",\"potentialAction\":[{\"@type\":\"ReadAction\",\"target\":[\"https:\/\/ttlcomputer.es\/new\/monitor-ttl-236e70006\/\"]}]},{\"@type\":\"ImageObject\",\"inLanguage\":\"es\",\"@id\":\"https:\/\/ttlcomputer.es\/new\/monitor-ttl-236e70006\/#primaryimage\",\"url\":\"https:\/\/ttlcomputer.es\/new\/wp-content\/uploads\/2023\/06\/TTL-M21VHD-front-2-1.jpg\",\"contentUrl\":\"https:\/\/ttlcomputer.es\/new\/wp-content\/uploads\/2023\/06\/TTL-M21VHD-front-2-1.jpg\",\"width\":1024,\"height\":1024},{\"@type\":\"BreadcrumbList\",\"@id\":\"https:\/\/ttlcomputer.es\/new\/monitor-ttl-236e70006\/#breadcrumb\",\"itemListElement\":[{\"@type\":\"ListItem\",\"position\":1,\"name\":\"Portada\",\"item\":\"https:\/\/ttlcomputer.es\/new\/\"},{\"@type\":\"ListItem\",\"position\":2,\"name\":\"Monitor TTL 236E70006\"}]},{\"@type\":\"WebSite\",\"@id\":\"https:\/\/ttlcomputer.es\/new\/#website\",\"url\":\"https:\/\/ttlcomputer.es\/new\/\",\"name\":\"TTL Computer\",\"description\":\"\",\"publisher\":{\"@id\":\"https:\/\/ttlcomputer.es\/new\/#organization\"},\"potentialAction\":[{\"@type\":\"SearchAction\",\"target\":{\"@type\":\"EntryPoint\",\"urlTemplate\":\"https:\/\/ttlcomputer.es\/new\/?s={search_term_string}\"},\"query-input\":{\"@type\":\"PropertyValueSpecification\",\"valueRequired\":true,\"valueName\":\"search_term_string\"}}],\"inLanguage\":\"es\"},{\"@type\":\"Organization\",\"@id\":\"https:\/\/ttlcomputer.es\/new\/#organization\",\"name\":\"TTL Computer\",\"url\":\"https:\/\/ttlcomputer.es\/new\/\",\"logo\":{\"@type\":\"ImageObject\",\"inLanguage\":\"es\",\"@id\":\"https:\/\/ttlcomputer.es\/new\/#\/schema\/logo\/image\/\",\"url\":\"https:\/\/ttlcomputer.es\/new\/wp-content\/uploads\/2023\/06\/TTL-Negro.png\",\"contentUrl\":\"https:\/\/ttlcomputer.es\/new\/wp-content\/uploads\/2023\/06\/TTL-Negro.png\",\"width\":2810,\"height\":2194,\"caption\":\"TTL Computer \"},\"image\":{\"@id\":\"https:\/\/ttlcomputer.es\/new\/#\/schema\/logo\/image\/\"}}]}<\/script>\n<!-- \/ Yoast SEO plugin. -->","yoast_head_json":{"title":"Monitor TTL 236E70006 - TTL Computer","robots":{"index":"noindex","follow":"follow","max-snippet":"max-snippet:-1","max-image-preview":"max-image-preview:large","max-video-preview":"max-video-preview:-1"},"og_locale":"es_ES","og_type":"article","og_title":"Monitor TTL 236E70006 - TTL Computer","og_description":"Caracter\u00edsticas T\u00e9cnicas: Tama\u00f1o de la pantalla visible al monitor 23,6 pulgadas Tecnolog\u00eda Pantalla LED Relaci\u00f3n de aspecto 16:9 Conectividad de entrada de v\u00eddeo VGA, DVI, HDMI Frecuencia vertical (Hz) \u00a056 \u2013 75 Resoluci\u00f3n 1080 pixeles Iluminaci\u00f3n 250 CDM2 Clase de panel EN-ISO 9241-307: 1 Permite variaci\u00f3n de altura y \u00e1ngulo de inclinaci\u00f3n vertical Permite variaci\u00f3n &hellip; Leer m\u00e1s \u00abMonitor TTL 236E70006\u00bb","og_url":"https:\/\/ttlcomputer.es\/new\/monitor-ttl-236e70006\/","og_site_name":"TTL Computer","article_modified_time":"2023-06-06T12:17:02+00:00","og_image":[{"url":"https:\/\/ttlcomputer.es\/new\/wp-content\/uploads\/2023\/06\/TTL-M21VHD-front-2-1.jpg"}],"twitter_card":"summary_large_image","twitter_misc":{"Tiempo de lectura":"1 minuto"},"schema":{"@context":"https:\/\/schema.org","@graph":[{"@type":"WebPage","@id":"https:\/\/ttlcomputer.es\/new\/monitor-ttl-236e70006\/","url":"https:\/\/ttlcomputer.es\/new\/monitor-ttl-236e70006\/","name":"Monitor TTL 236E70006 - TTL Computer","isPartOf":{"@id":"https:\/\/ttlcomputer.es\/new\/#website"},"primaryImageOfPage":{"@id":"https:\/\/ttlcomputer.es\/new\/monitor-ttl-236e70006\/#primaryimage"},"image":{"@id":"https:\/\/ttlcomputer.es\/new\/monitor-ttl-236e70006\/#primaryimage"},"thumbnailUrl":"https:\/\/ttlcomputer.es\/new\/wp-content\/uploads\/2023\/06\/TTL-M21VHD-front-2-1.jpg","datePublished":"2023-06-06T12:07:27+00:00","dateModified":"2023-06-06T12:17:02+00:00","breadcrumb":{"@id":"https:\/\/ttlcomputer.es\/new\/monitor-ttl-236e70006\/#breadcrumb"},"inLanguage":"es","potentialAction":[{"@type":"ReadAction","target":["https:\/\/ttlcomputer.es\/new\/monitor-ttl-236e70006\/"]}]},{"@type":"ImageObject","inLanguage":"es","@id":"https:\/\/ttlcomputer.es\/new\/monitor-ttl-236e70006\/#primaryimage","url":"https:\/\/ttlcomputer.es\/new\/wp-content\/uploads\/2023\/06\/TTL-M21VHD-front-2-1.jpg","contentUrl":"https:\/\/ttlcomputer.es\/new\/wp-content\/uploads\/2023\/06\/TTL-M21VHD-front-2-1.jpg","width":1024,"height":1024},{"@type":"BreadcrumbList","@id":"https:\/\/ttlcomputer.es\/new\/monitor-ttl-236e70006\/#breadcrumb","itemListElement":[{"@type":"ListItem","position":1,"name":"Portada","item":"https:\/\/ttlcomputer.es\/new\/"},{"@type":"ListItem","position":2,"name":"Monitor TTL 236E70006"}]},{"@type":"WebSite","@id":"https:\/\/ttlcomputer.es\/new\/#website","url":"https:\/\/ttlcomputer.es\/new\/","name":"TTL Computer","description":"","publisher":{"@id":"https:\/\/ttlcomputer.es\/new\/#organization"},"potentialAction":[{"@type":"SearchAction","target":{"@type":"EntryPoint","urlTemplate":"https:\/\/ttlcomputer.es\/new\/?s={search_term_string}"},"query-input":{"@type":"PropertyValueSpecification","valueRequired":true,"valueName":"search_term_string"}}],"inLanguage":"es"},{"@type":"Organization","@id":"https:\/\/ttlcomputer.es\/new\/#organization","name":"TTL Computer","url":"https:\/\/ttlcomputer.es\/new\/","logo":{"@type":"ImageObject","inLanguage":"es","@id":"https:\/\/ttlcomputer.es\/new\/#\/schema\/logo\/image\/","url":"https:\/\/ttlcomputer.es\/new\/wp-content\/uploads\/2023\/06\/TTL-Negro.png","contentUrl":"https:\/\/ttlcomputer.es\/new\/wp-content\/uploads\/2023\/06\/TTL-Negro.png","width":2810,"height":2194,"caption":"TTL Computer "},"image":{"@id":"https:\/\/ttlcomputer.es\/new\/#\/schema\/logo\/image\/"}}]}},"_links":{"self":[{"href":"https:\/\/ttlcomputer.es\/new\/wp-json\/wp\/v2\/pages\/998","targetHints":{"allow":["GET"]}}],"collection":[{"href":"https:\/\/ttlcomputer.es\/new\/wp-json\/wp\/v2\/pages"}],"about":[{"href":"https:\/\/ttlcomputer.es\/new\/wp-json\/wp\/v2\/types\/page"}],"author":[{"embeddable":true,"href":"https:\/\/ttlcomputer.es\/new\/wp-json\/wp\/v2\/users\/1"}],"replies":[{"embeddable":true,"href":"https:\/\/ttlcomputer.es\/new\/wp-json\/wp\/v2\/comments?post=998"}],"version-history":[{"count":3,"href":"https:\/\/ttlcomputer.es\/new\/wp-json\/wp\/v2\/pages\/998\/revisions"}],"predecessor-version":[{"id":1004,"href":"https:\/\/ttlcomputer.es\/new\/wp-json\/wp\/v2\/pages\/998\/revisions\/1004"}],"wp:attachment":[{"href":"https:\/\/ttlcomputer.es\/new\/wp-json\/wp\/v2\/media?parent=998"}],"curies":[{"name":"wp","href":"https:\/\/api.w.org\/{rel}","templated":true}]}}