{"id":962,"date":"2023-06-06T08:35:44","date_gmt":"2023-06-06T08:35:44","guid":{"rendered":"https:\/\/ttlcomputer.es\/new\/?page_id=962"},"modified":"2023-06-06T08:47:35","modified_gmt":"2023-06-06T08:47:35","slug":"ttl-teknoslim-h610-i3","status":"publish","type":"page","link":"https:\/\/ttlcomputer.es\/new\/ttl-teknoslim-h610-i3\/","title":{"rendered":"TTL TEKNOSLIM H610 i3"},"content":{"rendered":"\n\n\n<figure class=\"wp-block-image size-large\"><img loading=\"lazy\" decoding=\"async\" width=\"1024\" height=\"1024\" src=\"https:\/\/ttlcomputer.es\/new\/wp-content\/uploads\/2023\/06\/imagen-1-1024x1024.png\" alt=\"\" class=\"wp-image-966\" srcset=\"https:\/\/ttlcomputer.es\/new\/wp-content\/uploads\/2023\/06\/imagen-1-1024x1024.png 1024w, https:\/\/ttlcomputer.es\/new\/wp-content\/uploads\/2023\/06\/imagen-1-300x300.png 300w, https:\/\/ttlcomputer.es\/new\/wp-content\/uploads\/2023\/06\/imagen-1-150x150.png 150w, https:\/\/ttlcomputer.es\/new\/wp-content\/uploads\/2023\/06\/imagen-1-768x768.png 768w, https:\/\/ttlcomputer.es\/new\/wp-content\/uploads\/2023\/06\/imagen-1.png 1080w\" sizes=\"(max-width: 1024px) 100vw, 1024px\" \/><\/figure>\n\n\n\n<h2 class=\"wp-block-heading\">Caracter\u00edsticas T\u00e9cnicas <\/h2>\n\n\n\n<figure class=\"wp-block-table\"><table><tbody><tr><td>Procesador <\/td><td>Intel\u00ae i3-12100 (3.30GHz, up to 4.30 GHz, 4 cores).<\/td><\/tr><tr><td>Chipset<\/td><td>Intel\u00ae H610M<\/td><\/tr><tr><td>Memoria <\/td><td>8GB DDR4 3200MHZ<\/td><\/tr><tr><td>Almacenamiento<\/td><td>1x 2.5\u201d SSD 512 GB SATA3<\/td><\/tr><tr><td>Chassis<\/td><td>SFF Tower. Tool-less<br>33.8 x 10.2 x 38 cm (Height x Width x Depth)<\/td><\/tr><tr><td>Tarjeta Gr\u00e1fica<\/td><td>Intel\u00ae UHD Graphics 730<\/td><\/tr><tr><td>Audio<\/td><td>Realtek\u00ae ALC892\/ ALC897 Codec<\/td><\/tr><tr><td>Network<\/td><td>1x Gigabyte Ethernet LAN (10\/100\/1000 Mb\/s)<\/td><\/tr><tr><td>Puertos I\/O<\/td><td>1x DisplayPort<br>1x VGA<br>1x HDMI<br>1x RJ-45 Gigabit Ethernet LAN<br>3x Audio Jacks<br>2x USB 3.2 Gen1<br>2x USB 2.0<\/td><\/tr><tr><td>BIOS<\/td><td>UEFI BIOS<\/td><\/tr><tr><td>Fuente de Alimentaci\u00f3n <\/td><td>TFX 300W Bronze<\/td><\/tr><\/tbody><\/table><figcaption class=\"wp-element-caption\">*Las caracter\u00edsticas de dise\u00f1o del producto pueden variar debido a la configuraci\u00f3n y \/ o implementaciones interesados a petici\u00f3n.<\/figcaption><\/figure>\n\n\n\n<p>Descargar <strong>BIOS<\/strong> y <strong>DRIVERS<\/strong><\/p>\n\n\n\n<div class=\"wp-block-buttons is-layout-flex wp-block-buttons-is-layout-flex\">\n<div class=\"wp-block-button\"><a class=\"wp-block-button__link wp-element-button\" href=\"https:\/\/www.myqnapcloud.com\/share\/75526h72o61n827r2wty3a03_7b26i084nlpm2qqprrx697163b0f54g7#\/home\" target=\"_blank\" rel=\"noreferrer noopener\">BIOS <\/a><\/div>\n\n\n\n<div class=\"wp-block-button\"><a class=\"wp-block-button__link wp-element-button\" href=\"https:\/\/www.myqnapcloud.com\/share\/75526h72o61n827r2wty3a03_46f4088594p3265ur7t24zx1db401f52#\/home\" target=\"_blank\" rel=\"noreferrer noopener\">DRIVERS <\/a><\/div>\n<\/div>\n","protected":false},"excerpt":{"rendered":"<p>Caracter\u00edsticas T\u00e9cnicas Procesador Intel\u00ae i3-12100 (3.30GHz, up to 4.30 GHz, 4 cores). Chipset Intel\u00ae H610M Memoria 8GB DDR4 3200MHZ Almacenamiento 1x 2.5\u201d SSD 512 GB SATA3 Chassis SFF Tower. Tool-less33.8 x 10.2 x 38 cm (Height x Width x Depth) Tarjeta Gr\u00e1fica Intel\u00ae UHD Graphics 730 Audio Realtek\u00ae ALC892\/ ALC897 Codec Network 1x Gigabyte Ethernet &hellip; <\/p>\n<p class=\"link-more\"><a href=\"https:\/\/ttlcomputer.es\/new\/ttl-teknoslim-h610-i3\/\" class=\"more-link\">Leer m\u00e1s<span class=\"screen-reader-text\"> \u00abTTL TEKNOSLIM H610 i3\u00bb<\/span><\/a><\/p>\n","protected":false},"author":1,"featured_media":0,"parent":0,"menu_order":0,"comment_status":"closed","ping_status":"closed","template":"","meta":{"saved_in_kubio":true,"inspiro_hide_title":false,"footnotes":""},"class_list":["post-962","page","type-page","status-publish","hentry"],"kubio_ai_page_context":{"short_desc":"","purpose":"general"},"yoast_head":"<!-- This site is optimized with the Yoast SEO plugin v23.8 - https:\/\/yoast.com\/wordpress\/plugins\/seo\/ -->\n<title>TTL TEKNOSLIM H610 i3 - TTL Computer<\/title>\n<meta name=\"robots\" content=\"noindex, follow, max-snippet:-1, max-image-preview:large, max-video-preview:-1\" \/>\n<meta property=\"og:locale\" content=\"es_ES\" \/>\n<meta property=\"og:type\" content=\"article\" \/>\n<meta property=\"og:title\" content=\"TTL TEKNOSLIM H610 i3 - TTL Computer\" \/>\n<meta property=\"og:description\" content=\"Caracter\u00edsticas T\u00e9cnicas Procesador Intel\u00ae i3-12100 (3.30GHz, up to 4.30 GHz, 4 cores). Chipset Intel\u00ae H610M Memoria 8GB DDR4 3200MHZ Almacenamiento 1x 2.5\u201d SSD 512 GB SATA3 Chassis SFF Tower. Tool-less33.8 x 10.2 x 38 cm (Height x Width x Depth) Tarjeta Gr\u00e1fica Intel\u00ae UHD Graphics 730 Audio Realtek\u00ae ALC892\/ ALC897 Codec Network 1x Gigabyte Ethernet &hellip; Leer m\u00e1s \u00abTTL TEKNOSLIM H610 i3\u00bb\" \/>\n<meta property=\"og:url\" content=\"https:\/\/ttlcomputer.es\/new\/ttl-teknoslim-h610-i3\/\" \/>\n<meta property=\"og:site_name\" content=\"TTL Computer\" \/>\n<meta property=\"article:modified_time\" content=\"2023-06-06T08:47:35+00:00\" \/>\n<meta property=\"og:image\" content=\"https:\/\/ttlcomputer.es\/new\/wp-content\/uploads\/2023\/06\/imagen-1-1024x1024.png\" \/>\n<meta name=\"twitter:card\" content=\"summary_large_image\" \/>\n<meta name=\"twitter:label1\" content=\"Tiempo de lectura\" \/>\n\t<meta name=\"twitter:data1\" content=\"1 minuto\" \/>\n<script type=\"application\/ld+json\" class=\"yoast-schema-graph\">{\"@context\":\"https:\/\/schema.org\",\"@graph\":[{\"@type\":\"WebPage\",\"@id\":\"https:\/\/ttlcomputer.es\/new\/ttl-teknoslim-h610-i3\/\",\"url\":\"https:\/\/ttlcomputer.es\/new\/ttl-teknoslim-h610-i3\/\",\"name\":\"TTL TEKNOSLIM H610 i3 - TTL Computer\",\"isPartOf\":{\"@id\":\"https:\/\/ttlcomputer.es\/new\/#website\"},\"primaryImageOfPage\":{\"@id\":\"https:\/\/ttlcomputer.es\/new\/ttl-teknoslim-h610-i3\/#primaryimage\"},\"image\":{\"@id\":\"https:\/\/ttlcomputer.es\/new\/ttl-teknoslim-h610-i3\/#primaryimage\"},\"thumbnailUrl\":\"https:\/\/ttlcomputer.es\/new\/wp-content\/uploads\/2023\/06\/imagen-1-1024x1024.png\",\"datePublished\":\"2023-06-06T08:35:44+00:00\",\"dateModified\":\"2023-06-06T08:47:35+00:00\",\"breadcrumb\":{\"@id\":\"https:\/\/ttlcomputer.es\/new\/ttl-teknoslim-h610-i3\/#breadcrumb\"},\"inLanguage\":\"es\",\"potentialAction\":[{\"@type\":\"ReadAction\",\"target\":[\"https:\/\/ttlcomputer.es\/new\/ttl-teknoslim-h610-i3\/\"]}]},{\"@type\":\"ImageObject\",\"inLanguage\":\"es\",\"@id\":\"https:\/\/ttlcomputer.es\/new\/ttl-teknoslim-h610-i3\/#primaryimage\",\"url\":\"https:\/\/ttlcomputer.es\/new\/wp-content\/uploads\/2023\/06\/imagen-1.png\",\"contentUrl\":\"https:\/\/ttlcomputer.es\/new\/wp-content\/uploads\/2023\/06\/imagen-1.png\",\"width\":1080,\"height\":1080},{\"@type\":\"BreadcrumbList\",\"@id\":\"https:\/\/ttlcomputer.es\/new\/ttl-teknoslim-h610-i3\/#breadcrumb\",\"itemListElement\":[{\"@type\":\"ListItem\",\"position\":1,\"name\":\"Portada\",\"item\":\"https:\/\/ttlcomputer.es\/new\/\"},{\"@type\":\"ListItem\",\"position\":2,\"name\":\"TTL TEKNOSLIM H610 i3\"}]},{\"@type\":\"WebSite\",\"@id\":\"https:\/\/ttlcomputer.es\/new\/#website\",\"url\":\"https:\/\/ttlcomputer.es\/new\/\",\"name\":\"TTL Computer\",\"description\":\"\",\"publisher\":{\"@id\":\"https:\/\/ttlcomputer.es\/new\/#organization\"},\"potentialAction\":[{\"@type\":\"SearchAction\",\"target\":{\"@type\":\"EntryPoint\",\"urlTemplate\":\"https:\/\/ttlcomputer.es\/new\/?s={search_term_string}\"},\"query-input\":{\"@type\":\"PropertyValueSpecification\",\"valueRequired\":true,\"valueName\":\"search_term_string\"}}],\"inLanguage\":\"es\"},{\"@type\":\"Organization\",\"@id\":\"https:\/\/ttlcomputer.es\/new\/#organization\",\"name\":\"TTL Computer\",\"url\":\"https:\/\/ttlcomputer.es\/new\/\",\"logo\":{\"@type\":\"ImageObject\",\"inLanguage\":\"es\",\"@id\":\"https:\/\/ttlcomputer.es\/new\/#\/schema\/logo\/image\/\",\"url\":\"https:\/\/ttlcomputer.es\/new\/wp-content\/uploads\/2023\/06\/TTL-Negro.png\",\"contentUrl\":\"https:\/\/ttlcomputer.es\/new\/wp-content\/uploads\/2023\/06\/TTL-Negro.png\",\"width\":2810,\"height\":2194,\"caption\":\"TTL Computer \"},\"image\":{\"@id\":\"https:\/\/ttlcomputer.es\/new\/#\/schema\/logo\/image\/\"}}]}<\/script>\n<!-- \/ Yoast SEO plugin. -->","yoast_head_json":{"title":"TTL TEKNOSLIM H610 i3 - TTL Computer","robots":{"index":"noindex","follow":"follow","max-snippet":"max-snippet:-1","max-image-preview":"max-image-preview:large","max-video-preview":"max-video-preview:-1"},"og_locale":"es_ES","og_type":"article","og_title":"TTL TEKNOSLIM H610 i3 - TTL Computer","og_description":"Caracter\u00edsticas T\u00e9cnicas Procesador Intel\u00ae i3-12100 (3.30GHz, up to 4.30 GHz, 4 cores). Chipset Intel\u00ae H610M Memoria 8GB DDR4 3200MHZ Almacenamiento 1x 2.5\u201d SSD 512 GB SATA3 Chassis SFF Tower. Tool-less33.8 x 10.2 x 38 cm (Height x Width x Depth) Tarjeta Gr\u00e1fica Intel\u00ae UHD Graphics 730 Audio Realtek\u00ae ALC892\/ ALC897 Codec Network 1x Gigabyte Ethernet &hellip; Leer m\u00e1s \u00abTTL TEKNOSLIM H610 i3\u00bb","og_url":"https:\/\/ttlcomputer.es\/new\/ttl-teknoslim-h610-i3\/","og_site_name":"TTL Computer","article_modified_time":"2023-06-06T08:47:35+00:00","og_image":[{"url":"https:\/\/ttlcomputer.es\/new\/wp-content\/uploads\/2023\/06\/imagen-1-1024x1024.png"}],"twitter_card":"summary_large_image","twitter_misc":{"Tiempo de lectura":"1 minuto"},"schema":{"@context":"https:\/\/schema.org","@graph":[{"@type":"WebPage","@id":"https:\/\/ttlcomputer.es\/new\/ttl-teknoslim-h610-i3\/","url":"https:\/\/ttlcomputer.es\/new\/ttl-teknoslim-h610-i3\/","name":"TTL TEKNOSLIM H610 i3 - TTL Computer","isPartOf":{"@id":"https:\/\/ttlcomputer.es\/new\/#website"},"primaryImageOfPage":{"@id":"https:\/\/ttlcomputer.es\/new\/ttl-teknoslim-h610-i3\/#primaryimage"},"image":{"@id":"https:\/\/ttlcomputer.es\/new\/ttl-teknoslim-h610-i3\/#primaryimage"},"thumbnailUrl":"https:\/\/ttlcomputer.es\/new\/wp-content\/uploads\/2023\/06\/imagen-1-1024x1024.png","datePublished":"2023-06-06T08:35:44+00:00","dateModified":"2023-06-06T08:47:35+00:00","breadcrumb":{"@id":"https:\/\/ttlcomputer.es\/new\/ttl-teknoslim-h610-i3\/#breadcrumb"},"inLanguage":"es","potentialAction":[{"@type":"ReadAction","target":["https:\/\/ttlcomputer.es\/new\/ttl-teknoslim-h610-i3\/"]}]},{"@type":"ImageObject","inLanguage":"es","@id":"https:\/\/ttlcomputer.es\/new\/ttl-teknoslim-h610-i3\/#primaryimage","url":"https:\/\/ttlcomputer.es\/new\/wp-content\/uploads\/2023\/06\/imagen-1.png","contentUrl":"https:\/\/ttlcomputer.es\/new\/wp-content\/uploads\/2023\/06\/imagen-1.png","width":1080,"height":1080},{"@type":"BreadcrumbList","@id":"https:\/\/ttlcomputer.es\/new\/ttl-teknoslim-h610-i3\/#breadcrumb","itemListElement":[{"@type":"ListItem","position":1,"name":"Portada","item":"https:\/\/ttlcomputer.es\/new\/"},{"@type":"ListItem","position":2,"name":"TTL TEKNOSLIM H610 i3"}]},{"@type":"WebSite","@id":"https:\/\/ttlcomputer.es\/new\/#website","url":"https:\/\/ttlcomputer.es\/new\/","name":"TTL Computer","description":"","publisher":{"@id":"https:\/\/ttlcomputer.es\/new\/#organization"},"potentialAction":[{"@type":"SearchAction","target":{"@type":"EntryPoint","urlTemplate":"https:\/\/ttlcomputer.es\/new\/?s={search_term_string}"},"query-input":{"@type":"PropertyValueSpecification","valueRequired":true,"valueName":"search_term_string"}}],"inLanguage":"es"},{"@type":"Organization","@id":"https:\/\/ttlcomputer.es\/new\/#organization","name":"TTL Computer","url":"https:\/\/ttlcomputer.es\/new\/","logo":{"@type":"ImageObject","inLanguage":"es","@id":"https:\/\/ttlcomputer.es\/new\/#\/schema\/logo\/image\/","url":"https:\/\/ttlcomputer.es\/new\/wp-content\/uploads\/2023\/06\/TTL-Negro.png","contentUrl":"https:\/\/ttlcomputer.es\/new\/wp-content\/uploads\/2023\/06\/TTL-Negro.png","width":2810,"height":2194,"caption":"TTL Computer "},"image":{"@id":"https:\/\/ttlcomputer.es\/new\/#\/schema\/logo\/image\/"}}]}},"_links":{"self":[{"href":"https:\/\/ttlcomputer.es\/new\/wp-json\/wp\/v2\/pages\/962","targetHints":{"allow":["GET"]}}],"collection":[{"href":"https:\/\/ttlcomputer.es\/new\/wp-json\/wp\/v2\/pages"}],"about":[{"href":"https:\/\/ttlcomputer.es\/new\/wp-json\/wp\/v2\/types\/page"}],"author":[{"embeddable":true,"href":"https:\/\/ttlcomputer.es\/new\/wp-json\/wp\/v2\/users\/1"}],"replies":[{"embeddable":true,"href":"https:\/\/ttlcomputer.es\/new\/wp-json\/wp\/v2\/comments?post=962"}],"version-history":[{"count":4,"href":"https:\/\/ttlcomputer.es\/new\/wp-json\/wp\/v2\/pages\/962\/revisions"}],"predecessor-version":[{"id":968,"href":"https:\/\/ttlcomputer.es\/new\/wp-json\/wp\/v2\/pages\/962\/revisions\/968"}],"wp:attachment":[{"href":"https:\/\/ttlcomputer.es\/new\/wp-json\/wp\/v2\/media?parent=962"}],"curies":[{"name":"wp","href":"https:\/\/api.w.org\/{rel}","templated":true}]}}