{"id":949,"date":"2023-06-06T08:10:51","date_gmt":"2023-06-06T08:10:51","guid":{"rendered":"https:\/\/ttlcomputer.es\/new\/?page_id=949"},"modified":"2023-06-06T08:17:49","modified_gmt":"2023-06-06T08:17:49","slug":"ttl-teknoslim-i5-12400","status":"publish","type":"page","link":"https:\/\/ttlcomputer.es\/new\/ttl-teknoslim-i5-12400\/","title":{"rendered":"TTL TEKNOSLIM i5- 12400"},"content":{"rendered":"\n\n\n<figure class=\"wp-block-image size-large\"><img loading=\"lazy\" decoding=\"async\" width=\"1024\" height=\"1024\" src=\"https:\/\/ttlcomputer.es\/new\/wp-content\/uploads\/2023\/06\/imagen-1024x1024.png\" alt=\"\" class=\"wp-image-954\" srcset=\"https:\/\/ttlcomputer.es\/new\/wp-content\/uploads\/2023\/06\/imagen-1024x1024.png 1024w, https:\/\/ttlcomputer.es\/new\/wp-content\/uploads\/2023\/06\/imagen-300x300.png 300w, https:\/\/ttlcomputer.es\/new\/wp-content\/uploads\/2023\/06\/imagen-150x150.png 150w, https:\/\/ttlcomputer.es\/new\/wp-content\/uploads\/2023\/06\/imagen-768x768.png 768w, https:\/\/ttlcomputer.es\/new\/wp-content\/uploads\/2023\/06\/imagen.png 1080w\" sizes=\"(max-width: 1024px) 100vw, 1024px\" \/><\/figure>\n\n\n\n<h2 class=\"wp-block-heading\">Caracter\u00edsticas T\u00e9cnicas:<\/h2>\n\n\n\n<figure class=\"wp-block-table\"><table><tbody><tr><td>Procesador<\/td><td>Intel\u00ae Core\u2122 i5-12400<\/td><\/tr><tr><td>Memoria RAM<\/td><td>16GB DDR4 2666MHZ \/\/ 2 x DIMM (1 libre)<\/td><\/tr><tr><td>Almacenamiento<\/td><td>SSD 512GB M.2 NVMe<\/td><\/tr><tr><td>Puertos<\/td><td>Puertos delanteros: 2x USB 3.0 2x USB 2.0 \/ 1X USB-Type C 2.0<br>Puertos Traseros: 2 x USB 3.2 \/ 2 x USB 2.0 ports<\/td><\/tr><tr><td>Conectores de Audio<\/td><td>4 x SATA 6Gb\/s<\/td><\/tr><tr><td>Red<\/td><td>Integrada Gigabit LAN 10\/100\/1000 Mb\/s \/\/ Tarjeta de red: realtek 1gb Ethernet<\/td><\/tr><tr><td>Sistema Operativo <\/td><td>Windows 10 Professional 64 Bits. (\u00faltima versi\u00f3n)<\/td><\/tr><tr><td>Garant\u00eda <\/td><td>5 a\u00f1os de garant\u00eda IN-SITU<\/td><\/tr><\/tbody><\/table><figcaption class=\"wp-element-caption\">*Las caracter\u00edsticas de dise\u00f1o del producto pueden variar debido a la configuraci\u00f3n y\/o implementaciones interesados a petici\u00f3n.<\/figcaption><\/figure>\n\n\n\n<p>Descargar Drivers y Ficha T\u00e9cnica <\/p>\n\n\n\n<div class=\"wp-block-buttons is-layout-flex wp-block-buttons-is-layout-flex\">\n<div class=\"wp-block-button\"><a class=\"wp-block-button__link wp-element-button\" href=\"https:\/\/www.myqnapcloud.com\/share\/75526h72o61n827r2wty3a03_56910hkl92p32n69103v3v4325627f44#\/home\" target=\"_blank\" rel=\"noreferrer noopener\">DRIVERS<\/a><\/div>\n\n\n\n<div class=\"wp-block-button\"><a class=\"wp-block-button__link wp-element-button\" href=\"https:\/\/ttlcomputer.es\/wp-content\/uploads\/2023\/03\/DATASHEET-TTL-TeknoSlim-i5-12400-Monitores-2.pdf\" target=\"_blank\" rel=\"noreferrer noopener\">ficha t\u00e9cnica <\/a><\/div>\n<\/div>\n","protected":false},"excerpt":{"rendered":"<p>Caracter\u00edsticas T\u00e9cnicas: Procesador Intel\u00ae Core\u2122 i5-12400 Memoria RAM 16GB DDR4 2666MHZ \/\/ 2 x DIMM (1 libre) Almacenamiento SSD 512GB M.2 NVMe Puertos Puertos delanteros: 2x USB 3.0 2x USB 2.0 \/ 1X USB-Type C 2.0Puertos Traseros: 2 x USB 3.2 \/ 2 x USB 2.0 ports Conectores de Audio 4 x SATA 6Gb\/s Red &hellip; <\/p>\n<p class=\"link-more\"><a href=\"https:\/\/ttlcomputer.es\/new\/ttl-teknoslim-i5-12400\/\" class=\"more-link\">Leer m\u00e1s<span class=\"screen-reader-text\"> \u00abTTL TEKNOSLIM i5- 12400\u00bb<\/span><\/a><\/p>\n","protected":false},"author":1,"featured_media":0,"parent":0,"menu_order":0,"comment_status":"closed","ping_status":"closed","template":"","meta":{"saved_in_kubio":true,"inspiro_hide_title":false,"footnotes":""},"class_list":["post-949","page","type-page","status-publish","hentry"],"kubio_ai_page_context":{"short_desc":"","purpose":"general"},"yoast_head":"<!-- This site is optimized with the Yoast SEO plugin v23.8 - https:\/\/yoast.com\/wordpress\/plugins\/seo\/ -->\n<title>TTL TEKNOSLIM i5- 12400 - TTL Computer<\/title>\n<meta name=\"robots\" content=\"noindex, follow, max-snippet:-1, max-image-preview:large, max-video-preview:-1\" \/>\n<meta property=\"og:locale\" content=\"es_ES\" \/>\n<meta property=\"og:type\" content=\"article\" \/>\n<meta property=\"og:title\" content=\"TTL TEKNOSLIM i5- 12400 - TTL Computer\" \/>\n<meta property=\"og:description\" content=\"Caracter\u00edsticas T\u00e9cnicas: Procesador Intel\u00ae Core\u2122 i5-12400 Memoria RAM 16GB DDR4 2666MHZ \/\/ 2 x DIMM (1 libre) Almacenamiento SSD 512GB M.2 NVMe Puertos Puertos delanteros: 2x USB 3.0 2x USB 2.0 \/ 1X USB-Type C 2.0Puertos Traseros: 2 x USB 3.2 \/ 2 x USB 2.0 ports Conectores de Audio 4 x SATA 6Gb\/s Red &hellip; Leer m\u00e1s \u00abTTL TEKNOSLIM i5- 12400\u00bb\" \/>\n<meta property=\"og:url\" content=\"https:\/\/ttlcomputer.es\/new\/ttl-teknoslim-i5-12400\/\" \/>\n<meta property=\"og:site_name\" content=\"TTL Computer\" \/>\n<meta property=\"article:modified_time\" content=\"2023-06-06T08:17:49+00:00\" \/>\n<meta property=\"og:image\" content=\"https:\/\/ttlcomputer.es\/new\/wp-content\/uploads\/2023\/06\/imagen-1024x1024.png\" \/>\n<meta name=\"twitter:card\" content=\"summary_large_image\" \/>\n<meta name=\"twitter:label1\" content=\"Tiempo de lectura\" \/>\n\t<meta name=\"twitter:data1\" content=\"1 minuto\" \/>\n<script type=\"application\/ld+json\" class=\"yoast-schema-graph\">{\"@context\":\"https:\/\/schema.org\",\"@graph\":[{\"@type\":\"WebPage\",\"@id\":\"https:\/\/ttlcomputer.es\/new\/ttl-teknoslim-i5-12400\/\",\"url\":\"https:\/\/ttlcomputer.es\/new\/ttl-teknoslim-i5-12400\/\",\"name\":\"TTL TEKNOSLIM i5- 12400 - TTL Computer\",\"isPartOf\":{\"@id\":\"https:\/\/ttlcomputer.es\/new\/#website\"},\"primaryImageOfPage\":{\"@id\":\"https:\/\/ttlcomputer.es\/new\/ttl-teknoslim-i5-12400\/#primaryimage\"},\"image\":{\"@id\":\"https:\/\/ttlcomputer.es\/new\/ttl-teknoslim-i5-12400\/#primaryimage\"},\"thumbnailUrl\":\"https:\/\/ttlcomputer.es\/new\/wp-content\/uploads\/2023\/06\/imagen-1024x1024.png\",\"datePublished\":\"2023-06-06T08:10:51+00:00\",\"dateModified\":\"2023-06-06T08:17:49+00:00\",\"breadcrumb\":{\"@id\":\"https:\/\/ttlcomputer.es\/new\/ttl-teknoslim-i5-12400\/#breadcrumb\"},\"inLanguage\":\"es\",\"potentialAction\":[{\"@type\":\"ReadAction\",\"target\":[\"https:\/\/ttlcomputer.es\/new\/ttl-teknoslim-i5-12400\/\"]}]},{\"@type\":\"ImageObject\",\"inLanguage\":\"es\",\"@id\":\"https:\/\/ttlcomputer.es\/new\/ttl-teknoslim-i5-12400\/#primaryimage\",\"url\":\"https:\/\/ttlcomputer.es\/new\/wp-content\/uploads\/2023\/06\/imagen.png\",\"contentUrl\":\"https:\/\/ttlcomputer.es\/new\/wp-content\/uploads\/2023\/06\/imagen.png\",\"width\":1080,\"height\":1080},{\"@type\":\"BreadcrumbList\",\"@id\":\"https:\/\/ttlcomputer.es\/new\/ttl-teknoslim-i5-12400\/#breadcrumb\",\"itemListElement\":[{\"@type\":\"ListItem\",\"position\":1,\"name\":\"Portada\",\"item\":\"https:\/\/ttlcomputer.es\/new\/\"},{\"@type\":\"ListItem\",\"position\":2,\"name\":\"TTL TEKNOSLIM i5- 12400\"}]},{\"@type\":\"WebSite\",\"@id\":\"https:\/\/ttlcomputer.es\/new\/#website\",\"url\":\"https:\/\/ttlcomputer.es\/new\/\",\"name\":\"TTL Computer\",\"description\":\"\",\"publisher\":{\"@id\":\"https:\/\/ttlcomputer.es\/new\/#organization\"},\"potentialAction\":[{\"@type\":\"SearchAction\",\"target\":{\"@type\":\"EntryPoint\",\"urlTemplate\":\"https:\/\/ttlcomputer.es\/new\/?s={search_term_string}\"},\"query-input\":{\"@type\":\"PropertyValueSpecification\",\"valueRequired\":true,\"valueName\":\"search_term_string\"}}],\"inLanguage\":\"es\"},{\"@type\":\"Organization\",\"@id\":\"https:\/\/ttlcomputer.es\/new\/#organization\",\"name\":\"TTL Computer\",\"url\":\"https:\/\/ttlcomputer.es\/new\/\",\"logo\":{\"@type\":\"ImageObject\",\"inLanguage\":\"es\",\"@id\":\"https:\/\/ttlcomputer.es\/new\/#\/schema\/logo\/image\/\",\"url\":\"https:\/\/ttlcomputer.es\/new\/wp-content\/uploads\/2023\/06\/TTL-Negro.png\",\"contentUrl\":\"https:\/\/ttlcomputer.es\/new\/wp-content\/uploads\/2023\/06\/TTL-Negro.png\",\"width\":2810,\"height\":2194,\"caption\":\"TTL Computer \"},\"image\":{\"@id\":\"https:\/\/ttlcomputer.es\/new\/#\/schema\/logo\/image\/\"}}]}<\/script>\n<!-- \/ Yoast SEO plugin. -->","yoast_head_json":{"title":"TTL TEKNOSLIM i5- 12400 - TTL Computer","robots":{"index":"noindex","follow":"follow","max-snippet":"max-snippet:-1","max-image-preview":"max-image-preview:large","max-video-preview":"max-video-preview:-1"},"og_locale":"es_ES","og_type":"article","og_title":"TTL TEKNOSLIM i5- 12400 - TTL Computer","og_description":"Caracter\u00edsticas T\u00e9cnicas: Procesador Intel\u00ae Core\u2122 i5-12400 Memoria RAM 16GB DDR4 2666MHZ \/\/ 2 x DIMM (1 libre) Almacenamiento SSD 512GB M.2 NVMe Puertos Puertos delanteros: 2x USB 3.0 2x USB 2.0 \/ 1X USB-Type C 2.0Puertos Traseros: 2 x USB 3.2 \/ 2 x USB 2.0 ports Conectores de Audio 4 x SATA 6Gb\/s Red &hellip; Leer m\u00e1s \u00abTTL TEKNOSLIM i5- 12400\u00bb","og_url":"https:\/\/ttlcomputer.es\/new\/ttl-teknoslim-i5-12400\/","og_site_name":"TTL Computer","article_modified_time":"2023-06-06T08:17:49+00:00","og_image":[{"url":"https:\/\/ttlcomputer.es\/new\/wp-content\/uploads\/2023\/06\/imagen-1024x1024.png"}],"twitter_card":"summary_large_image","twitter_misc":{"Tiempo de lectura":"1 minuto"},"schema":{"@context":"https:\/\/schema.org","@graph":[{"@type":"WebPage","@id":"https:\/\/ttlcomputer.es\/new\/ttl-teknoslim-i5-12400\/","url":"https:\/\/ttlcomputer.es\/new\/ttl-teknoslim-i5-12400\/","name":"TTL TEKNOSLIM i5- 12400 - TTL Computer","isPartOf":{"@id":"https:\/\/ttlcomputer.es\/new\/#website"},"primaryImageOfPage":{"@id":"https:\/\/ttlcomputer.es\/new\/ttl-teknoslim-i5-12400\/#primaryimage"},"image":{"@id":"https:\/\/ttlcomputer.es\/new\/ttl-teknoslim-i5-12400\/#primaryimage"},"thumbnailUrl":"https:\/\/ttlcomputer.es\/new\/wp-content\/uploads\/2023\/06\/imagen-1024x1024.png","datePublished":"2023-06-06T08:10:51+00:00","dateModified":"2023-06-06T08:17:49+00:00","breadcrumb":{"@id":"https:\/\/ttlcomputer.es\/new\/ttl-teknoslim-i5-12400\/#breadcrumb"},"inLanguage":"es","potentialAction":[{"@type":"ReadAction","target":["https:\/\/ttlcomputer.es\/new\/ttl-teknoslim-i5-12400\/"]}]},{"@type":"ImageObject","inLanguage":"es","@id":"https:\/\/ttlcomputer.es\/new\/ttl-teknoslim-i5-12400\/#primaryimage","url":"https:\/\/ttlcomputer.es\/new\/wp-content\/uploads\/2023\/06\/imagen.png","contentUrl":"https:\/\/ttlcomputer.es\/new\/wp-content\/uploads\/2023\/06\/imagen.png","width":1080,"height":1080},{"@type":"BreadcrumbList","@id":"https:\/\/ttlcomputer.es\/new\/ttl-teknoslim-i5-12400\/#breadcrumb","itemListElement":[{"@type":"ListItem","position":1,"name":"Portada","item":"https:\/\/ttlcomputer.es\/new\/"},{"@type":"ListItem","position":2,"name":"TTL TEKNOSLIM i5- 12400"}]},{"@type":"WebSite","@id":"https:\/\/ttlcomputer.es\/new\/#website","url":"https:\/\/ttlcomputer.es\/new\/","name":"TTL Computer","description":"","publisher":{"@id":"https:\/\/ttlcomputer.es\/new\/#organization"},"potentialAction":[{"@type":"SearchAction","target":{"@type":"EntryPoint","urlTemplate":"https:\/\/ttlcomputer.es\/new\/?s={search_term_string}"},"query-input":{"@type":"PropertyValueSpecification","valueRequired":true,"valueName":"search_term_string"}}],"inLanguage":"es"},{"@type":"Organization","@id":"https:\/\/ttlcomputer.es\/new\/#organization","name":"TTL Computer","url":"https:\/\/ttlcomputer.es\/new\/","logo":{"@type":"ImageObject","inLanguage":"es","@id":"https:\/\/ttlcomputer.es\/new\/#\/schema\/logo\/image\/","url":"https:\/\/ttlcomputer.es\/new\/wp-content\/uploads\/2023\/06\/TTL-Negro.png","contentUrl":"https:\/\/ttlcomputer.es\/new\/wp-content\/uploads\/2023\/06\/TTL-Negro.png","width":2810,"height":2194,"caption":"TTL Computer "},"image":{"@id":"https:\/\/ttlcomputer.es\/new\/#\/schema\/logo\/image\/"}}]}},"_links":{"self":[{"href":"https:\/\/ttlcomputer.es\/new\/wp-json\/wp\/v2\/pages\/949","targetHints":{"allow":["GET"]}}],"collection":[{"href":"https:\/\/ttlcomputer.es\/new\/wp-json\/wp\/v2\/pages"}],"about":[{"href":"https:\/\/ttlcomputer.es\/new\/wp-json\/wp\/v2\/types\/page"}],"author":[{"embeddable":true,"href":"https:\/\/ttlcomputer.es\/new\/wp-json\/wp\/v2\/users\/1"}],"replies":[{"embeddable":true,"href":"https:\/\/ttlcomputer.es\/new\/wp-json\/wp\/v2\/comments?post=949"}],"version-history":[{"count":4,"href":"https:\/\/ttlcomputer.es\/new\/wp-json\/wp\/v2\/pages\/949\/revisions"}],"predecessor-version":[{"id":955,"href":"https:\/\/ttlcomputer.es\/new\/wp-json\/wp\/v2\/pages\/949\/revisions\/955"}],"wp:attachment":[{"href":"https:\/\/ttlcomputer.es\/new\/wp-json\/wp\/v2\/media?parent=949"}],"curies":[{"name":"wp","href":"https:\/\/api.w.org\/{rel}","templated":true}]}}