{"id":890,"date":"2023-06-05T16:54:19","date_gmt":"2023-06-05T16:54:19","guid":{"rendered":"https:\/\/ttlcomputer.es\/new\/?page_id=890"},"modified":"2023-06-12T06:12:24","modified_gmt":"2023-06-12T06:12:24","slug":"teknoslim","status":"publish","type":"page","link":"https:\/\/ttlcomputer.es\/new\/teknoslim\/","title":{"rendered":"TEKNOSLIM S01610i7"},"content":{"rendered":"\n\n\n<figure class=\"wp-block-image size-full\"><img loading=\"lazy\" decoding=\"async\" width=\"1024\" height=\"633\" src=\"https:\/\/ttlcomputer.es\/new\/wp-content\/uploads\/2023\/06\/Portatil-14-1-1024x633-1.png\" alt=\"\" class=\"wp-image-900\" srcset=\"https:\/\/ttlcomputer.es\/new\/wp-content\/uploads\/2023\/06\/Portatil-14-1-1024x633-1.png 1024w, https:\/\/ttlcomputer.es\/new\/wp-content\/uploads\/2023\/06\/Portatil-14-1-1024x633-1-300x185.png 300w, https:\/\/ttlcomputer.es\/new\/wp-content\/uploads\/2023\/06\/Portatil-14-1-1024x633-1-768x475.png 768w\" sizes=\"(max-width: 1024px) 100vw, 1024px\" \/><\/figure>\n\n\n\n<h2 class=\"wp-block-heading\">Caracter\u00edsticas T\u00e9cnicas:<\/h2>\n\n\n\n<figure class=\"wp-block-table\"><table><tbody><tr><td><strong>Chasis<\/strong><\/td><td>Sobremesa, Factor de forma reducido (SFF)<\/td><\/tr><tr><td><strong>Procesador<\/strong><\/td><td>Intel \u00ae Core \u2122 i7-12700 (2.10GHz \u2013 4.90GHz) 12 C 25Mb Cache.<\/td><\/tr><tr><td><strong>Memoria<\/strong><\/td><td>DDR4 32GB 3200MHz (Ampliable hasta 64GB)<\/td><\/tr><tr><td><strong>Disco Duro <\/strong><\/td><td>Disco 512GB PCIe NVMe (Class 35)<\/td><\/tr><tr><td><strong>Tarjeta Integrada<\/strong><\/td><td>Intel\u00aeUHD 770<\/td><\/tr><tr><td><strong>Fuente de Alimentaci\u00f3n <\/strong><\/td><td>300W 80 Plus Bronze; PFC activo<\/td><\/tr><tr><td><strong>Puertos I\/O<\/strong><\/td><td>4x USB 3.2<br>2x USB 2.0<br>1x VGA<br>1x HDMI 2.1 TMDS Compatible con m\u00e1xima resoluci\u00f3n de hasta 4K x 2K (4096\u00d72160) @ 60Hz.<br>1x DisplayPort 1.4 con DSC (comprimido) Max. Resoluci\u00f3n hasta 8K (7680\u00d74320) @ 60Hz \/ 5K (5120\u00d73200) @ 120Hz<br>1x Ethernet RJ45 (10\/100\/1000)<br>2x PS\/2 teclado\/rat\u00f3n<br>3x Audio jack trasero + 1x jack combo frontal entrada\/salida (Auriculares + Micr\u00f3fono).<\/td><\/tr><tr><td><strong>Seguridad<\/strong><\/td><td>Sistema de cierre tipo Kensington<\/td><\/tr><tr><td><strong>BIOS<\/strong><\/td><td>Desarrollada por Teknoservice para productos TTL\u00ae, configuraci\u00f3n a medida.<\/td><\/tr><tr><td><strong>Gama<\/strong><\/td><td>Professional<\/td><\/tr><tr><td><strong>Sistema Operativo<\/strong><\/td><td>Windows 11 Pro (Opci\u00f3n downgrade a Windows 10 Pro)<\/td><\/tr><tr><td><strong>Masterizaci\u00f3n<\/strong><\/td><td>Clonaci\u00f3n de im\u00e1genes de disco personalizadas.<\/td><\/tr><tr><td><strong>Garant\u00eda <\/strong><\/td><td>36 Meses <\/td><\/tr><\/tbody><\/table><figcaption class=\"wp-element-caption\">Las caracter\u00edsticas de dise\u00f1o del producto pueden variar debido a la configuraci\u00f3n y \/ o implementaciones interesados a petici\u00f3n.<\/figcaption><\/figure>\n\n\n\n<h2 class=\"wp-block-heading\">Opciones:<\/h2>\n\n\n\n<ul class=\"wp-block-list\">\n<li>Lector multitarjetas + DNIe<\/li>\n\n\n\n<li>Unidad \u00d3ptica DVD-RW SATA<\/li>\n\n\n\n<li>Wireless LAN 802.11 a\/b\/g\/n\/ac\/ax (Wifi 6) + Bluetooth 5.2&nbsp;<\/li>\n\n\n\n<li>Marcado l\u00e1ser\/tampograf\u00eda con logo cliente<\/li>\n\n\n\n<li>Teclado y rat\u00f3n al\u00e1mbrico\/inal\u00e1mbrico<\/li>\n<\/ul>\n\n\n\n<p>Aqu\u00ed puedes descargar los Drivers: <\/p>\n\n\n\n<div class=\"wp-block-buttons is-layout-flex wp-block-buttons-is-layout-flex\">\n<div class=\"wp-block-button\"><a class=\"wp-block-button__link has-kubio-color-4-background-color has-background wp-element-button\" href=\"https:\/\/www.myqnapcloud.com\/share\/75526h72o61n827r2wty3a03_0dd7egg49l05266p1stt9x490665dgg1#\/home\/Drivers\" target=\"_blank\" rel=\"noreferrer noopener\">Drivers<\/a><\/div>\n<\/div>\n","protected":false},"excerpt":{"rendered":"<p>Caracter\u00edsticas T\u00e9cnicas: Chasis Sobremesa, Factor de forma reducido (SFF) Procesador Intel \u00ae Core \u2122 i7-12700 (2.10GHz \u2013 4.90GHz) 12 C 25Mb Cache. Memoria DDR4 32GB 3200MHz (Ampliable hasta 64GB) Disco Duro Disco 512GB PCIe NVMe (Class 35) Tarjeta Integrada Intel\u00aeUHD 770 Fuente de Alimentaci\u00f3n 300W 80 Plus Bronze; PFC activo Puertos I\/O 4x USB 3.22x &hellip; <\/p>\n<p class=\"link-more\"><a href=\"https:\/\/ttlcomputer.es\/new\/teknoslim\/\" class=\"more-link\">Leer m\u00e1s<span class=\"screen-reader-text\"> \u00abTEKNOSLIM S01610i7\u00bb<\/span><\/a><\/p>\n","protected":false},"author":1,"featured_media":0,"parent":0,"menu_order":0,"comment_status":"closed","ping_status":"closed","template":"","meta":{"saved_in_kubio":true,"inspiro_hide_title":false,"footnotes":""},"class_list":["post-890","page","type-page","status-publish","hentry"],"kubio_ai_page_context":{"short_desc":"","purpose":"general"},"yoast_head":"<!-- This site is optimized with the Yoast SEO plugin v23.8 - https:\/\/yoast.com\/wordpress\/plugins\/seo\/ -->\n<title>TEKNOSLIM S01610i7 - TTL Computer<\/title>\n<meta name=\"robots\" content=\"noindex, follow, max-snippet:-1, max-image-preview:large, max-video-preview:-1\" \/>\n<meta property=\"og:locale\" content=\"es_ES\" \/>\n<meta property=\"og:type\" content=\"article\" \/>\n<meta property=\"og:title\" content=\"TEKNOSLIM S01610i7 - TTL Computer\" \/>\n<meta property=\"og:description\" content=\"Caracter\u00edsticas T\u00e9cnicas: Chasis Sobremesa, Factor de forma reducido (SFF) Procesador Intel \u00ae Core \u2122 i7-12700 (2.10GHz \u2013 4.90GHz) 12 C 25Mb Cache. Memoria DDR4 32GB 3200MHz (Ampliable hasta 64GB) Disco Duro Disco 512GB PCIe NVMe (Class 35) Tarjeta Integrada Intel\u00aeUHD 770 Fuente de Alimentaci\u00f3n 300W 80 Plus Bronze; PFC activo Puertos I\/O 4x USB 3.22x &hellip; Leer m\u00e1s \u00abTEKNOSLIM S01610i7\u00bb\" \/>\n<meta property=\"og:url\" content=\"https:\/\/ttlcomputer.es\/new\/teknoslim\/\" \/>\n<meta property=\"og:site_name\" content=\"TTL Computer\" \/>\n<meta property=\"article:modified_time\" content=\"2023-06-12T06:12:24+00:00\" \/>\n<meta property=\"og:image\" content=\"https:\/\/ttlcomputer.es\/new\/wp-content\/uploads\/2023\/06\/Portatil-14-1-1024x633-1.png\" \/>\n<meta name=\"twitter:card\" content=\"summary_large_image\" \/>\n<meta name=\"twitter:label1\" content=\"Tiempo de lectura\" \/>\n\t<meta name=\"twitter:data1\" content=\"1 minuto\" \/>\n<script type=\"application\/ld+json\" class=\"yoast-schema-graph\">{\"@context\":\"https:\/\/schema.org\",\"@graph\":[{\"@type\":\"WebPage\",\"@id\":\"https:\/\/ttlcomputer.es\/new\/teknoslim\/\",\"url\":\"https:\/\/ttlcomputer.es\/new\/teknoslim\/\",\"name\":\"TEKNOSLIM S01610i7 - TTL Computer\",\"isPartOf\":{\"@id\":\"https:\/\/ttlcomputer.es\/new\/#website\"},\"primaryImageOfPage\":{\"@id\":\"https:\/\/ttlcomputer.es\/new\/teknoslim\/#primaryimage\"},\"image\":{\"@id\":\"https:\/\/ttlcomputer.es\/new\/teknoslim\/#primaryimage\"},\"thumbnailUrl\":\"https:\/\/ttlcomputer.es\/new\/wp-content\/uploads\/2023\/06\/Portatil-14-1-1024x633-1.png\",\"datePublished\":\"2023-06-05T16:54:19+00:00\",\"dateModified\":\"2023-06-12T06:12:24+00:00\",\"breadcrumb\":{\"@id\":\"https:\/\/ttlcomputer.es\/new\/teknoslim\/#breadcrumb\"},\"inLanguage\":\"es\",\"potentialAction\":[{\"@type\":\"ReadAction\",\"target\":[\"https:\/\/ttlcomputer.es\/new\/teknoslim\/\"]}]},{\"@type\":\"ImageObject\",\"inLanguage\":\"es\",\"@id\":\"https:\/\/ttlcomputer.es\/new\/teknoslim\/#primaryimage\",\"url\":\"https:\/\/ttlcomputer.es\/new\/wp-content\/uploads\/2023\/06\/Portatil-14-1-1024x633-1.png\",\"contentUrl\":\"https:\/\/ttlcomputer.es\/new\/wp-content\/uploads\/2023\/06\/Portatil-14-1-1024x633-1.png\",\"width\":1024,\"height\":633},{\"@type\":\"BreadcrumbList\",\"@id\":\"https:\/\/ttlcomputer.es\/new\/teknoslim\/#breadcrumb\",\"itemListElement\":[{\"@type\":\"ListItem\",\"position\":1,\"name\":\"Portada\",\"item\":\"https:\/\/ttlcomputer.es\/new\/\"},{\"@type\":\"ListItem\",\"position\":2,\"name\":\"TEKNOSLIM S01610i7\"}]},{\"@type\":\"WebSite\",\"@id\":\"https:\/\/ttlcomputer.es\/new\/#website\",\"url\":\"https:\/\/ttlcomputer.es\/new\/\",\"name\":\"TTL Computer\",\"description\":\"\",\"publisher\":{\"@id\":\"https:\/\/ttlcomputer.es\/new\/#organization\"},\"potentialAction\":[{\"@type\":\"SearchAction\",\"target\":{\"@type\":\"EntryPoint\",\"urlTemplate\":\"https:\/\/ttlcomputer.es\/new\/?s={search_term_string}\"},\"query-input\":{\"@type\":\"PropertyValueSpecification\",\"valueRequired\":true,\"valueName\":\"search_term_string\"}}],\"inLanguage\":\"es\"},{\"@type\":\"Organization\",\"@id\":\"https:\/\/ttlcomputer.es\/new\/#organization\",\"name\":\"TTL Computer\",\"url\":\"https:\/\/ttlcomputer.es\/new\/\",\"logo\":{\"@type\":\"ImageObject\",\"inLanguage\":\"es\",\"@id\":\"https:\/\/ttlcomputer.es\/new\/#\/schema\/logo\/image\/\",\"url\":\"https:\/\/ttlcomputer.es\/new\/wp-content\/uploads\/2023\/06\/TTL-Negro.png\",\"contentUrl\":\"https:\/\/ttlcomputer.es\/new\/wp-content\/uploads\/2023\/06\/TTL-Negro.png\",\"width\":2810,\"height\":2194,\"caption\":\"TTL Computer \"},\"image\":{\"@id\":\"https:\/\/ttlcomputer.es\/new\/#\/schema\/logo\/image\/\"}}]}<\/script>\n<!-- \/ Yoast SEO plugin. -->","yoast_head_json":{"title":"TEKNOSLIM S01610i7 - TTL Computer","robots":{"index":"noindex","follow":"follow","max-snippet":"max-snippet:-1","max-image-preview":"max-image-preview:large","max-video-preview":"max-video-preview:-1"},"og_locale":"es_ES","og_type":"article","og_title":"TEKNOSLIM S01610i7 - TTL Computer","og_description":"Caracter\u00edsticas T\u00e9cnicas: Chasis Sobremesa, Factor de forma reducido (SFF) Procesador Intel \u00ae Core \u2122 i7-12700 (2.10GHz \u2013 4.90GHz) 12 C 25Mb Cache. Memoria DDR4 32GB 3200MHz (Ampliable hasta 64GB) Disco Duro Disco 512GB PCIe NVMe (Class 35) Tarjeta Integrada Intel\u00aeUHD 770 Fuente de Alimentaci\u00f3n 300W 80 Plus Bronze; PFC activo Puertos I\/O 4x USB 3.22x &hellip; Leer m\u00e1s \u00abTEKNOSLIM S01610i7\u00bb","og_url":"https:\/\/ttlcomputer.es\/new\/teknoslim\/","og_site_name":"TTL Computer","article_modified_time":"2023-06-12T06:12:24+00:00","og_image":[{"url":"https:\/\/ttlcomputer.es\/new\/wp-content\/uploads\/2023\/06\/Portatil-14-1-1024x633-1.png"}],"twitter_card":"summary_large_image","twitter_misc":{"Tiempo de lectura":"1 minuto"},"schema":{"@context":"https:\/\/schema.org","@graph":[{"@type":"WebPage","@id":"https:\/\/ttlcomputer.es\/new\/teknoslim\/","url":"https:\/\/ttlcomputer.es\/new\/teknoslim\/","name":"TEKNOSLIM S01610i7 - TTL Computer","isPartOf":{"@id":"https:\/\/ttlcomputer.es\/new\/#website"},"primaryImageOfPage":{"@id":"https:\/\/ttlcomputer.es\/new\/teknoslim\/#primaryimage"},"image":{"@id":"https:\/\/ttlcomputer.es\/new\/teknoslim\/#primaryimage"},"thumbnailUrl":"https:\/\/ttlcomputer.es\/new\/wp-content\/uploads\/2023\/06\/Portatil-14-1-1024x633-1.png","datePublished":"2023-06-05T16:54:19+00:00","dateModified":"2023-06-12T06:12:24+00:00","breadcrumb":{"@id":"https:\/\/ttlcomputer.es\/new\/teknoslim\/#breadcrumb"},"inLanguage":"es","potentialAction":[{"@type":"ReadAction","target":["https:\/\/ttlcomputer.es\/new\/teknoslim\/"]}]},{"@type":"ImageObject","inLanguage":"es","@id":"https:\/\/ttlcomputer.es\/new\/teknoslim\/#primaryimage","url":"https:\/\/ttlcomputer.es\/new\/wp-content\/uploads\/2023\/06\/Portatil-14-1-1024x633-1.png","contentUrl":"https:\/\/ttlcomputer.es\/new\/wp-content\/uploads\/2023\/06\/Portatil-14-1-1024x633-1.png","width":1024,"height":633},{"@type":"BreadcrumbList","@id":"https:\/\/ttlcomputer.es\/new\/teknoslim\/#breadcrumb","itemListElement":[{"@type":"ListItem","position":1,"name":"Portada","item":"https:\/\/ttlcomputer.es\/new\/"},{"@type":"ListItem","position":2,"name":"TEKNOSLIM S01610i7"}]},{"@type":"WebSite","@id":"https:\/\/ttlcomputer.es\/new\/#website","url":"https:\/\/ttlcomputer.es\/new\/","name":"TTL Computer","description":"","publisher":{"@id":"https:\/\/ttlcomputer.es\/new\/#organization"},"potentialAction":[{"@type":"SearchAction","target":{"@type":"EntryPoint","urlTemplate":"https:\/\/ttlcomputer.es\/new\/?s={search_term_string}"},"query-input":{"@type":"PropertyValueSpecification","valueRequired":true,"valueName":"search_term_string"}}],"inLanguage":"es"},{"@type":"Organization","@id":"https:\/\/ttlcomputer.es\/new\/#organization","name":"TTL Computer","url":"https:\/\/ttlcomputer.es\/new\/","logo":{"@type":"ImageObject","inLanguage":"es","@id":"https:\/\/ttlcomputer.es\/new\/#\/schema\/logo\/image\/","url":"https:\/\/ttlcomputer.es\/new\/wp-content\/uploads\/2023\/06\/TTL-Negro.png","contentUrl":"https:\/\/ttlcomputer.es\/new\/wp-content\/uploads\/2023\/06\/TTL-Negro.png","width":2810,"height":2194,"caption":"TTL Computer "},"image":{"@id":"https:\/\/ttlcomputer.es\/new\/#\/schema\/logo\/image\/"}}]}},"_links":{"self":[{"href":"https:\/\/ttlcomputer.es\/new\/wp-json\/wp\/v2\/pages\/890","targetHints":{"allow":["GET"]}}],"collection":[{"href":"https:\/\/ttlcomputer.es\/new\/wp-json\/wp\/v2\/pages"}],"about":[{"href":"https:\/\/ttlcomputer.es\/new\/wp-json\/wp\/v2\/types\/page"}],"author":[{"embeddable":true,"href":"https:\/\/ttlcomputer.es\/new\/wp-json\/wp\/v2\/users\/1"}],"replies":[{"embeddable":true,"href":"https:\/\/ttlcomputer.es\/new\/wp-json\/wp\/v2\/comments?post=890"}],"version-history":[{"count":10,"href":"https:\/\/ttlcomputer.es\/new\/wp-json\/wp\/v2\/pages\/890\/revisions"}],"predecessor-version":[{"id":1319,"href":"https:\/\/ttlcomputer.es\/new\/wp-json\/wp\/v2\/pages\/890\/revisions\/1319"}],"wp:attachment":[{"href":"https:\/\/ttlcomputer.es\/new\/wp-json\/wp\/v2\/media?parent=890"}],"curies":[{"name":"wp","href":"https:\/\/api.w.org\/{rel}","templated":true}]}}