{"id":2753,"date":"2025-06-26T13:09:21","date_gmt":"2025-06-26T13:09:21","guid":{"rendered":"https:\/\/ttlcomputer.es\/new\/?page_id=2753"},"modified":"2025-07-01T05:55:09","modified_gmt":"2025-07-01T05:55:09","slug":"ttl-teknopro-h610-i5-14400","status":"publish","type":"page","link":"https:\/\/ttlcomputer.es\/new\/ttl-teknopro-h610-i5-14400\/","title":{"rendered":"TTL TEKNOPRO H610 i5-14400"},"content":{"rendered":"\n<p><a href=\"https:\/\/ttlcomputer.es\/wp-content\/uploads\/2023\/03\/Purple-Grey-Modern-Computer-Logo-1-1.png\"><\/a><\/p>\n\n\n\n\n\n<div class=\"wp-block-columns is-layout-flex wp-container-core-columns-is-layout-28f84493 wp-block-columns-is-layout-flex\">\n<div class=\"wp-block-column is-layout-flow wp-block-column-is-layout-flow\" style=\"flex-basis:100%\">\n\n<\/div>\n<\/div>\n\n\n\n<h2 class=\"wp-block-heading\">Caracter\u00edsticas T\u00e9cnicas:<\/h2>\n\n\n\n<div class=\"wp-block-columns is-layout-flex wp-container-core-columns-is-layout-28f84493 wp-block-columns-is-layout-flex\">\n<div class=\"wp-block-column is-layout-flow wp-block-column-is-layout-flow\" style=\"flex-basis:100%\">\n<figure class=\"wp-block-table is-style-regular\"><table><tbody><tr><td><strong>Chasis<\/strong><\/td><td>Formato Torre<\/td><\/tr><tr><td><strong>Ventilaci\u00f3n<\/strong><\/td><td>Ventilaci\u00f3n optimizada silenciosa.<\/td><\/tr><tr><td><strong>Procesador<\/strong><\/td><td>Intel\u00ae Core\u2122 I5-14400<\/td><\/tr><tr><td><strong>Memoria<\/strong><\/td><td>32GB DDR5 5600MHZ<\/td><\/tr><tr><td><strong>Disco duro<\/strong><\/td><td>SSD 1TB M2 NVME<\/td><\/tr><tr><td><strong>Perif\u00e9ricos<\/strong><\/td><td>Teclado y rat\u00f3n USB TTL (Opcional Teclado con lector de tarjetas)<\/td><\/tr><tr><td><strong><strong>Gama<\/strong><\/strong><\/td><td>Profesional<\/td><\/tr><\/tbody><\/table><\/figure>\n<\/div>\n<\/div>\n\n\n\n<h4 class=\"wp-block-heading\">Procesador, Chipset y Memoria:<\/h4>\n\n\n\n<figure class=\"wp-block-table is-style-regular\"><table><tbody><tr><td><strong>Procesador<\/strong><\/td><td>FoProcesador Intel\u00ae Core\u2122 i5 14400<br>10 n\u00facleos, 16 threads<br>X86 &#8211; 64-bit<br>Frecuencia Turbo M\u00e1xima:<br>    -Frecuencia turbo m\u00e1xima: 4.7 GHz<br>    -Frecuencia base de Eficiente-core: 1.8 GHz<br>TDP: 65W<br>Socket: LGA 1700<br>TPM 2.0<\/td><\/tr><tr><td><strong>Chipset<\/strong><\/td><td>Intel\u00ae H610<\/td><\/tr><tr><td><strong>Memoria Instalada<\/strong><\/td><td>&#8211; Tama\u00f1o: 32GB<br>&#8211; Tipolog\u00eda: DDR5<br>&#8211; Velocidad: 5600 MHZ<\/td><\/tr><tr><td><strong>Memoria soportada<\/strong><\/td><td>32G-Hasta 96GB de memoria DDR5<\/td><\/tr><tr><td><strong>Ranuras de memoria<\/strong><\/td><td>2 x DDR5 DIMM Slots<\/td><\/tr><\/tbody><\/table><\/figure>\n\n\n\n<h4 class=\"wp-block-heading\">Unidades internas:<\/h4>\n\n\n\n<figure class=\"wp-block-table is-style-regular\"><table><tbody><tr><td><strong>Unidades de disco duro<\/strong><\/td><td>1 x SSD 1 TB M.2 PCI Express 4.0<\/td><\/tr><tr><td><strong>Velocidad<\/strong><\/td><td>Velocidad de lectura: 6000 MB\/s<br>Velocidad de escritura: 4000 MB\/s<\/td><\/tr><\/tbody><\/table><\/figure>\n\n\n\n<h4 class=\"wp-block-heading\">Caracter\u00edsticas del equipo:<\/h4>\n\n\n\n<figure class=\"wp-block-table is-style-regular\"><table><tbody><tr><td><strong>Chasis<\/strong><\/td><td>Torre TOOL LESS.<br>Fuente de alimentaci\u00f3n 300W 80 +plus Bronze<\/td><\/tr><tr><td><strong>Gr\u00e1ficos Integrados<\/strong><\/td><td>Intel\u00ae UHD Graphics 730<\/td><\/tr><tr><td><strong>Ranuras de expansi\u00f3n<\/strong><\/td><td>1 x PCIe 4.0 x16 Slot<br>1 x PCIe 3.0 x1 Slot<br>4 x SATA3 6.0 Gb\/s<\/td><\/tr><tr><td><strong>Audio<\/strong><\/td><td>7.1 CH HD Audio (Realtek ALC897 Audio Codec)<br>Integrada en placa<br>Audio de alta definici\u00f3n<\/td><\/tr><tr><td><strong>Interfaz de red<\/strong><\/td><td>SSDGigabit LAN 10\/100\/1000 Mb\/s<br>Realtek 8111H<br>Integrada en placa<br>PXE<br>WAKE ON LAN<br>UEFI, soporta legacy BIOS-Compatibility mode<\/td><\/tr><tr><td><strong>Interfaces Delanteros y Posteriores<\/strong><\/td><td><strong>Traseros:<\/strong><br>&#8211; 1x D-Sub-Port<br>&#8211; 1 x HDMI Port<br>&#8211; 1 x DisplayPort 1.4<br>&#8211; 1 x USB 3.2 Gen1 Type-C Port<br>&#8211; 1 x USB 3.2 Gen1 Type-A Port<br>&#8211; 4 x USB 2.0 Ports &#8211; 1 x RJ-45 LAN Port<br>&#8211; HD Audio Jacks: Line in \/ Front Speaker \/ Microphone<br><br><strong>Delanteros:<\/strong><br>2 x USB-A 3.0<br>2 x USB-A 2.0<br>1 x USB-C (2.0)<br>1 x COMBO AUDIO.<\/td><\/tr><tr><td><strong><strong>Teclado<\/strong><\/strong><\/td><td>Teclado espa\u00f1ol TTL USB<br>(Opcional) teclado con lector de tarjetas TTL<\/td><\/tr><tr><td><strong>Rat\u00f3n<\/strong><\/td><td>Rat\u00f3n \u00f3ptico de tres botones con rueda\/bot\u00f3n USB TTL<\/td><\/tr><tr><td><strong>Etiquetado<\/strong><\/td><td><strong>Marcado l\u00e1ser \/ tampograf\u00eda con personalizaci\u00f3n del cliente<br>Etiquetado en BIOS personalizada por equipo<\/strong><\/td><\/tr><tr><td><strong>Clonaci\u00f3n de im\u00e1genes<\/strong><\/td><td>Clonaci\u00f3n de im\u00e1genes de disco personalizadas por el cliente<\/td><\/tr><tr><td><strong>Garant\u00eda<\/strong><\/td><td>48 meses<\/td><\/tr><tr><td><strong>Sistema Operativo<\/strong><\/td><td>Microsoft Windows OEM<\/td><\/tr><tr><td><strong>Nivel de Ruido<\/strong><\/td><td>20,5 dB en funcionamiento<\/td><\/tr><tr><td><strong>Consumo el\u00e9ctrico del<br>equipo<\/strong><\/td><td>21.2 W en funcionamiento<\/td><\/tr><\/tbody><\/table><\/figure>\n\n\n\n\n\n<div class=\"wp-block-buttons is-layout-flex wp-block-buttons-is-layout-flex\">\n<div class=\"wp-block-button is-style-outline is-style-outline--1\"><a class=\"wp-block-button__link has-white-color has-primary-background-color has-text-color has-background has-link-color wp-element-button\" href=\"https:\/\/www.epeat.net\/product-details\/d76118ec81604792a899e7a6f32db5fe?backUrl=%252Fcomputers-and-displays-search-result%252Fpage-1%252Fsize-25%253FproductName%253DTeknopro\">EPEAT GOLD<\/a><\/div>\n\n\n\n<div class=\"wp-block-button is-style-outline is-style-outline--2\"><a class=\"wp-block-button__link has-white-color has-primary-background-color has-text-color has-background has-link-color wp-element-button\" href=\"https:\/\/activacionteknoservice-my.sharepoint.com\/:f:\/g\/personal\/info_teknoservice_es\/EreAqcleRR9HrJmZ5-lKZ00BLfwBOnkjPPhi8-lFMoFIpw?e=kqS2tM\">DRIVERS &#8211; BIOS<\/a><\/div>\n\n\n\n<div class=\"wp-block-button is-style-outline is-style-outline--3\"><a class=\"wp-block-button__link has-white-color has-primary-background-color has-text-color has-background has-link-color wp-element-button\" href=\"https:\/\/ttlcomputer.es\/new\/wp-content\/uploads\/2025\/06\/PC-Sobremesa.pdf\" target=\"_blank\" rel=\"noreferrer noopener\">Descargar ficha t\u00e9cnica<\/a><\/div>\n<\/div>\n","protected":false},"excerpt":{"rendered":"<p>Caracter\u00edsticas T\u00e9cnicas: Chasis Formato Torre Ventilaci\u00f3n Ventilaci\u00f3n optimizada silenciosa. Procesador Intel\u00ae Core\u2122 I5-14400 Memoria 32GB DDR5 5600MHZ Disco duro SSD 1TB M2 NVME Perif\u00e9ricos Teclado y rat\u00f3n USB TTL (Opcional Teclado con lector de tarjetas) Gama Profesional Procesador, Chipset y Memoria: Procesador FoProcesador Intel\u00ae Core\u2122 i5 1440010 n\u00facleos, 16 threadsX86 &#8211; 64-bitFrecuencia Turbo M\u00e1xima: -Frecuencia &hellip; <\/p>\n<p class=\"link-more\"><a href=\"https:\/\/ttlcomputer.es\/new\/ttl-teknopro-h610-i5-14400\/\" class=\"more-link\">Leer m\u00e1s<span class=\"screen-reader-text\"> \u00abTTL TEKNOPRO H610 i5-14400\u00bb<\/span><\/a><\/p>\n","protected":false},"author":1,"featured_media":0,"parent":0,"menu_order":0,"comment_status":"closed","ping_status":"closed","template":"","meta":{"saved_in_kubio":true,"inspiro_hide_title":false,"footnotes":""},"class_list":["post-2753","page","type-page","status-publish","hentry"],"kubio_ai_page_context":{"short_desc":"","purpose":"general"},"yoast_head":"<!-- This site is optimized with the Yoast SEO plugin v23.8 - https:\/\/yoast.com\/wordpress\/plugins\/seo\/ -->\n<title>TTL TEKNOPRO H610 i5-14400 - TTL Computer<\/title>\n<meta name=\"robots\" content=\"noindex, follow, max-snippet:-1, max-image-preview:large, max-video-preview:-1\" \/>\n<meta property=\"og:locale\" content=\"es_ES\" \/>\n<meta property=\"og:type\" content=\"article\" \/>\n<meta property=\"og:title\" content=\"TTL TEKNOPRO H610 i5-14400 - TTL Computer\" \/>\n<meta property=\"og:description\" content=\"Caracter\u00edsticas T\u00e9cnicas: Chasis Formato Torre Ventilaci\u00f3n Ventilaci\u00f3n optimizada silenciosa. Procesador Intel\u00ae Core\u2122 I5-14400 Memoria 32GB DDR5 5600MHZ Disco duro SSD 1TB M2 NVME Perif\u00e9ricos Teclado y rat\u00f3n USB TTL (Opcional Teclado con lector de tarjetas) Gama Profesional Procesador, Chipset y Memoria: Procesador FoProcesador Intel\u00ae Core\u2122 i5 1440010 n\u00facleos, 16 threadsX86 &#8211; 64-bitFrecuencia Turbo M\u00e1xima: -Frecuencia &hellip; Leer m\u00e1s \u00abTTL TEKNOPRO H610 i5-14400\u00bb\" \/>\n<meta property=\"og:url\" content=\"https:\/\/ttlcomputer.es\/new\/ttl-teknopro-h610-i5-14400\/\" \/>\n<meta property=\"og:site_name\" content=\"TTL Computer\" \/>\n<meta property=\"article:modified_time\" content=\"2025-07-01T05:55:09+00:00\" \/>\n<meta name=\"twitter:card\" content=\"summary_large_image\" \/>\n<meta name=\"twitter:label1\" content=\"Tiempo de lectura\" \/>\n\t<meta name=\"twitter:data1\" content=\"2 minutos\" \/>\n<script type=\"application\/ld+json\" class=\"yoast-schema-graph\">{\"@context\":\"https:\/\/schema.org\",\"@graph\":[{\"@type\":\"WebPage\",\"@id\":\"https:\/\/ttlcomputer.es\/new\/ttl-teknopro-h610-i5-14400\/\",\"url\":\"https:\/\/ttlcomputer.es\/new\/ttl-teknopro-h610-i5-14400\/\",\"name\":\"TTL TEKNOPRO H610 i5-14400 - TTL Computer\",\"isPartOf\":{\"@id\":\"https:\/\/ttlcomputer.es\/new\/#website\"},\"datePublished\":\"2025-06-26T13:09:21+00:00\",\"dateModified\":\"2025-07-01T05:55:09+00:00\",\"breadcrumb\":{\"@id\":\"https:\/\/ttlcomputer.es\/new\/ttl-teknopro-h610-i5-14400\/#breadcrumb\"},\"inLanguage\":\"es\",\"potentialAction\":[{\"@type\":\"ReadAction\",\"target\":[\"https:\/\/ttlcomputer.es\/new\/ttl-teknopro-h610-i5-14400\/\"]}]},{\"@type\":\"BreadcrumbList\",\"@id\":\"https:\/\/ttlcomputer.es\/new\/ttl-teknopro-h610-i5-14400\/#breadcrumb\",\"itemListElement\":[{\"@type\":\"ListItem\",\"position\":1,\"name\":\"Portada\",\"item\":\"https:\/\/ttlcomputer.es\/new\/\"},{\"@type\":\"ListItem\",\"position\":2,\"name\":\"TTL TEKNOPRO H610 i5-14400\"}]},{\"@type\":\"WebSite\",\"@id\":\"https:\/\/ttlcomputer.es\/new\/#website\",\"url\":\"https:\/\/ttlcomputer.es\/new\/\",\"name\":\"TTL Computer\",\"description\":\"\",\"publisher\":{\"@id\":\"https:\/\/ttlcomputer.es\/new\/#organization\"},\"potentialAction\":[{\"@type\":\"SearchAction\",\"target\":{\"@type\":\"EntryPoint\",\"urlTemplate\":\"https:\/\/ttlcomputer.es\/new\/?s={search_term_string}\"},\"query-input\":{\"@type\":\"PropertyValueSpecification\",\"valueRequired\":true,\"valueName\":\"search_term_string\"}}],\"inLanguage\":\"es\"},{\"@type\":\"Organization\",\"@id\":\"https:\/\/ttlcomputer.es\/new\/#organization\",\"name\":\"TTL Computer\",\"url\":\"https:\/\/ttlcomputer.es\/new\/\",\"logo\":{\"@type\":\"ImageObject\",\"inLanguage\":\"es\",\"@id\":\"https:\/\/ttlcomputer.es\/new\/#\/schema\/logo\/image\/\",\"url\":\"https:\/\/ttlcomputer.es\/new\/wp-content\/uploads\/2023\/06\/TTL-Negro.png\",\"contentUrl\":\"https:\/\/ttlcomputer.es\/new\/wp-content\/uploads\/2023\/06\/TTL-Negro.png\",\"width\":2810,\"height\":2194,\"caption\":\"TTL Computer \"},\"image\":{\"@id\":\"https:\/\/ttlcomputer.es\/new\/#\/schema\/logo\/image\/\"}}]}<\/script>\n<!-- \/ Yoast SEO plugin. -->","yoast_head_json":{"title":"TTL TEKNOPRO H610 i5-14400 - TTL Computer","robots":{"index":"noindex","follow":"follow","max-snippet":"max-snippet:-1","max-image-preview":"max-image-preview:large","max-video-preview":"max-video-preview:-1"},"og_locale":"es_ES","og_type":"article","og_title":"TTL TEKNOPRO H610 i5-14400 - TTL Computer","og_description":"Caracter\u00edsticas T\u00e9cnicas: Chasis Formato Torre Ventilaci\u00f3n Ventilaci\u00f3n optimizada silenciosa. Procesador Intel\u00ae Core\u2122 I5-14400 Memoria 32GB DDR5 5600MHZ Disco duro SSD 1TB M2 NVME Perif\u00e9ricos Teclado y rat\u00f3n USB TTL (Opcional Teclado con lector de tarjetas) Gama Profesional Procesador, Chipset y Memoria: Procesador FoProcesador Intel\u00ae Core\u2122 i5 1440010 n\u00facleos, 16 threadsX86 &#8211; 64-bitFrecuencia Turbo M\u00e1xima: -Frecuencia &hellip; Leer m\u00e1s \u00abTTL TEKNOPRO H610 i5-14400\u00bb","og_url":"https:\/\/ttlcomputer.es\/new\/ttl-teknopro-h610-i5-14400\/","og_site_name":"TTL Computer","article_modified_time":"2025-07-01T05:55:09+00:00","twitter_card":"summary_large_image","twitter_misc":{"Tiempo de lectura":"2 minutos"},"schema":{"@context":"https:\/\/schema.org","@graph":[{"@type":"WebPage","@id":"https:\/\/ttlcomputer.es\/new\/ttl-teknopro-h610-i5-14400\/","url":"https:\/\/ttlcomputer.es\/new\/ttl-teknopro-h610-i5-14400\/","name":"TTL TEKNOPRO H610 i5-14400 - TTL Computer","isPartOf":{"@id":"https:\/\/ttlcomputer.es\/new\/#website"},"datePublished":"2025-06-26T13:09:21+00:00","dateModified":"2025-07-01T05:55:09+00:00","breadcrumb":{"@id":"https:\/\/ttlcomputer.es\/new\/ttl-teknopro-h610-i5-14400\/#breadcrumb"},"inLanguage":"es","potentialAction":[{"@type":"ReadAction","target":["https:\/\/ttlcomputer.es\/new\/ttl-teknopro-h610-i5-14400\/"]}]},{"@type":"BreadcrumbList","@id":"https:\/\/ttlcomputer.es\/new\/ttl-teknopro-h610-i5-14400\/#breadcrumb","itemListElement":[{"@type":"ListItem","position":1,"name":"Portada","item":"https:\/\/ttlcomputer.es\/new\/"},{"@type":"ListItem","position":2,"name":"TTL TEKNOPRO H610 i5-14400"}]},{"@type":"WebSite","@id":"https:\/\/ttlcomputer.es\/new\/#website","url":"https:\/\/ttlcomputer.es\/new\/","name":"TTL Computer","description":"","publisher":{"@id":"https:\/\/ttlcomputer.es\/new\/#organization"},"potentialAction":[{"@type":"SearchAction","target":{"@type":"EntryPoint","urlTemplate":"https:\/\/ttlcomputer.es\/new\/?s={search_term_string}"},"query-input":{"@type":"PropertyValueSpecification","valueRequired":true,"valueName":"search_term_string"}}],"inLanguage":"es"},{"@type":"Organization","@id":"https:\/\/ttlcomputer.es\/new\/#organization","name":"TTL Computer","url":"https:\/\/ttlcomputer.es\/new\/","logo":{"@type":"ImageObject","inLanguage":"es","@id":"https:\/\/ttlcomputer.es\/new\/#\/schema\/logo\/image\/","url":"https:\/\/ttlcomputer.es\/new\/wp-content\/uploads\/2023\/06\/TTL-Negro.png","contentUrl":"https:\/\/ttlcomputer.es\/new\/wp-content\/uploads\/2023\/06\/TTL-Negro.png","width":2810,"height":2194,"caption":"TTL Computer "},"image":{"@id":"https:\/\/ttlcomputer.es\/new\/#\/schema\/logo\/image\/"}}]}},"_links":{"self":[{"href":"https:\/\/ttlcomputer.es\/new\/wp-json\/wp\/v2\/pages\/2753","targetHints":{"allow":["GET"]}}],"collection":[{"href":"https:\/\/ttlcomputer.es\/new\/wp-json\/wp\/v2\/pages"}],"about":[{"href":"https:\/\/ttlcomputer.es\/new\/wp-json\/wp\/v2\/types\/page"}],"author":[{"embeddable":true,"href":"https:\/\/ttlcomputer.es\/new\/wp-json\/wp\/v2\/users\/1"}],"replies":[{"embeddable":true,"href":"https:\/\/ttlcomputer.es\/new\/wp-json\/wp\/v2\/comments?post=2753"}],"version-history":[{"count":7,"href":"https:\/\/ttlcomputer.es\/new\/wp-json\/wp\/v2\/pages\/2753\/revisions"}],"predecessor-version":[{"id":2795,"href":"https:\/\/ttlcomputer.es\/new\/wp-json\/wp\/v2\/pages\/2753\/revisions\/2795"}],"wp:attachment":[{"href":"https:\/\/ttlcomputer.es\/new\/wp-json\/wp\/v2\/media?parent=2753"}],"curies":[{"name":"wp","href":"https:\/\/api.w.org\/{rel}","templated":true}]}}