{"id":2671,"date":"2025-05-14T09:53:49","date_gmt":"2025-05-14T09:53:49","guid":{"rendered":"https:\/\/ttlcomputer.es\/new\/?page_id=2671"},"modified":"2025-05-14T10:29:35","modified_gmt":"2025-05-14T10:29:35","slug":"portatil-ttl-156-2","status":"publish","type":"page","link":"https:\/\/ttlcomputer.es\/new\/portatil-ttl-156-2\/","title":{"rendered":"PORT\u00c1TIL TTL 15,6\u201d"},"content":{"rendered":"\n\n\n<figure class=\"wp-block-image size-large is-resized\"><img loading=\"lazy\" decoding=\"async\" width=\"1024\" height=\"683\" src=\"https:\/\/ttlcomputer.es\/new\/wp-content\/uploads\/2023\/06\/Diseno-sin-titulo-44-1-1024x683.png\" alt=\"\" class=\"wp-image-1361\" style=\"width:1017px;height:678px\" srcset=\"https:\/\/ttlcomputer.es\/new\/wp-content\/uploads\/2023\/06\/Diseno-sin-titulo-44-1-1024x683.png 1024w, https:\/\/ttlcomputer.es\/new\/wp-content\/uploads\/2023\/06\/Diseno-sin-titulo-44-1-300x200.png 300w, https:\/\/ttlcomputer.es\/new\/wp-content\/uploads\/2023\/06\/Diseno-sin-titulo-44-1-768x512.png 768w, https:\/\/ttlcomputer.es\/new\/wp-content\/uploads\/2023\/06\/Diseno-sin-titulo-44-1-1536x1024.png 1536w, https:\/\/ttlcomputer.es\/new\/wp-content\/uploads\/2023\/06\/Diseno-sin-titulo-44-1-2048x1365.png 2048w, https:\/\/ttlcomputer.es\/new\/wp-content\/uploads\/2023\/06\/Diseno-sin-titulo-44-1-1620x1080.png 1620w, https:\/\/ttlcomputer.es\/new\/wp-content\/uploads\/2023\/06\/Diseno-sin-titulo-44-1-2000x1333.png 2000w\" sizes=\"(max-width: 1024px) 100vw, 1024px\" \/><\/figure>\n\n\n\n\n\n<h2 class=\"wp-block-heading\">Caracter\u00edsticas T\u00e9cnicas:<\/h2>\n\n\n\n<div class=\"wp-block-columns is-layout-flex wp-container-core-columns-is-layout-28f84493 wp-block-columns-is-layout-flex\">\n<div class=\"wp-block-column is-layout-flow wp-block-column-is-layout-flow\" style=\"flex-basis:100%\">\n<figure class=\"wp-block-table\"><table><tbody><tr><td><strong>Procesador<\/strong><\/td><td>Intel\u00ae Core\u2122 i7-1335U<\/td><\/tr><tr><td><strong><strong>Memoria<\/strong><\/strong><\/td><td>16 GB RAM<\/td><\/tr><tr><td><strong>Disco duro<\/strong><\/td><td>512 GB Disco SSD M2<\/td><\/tr><tr><td><strong>Pantalla<\/strong><\/td><td>15.6\u201d FHD<\/td><\/tr><tr><td><strong>Tarjeta gr\u00e1fica<\/strong><\/td><td>Intel\u00ae Iris\u00ae Xe Graphics Intel<\/td><\/tr><tr><td><strong>Redes<\/strong><\/td><td>Wifi 6 AX201<\/td><\/tr><tr><td><strong><strong>BIOS<\/strong><\/strong><\/td><td>Desarrollada por Teknoservice para productos TTL\u00ae, configuraci\u00f3n a medida.<\/td><\/tr><tr><td><strong>Pantalla<\/strong><\/td><td>15.6\u201d (39.62cm) FHD (1920&#215;1080)<\/td><\/tr><tr><td><strong>Memoria<\/strong><\/td><td>16 GB RAM<\/td><\/tr><tr><td><strong>Controlador de v\u00eddeo<\/strong><\/td><td>Intel\u00ae Iris\u00ae Xe Graphics<\/td><\/tr><tr><td><strong>Almacenamiento<\/strong><\/td><td>512 GB DISCO SSD M2<\/td><\/tr><tr><td><strong>Puertos I\/O<\/strong><\/td><td>2 x USB 3.2 GEN 1<br>USB-C 3.2 GEN 1<br>HDMI<br>Toma auriculares\/micr\u00f3fono<\/td><\/tr><tr><td><strong>Sistema Operativo <\/strong><\/td><td>Windows 11 PRO<\/td><\/tr><\/tbody><\/table><figcaption class=\"wp-element-caption\">* Las caracter\u00edsticas de dise\u00f1o del producto pueden variar debido a la configuraci\u00f3n y \/ o implementaciones interesados a petici\u00f3n.<\/figcaption><\/figure>\n<\/div>\n<\/div>\n\n\n\n<p>Descargar Drivers y Ficha T\u00e9cnica<\/p>\n\n\n\n<div class=\"wp-block-buttons is-layout-flex wp-block-buttons-is-layout-flex\">\n<div class=\"wp-block-button\"><a class=\"wp-block-button__link has-kubio-color-4-background-color has-background wp-element-button\" href=\"https:\/\/www.myqnapcloud.com\/share\/75526h72o61n827r2wty3a03_2fg3eg448jk4294s0r55u82baad84e57#\/home\" target=\"_blank\" rel=\"noreferrer noopener\">Drivers<\/a><\/div>\n<\/div>\n\n\n\n<p class=\"has-x-small-font-size\">*Una vez realizado el suministro se habilitar\u00e1 enlace para descargar los drivers\u00a0<\/p>\n","protected":false},"excerpt":{"rendered":"<p>Caracter\u00edsticas T\u00e9cnicas: Procesador Intel\u00ae Core\u2122 i7-1335U Memoria 16 GB RAM Disco duro 512 GB Disco SSD M2 Pantalla 15.6\u201d FHD Tarjeta gr\u00e1fica Intel\u00ae Iris\u00ae Xe Graphics Intel Redes Wifi 6 AX201 BIOS Desarrollada por Teknoservice para productos TTL\u00ae, configuraci\u00f3n a medida. Pantalla 15.6\u201d (39.62cm) FHD (1920&#215;1080) Memoria 16 GB RAM Controlador de v\u00eddeo Intel\u00ae Iris\u00ae &hellip; <\/p>\n<p class=\"link-more\"><a href=\"https:\/\/ttlcomputer.es\/new\/portatil-ttl-156-2\/\" class=\"more-link\">Leer m\u00e1s<span class=\"screen-reader-text\"> \u00abPORT\u00c1TIL TTL 15,6\u201d\u00bb<\/span><\/a><\/p>\n","protected":false},"author":1,"featured_media":0,"parent":0,"menu_order":0,"comment_status":"closed","ping_status":"closed","template":"","meta":{"saved_in_kubio":true,"inspiro_hide_title":false,"footnotes":""},"class_list":["post-2671","page","type-page","status-publish","hentry"],"kubio_ai_page_context":{"short_desc":"","purpose":"general"},"yoast_head":"<!-- This site is optimized with the Yoast SEO plugin v23.8 - https:\/\/yoast.com\/wordpress\/plugins\/seo\/ -->\n<title>PORT\u00c1TIL TTL 15,6\u201d - TTL Computer<\/title>\n<meta name=\"robots\" content=\"noindex, follow, max-snippet:-1, max-image-preview:large, max-video-preview:-1\" \/>\n<meta property=\"og:locale\" content=\"es_ES\" \/>\n<meta property=\"og:type\" content=\"article\" \/>\n<meta property=\"og:title\" content=\"PORT\u00c1TIL TTL 15,6\u201d - TTL Computer\" \/>\n<meta property=\"og:description\" content=\"Caracter\u00edsticas T\u00e9cnicas: Procesador Intel\u00ae Core\u2122 i7-1335U Memoria 16 GB RAM Disco duro 512 GB Disco SSD M2 Pantalla 15.6\u201d FHD Tarjeta gr\u00e1fica Intel\u00ae Iris\u00ae Xe Graphics Intel Redes Wifi 6 AX201 BIOS Desarrollada por Teknoservice para productos TTL\u00ae, configuraci\u00f3n a medida. Pantalla 15.6\u201d (39.62cm) FHD (1920&#215;1080) Memoria 16 GB RAM Controlador de v\u00eddeo Intel\u00ae Iris\u00ae &hellip; Leer m\u00e1s \u00abPORT\u00c1TIL TTL 15,6\u201d\u00bb\" \/>\n<meta property=\"og:url\" content=\"https:\/\/ttlcomputer.es\/new\/portatil-ttl-156-2\/\" \/>\n<meta property=\"og:site_name\" content=\"TTL Computer\" \/>\n<meta property=\"article:modified_time\" content=\"2025-05-14T10:29:35+00:00\" \/>\n<meta property=\"og:image\" content=\"https:\/\/ttlcomputer.es\/new\/wp-content\/uploads\/2023\/06\/Diseno-sin-titulo-44-1.png\" \/>\n\t<meta property=\"og:image:width\" content=\"2472\" \/>\n\t<meta property=\"og:image:height\" content=\"1648\" \/>\n\t<meta property=\"og:image:type\" content=\"image\/png\" \/>\n<meta name=\"twitter:card\" content=\"summary_large_image\" \/>\n<meta name=\"twitter:label1\" content=\"Tiempo de lectura\" \/>\n\t<meta name=\"twitter:data1\" content=\"2 minutos\" \/>\n<script type=\"application\/ld+json\" class=\"yoast-schema-graph\">{\"@context\":\"https:\/\/schema.org\",\"@graph\":[{\"@type\":\"WebPage\",\"@id\":\"https:\/\/ttlcomputer.es\/new\/portatil-ttl-156-2\/\",\"url\":\"https:\/\/ttlcomputer.es\/new\/portatil-ttl-156-2\/\",\"name\":\"PORT\u00c1TIL TTL 15,6\u201d - TTL Computer\",\"isPartOf\":{\"@id\":\"https:\/\/ttlcomputer.es\/new\/#website\"},\"primaryImageOfPage\":{\"@id\":\"https:\/\/ttlcomputer.es\/new\/portatil-ttl-156-2\/#primaryimage\"},\"image\":{\"@id\":\"https:\/\/ttlcomputer.es\/new\/portatil-ttl-156-2\/#primaryimage\"},\"thumbnailUrl\":\"https:\/\/ttlcomputer.es\/new\/wp-content\/uploads\/2023\/06\/Diseno-sin-titulo-44-1-1024x683.png\",\"datePublished\":\"2025-05-14T09:53:49+00:00\",\"dateModified\":\"2025-05-14T10:29:35+00:00\",\"breadcrumb\":{\"@id\":\"https:\/\/ttlcomputer.es\/new\/portatil-ttl-156-2\/#breadcrumb\"},\"inLanguage\":\"es\",\"potentialAction\":[{\"@type\":\"ReadAction\",\"target\":[\"https:\/\/ttlcomputer.es\/new\/portatil-ttl-156-2\/\"]}]},{\"@type\":\"ImageObject\",\"inLanguage\":\"es\",\"@id\":\"https:\/\/ttlcomputer.es\/new\/portatil-ttl-156-2\/#primaryimage\",\"url\":\"https:\/\/ttlcomputer.es\/new\/wp-content\/uploads\/2023\/06\/Diseno-sin-titulo-44-1.png\",\"contentUrl\":\"https:\/\/ttlcomputer.es\/new\/wp-content\/uploads\/2023\/06\/Diseno-sin-titulo-44-1.png\",\"width\":2472,\"height\":1648},{\"@type\":\"BreadcrumbList\",\"@id\":\"https:\/\/ttlcomputer.es\/new\/portatil-ttl-156-2\/#breadcrumb\",\"itemListElement\":[{\"@type\":\"ListItem\",\"position\":1,\"name\":\"Portada\",\"item\":\"https:\/\/ttlcomputer.es\/new\/\"},{\"@type\":\"ListItem\",\"position\":2,\"name\":\"PORT\u00c1TIL TTL 15,6\u201d\"}]},{\"@type\":\"WebSite\",\"@id\":\"https:\/\/ttlcomputer.es\/new\/#website\",\"url\":\"https:\/\/ttlcomputer.es\/new\/\",\"name\":\"TTL Computer\",\"description\":\"\",\"publisher\":{\"@id\":\"https:\/\/ttlcomputer.es\/new\/#organization\"},\"potentialAction\":[{\"@type\":\"SearchAction\",\"target\":{\"@type\":\"EntryPoint\",\"urlTemplate\":\"https:\/\/ttlcomputer.es\/new\/?s={search_term_string}\"},\"query-input\":{\"@type\":\"PropertyValueSpecification\",\"valueRequired\":true,\"valueName\":\"search_term_string\"}}],\"inLanguage\":\"es\"},{\"@type\":\"Organization\",\"@id\":\"https:\/\/ttlcomputer.es\/new\/#organization\",\"name\":\"TTL Computer\",\"url\":\"https:\/\/ttlcomputer.es\/new\/\",\"logo\":{\"@type\":\"ImageObject\",\"inLanguage\":\"es\",\"@id\":\"https:\/\/ttlcomputer.es\/new\/#\/schema\/logo\/image\/\",\"url\":\"https:\/\/ttlcomputer.es\/new\/wp-content\/uploads\/2023\/06\/TTL-Negro.png\",\"contentUrl\":\"https:\/\/ttlcomputer.es\/new\/wp-content\/uploads\/2023\/06\/TTL-Negro.png\",\"width\":2810,\"height\":2194,\"caption\":\"TTL Computer \"},\"image\":{\"@id\":\"https:\/\/ttlcomputer.es\/new\/#\/schema\/logo\/image\/\"}}]}<\/script>\n<!-- \/ Yoast SEO plugin. -->","yoast_head_json":{"title":"PORT\u00c1TIL TTL 15,6\u201d - TTL Computer","robots":{"index":"noindex","follow":"follow","max-snippet":"max-snippet:-1","max-image-preview":"max-image-preview:large","max-video-preview":"max-video-preview:-1"},"og_locale":"es_ES","og_type":"article","og_title":"PORT\u00c1TIL TTL 15,6\u201d - TTL Computer","og_description":"Caracter\u00edsticas T\u00e9cnicas: Procesador Intel\u00ae Core\u2122 i7-1335U Memoria 16 GB RAM Disco duro 512 GB Disco SSD M2 Pantalla 15.6\u201d FHD Tarjeta gr\u00e1fica Intel\u00ae Iris\u00ae Xe Graphics Intel Redes Wifi 6 AX201 BIOS Desarrollada por Teknoservice para productos TTL\u00ae, configuraci\u00f3n a medida. Pantalla 15.6\u201d (39.62cm) FHD (1920&#215;1080) Memoria 16 GB RAM Controlador de v\u00eddeo Intel\u00ae Iris\u00ae &hellip; Leer m\u00e1s \u00abPORT\u00c1TIL TTL 15,6\u201d\u00bb","og_url":"https:\/\/ttlcomputer.es\/new\/portatil-ttl-156-2\/","og_site_name":"TTL Computer","article_modified_time":"2025-05-14T10:29:35+00:00","og_image":[{"width":2472,"height":1648,"url":"https:\/\/ttlcomputer.es\/new\/wp-content\/uploads\/2023\/06\/Diseno-sin-titulo-44-1.png","type":"image\/png"}],"twitter_card":"summary_large_image","twitter_misc":{"Tiempo de lectura":"2 minutos"},"schema":{"@context":"https:\/\/schema.org","@graph":[{"@type":"WebPage","@id":"https:\/\/ttlcomputer.es\/new\/portatil-ttl-156-2\/","url":"https:\/\/ttlcomputer.es\/new\/portatil-ttl-156-2\/","name":"PORT\u00c1TIL TTL 15,6\u201d - TTL Computer","isPartOf":{"@id":"https:\/\/ttlcomputer.es\/new\/#website"},"primaryImageOfPage":{"@id":"https:\/\/ttlcomputer.es\/new\/portatil-ttl-156-2\/#primaryimage"},"image":{"@id":"https:\/\/ttlcomputer.es\/new\/portatil-ttl-156-2\/#primaryimage"},"thumbnailUrl":"https:\/\/ttlcomputer.es\/new\/wp-content\/uploads\/2023\/06\/Diseno-sin-titulo-44-1-1024x683.png","datePublished":"2025-05-14T09:53:49+00:00","dateModified":"2025-05-14T10:29:35+00:00","breadcrumb":{"@id":"https:\/\/ttlcomputer.es\/new\/portatil-ttl-156-2\/#breadcrumb"},"inLanguage":"es","potentialAction":[{"@type":"ReadAction","target":["https:\/\/ttlcomputer.es\/new\/portatil-ttl-156-2\/"]}]},{"@type":"ImageObject","inLanguage":"es","@id":"https:\/\/ttlcomputer.es\/new\/portatil-ttl-156-2\/#primaryimage","url":"https:\/\/ttlcomputer.es\/new\/wp-content\/uploads\/2023\/06\/Diseno-sin-titulo-44-1.png","contentUrl":"https:\/\/ttlcomputer.es\/new\/wp-content\/uploads\/2023\/06\/Diseno-sin-titulo-44-1.png","width":2472,"height":1648},{"@type":"BreadcrumbList","@id":"https:\/\/ttlcomputer.es\/new\/portatil-ttl-156-2\/#breadcrumb","itemListElement":[{"@type":"ListItem","position":1,"name":"Portada","item":"https:\/\/ttlcomputer.es\/new\/"},{"@type":"ListItem","position":2,"name":"PORT\u00c1TIL TTL 15,6\u201d"}]},{"@type":"WebSite","@id":"https:\/\/ttlcomputer.es\/new\/#website","url":"https:\/\/ttlcomputer.es\/new\/","name":"TTL Computer","description":"","publisher":{"@id":"https:\/\/ttlcomputer.es\/new\/#organization"},"potentialAction":[{"@type":"SearchAction","target":{"@type":"EntryPoint","urlTemplate":"https:\/\/ttlcomputer.es\/new\/?s={search_term_string}"},"query-input":{"@type":"PropertyValueSpecification","valueRequired":true,"valueName":"search_term_string"}}],"inLanguage":"es"},{"@type":"Organization","@id":"https:\/\/ttlcomputer.es\/new\/#organization","name":"TTL Computer","url":"https:\/\/ttlcomputer.es\/new\/","logo":{"@type":"ImageObject","inLanguage":"es","@id":"https:\/\/ttlcomputer.es\/new\/#\/schema\/logo\/image\/","url":"https:\/\/ttlcomputer.es\/new\/wp-content\/uploads\/2023\/06\/TTL-Negro.png","contentUrl":"https:\/\/ttlcomputer.es\/new\/wp-content\/uploads\/2023\/06\/TTL-Negro.png","width":2810,"height":2194,"caption":"TTL Computer "},"image":{"@id":"https:\/\/ttlcomputer.es\/new\/#\/schema\/logo\/image\/"}}]}},"_links":{"self":[{"href":"https:\/\/ttlcomputer.es\/new\/wp-json\/wp\/v2\/pages\/2671","targetHints":{"allow":["GET"]}}],"collection":[{"href":"https:\/\/ttlcomputer.es\/new\/wp-json\/wp\/v2\/pages"}],"about":[{"href":"https:\/\/ttlcomputer.es\/new\/wp-json\/wp\/v2\/types\/page"}],"author":[{"embeddable":true,"href":"https:\/\/ttlcomputer.es\/new\/wp-json\/wp\/v2\/users\/1"}],"replies":[{"embeddable":true,"href":"https:\/\/ttlcomputer.es\/new\/wp-json\/wp\/v2\/comments?post=2671"}],"version-history":[{"count":4,"href":"https:\/\/ttlcomputer.es\/new\/wp-json\/wp\/v2\/pages\/2671\/revisions"}],"predecessor-version":[{"id":2679,"href":"https:\/\/ttlcomputer.es\/new\/wp-json\/wp\/v2\/pages\/2671\/revisions\/2679"}],"wp:attachment":[{"href":"https:\/\/ttlcomputer.es\/new\/wp-json\/wp\/v2\/media?parent=2671"}],"curies":[{"name":"wp","href":"https:\/\/api.w.org\/{rel}","templated":true}]}}