{"id":2661,"date":"2025-05-14T09:28:11","date_gmt":"2025-05-14T09:28:11","guid":{"rendered":"https:\/\/ttlcomputer.es\/new\/?page_id=2661"},"modified":"2025-05-14T09:43:36","modified_gmt":"2025-05-14T09:43:36","slug":"ttl-teknoslim-b760-professional","status":"publish","type":"page","link":"https:\/\/ttlcomputer.es\/new\/ttl-teknoslim-b760-professional\/","title":{"rendered":"TTL TEKNOSLIM B760 PROFESSIONAL"},"content":{"rendered":"\n\n\n<figure class=\"wp-block-image size-full\"><img loading=\"lazy\" decoding=\"async\" width=\"1024\" height=\"633\" src=\"https:\/\/ttlcomputer.es\/new\/wp-content\/uploads\/2023\/06\/Portatil-14-1-1024x633-1.png\" alt=\"\" class=\"wp-image-900\" srcset=\"https:\/\/ttlcomputer.es\/new\/wp-content\/uploads\/2023\/06\/Portatil-14-1-1024x633-1.png 1024w, https:\/\/ttlcomputer.es\/new\/wp-content\/uploads\/2023\/06\/Portatil-14-1-1024x633-1-300x185.png 300w, https:\/\/ttlcomputer.es\/new\/wp-content\/uploads\/2023\/06\/Portatil-14-1-1024x633-1-768x475.png 768w\" sizes=\"(max-width: 1024px) 100vw, 1024px\" \/><\/figure>\n\n\n\n\n\n<h2 class=\"wp-block-heading\">Caracter\u00edsticas T\u00e9cnicas:<\/h2>\n\n\n\n<figure class=\"wp-block-table\"><table><tbody><tr><td><strong>Chasis<\/strong><\/td><td>TOOL LESS. Sobremesa convertible. Ventilaci\u00f3n optimizada silenciosa<\/td><\/tr><tr><td><strong>Procesador<\/strong><\/td><td>lntel\u00ae Core\u2122 i7-13700 LGA1700 l3GEN<\/td><\/tr><tr><td><strong>Memoria<\/strong><\/td><td>16GB DDR4 3200MHz<\/td><\/tr><tr><td><strong>Disco Duro <\/strong><\/td><td>SSD 512GB M2 NVME<\/td><\/tr><tr><td><strong>Tarjeta Integrada<\/strong><\/td><td>lntel\u00ae UHD Graphics 770 CON 3 SALIDAS<\/td><\/tr><tr><td><strong>Fuente de Alimentaci\u00f3n <\/strong><\/td><td>80 PLUS PLATINUM. FTE ALIMENTACION 300W TFX<\/td><\/tr><tr><td><strong>Puertos I\/O<\/strong><\/td><td><strong>Puertos delanteros:<br><\/strong>3 x USB 3,2 Gen 2,<br>1 x USB-C 3,2 Gen 2,<br>1 x auriculares\/micr\u00f3fono (compatible auriculares OMTP y CTIA) <br><br><strong>Puertos Traseros:<br><\/strong>1 \u00a0x entrada\/salida de audio, <br>1 x DisplayPort 1.4a<br>2 x HDMI<br>2 x USB 2.0<br>3 x USB 3,2 Gen l<br>1X LAN ( Gigabit Ethernet)<\/td><\/tr><tr><td><strong>BIOS<\/strong><\/td><td>Desarrollada por Teknoservice para productos TTL\u00ae, configuraci\u00f3n a medida.<\/td><\/tr><tr><td><strong>Gama<\/strong><\/td><td>Professional<\/td><\/tr><tr><td><strong>Perif\u00e9ricos <\/strong><\/td><td>Teclado y rat\u00f3n TTL <\/td><\/tr><tr><td><strong>Sistema Operativo<\/strong><\/td><td>Windows 11 Pro (64 Bits)<\/td><\/tr><tr><td><strong>Masterizaci\u00f3n<\/strong> (Opcional)<\/td><td>Clonaci\u00f3n de im\u00e1genes de disco personalizadas.<\/td><\/tr><tr><td><strong>Garant\u00eda <\/strong><\/td><td>36 Meses <\/td><\/tr><tr><td><strong>Certificaciones<\/strong><\/td><td>Energy Star, Epeat Gold, Eficiencia energ\u00e9tica, 80-PLUS PLATINUM\u00a0<\/td><\/tr><\/tbody><\/table><figcaption class=\"wp-element-caption\">Las caracter\u00edsticas de dise\u00f1o del producto pueden variar debido a la configuraci\u00f3n y \/ o implementaciones interesados a petici\u00f3n.<\/figcaption><\/figure>\n\n\n\n<p>Aqu\u00ed puedes descargar los Drivers: <\/p>\n\n\n\n<div class=\"wp-block-buttons is-layout-flex wp-block-buttons-is-layout-flex\">\n<div class=\"wp-block-button\"><a class=\"wp-block-button__link has-kubio-color-4-background-color has-background wp-element-button\">Drivers<\/a><\/div>\n<\/div>\n\n\n\n<ul class=\"wp-block-list\">\n<li>Una vez realizado el suministro se habilitar\u00e1 enlace para descargar los drivers\u00a0<\/li>\n<\/ul>\n","protected":false},"excerpt":{"rendered":"<p>Caracter\u00edsticas T\u00e9cnicas: Chasis TOOL LESS. Sobremesa convertible. Ventilaci\u00f3n optimizada silenciosa Procesador lntel\u00ae Core\u2122 i7-13700 LGA1700 l3GEN Memoria 16GB DDR4 3200MHz Disco Duro SSD 512GB M2 NVME Tarjeta Integrada lntel\u00ae UHD Graphics 770 CON 3 SALIDAS Fuente de Alimentaci\u00f3n 80 PLUS PLATINUM. FTE ALIMENTACION 300W TFX Puertos I\/O Puertos delanteros:3 x USB 3,2 Gen 2,1 x &hellip; <\/p>\n<p class=\"link-more\"><a href=\"https:\/\/ttlcomputer.es\/new\/ttl-teknoslim-b760-professional\/\" class=\"more-link\">Leer m\u00e1s<span class=\"screen-reader-text\"> \u00abTTL TEKNOSLIM B760 PROFESSIONAL\u00bb<\/span><\/a><\/p>\n","protected":false},"author":1,"featured_media":0,"parent":0,"menu_order":0,"comment_status":"closed","ping_status":"closed","template":"","meta":{"saved_in_kubio":true,"inspiro_hide_title":false,"footnotes":""},"class_list":["post-2661","page","type-page","status-publish","hentry"],"kubio_ai_page_context":{"short_desc":"","purpose":"general"},"yoast_head":"<!-- This site is optimized with the Yoast SEO plugin v23.8 - https:\/\/yoast.com\/wordpress\/plugins\/seo\/ -->\n<title>TTL TEKNOSLIM B760 PROFESSIONAL - TTL Computer<\/title>\n<meta name=\"robots\" content=\"noindex, follow, max-snippet:-1, max-image-preview:large, max-video-preview:-1\" \/>\n<meta property=\"og:locale\" content=\"es_ES\" \/>\n<meta property=\"og:type\" content=\"article\" \/>\n<meta property=\"og:title\" content=\"TTL TEKNOSLIM B760 PROFESSIONAL - TTL Computer\" \/>\n<meta property=\"og:description\" content=\"Caracter\u00edsticas T\u00e9cnicas: Chasis TOOL LESS. Sobremesa convertible. Ventilaci\u00f3n optimizada silenciosa Procesador lntel\u00ae Core\u2122 i7-13700 LGA1700 l3GEN Memoria 16GB DDR4 3200MHz Disco Duro SSD 512GB M2 NVME Tarjeta Integrada lntel\u00ae UHD Graphics 770 CON 3 SALIDAS Fuente de Alimentaci\u00f3n 80 PLUS PLATINUM. FTE ALIMENTACION 300W TFX Puertos I\/O Puertos delanteros:3 x USB 3,2 Gen 2,1 x &hellip; Leer m\u00e1s \u00abTTL TEKNOSLIM B760 PROFESSIONAL\u00bb\" \/>\n<meta property=\"og:url\" content=\"https:\/\/ttlcomputer.es\/new\/ttl-teknoslim-b760-professional\/\" \/>\n<meta property=\"og:site_name\" content=\"TTL Computer\" \/>\n<meta property=\"article:modified_time\" content=\"2025-05-14T09:43:36+00:00\" \/>\n<meta property=\"og:image\" content=\"https:\/\/ttlcomputer.es\/new\/wp-content\/uploads\/2023\/06\/Portatil-14-1-1024x633-1.png\" \/>\n\t<meta property=\"og:image:width\" content=\"1024\" \/>\n\t<meta property=\"og:image:height\" content=\"633\" \/>\n\t<meta property=\"og:image:type\" content=\"image\/png\" \/>\n<meta name=\"twitter:card\" content=\"summary_large_image\" \/>\n<meta name=\"twitter:label1\" content=\"Tiempo de lectura\" \/>\n\t<meta name=\"twitter:data1\" content=\"2 minutos\" \/>\n<script type=\"application\/ld+json\" class=\"yoast-schema-graph\">{\"@context\":\"https:\/\/schema.org\",\"@graph\":[{\"@type\":\"WebPage\",\"@id\":\"https:\/\/ttlcomputer.es\/new\/ttl-teknoslim-b760-professional\/\",\"url\":\"https:\/\/ttlcomputer.es\/new\/ttl-teknoslim-b760-professional\/\",\"name\":\"TTL TEKNOSLIM B760 PROFESSIONAL - TTL Computer\",\"isPartOf\":{\"@id\":\"https:\/\/ttlcomputer.es\/new\/#website\"},\"primaryImageOfPage\":{\"@id\":\"https:\/\/ttlcomputer.es\/new\/ttl-teknoslim-b760-professional\/#primaryimage\"},\"image\":{\"@id\":\"https:\/\/ttlcomputer.es\/new\/ttl-teknoslim-b760-professional\/#primaryimage\"},\"thumbnailUrl\":\"https:\/\/ttlcomputer.es\/new\/wp-content\/uploads\/2023\/06\/Portatil-14-1-1024x633-1.png\",\"datePublished\":\"2025-05-14T09:28:11+00:00\",\"dateModified\":\"2025-05-14T09:43:36+00:00\",\"breadcrumb\":{\"@id\":\"https:\/\/ttlcomputer.es\/new\/ttl-teknoslim-b760-professional\/#breadcrumb\"},\"inLanguage\":\"es\",\"potentialAction\":[{\"@type\":\"ReadAction\",\"target\":[\"https:\/\/ttlcomputer.es\/new\/ttl-teknoslim-b760-professional\/\"]}]},{\"@type\":\"ImageObject\",\"inLanguage\":\"es\",\"@id\":\"https:\/\/ttlcomputer.es\/new\/ttl-teknoslim-b760-professional\/#primaryimage\",\"url\":\"https:\/\/ttlcomputer.es\/new\/wp-content\/uploads\/2023\/06\/Portatil-14-1-1024x633-1.png\",\"contentUrl\":\"https:\/\/ttlcomputer.es\/new\/wp-content\/uploads\/2023\/06\/Portatil-14-1-1024x633-1.png\",\"width\":1024,\"height\":633},{\"@type\":\"BreadcrumbList\",\"@id\":\"https:\/\/ttlcomputer.es\/new\/ttl-teknoslim-b760-professional\/#breadcrumb\",\"itemListElement\":[{\"@type\":\"ListItem\",\"position\":1,\"name\":\"Portada\",\"item\":\"https:\/\/ttlcomputer.es\/new\/\"},{\"@type\":\"ListItem\",\"position\":2,\"name\":\"TTL TEKNOSLIM B760 PROFESSIONAL\"}]},{\"@type\":\"WebSite\",\"@id\":\"https:\/\/ttlcomputer.es\/new\/#website\",\"url\":\"https:\/\/ttlcomputer.es\/new\/\",\"name\":\"TTL Computer\",\"description\":\"\",\"publisher\":{\"@id\":\"https:\/\/ttlcomputer.es\/new\/#organization\"},\"potentialAction\":[{\"@type\":\"SearchAction\",\"target\":{\"@type\":\"EntryPoint\",\"urlTemplate\":\"https:\/\/ttlcomputer.es\/new\/?s={search_term_string}\"},\"query-input\":{\"@type\":\"PropertyValueSpecification\",\"valueRequired\":true,\"valueName\":\"search_term_string\"}}],\"inLanguage\":\"es\"},{\"@type\":\"Organization\",\"@id\":\"https:\/\/ttlcomputer.es\/new\/#organization\",\"name\":\"TTL Computer\",\"url\":\"https:\/\/ttlcomputer.es\/new\/\",\"logo\":{\"@type\":\"ImageObject\",\"inLanguage\":\"es\",\"@id\":\"https:\/\/ttlcomputer.es\/new\/#\/schema\/logo\/image\/\",\"url\":\"https:\/\/ttlcomputer.es\/new\/wp-content\/uploads\/2023\/06\/TTL-Negro.png\",\"contentUrl\":\"https:\/\/ttlcomputer.es\/new\/wp-content\/uploads\/2023\/06\/TTL-Negro.png\",\"width\":2810,\"height\":2194,\"caption\":\"TTL Computer \"},\"image\":{\"@id\":\"https:\/\/ttlcomputer.es\/new\/#\/schema\/logo\/image\/\"}}]}<\/script>\n<!-- \/ Yoast SEO plugin. -->","yoast_head_json":{"title":"TTL TEKNOSLIM B760 PROFESSIONAL - TTL Computer","robots":{"index":"noindex","follow":"follow","max-snippet":"max-snippet:-1","max-image-preview":"max-image-preview:large","max-video-preview":"max-video-preview:-1"},"og_locale":"es_ES","og_type":"article","og_title":"TTL TEKNOSLIM B760 PROFESSIONAL - TTL Computer","og_description":"Caracter\u00edsticas T\u00e9cnicas: Chasis TOOL LESS. Sobremesa convertible. Ventilaci\u00f3n optimizada silenciosa Procesador lntel\u00ae Core\u2122 i7-13700 LGA1700 l3GEN Memoria 16GB DDR4 3200MHz Disco Duro SSD 512GB M2 NVME Tarjeta Integrada lntel\u00ae UHD Graphics 770 CON 3 SALIDAS Fuente de Alimentaci\u00f3n 80 PLUS PLATINUM. FTE ALIMENTACION 300W TFX Puertos I\/O Puertos delanteros:3 x USB 3,2 Gen 2,1 x &hellip; Leer m\u00e1s \u00abTTL TEKNOSLIM B760 PROFESSIONAL\u00bb","og_url":"https:\/\/ttlcomputer.es\/new\/ttl-teknoslim-b760-professional\/","og_site_name":"TTL Computer","article_modified_time":"2025-05-14T09:43:36+00:00","og_image":[{"width":1024,"height":633,"url":"https:\/\/ttlcomputer.es\/new\/wp-content\/uploads\/2023\/06\/Portatil-14-1-1024x633-1.png","type":"image\/png"}],"twitter_card":"summary_large_image","twitter_misc":{"Tiempo de lectura":"2 minutos"},"schema":{"@context":"https:\/\/schema.org","@graph":[{"@type":"WebPage","@id":"https:\/\/ttlcomputer.es\/new\/ttl-teknoslim-b760-professional\/","url":"https:\/\/ttlcomputer.es\/new\/ttl-teknoslim-b760-professional\/","name":"TTL TEKNOSLIM B760 PROFESSIONAL - TTL Computer","isPartOf":{"@id":"https:\/\/ttlcomputer.es\/new\/#website"},"primaryImageOfPage":{"@id":"https:\/\/ttlcomputer.es\/new\/ttl-teknoslim-b760-professional\/#primaryimage"},"image":{"@id":"https:\/\/ttlcomputer.es\/new\/ttl-teknoslim-b760-professional\/#primaryimage"},"thumbnailUrl":"https:\/\/ttlcomputer.es\/new\/wp-content\/uploads\/2023\/06\/Portatil-14-1-1024x633-1.png","datePublished":"2025-05-14T09:28:11+00:00","dateModified":"2025-05-14T09:43:36+00:00","breadcrumb":{"@id":"https:\/\/ttlcomputer.es\/new\/ttl-teknoslim-b760-professional\/#breadcrumb"},"inLanguage":"es","potentialAction":[{"@type":"ReadAction","target":["https:\/\/ttlcomputer.es\/new\/ttl-teknoslim-b760-professional\/"]}]},{"@type":"ImageObject","inLanguage":"es","@id":"https:\/\/ttlcomputer.es\/new\/ttl-teknoslim-b760-professional\/#primaryimage","url":"https:\/\/ttlcomputer.es\/new\/wp-content\/uploads\/2023\/06\/Portatil-14-1-1024x633-1.png","contentUrl":"https:\/\/ttlcomputer.es\/new\/wp-content\/uploads\/2023\/06\/Portatil-14-1-1024x633-1.png","width":1024,"height":633},{"@type":"BreadcrumbList","@id":"https:\/\/ttlcomputer.es\/new\/ttl-teknoslim-b760-professional\/#breadcrumb","itemListElement":[{"@type":"ListItem","position":1,"name":"Portada","item":"https:\/\/ttlcomputer.es\/new\/"},{"@type":"ListItem","position":2,"name":"TTL TEKNOSLIM B760 PROFESSIONAL"}]},{"@type":"WebSite","@id":"https:\/\/ttlcomputer.es\/new\/#website","url":"https:\/\/ttlcomputer.es\/new\/","name":"TTL Computer","description":"","publisher":{"@id":"https:\/\/ttlcomputer.es\/new\/#organization"},"potentialAction":[{"@type":"SearchAction","target":{"@type":"EntryPoint","urlTemplate":"https:\/\/ttlcomputer.es\/new\/?s={search_term_string}"},"query-input":{"@type":"PropertyValueSpecification","valueRequired":true,"valueName":"search_term_string"}}],"inLanguage":"es"},{"@type":"Organization","@id":"https:\/\/ttlcomputer.es\/new\/#organization","name":"TTL Computer","url":"https:\/\/ttlcomputer.es\/new\/","logo":{"@type":"ImageObject","inLanguage":"es","@id":"https:\/\/ttlcomputer.es\/new\/#\/schema\/logo\/image\/","url":"https:\/\/ttlcomputer.es\/new\/wp-content\/uploads\/2023\/06\/TTL-Negro.png","contentUrl":"https:\/\/ttlcomputer.es\/new\/wp-content\/uploads\/2023\/06\/TTL-Negro.png","width":2810,"height":2194,"caption":"TTL Computer "},"image":{"@id":"https:\/\/ttlcomputer.es\/new\/#\/schema\/logo\/image\/"}}]}},"_links":{"self":[{"href":"https:\/\/ttlcomputer.es\/new\/wp-json\/wp\/v2\/pages\/2661","targetHints":{"allow":["GET"]}}],"collection":[{"href":"https:\/\/ttlcomputer.es\/new\/wp-json\/wp\/v2\/pages"}],"about":[{"href":"https:\/\/ttlcomputer.es\/new\/wp-json\/wp\/v2\/types\/page"}],"author":[{"embeddable":true,"href":"https:\/\/ttlcomputer.es\/new\/wp-json\/wp\/v2\/users\/1"}],"replies":[{"embeddable":true,"href":"https:\/\/ttlcomputer.es\/new\/wp-json\/wp\/v2\/comments?post=2661"}],"version-history":[{"count":7,"href":"https:\/\/ttlcomputer.es\/new\/wp-json\/wp\/v2\/pages\/2661\/revisions"}],"predecessor-version":[{"id":2670,"href":"https:\/\/ttlcomputer.es\/new\/wp-json\/wp\/v2\/pages\/2661\/revisions\/2670"}],"wp:attachment":[{"href":"https:\/\/ttlcomputer.es\/new\/wp-json\/wp\/v2\/media?parent=2661"}],"curies":[{"name":"wp","href":"https:\/\/api.w.org\/{rel}","templated":true}]}}