{"id":2580,"date":"2025-01-23T11:23:00","date_gmt":"2025-01-23T11:23:00","guid":{"rendered":"https:\/\/ttlcomputer.es\/new\/?page_id=2580"},"modified":"2025-01-23T11:26:00","modified_gmt":"2025-01-23T11:26:00","slug":"monitor-m27ihd","status":"publish","type":"page","link":"https:\/\/ttlcomputer.es\/new\/monitor-m27ihd\/","title":{"rendered":"MONITOR M27IHD"},"content":{"rendered":"\n<p><a href=\"https:\/\/ttlcomputer.es\/wp-content\/uploads\/2023\/03\/Purple-Grey-Modern-Computer-Logo-1-1.png\"><\/a><\/p>\n\n\n\n\n\n<h2 class=\"wp-block-heading\">Caracter\u00edsticas T\u00e9cnicas:<\/h2>\n\n\n\n<figure class=\"wp-block-table\"><table><tbody><tr><td><strong>FABRICANTE<\/strong><\/td><td>TEKNOSERVICE SL<\/td><\/tr><tr><td><strong><strong>MARCA<\/strong><\/strong><\/td><td>TTL<\/td><\/tr><tr><td><strong><strong>MODELO<\/strong><\/strong><\/td><td>M27IHD<\/td><\/tr><tr><td><strong><strong>RESOLUCI\u00d3N DE LA PANTALLA<\/strong><\/strong><\/td><td>1920&#215;1080 (FHD) Anti-Reflejos<\/td><\/tr><tr><td><strong><strong>TASA DE REFRESCO<\/strong><\/strong><\/td><td>100 Hz<\/td><\/tr><tr><td><strong><strong>AUDIO<\/strong><\/strong><\/td><td>1x Jack Auricular<br>Altavoces: 2x 2W<\/td><\/tr><tr><td><strong><strong>KENSINGTON LOCK<\/strong><\/strong><\/td><td>SI<\/td><\/tr><tr><td><strong><strong>BRILLO (NITS)<\/strong><\/strong><\/td><td>250 cd\/m2<\/td><\/tr><tr><td><strong><strong>COLORES<\/strong><\/strong><\/td><td>16.7 Millones<\/td><\/tr><tr><td><strong><strong>ERGONOM\u00cdA<\/strong><\/strong><\/td><td>Regulable en Altura, giro, basculante y pivotable.<\/td><\/tr><tr><td><strong><strong>ADJUSTE EN ALTURA<\/strong><\/strong><\/td><td>150 mm<\/td><\/tr><tr><td><strong><strong>MONTAJE VESA<\/strong><\/strong><\/td><td>SI 100X100<\/td><\/tr><tr><td><strong><strong>ACCESORIOS INCLUIDOS<\/strong><\/strong><\/td><td>1x Cable HDMI, 1x Cable DisplayPort, 1x Cable USB Tipo A a Tipo B, 1x alimentaci\u00f3n<\/td><\/tr><tr><td><strong><strong>TAMA\u00d1O DEL PANEL<\/strong><\/strong><\/td><td>27\u201d<\/td><\/tr><tr><td><strong><strong>TIEMPO DE RESPUESTA<\/strong><\/strong><\/td><td>5ms<\/td><\/tr><tr><td><strong><strong>PANEL<\/strong><\/strong><\/td><td>IPS<br>3 lados con dise\u00f1o de Marcos Ultrafinos<\/td><\/tr><tr><td><strong><strong>\u00c1NGULO DE VISI\u00d3N<\/strong><\/strong><\/td><td>178\u00ba\/178\u00ba<\/td><\/tr><tr><td><strong><strong>RELACI\u00d3N DE ASPECTO<\/strong><\/strong><\/td><td>16:9<\/td><\/tr><tr><td><strong><strong>RELACI\u00d3N DE CONTRASTE<\/strong><\/strong><\/td><td>1000:1<\/td><\/tr><tr><td><strong><strong>TAMA\u00d1O DE P\u00cdXEL (H X V)<\/strong><\/strong><\/td><td>0.2745<\/td><\/tr><tr><td><strong><strong>PUERTOS<\/strong><\/strong><\/td><td>1x VGA<br>1x DisplayPort<br>1x HDMI<br>4x USB Tipo A<br>1x Jack Audio<\/td><\/tr><tr><td><strong>GARANT\u00cdA<\/strong><\/td><td>3 A\u00d1OS + 2 AMPLIACI\u00d3N (OPCIONAL) <\/td><\/tr><\/tbody><\/table><\/figure>\n\n\n\n<div class=\"wp-block-buttons is-layout-flex wp-block-buttons-is-layout-flex\">\n<div class=\"wp-block-button\"><a class=\"wp-block-button__link has-white-color has-text-color has-link-color wp-element-button\" href=\"https:\/\/www.teknoservice.es\/pide-presupuesto\/\" target=\"_blank\" rel=\"noreferrer noopener\">Pedir presupuesto<\/a><\/div>\n<\/div>\n\n\n\n<p><\/p>\n","protected":false},"excerpt":{"rendered":"<p>Caracter\u00edsticas T\u00e9cnicas: FABRICANTE TEKNOSERVICE SL MARCA TTL MODELO M27IHD RESOLUCI\u00d3N DE LA PANTALLA 1920&#215;1080 (FHD) Anti-Reflejos TASA DE REFRESCO 100 Hz AUDIO 1x Jack AuricularAltavoces: 2x 2W KENSINGTON LOCK SI BRILLO (NITS) 250 cd\/m2 COLORES 16.7 Millones ERGONOM\u00cdA Regulable en Altura, giro, basculante y pivotable. ADJUSTE EN ALTURA 150 mm MONTAJE VESA SI 100X100 ACCESORIOS &hellip; <\/p>\n<p class=\"link-more\"><a href=\"https:\/\/ttlcomputer.es\/new\/monitor-m27ihd\/\" class=\"more-link\">Leer m\u00e1s<span class=\"screen-reader-text\"> \u00abMONITOR M27IHD\u00bb<\/span><\/a><\/p>\n","protected":false},"author":1,"featured_media":0,"parent":0,"menu_order":0,"comment_status":"closed","ping_status":"closed","template":"","meta":{"saved_in_kubio":true,"inspiro_hide_title":false,"footnotes":""},"class_list":["post-2580","page","type-page","status-publish","hentry"],"kubio_ai_page_context":{"short_desc":"","purpose":"general"},"yoast_head":"<!-- This site is optimized with the Yoast SEO plugin v23.8 - https:\/\/yoast.com\/wordpress\/plugins\/seo\/ -->\n<title>MONITOR M27IHD - TTL Computer<\/title>\n<meta name=\"robots\" content=\"noindex, follow, max-snippet:-1, max-image-preview:large, max-video-preview:-1\" \/>\n<meta property=\"og:locale\" content=\"es_ES\" \/>\n<meta property=\"og:type\" content=\"article\" \/>\n<meta property=\"og:title\" content=\"MONITOR M27IHD - TTL Computer\" \/>\n<meta property=\"og:description\" content=\"Caracter\u00edsticas T\u00e9cnicas: FABRICANTE TEKNOSERVICE SL MARCA TTL MODELO M27IHD RESOLUCI\u00d3N DE LA PANTALLA 1920&#215;1080 (FHD) Anti-Reflejos TASA DE REFRESCO 100 Hz AUDIO 1x Jack AuricularAltavoces: 2x 2W KENSINGTON LOCK SI BRILLO (NITS) 250 cd\/m2 COLORES 16.7 Millones ERGONOM\u00cdA Regulable en Altura, giro, basculante y pivotable. ADJUSTE EN ALTURA 150 mm MONTAJE VESA SI 100X100 ACCESORIOS &hellip; Leer m\u00e1s \u00abMONITOR M27IHD\u00bb\" \/>\n<meta property=\"og:url\" content=\"https:\/\/ttlcomputer.es\/new\/monitor-m27ihd\/\" \/>\n<meta property=\"og:site_name\" content=\"TTL Computer\" \/>\n<meta property=\"article:modified_time\" content=\"2025-01-23T11:26:00+00:00\" \/>\n<meta name=\"twitter:card\" content=\"summary_large_image\" \/>\n<meta name=\"twitter:label1\" content=\"Tiempo de lectura\" \/>\n\t<meta name=\"twitter:data1\" content=\"1 minuto\" \/>\n<script type=\"application\/ld+json\" class=\"yoast-schema-graph\">{\"@context\":\"https:\/\/schema.org\",\"@graph\":[{\"@type\":\"WebPage\",\"@id\":\"https:\/\/ttlcomputer.es\/new\/monitor-m27ihd\/\",\"url\":\"https:\/\/ttlcomputer.es\/new\/monitor-m27ihd\/\",\"name\":\"MONITOR M27IHD - TTL Computer\",\"isPartOf\":{\"@id\":\"https:\/\/ttlcomputer.es\/new\/#website\"},\"datePublished\":\"2025-01-23T11:23:00+00:00\",\"dateModified\":\"2025-01-23T11:26:00+00:00\",\"breadcrumb\":{\"@id\":\"https:\/\/ttlcomputer.es\/new\/monitor-m27ihd\/#breadcrumb\"},\"inLanguage\":\"es\",\"potentialAction\":[{\"@type\":\"ReadAction\",\"target\":[\"https:\/\/ttlcomputer.es\/new\/monitor-m27ihd\/\"]}]},{\"@type\":\"BreadcrumbList\",\"@id\":\"https:\/\/ttlcomputer.es\/new\/monitor-m27ihd\/#breadcrumb\",\"itemListElement\":[{\"@type\":\"ListItem\",\"position\":1,\"name\":\"Portada\",\"item\":\"https:\/\/ttlcomputer.es\/new\/\"},{\"@type\":\"ListItem\",\"position\":2,\"name\":\"MONITOR M27IHD\"}]},{\"@type\":\"WebSite\",\"@id\":\"https:\/\/ttlcomputer.es\/new\/#website\",\"url\":\"https:\/\/ttlcomputer.es\/new\/\",\"name\":\"TTL Computer\",\"description\":\"\",\"publisher\":{\"@id\":\"https:\/\/ttlcomputer.es\/new\/#organization\"},\"potentialAction\":[{\"@type\":\"SearchAction\",\"target\":{\"@type\":\"EntryPoint\",\"urlTemplate\":\"https:\/\/ttlcomputer.es\/new\/?s={search_term_string}\"},\"query-input\":{\"@type\":\"PropertyValueSpecification\",\"valueRequired\":true,\"valueName\":\"search_term_string\"}}],\"inLanguage\":\"es\"},{\"@type\":\"Organization\",\"@id\":\"https:\/\/ttlcomputer.es\/new\/#organization\",\"name\":\"TTL Computer\",\"url\":\"https:\/\/ttlcomputer.es\/new\/\",\"logo\":{\"@type\":\"ImageObject\",\"inLanguage\":\"es\",\"@id\":\"https:\/\/ttlcomputer.es\/new\/#\/schema\/logo\/image\/\",\"url\":\"https:\/\/ttlcomputer.es\/new\/wp-content\/uploads\/2023\/06\/TTL-Negro.png\",\"contentUrl\":\"https:\/\/ttlcomputer.es\/new\/wp-content\/uploads\/2023\/06\/TTL-Negro.png\",\"width\":2810,\"height\":2194,\"caption\":\"TTL Computer \"},\"image\":{\"@id\":\"https:\/\/ttlcomputer.es\/new\/#\/schema\/logo\/image\/\"}}]}<\/script>\n<!-- \/ Yoast SEO plugin. -->","yoast_head_json":{"title":"MONITOR M27IHD - TTL Computer","robots":{"index":"noindex","follow":"follow","max-snippet":"max-snippet:-1","max-image-preview":"max-image-preview:large","max-video-preview":"max-video-preview:-1"},"og_locale":"es_ES","og_type":"article","og_title":"MONITOR M27IHD - TTL Computer","og_description":"Caracter\u00edsticas T\u00e9cnicas: FABRICANTE TEKNOSERVICE SL MARCA TTL MODELO M27IHD RESOLUCI\u00d3N DE LA PANTALLA 1920&#215;1080 (FHD) Anti-Reflejos TASA DE REFRESCO 100 Hz AUDIO 1x Jack AuricularAltavoces: 2x 2W KENSINGTON LOCK SI BRILLO (NITS) 250 cd\/m2 COLORES 16.7 Millones ERGONOM\u00cdA Regulable en Altura, giro, basculante y pivotable. ADJUSTE EN ALTURA 150 mm MONTAJE VESA SI 100X100 ACCESORIOS &hellip; Leer m\u00e1s \u00abMONITOR M27IHD\u00bb","og_url":"https:\/\/ttlcomputer.es\/new\/monitor-m27ihd\/","og_site_name":"TTL Computer","article_modified_time":"2025-01-23T11:26:00+00:00","twitter_card":"summary_large_image","twitter_misc":{"Tiempo de lectura":"1 minuto"},"schema":{"@context":"https:\/\/schema.org","@graph":[{"@type":"WebPage","@id":"https:\/\/ttlcomputer.es\/new\/monitor-m27ihd\/","url":"https:\/\/ttlcomputer.es\/new\/monitor-m27ihd\/","name":"MONITOR M27IHD - TTL Computer","isPartOf":{"@id":"https:\/\/ttlcomputer.es\/new\/#website"},"datePublished":"2025-01-23T11:23:00+00:00","dateModified":"2025-01-23T11:26:00+00:00","breadcrumb":{"@id":"https:\/\/ttlcomputer.es\/new\/monitor-m27ihd\/#breadcrumb"},"inLanguage":"es","potentialAction":[{"@type":"ReadAction","target":["https:\/\/ttlcomputer.es\/new\/monitor-m27ihd\/"]}]},{"@type":"BreadcrumbList","@id":"https:\/\/ttlcomputer.es\/new\/monitor-m27ihd\/#breadcrumb","itemListElement":[{"@type":"ListItem","position":1,"name":"Portada","item":"https:\/\/ttlcomputer.es\/new\/"},{"@type":"ListItem","position":2,"name":"MONITOR M27IHD"}]},{"@type":"WebSite","@id":"https:\/\/ttlcomputer.es\/new\/#website","url":"https:\/\/ttlcomputer.es\/new\/","name":"TTL Computer","description":"","publisher":{"@id":"https:\/\/ttlcomputer.es\/new\/#organization"},"potentialAction":[{"@type":"SearchAction","target":{"@type":"EntryPoint","urlTemplate":"https:\/\/ttlcomputer.es\/new\/?s={search_term_string}"},"query-input":{"@type":"PropertyValueSpecification","valueRequired":true,"valueName":"search_term_string"}}],"inLanguage":"es"},{"@type":"Organization","@id":"https:\/\/ttlcomputer.es\/new\/#organization","name":"TTL Computer","url":"https:\/\/ttlcomputer.es\/new\/","logo":{"@type":"ImageObject","inLanguage":"es","@id":"https:\/\/ttlcomputer.es\/new\/#\/schema\/logo\/image\/","url":"https:\/\/ttlcomputer.es\/new\/wp-content\/uploads\/2023\/06\/TTL-Negro.png","contentUrl":"https:\/\/ttlcomputer.es\/new\/wp-content\/uploads\/2023\/06\/TTL-Negro.png","width":2810,"height":2194,"caption":"TTL Computer "},"image":{"@id":"https:\/\/ttlcomputer.es\/new\/#\/schema\/logo\/image\/"}}]}},"_links":{"self":[{"href":"https:\/\/ttlcomputer.es\/new\/wp-json\/wp\/v2\/pages\/2580","targetHints":{"allow":["GET"]}}],"collection":[{"href":"https:\/\/ttlcomputer.es\/new\/wp-json\/wp\/v2\/pages"}],"about":[{"href":"https:\/\/ttlcomputer.es\/new\/wp-json\/wp\/v2\/types\/page"}],"author":[{"embeddable":true,"href":"https:\/\/ttlcomputer.es\/new\/wp-json\/wp\/v2\/users\/1"}],"replies":[{"embeddable":true,"href":"https:\/\/ttlcomputer.es\/new\/wp-json\/wp\/v2\/comments?post=2580"}],"version-history":[{"count":3,"href":"https:\/\/ttlcomputer.es\/new\/wp-json\/wp\/v2\/pages\/2580\/revisions"}],"predecessor-version":[{"id":2586,"href":"https:\/\/ttlcomputer.es\/new\/wp-json\/wp\/v2\/pages\/2580\/revisions\/2586"}],"wp:attachment":[{"href":"https:\/\/ttlcomputer.es\/new\/wp-json\/wp\/v2\/media?parent=2580"}],"curies":[{"name":"wp","href":"https:\/\/api.w.org\/{rel}","templated":true}]}}