{"id":2383,"date":"2024-08-29T09:36:59","date_gmt":"2024-08-29T09:36:59","guid":{"rendered":"https:\/\/ttlcomputer.es\/new\/?page_id=2383"},"modified":"2024-08-29T12:00:41","modified_gmt":"2024-08-29T12:00:41","slug":"ttl-teknopro-q670i7","status":"publish","type":"page","link":"https:\/\/ttlcomputer.es\/new\/ttl-teknopro-q670i7\/","title":{"rendered":"TTL TEKNOPRO &#8211; Q670i7"},"content":{"rendered":"\n\n\n<h2 class=\"wp-block-heading\">Caracter\u00edsticas T\u00e9cnicas:<\/h2>\n\n\n\n<figure class=\"wp-block-table\"><table><tbody><tr><td><strong>P\/N<\/strong><\/td><td>TTLCPUQ670I7<\/td><\/tr><tr><td><strong><strong>Chasis<\/strong><\/strong><\/td><td>Formato TORRE<\/td><\/tr><tr><td><strong><strong>Fuente Alimentaci\u00f3n<\/strong><\/strong><\/td><td>ATX 1000W 80 PLUS PLATINUM MODULAR<\/td><\/tr><tr><td><strong><strong>Procesador<\/strong><\/strong><\/td><td>INTEL\u00ae CORE\u2122 i7-14700K<\/td><\/tr><tr><td><strong><strong><strong>Memoria<\/strong><\/strong><\/strong><\/td><td>64GB DDR5 4800Mhz (2x32GB)<\/td><\/tr><tr><td><strong><strong>Disco duro<\/strong><\/strong><\/td><td>SSD M.2 2TB NVMe<\/td><\/tr><tr><td><strong><strong>Perif\u00e9ricos<\/strong><\/strong><\/td><td>Teclado USB y rat\u00f3n \u00f3ptico USB TTL<\/td><\/tr><tr><td><strong><strong>Lector tarjetas<\/strong><\/strong><\/td><td>SmartCard DNIe, Compact Flash, Memory Stick, SDXC, SDHC, SD, MMC, M2, microSD<\/td><\/tr><tr><td><strong><strong>Gama<\/strong><\/strong><\/td><td>Professional<\/td><\/tr><tr><td><strong><strong>Certificaciones<\/strong><\/strong><\/td><td>CE, ROHS, EPEAT GOLD<\/td><\/tr><tr><td><strong><strong>Garant\u00eda<\/strong><\/strong><\/td><td>3 a\u00f1os de garant\u00eda + (ampliaci\u00f3n 2 a\u00f1os)<\/td><\/tr><tr><td><strong><strong>Dimensiones<\/strong><\/strong><\/td><td>368 x 173 x 365 mm ; 23,24 Litros<\/td><\/tr><tr><td><strong><strong>Peso<\/strong><\/strong><\/td><td>8,76 kg<\/td><\/tr><\/tbody><\/table><figcaption class=\"wp-element-caption\"><br>Posibles Ampliaciones<br><strong>Ampliaci\u00f3n de Memoria RAM<\/strong> &#8211; Ampliable hasta 128 GB<br><strong>Ampliaci\u00f3n de Almacenamiento SSD<\/strong> &#8211; Ampliable hasta 8192 GB<br><strong>Inclusi\u00f3n Unidad \u00d3ptica<\/strong> &#8211; Inclusi\u00f3n de lector de unidades \u00f3pticas (DVD: 16X ; CD: 48x)<br><strong>Ampliaci\u00f3n Garant\u00eda 2 a\u00f1os<\/strong> &#8211; Ampliaci\u00f3n de la garant\u00eda en dos a\u00f1os y 5 a\u00f1os despu\u00e9s de fecha de fin de producci\u00f3n..<br><strong>Opcional<\/strong> &#8211; Teclado con lector de tarjetas chip compatible con DNI electr\u00f3nico integrado<\/figcaption><\/figure>\n\n\n\n\n\n<div class=\"wp-block-buttons is-layout-flex wp-block-buttons-is-layout-flex\">\n<div class=\"wp-block-button\"><a class=\"wp-block-button__link has-white-color has-text-color has-link-color wp-element-button\" href=\"https:\/\/www.epeat.net\/product-details\/d76118ec81604792a899e7a6f32db5fe?backUrl=%2Fcomputers-and-displays-search-result%2Fpage-1%2Fsize-25%3FcountryId%3D117%26productTypeId%3D185437%26productTypeId%3D185441\" target=\"_blank\" rel=\"noreferrer noopener\">EPEAT GOLD<\/a><\/div>\n\n\n\n<div class=\"wp-block-button\"><a class=\"wp-block-button__link has-white-color has-text-color has-link-color wp-element-button\" href=\"https:\/\/www.teknoservice.es\/pide-presupuesto\/\" target=\"_blank\" rel=\"noreferrer noopener\">Pedir presupuesto<\/a><\/div>\n\n\n\n<div class=\"wp-block-button\"><a class=\"wp-block-button__link has-white-color has-text-color has-link-color wp-element-button\" href=\"https:\/\/ttlcomputer.es\/new\/wp-content\/uploads\/2024\/08\/TEKNOPRO_Q670i7_.pdf\" target=\"_blank\" rel=\"noreferrer noopener\">Descargar ficha t\u00e9cnica<\/a><\/div>\n\n\n\n<div class=\"wp-block-button\"><a class=\"wp-block-button__link has-white-color has-text-color has-link-color wp-element-button\" href=\"https:\/\/activacionteknoservice-my.sharepoint.com\/:f:\/g\/personal\/info_teknoservice_es\/EgS-bqNPW7RNlZ_LwdNFoccBa1H2sSfd8_L4HDyOQfThLw?e=Acwxym\" target=\"_blank\" rel=\"noreferrer noopener\">Drivers<\/a><\/div>\n\n\n\n<div class=\"wp-block-button\"><a class=\"wp-block-button__link has-white-color has-text-color has-link-color wp-element-button\" href=\"https:\/\/ttlcomputer.es\/new\/wp-content\/uploads\/2024\/08\/INSTRUCCIONES-DE-SEGURIDAD_EQUIPOS-TTL_A4.pdf\" target=\"_blank\" rel=\"noreferrer noopener\">Instrucciones de seguridad<\/a><\/div>\n<\/div>\n","protected":false},"excerpt":{"rendered":"<p>Caracter\u00edsticas T\u00e9cnicas: P\/N TTLCPUQ670I7 Chasis Formato TORRE Fuente Alimentaci\u00f3n ATX 1000W 80 PLUS PLATINUM MODULAR Procesador INTEL\u00ae CORE\u2122 i7-14700K Memoria 64GB DDR5 4800Mhz (2x32GB) Disco duro SSD M.2 2TB NVMe Perif\u00e9ricos Teclado USB y rat\u00f3n \u00f3ptico USB TTL Lector tarjetas SmartCard DNIe, Compact Flash, Memory Stick, SDXC, SDHC, SD, MMC, M2, microSD Gama Professional Certificaciones &hellip; <\/p>\n<p class=\"link-more\"><a href=\"https:\/\/ttlcomputer.es\/new\/ttl-teknopro-q670i7\/\" class=\"more-link\">Leer m\u00e1s<span class=\"screen-reader-text\"> \u00abTTL TEKNOPRO &#8211; Q670i7\u00bb<\/span><\/a><\/p>\n","protected":false},"author":1,"featured_media":0,"parent":0,"menu_order":0,"comment_status":"closed","ping_status":"closed","template":"","meta":{"saved_in_kubio":true,"inspiro_hide_title":false,"footnotes":""},"class_list":["post-2383","page","type-page","status-publish","hentry"],"kubio_ai_page_context":{"short_desc":"","purpose":"general"},"yoast_head":"<!-- This site is optimized with the Yoast SEO plugin v23.8 - https:\/\/yoast.com\/wordpress\/plugins\/seo\/ -->\n<title>TTL TEKNOPRO - Q670i7 - TTL Computer<\/title>\n<meta name=\"robots\" content=\"noindex, follow, max-snippet:-1, max-image-preview:large, max-video-preview:-1\" \/>\n<meta property=\"og:locale\" content=\"es_ES\" \/>\n<meta property=\"og:type\" content=\"article\" \/>\n<meta property=\"og:title\" content=\"TTL TEKNOPRO - Q670i7 - TTL Computer\" \/>\n<meta property=\"og:description\" content=\"Caracter\u00edsticas T\u00e9cnicas: P\/N TTLCPUQ670I7 Chasis Formato TORRE Fuente Alimentaci\u00f3n ATX 1000W 80 PLUS PLATINUM MODULAR Procesador INTEL\u00ae CORE\u2122 i7-14700K Memoria 64GB DDR5 4800Mhz (2x32GB) Disco duro SSD M.2 2TB NVMe Perif\u00e9ricos Teclado USB y rat\u00f3n \u00f3ptico USB TTL Lector tarjetas SmartCard DNIe, Compact Flash, Memory Stick, SDXC, SDHC, SD, MMC, M2, microSD Gama Professional Certificaciones &hellip; Leer m\u00e1s \u00abTTL TEKNOPRO &#8211; Q670i7\u00bb\" \/>\n<meta property=\"og:url\" content=\"https:\/\/ttlcomputer.es\/new\/ttl-teknopro-q670i7\/\" \/>\n<meta property=\"og:site_name\" content=\"TTL Computer\" \/>\n<meta property=\"article:modified_time\" content=\"2024-08-29T12:00:41+00:00\" \/>\n<meta name=\"twitter:card\" content=\"summary_large_image\" \/>\n<meta name=\"twitter:label1\" content=\"Tiempo de lectura\" \/>\n\t<meta name=\"twitter:data1\" content=\"1 minuto\" \/>\n<script type=\"application\/ld+json\" class=\"yoast-schema-graph\">{\"@context\":\"https:\/\/schema.org\",\"@graph\":[{\"@type\":\"WebPage\",\"@id\":\"https:\/\/ttlcomputer.es\/new\/ttl-teknopro-q670i7\/\",\"url\":\"https:\/\/ttlcomputer.es\/new\/ttl-teknopro-q670i7\/\",\"name\":\"TTL TEKNOPRO - Q670i7 - TTL Computer\",\"isPartOf\":{\"@id\":\"https:\/\/ttlcomputer.es\/new\/#website\"},\"datePublished\":\"2024-08-29T09:36:59+00:00\",\"dateModified\":\"2024-08-29T12:00:41+00:00\",\"breadcrumb\":{\"@id\":\"https:\/\/ttlcomputer.es\/new\/ttl-teknopro-q670i7\/#breadcrumb\"},\"inLanguage\":\"es\",\"potentialAction\":[{\"@type\":\"ReadAction\",\"target\":[\"https:\/\/ttlcomputer.es\/new\/ttl-teknopro-q670i7\/\"]}]},{\"@type\":\"BreadcrumbList\",\"@id\":\"https:\/\/ttlcomputer.es\/new\/ttl-teknopro-q670i7\/#breadcrumb\",\"itemListElement\":[{\"@type\":\"ListItem\",\"position\":1,\"name\":\"Portada\",\"item\":\"https:\/\/ttlcomputer.es\/new\/\"},{\"@type\":\"ListItem\",\"position\":2,\"name\":\"TTL TEKNOPRO &#8211; Q670i7\"}]},{\"@type\":\"WebSite\",\"@id\":\"https:\/\/ttlcomputer.es\/new\/#website\",\"url\":\"https:\/\/ttlcomputer.es\/new\/\",\"name\":\"TTL Computer\",\"description\":\"\",\"publisher\":{\"@id\":\"https:\/\/ttlcomputer.es\/new\/#organization\"},\"potentialAction\":[{\"@type\":\"SearchAction\",\"target\":{\"@type\":\"EntryPoint\",\"urlTemplate\":\"https:\/\/ttlcomputer.es\/new\/?s={search_term_string}\"},\"query-input\":{\"@type\":\"PropertyValueSpecification\",\"valueRequired\":true,\"valueName\":\"search_term_string\"}}],\"inLanguage\":\"es\"},{\"@type\":\"Organization\",\"@id\":\"https:\/\/ttlcomputer.es\/new\/#organization\",\"name\":\"TTL Computer\",\"url\":\"https:\/\/ttlcomputer.es\/new\/\",\"logo\":{\"@type\":\"ImageObject\",\"inLanguage\":\"es\",\"@id\":\"https:\/\/ttlcomputer.es\/new\/#\/schema\/logo\/image\/\",\"url\":\"https:\/\/ttlcomputer.es\/new\/wp-content\/uploads\/2023\/06\/TTL-Negro.png\",\"contentUrl\":\"https:\/\/ttlcomputer.es\/new\/wp-content\/uploads\/2023\/06\/TTL-Negro.png\",\"width\":2810,\"height\":2194,\"caption\":\"TTL Computer \"},\"image\":{\"@id\":\"https:\/\/ttlcomputer.es\/new\/#\/schema\/logo\/image\/\"}}]}<\/script>\n<!-- \/ Yoast SEO plugin. -->","yoast_head_json":{"title":"TTL TEKNOPRO - Q670i7 - TTL Computer","robots":{"index":"noindex","follow":"follow","max-snippet":"max-snippet:-1","max-image-preview":"max-image-preview:large","max-video-preview":"max-video-preview:-1"},"og_locale":"es_ES","og_type":"article","og_title":"TTL TEKNOPRO - Q670i7 - TTL Computer","og_description":"Caracter\u00edsticas T\u00e9cnicas: P\/N TTLCPUQ670I7 Chasis Formato TORRE Fuente Alimentaci\u00f3n ATX 1000W 80 PLUS PLATINUM MODULAR Procesador INTEL\u00ae CORE\u2122 i7-14700K Memoria 64GB DDR5 4800Mhz (2x32GB) Disco duro SSD M.2 2TB NVMe Perif\u00e9ricos Teclado USB y rat\u00f3n \u00f3ptico USB TTL Lector tarjetas SmartCard DNIe, Compact Flash, Memory Stick, SDXC, SDHC, SD, MMC, M2, microSD Gama Professional Certificaciones &hellip; Leer m\u00e1s \u00abTTL TEKNOPRO &#8211; Q670i7\u00bb","og_url":"https:\/\/ttlcomputer.es\/new\/ttl-teknopro-q670i7\/","og_site_name":"TTL Computer","article_modified_time":"2024-08-29T12:00:41+00:00","twitter_card":"summary_large_image","twitter_misc":{"Tiempo de lectura":"1 minuto"},"schema":{"@context":"https:\/\/schema.org","@graph":[{"@type":"WebPage","@id":"https:\/\/ttlcomputer.es\/new\/ttl-teknopro-q670i7\/","url":"https:\/\/ttlcomputer.es\/new\/ttl-teknopro-q670i7\/","name":"TTL TEKNOPRO - Q670i7 - TTL Computer","isPartOf":{"@id":"https:\/\/ttlcomputer.es\/new\/#website"},"datePublished":"2024-08-29T09:36:59+00:00","dateModified":"2024-08-29T12:00:41+00:00","breadcrumb":{"@id":"https:\/\/ttlcomputer.es\/new\/ttl-teknopro-q670i7\/#breadcrumb"},"inLanguage":"es","potentialAction":[{"@type":"ReadAction","target":["https:\/\/ttlcomputer.es\/new\/ttl-teknopro-q670i7\/"]}]},{"@type":"BreadcrumbList","@id":"https:\/\/ttlcomputer.es\/new\/ttl-teknopro-q670i7\/#breadcrumb","itemListElement":[{"@type":"ListItem","position":1,"name":"Portada","item":"https:\/\/ttlcomputer.es\/new\/"},{"@type":"ListItem","position":2,"name":"TTL TEKNOPRO &#8211; Q670i7"}]},{"@type":"WebSite","@id":"https:\/\/ttlcomputer.es\/new\/#website","url":"https:\/\/ttlcomputer.es\/new\/","name":"TTL Computer","description":"","publisher":{"@id":"https:\/\/ttlcomputer.es\/new\/#organization"},"potentialAction":[{"@type":"SearchAction","target":{"@type":"EntryPoint","urlTemplate":"https:\/\/ttlcomputer.es\/new\/?s={search_term_string}"},"query-input":{"@type":"PropertyValueSpecification","valueRequired":true,"valueName":"search_term_string"}}],"inLanguage":"es"},{"@type":"Organization","@id":"https:\/\/ttlcomputer.es\/new\/#organization","name":"TTL Computer","url":"https:\/\/ttlcomputer.es\/new\/","logo":{"@type":"ImageObject","inLanguage":"es","@id":"https:\/\/ttlcomputer.es\/new\/#\/schema\/logo\/image\/","url":"https:\/\/ttlcomputer.es\/new\/wp-content\/uploads\/2023\/06\/TTL-Negro.png","contentUrl":"https:\/\/ttlcomputer.es\/new\/wp-content\/uploads\/2023\/06\/TTL-Negro.png","width":2810,"height":2194,"caption":"TTL Computer "},"image":{"@id":"https:\/\/ttlcomputer.es\/new\/#\/schema\/logo\/image\/"}}]}},"_links":{"self":[{"href":"https:\/\/ttlcomputer.es\/new\/wp-json\/wp\/v2\/pages\/2383","targetHints":{"allow":["GET"]}}],"collection":[{"href":"https:\/\/ttlcomputer.es\/new\/wp-json\/wp\/v2\/pages"}],"about":[{"href":"https:\/\/ttlcomputer.es\/new\/wp-json\/wp\/v2\/types\/page"}],"author":[{"embeddable":true,"href":"https:\/\/ttlcomputer.es\/new\/wp-json\/wp\/v2\/users\/1"}],"replies":[{"embeddable":true,"href":"https:\/\/ttlcomputer.es\/new\/wp-json\/wp\/v2\/comments?post=2383"}],"version-history":[{"count":10,"href":"https:\/\/ttlcomputer.es\/new\/wp-json\/wp\/v2\/pages\/2383\/revisions"}],"predecessor-version":[{"id":2406,"href":"https:\/\/ttlcomputer.es\/new\/wp-json\/wp\/v2\/pages\/2383\/revisions\/2406"}],"wp:attachment":[{"href":"https:\/\/ttlcomputer.es\/new\/wp-json\/wp\/v2\/media?parent=2383"}],"curies":[{"name":"wp","href":"https:\/\/api.w.org\/{rel}","templated":true}]}}