{"id":2333,"date":"2024-06-04T08:58:06","date_gmt":"2024-06-04T08:58:06","guid":{"rendered":"https:\/\/ttlcomputer.es\/new\/?page_id=2333"},"modified":"2024-06-04T09:12:05","modified_gmt":"2024-06-04T09:12:05","slug":"ttl-ttlp7505","status":"publish","type":"page","link":"https:\/\/ttlcomputer.es\/new\/ttl-ttlp7505\/","title":{"rendered":"TTL TTLP7505"},"content":{"rendered":"\n<p><a href=\"https:\/\/ttlcomputer.es\/wp-content\/uploads\/2023\/03\/Purple-Grey-Modern-Computer-Logo-1-1.png\"><\/a><\/p>\n\n\n\n\n\n<h2 class=\"wp-block-heading\">Caracter\u00edsticas T\u00e9cnicas:<\/h2>\n\n\n\n<figure class=\"wp-block-table\"><table><tbody><tr><td><strong>P\/N<\/strong><\/td><td>TTL TTLP7505<\/td><\/tr><tr><td><strong>Tama\u00f1o de pantalla<\/strong><\/td><td>Diagonal 75\u201d (+\/-1\u201d)<\/td><\/tr><tr><td><strong>Formato<\/strong><\/td><td>Panor\u00e1mica 16:9<\/td><\/tr><tr><td><strong>Resoluci\u00f3n<\/strong><\/td><td>4K UHD (3840&#215;2160)<\/td><\/tr><tr><td><strong>Tipo de Panel<\/strong><\/td><td>Panel LED multit\u00e1ctil<\/td><\/tr><tr><td><strong>Frecuencia<\/strong><\/td><td>60 HZ<\/td><\/tr><tr><td><strong>Tiempo de respuesta<\/strong><\/td><td>8 ms<\/td><\/tr><tr><td><strong>Brillo<\/strong><\/td><td>400 cd\/m2<\/td><\/tr><tr><td><strong>Resoluci\u00f3n Contraste<\/strong><\/td><td>1200:1<\/td><\/tr><tr><td><strong>\u00c1ngulo de visi\u00f3n (H\/V)<\/strong><\/td><td>178\u00ba<\/td><\/tr><tr><td><strong>Resistencia al rayado<\/strong><\/td><td>7 Mohs<\/td><\/tr><tr><td><strong>Sensor<\/strong><\/td><td>luz ambiental<\/td><\/tr><tr><td><strong>Sistema operativo<\/strong><\/td><td>Android 8 o superior<\/td><\/tr><tr><td><strong>Almacenamiento<\/strong><\/td><td>32 GB<\/td><\/tr><tr><td><strong>Memoria RAM<\/strong><\/td><td>4 GB<\/td><\/tr><tr><td><strong>Certificados, normas y licencias<\/strong><\/td><td> Epeat Silver<\/td><\/tr><\/tbody><\/table><\/figure>\n\n\n\n<div class=\"wp-block-buttons is-layout-flex wp-block-buttons-is-layout-flex\">\n<div class=\"wp-block-button\"><a class=\"wp-block-button__link has-white-color has-text-color has-link-color wp-element-button\" href=\"https:\/\/www.epeat.net\/product-details\/99594b532763473686c491e1f0bf40d7?backUrl=%252Fcomputers-and-displays-search-result%252Fpage-1%252Fsize-25%253FproductName%253DTTL\" target=\"_blank\" rel=\"noreferrer noopener\">Certificado Epeat Silver<\/a><\/div>\n<\/div>\n","protected":false},"excerpt":{"rendered":"<p>Caracter\u00edsticas T\u00e9cnicas: P\/N TTL TTLP7505 Tama\u00f1o de pantalla Diagonal 75\u201d (+\/-1\u201d) Formato Panor\u00e1mica 16:9 Resoluci\u00f3n 4K UHD (3840&#215;2160) Tipo de Panel Panel LED multit\u00e1ctil Frecuencia 60 HZ Tiempo de respuesta 8 ms Brillo 400 cd\/m2 Resoluci\u00f3n Contraste 1200:1 \u00c1ngulo de visi\u00f3n (H\/V) 178\u00ba Resistencia al rayado 7 Mohs Sensor luz ambiental Sistema operativo Android 8 &hellip; <\/p>\n<p class=\"link-more\"><a href=\"https:\/\/ttlcomputer.es\/new\/ttl-ttlp7505\/\" class=\"more-link\">Leer m\u00e1s<span class=\"screen-reader-text\"> \u00abTTL TTLP7505\u00bb<\/span><\/a><\/p>\n","protected":false},"author":1,"featured_media":0,"parent":0,"menu_order":0,"comment_status":"closed","ping_status":"closed","template":"","meta":{"saved_in_kubio":true,"inspiro_hide_title":false,"footnotes":""},"class_list":["post-2333","page","type-page","status-publish","hentry"],"kubio_ai_page_context":{"short_desc":"","purpose":"general"},"yoast_head":"<!-- This site is optimized with the Yoast SEO plugin v23.8 - https:\/\/yoast.com\/wordpress\/plugins\/seo\/ -->\n<title>TTL TTLP7505 - TTL Computer<\/title>\n<meta name=\"robots\" content=\"noindex, follow, max-snippet:-1, max-image-preview:large, max-video-preview:-1\" \/>\n<meta property=\"og:locale\" content=\"es_ES\" \/>\n<meta property=\"og:type\" content=\"article\" \/>\n<meta property=\"og:title\" content=\"TTL TTLP7505 - TTL Computer\" \/>\n<meta property=\"og:description\" content=\"Caracter\u00edsticas T\u00e9cnicas: P\/N TTL TTLP7505 Tama\u00f1o de pantalla Diagonal 75\u201d (+\/-1\u201d) Formato Panor\u00e1mica 16:9 Resoluci\u00f3n 4K UHD (3840&#215;2160) Tipo de Panel Panel LED multit\u00e1ctil Frecuencia 60 HZ Tiempo de respuesta 8 ms Brillo 400 cd\/m2 Resoluci\u00f3n Contraste 1200:1 \u00c1ngulo de visi\u00f3n (H\/V) 178\u00ba Resistencia al rayado 7 Mohs Sensor luz ambiental Sistema operativo Android 8 &hellip; Leer m\u00e1s \u00abTTL TTLP7505\u00bb\" \/>\n<meta property=\"og:url\" content=\"https:\/\/ttlcomputer.es\/new\/ttl-ttlp7505\/\" \/>\n<meta property=\"og:site_name\" content=\"TTL Computer\" \/>\n<meta property=\"article:modified_time\" content=\"2024-06-04T09:12:05+00:00\" \/>\n<meta name=\"twitter:card\" content=\"summary_large_image\" \/>\n<script type=\"application\/ld+json\" class=\"yoast-schema-graph\">{\"@context\":\"https:\/\/schema.org\",\"@graph\":[{\"@type\":\"WebPage\",\"@id\":\"https:\/\/ttlcomputer.es\/new\/ttl-ttlp7505\/\",\"url\":\"https:\/\/ttlcomputer.es\/new\/ttl-ttlp7505\/\",\"name\":\"TTL TTLP7505 - TTL Computer\",\"isPartOf\":{\"@id\":\"https:\/\/ttlcomputer.es\/new\/#website\"},\"datePublished\":\"2024-06-04T08:58:06+00:00\",\"dateModified\":\"2024-06-04T09:12:05+00:00\",\"breadcrumb\":{\"@id\":\"https:\/\/ttlcomputer.es\/new\/ttl-ttlp7505\/#breadcrumb\"},\"inLanguage\":\"es\",\"potentialAction\":[{\"@type\":\"ReadAction\",\"target\":[\"https:\/\/ttlcomputer.es\/new\/ttl-ttlp7505\/\"]}]},{\"@type\":\"BreadcrumbList\",\"@id\":\"https:\/\/ttlcomputer.es\/new\/ttl-ttlp7505\/#breadcrumb\",\"itemListElement\":[{\"@type\":\"ListItem\",\"position\":1,\"name\":\"Portada\",\"item\":\"https:\/\/ttlcomputer.es\/new\/\"},{\"@type\":\"ListItem\",\"position\":2,\"name\":\"TTL TTLP7505\"}]},{\"@type\":\"WebSite\",\"@id\":\"https:\/\/ttlcomputer.es\/new\/#website\",\"url\":\"https:\/\/ttlcomputer.es\/new\/\",\"name\":\"TTL Computer\",\"description\":\"\",\"publisher\":{\"@id\":\"https:\/\/ttlcomputer.es\/new\/#organization\"},\"potentialAction\":[{\"@type\":\"SearchAction\",\"target\":{\"@type\":\"EntryPoint\",\"urlTemplate\":\"https:\/\/ttlcomputer.es\/new\/?s={search_term_string}\"},\"query-input\":{\"@type\":\"PropertyValueSpecification\",\"valueRequired\":true,\"valueName\":\"search_term_string\"}}],\"inLanguage\":\"es\"},{\"@type\":\"Organization\",\"@id\":\"https:\/\/ttlcomputer.es\/new\/#organization\",\"name\":\"TTL Computer\",\"url\":\"https:\/\/ttlcomputer.es\/new\/\",\"logo\":{\"@type\":\"ImageObject\",\"inLanguage\":\"es\",\"@id\":\"https:\/\/ttlcomputer.es\/new\/#\/schema\/logo\/image\/\",\"url\":\"https:\/\/ttlcomputer.es\/new\/wp-content\/uploads\/2023\/06\/TTL-Negro.png\",\"contentUrl\":\"https:\/\/ttlcomputer.es\/new\/wp-content\/uploads\/2023\/06\/TTL-Negro.png\",\"width\":2810,\"height\":2194,\"caption\":\"TTL Computer \"},\"image\":{\"@id\":\"https:\/\/ttlcomputer.es\/new\/#\/schema\/logo\/image\/\"}}]}<\/script>\n<!-- \/ Yoast SEO plugin. -->","yoast_head_json":{"title":"TTL TTLP7505 - TTL Computer","robots":{"index":"noindex","follow":"follow","max-snippet":"max-snippet:-1","max-image-preview":"max-image-preview:large","max-video-preview":"max-video-preview:-1"},"og_locale":"es_ES","og_type":"article","og_title":"TTL TTLP7505 - TTL Computer","og_description":"Caracter\u00edsticas T\u00e9cnicas: P\/N TTL TTLP7505 Tama\u00f1o de pantalla Diagonal 75\u201d (+\/-1\u201d) Formato Panor\u00e1mica 16:9 Resoluci\u00f3n 4K UHD (3840&#215;2160) Tipo de Panel Panel LED multit\u00e1ctil Frecuencia 60 HZ Tiempo de respuesta 8 ms Brillo 400 cd\/m2 Resoluci\u00f3n Contraste 1200:1 \u00c1ngulo de visi\u00f3n (H\/V) 178\u00ba Resistencia al rayado 7 Mohs Sensor luz ambiental Sistema operativo Android 8 &hellip; Leer m\u00e1s \u00abTTL TTLP7505\u00bb","og_url":"https:\/\/ttlcomputer.es\/new\/ttl-ttlp7505\/","og_site_name":"TTL Computer","article_modified_time":"2024-06-04T09:12:05+00:00","twitter_card":"summary_large_image","schema":{"@context":"https:\/\/schema.org","@graph":[{"@type":"WebPage","@id":"https:\/\/ttlcomputer.es\/new\/ttl-ttlp7505\/","url":"https:\/\/ttlcomputer.es\/new\/ttl-ttlp7505\/","name":"TTL TTLP7505 - TTL Computer","isPartOf":{"@id":"https:\/\/ttlcomputer.es\/new\/#website"},"datePublished":"2024-06-04T08:58:06+00:00","dateModified":"2024-06-04T09:12:05+00:00","breadcrumb":{"@id":"https:\/\/ttlcomputer.es\/new\/ttl-ttlp7505\/#breadcrumb"},"inLanguage":"es","potentialAction":[{"@type":"ReadAction","target":["https:\/\/ttlcomputer.es\/new\/ttl-ttlp7505\/"]}]},{"@type":"BreadcrumbList","@id":"https:\/\/ttlcomputer.es\/new\/ttl-ttlp7505\/#breadcrumb","itemListElement":[{"@type":"ListItem","position":1,"name":"Portada","item":"https:\/\/ttlcomputer.es\/new\/"},{"@type":"ListItem","position":2,"name":"TTL TTLP7505"}]},{"@type":"WebSite","@id":"https:\/\/ttlcomputer.es\/new\/#website","url":"https:\/\/ttlcomputer.es\/new\/","name":"TTL Computer","description":"","publisher":{"@id":"https:\/\/ttlcomputer.es\/new\/#organization"},"potentialAction":[{"@type":"SearchAction","target":{"@type":"EntryPoint","urlTemplate":"https:\/\/ttlcomputer.es\/new\/?s={search_term_string}"},"query-input":{"@type":"PropertyValueSpecification","valueRequired":true,"valueName":"search_term_string"}}],"inLanguage":"es"},{"@type":"Organization","@id":"https:\/\/ttlcomputer.es\/new\/#organization","name":"TTL Computer","url":"https:\/\/ttlcomputer.es\/new\/","logo":{"@type":"ImageObject","inLanguage":"es","@id":"https:\/\/ttlcomputer.es\/new\/#\/schema\/logo\/image\/","url":"https:\/\/ttlcomputer.es\/new\/wp-content\/uploads\/2023\/06\/TTL-Negro.png","contentUrl":"https:\/\/ttlcomputer.es\/new\/wp-content\/uploads\/2023\/06\/TTL-Negro.png","width":2810,"height":2194,"caption":"TTL Computer "},"image":{"@id":"https:\/\/ttlcomputer.es\/new\/#\/schema\/logo\/image\/"}}]}},"_links":{"self":[{"href":"https:\/\/ttlcomputer.es\/new\/wp-json\/wp\/v2\/pages\/2333","targetHints":{"allow":["GET"]}}],"collection":[{"href":"https:\/\/ttlcomputer.es\/new\/wp-json\/wp\/v2\/pages"}],"about":[{"href":"https:\/\/ttlcomputer.es\/new\/wp-json\/wp\/v2\/types\/page"}],"author":[{"embeddable":true,"href":"https:\/\/ttlcomputer.es\/new\/wp-json\/wp\/v2\/users\/1"}],"replies":[{"embeddable":true,"href":"https:\/\/ttlcomputer.es\/new\/wp-json\/wp\/v2\/comments?post=2333"}],"version-history":[{"count":2,"href":"https:\/\/ttlcomputer.es\/new\/wp-json\/wp\/v2\/pages\/2333\/revisions"}],"predecessor-version":[{"id":2339,"href":"https:\/\/ttlcomputer.es\/new\/wp-json\/wp\/v2\/pages\/2333\/revisions\/2339"}],"wp:attachment":[{"href":"https:\/\/ttlcomputer.es\/new\/wp-json\/wp\/v2\/media?parent=2333"}],"curies":[{"name":"wp","href":"https:\/\/api.w.org\/{rel}","templated":true}]}}