{"id":2249,"date":"2024-02-19T09:05:02","date_gmt":"2024-02-19T09:05:02","guid":{"rendered":"https:\/\/ttlcomputer.es\/new\/?page_id=2249"},"modified":"2024-02-19T10:02:42","modified_gmt":"2024-02-19T10:02:42","slug":"portatil-ttl-15-6-i5-13gen","status":"publish","type":"page","link":"https:\/\/ttlcomputer.es\/new\/portatil-ttl-15-6-i5-13gen\/","title":{"rendered":"PORT\u00c1TIL TTL 15.6\u2019\u2019 i5 13GEN"},"content":{"rendered":"\n\n\n<figure class=\"wp-block-image aligncenter size-full is-resized\"><img loading=\"lazy\" decoding=\"async\" width=\"250\" height=\"250\" src=\"https:\/\/ttlcomputer.es\/new\/wp-content\/uploads\/2024\/02\/nl57au-15-6-intel-i5-1335u__1_-removebg-preview.png\" alt=\"\" class=\"wp-image-2251\" style=\"aspect-ratio:1.5;width:316px;height:auto\" srcset=\"https:\/\/ttlcomputer.es\/new\/wp-content\/uploads\/2024\/02\/nl57au-15-6-intel-i5-1335u__1_-removebg-preview.png 250w, https:\/\/ttlcomputer.es\/new\/wp-content\/uploads\/2024\/02\/nl57au-15-6-intel-i5-1335u__1_-removebg-preview-150x150.png 150w\" sizes=\"(max-width: 250px) 100vw, 250px\" \/><\/figure>\n\n\n\n<h2 class=\"wp-block-heading\">Caracter\u00edsticas T\u00e9cnicas:<\/h2>\n\n\n\n<figure class=\"wp-block-table\"><table><tbody><tr><td><strong>Modelo<\/strong><\/td><td>PORT\u00c1TIL TTL 15.6\u2019\u2019 i5 13GEN<\/td><\/tr><tr><td><strong>Procesador <\/strong><\/td><td>Procesador Intel\u00ae Core\u2122 i5-1335U<br>12 MB Intel\u00ae Smart Cach\u00e9<br>Cantidad de n\u00facleos: 10<br>Cantidad de Performance-cores: 2<br>Cantidad de Efficient-cores: 8<br>Cantidad de subprocesos: 12<br>Frecuencia turbo m\u00e1xima: 4.60 GHz<br>Frecuencia turbo m\u00e1xima del Performance-core: 4.60 GHz<br>Frecuencia turbo m\u00e1xima de Efficient-core: 3.40 GHz<br>Fecha de lanzamiento: Q1&#8217;23<\/td><\/tr><tr><td><strong>Pantalla<\/strong><\/td><td>Pantalla de 15.6\u2019\u2019 (39,62 cm)<br>Resoluci\u00f3n 1920 x 1080 FHD<br>Antirreflejos<br>Panel IPS<\/td><\/tr><tr><td><strong>Memoria<\/strong><\/td><td>Memoria RAM 32GB DDR4 3200Mhz (2x16GB)<br>Arquitectura de doble canal<br>2 x Ranuras SO-DIMM 260 pins, soporta DDR4 3200Mhz<\/td><\/tr><tr><td><strong>Disco duro<\/strong><\/td><td>Disco duro SSD 500GB M2 NVMe PCIe<br>1 x Ranura M2 2280 SSD, interfaz PCIe Gen4x4<br>Tres ranuras para tarjetas M2:<br>1\u00ba para tarjeta WLAN Combo M.2 2230 con interfaz PCIe\/ USB\/ CNVi (tecla E)<br>2.\u00ba para tarjeta SSD M.2 2280 con interfaz PCIe Gen4x4 (tecla M)<br>3\u00ba para tarjeta LTE M.2 3042 con interfaz USB (llave B)<\/td><\/tr><tr><td><strong>Adaptador gr\u00e1fico<\/strong><\/td><td>Gr\u00e1ficos integrados Intel\u00ae Iris\u00ae Xe<br>Arquitectura Intel\u00ae Xe Micro<br>Variable Rate Shading<br>Compatibilidad con DirectX 12.1<br>Intel\u00ae DLBoost: DP4A<\/td><\/tr><tr><td><strong><strong>Puertos de Entrada y Salida<\/strong><\/strong><\/td><td>1 x Puerto USB 2.0 (Tipo A)<br>1 x Puerto USB 3.2 Gen 1 (Tipo A)<br>1 x Puerto USB 3.2 Gen 2 (Tipo A)<br>1 x Puerto USB 3.2 Gen2 con DisplayPort y Power Delivery (Tipo C)<br>1 x Puerto de salida HDMI\u2122 (con HDCP)<br>1 x Conector combinado de audio 2 en 1 (auriculares + micr\u00f3fono)<br>1 x Puerto LAN RJ-45<br>1 x Puerto DC-in<br>1 x Lector de tarjetas MicroSD<\/td><\/tr><tr><td><strong><strong>Audio<\/strong><\/strong><\/td><td>Tarjeta de audio integrada:<br>Audio de alta definici\u00f3n<br>Sound Blaster Studio<br>2 x Altavoces integrados 2W<br>1 x Micr\u00f3fono incorporado<\/td><\/tr><tr><td><strong><strong>Teclado<\/strong><\/strong><\/td><td>Teclado de tama\u00f1o completo en espa\u00f1ol con teclado num\u00e9rico<br>Touchpad integrado con funci\u00f3n de desplazamiento y gestos m\u00faltiples de Microsoft PTP<\/td><\/tr><tr><td><strong>Accesorios<\/strong><\/td><td>Cable de alimentaci\u00f3n<\/td><\/tr><tr><td><strong><strong>C\u00e1mara<\/strong><\/strong><\/td><td>1.0M HD (720p) webcam<\/td><\/tr><tr><td><strong><strong>Redes<\/strong><\/strong><\/td><td>Tarjeta de red integrada:<br>LAN Ethernet 10\/100\/1000Mb Base-TX integrada (RJ-45)<br>Intel\u00ae Dual Band Wi-Fi 6 AX201 2&#215;2 AX + BT CNVi M.2 2230 (Harrison Peak 2)<\/td><\/tr><tr><td><strong>Bater\u00eda<\/strong><\/td><td>Bater\u00eda de iones de litio de pol\u00edmero integrado, 50 WH<br>Duraci\u00f3n de la bater\u00eda: Hasta 12 horas<\/td><\/tr><tr><td><strong>Dimensiones<\/strong><\/td><td>360,4 x 239,3 x 19,7 mm<\/td><\/tr><tr><td><strong>Peso<\/strong><\/td><td>1,75 Kg<\/td><\/tr><tr><td><strong>Elementos de seguridad<\/strong><\/td><td>Ranura de bloqueo de seguridad (tipo Kensington\u00ae)<br>fTPM 2.0<\/td><\/tr><tr><td><strong>BIOS \/ UEFI<\/strong><\/td><td>BIOS \/ UEFI propiedad del fabricante del equipo<\/td><\/tr><tr><td><strong>Certificaciones<\/strong><\/td><td>Epeat GOLD<\/td><\/tr><tr><td><strong>Sistema Operativo<\/strong><\/td><td>Sistema operativo Windows 10 Pro 64-bits actualizable a Windows 11 Pro 64-bits<\/td><\/tr><tr><td><strong>Garant\u00eda<\/strong><\/td><td>5 a\u00f1os de garant\u00eda <\/td><\/tr><\/tbody><\/table><figcaption class=\"wp-element-caption\">&#8211; Incluye adaptador de corriente.<\/figcaption><\/figure>\n\n\n\n<div class=\"wp-block-buttons is-layout-flex wp-block-buttons-is-layout-flex\">\n<div class=\"wp-block-button\"><a class=\"wp-block-button__link has-white-color has-text-color has-link-color wp-element-button\" href=\"https:\/\/www.epeat.net\/product-details\/2205a8214f694efe881e6db8a6fbee5f?backUrl=%252Fcomputers-and-displays-search-result%252Fpage-1%252Fsize-25%253FmanufacturerId%253D290\" target=\"_blank\" rel=\"noreferrer noopener\">EPEAT<\/a><\/div>\n\n\n\n<div class=\"wp-block-button is-style-fill\"><a class=\"wp-block-button__link has-white-color has-text-color has-link-color wp-element-button\" href=\"https:\/\/ttlcomputer.es\/new\/wp-content\/uploads\/2024\/02\/Portatil-ttl-15.6-i5-13gen.pdf\" target=\"_blank\" rel=\"noreferrer noopener\">Descargar ficha t\u00e9cnica<\/a><\/div>\n<\/div>\n","protected":false},"excerpt":{"rendered":"<p>Caracter\u00edsticas T\u00e9cnicas: Modelo PORT\u00c1TIL TTL 15.6\u2019\u2019 i5 13GEN Procesador Procesador Intel\u00ae Core\u2122 i5-1335U12 MB Intel\u00ae Smart Cach\u00e9Cantidad de n\u00facleos: 10Cantidad de Performance-cores: 2Cantidad de Efficient-cores: 8Cantidad de subprocesos: 12Frecuencia turbo m\u00e1xima: 4.60 GHzFrecuencia turbo m\u00e1xima del Performance-core: 4.60 GHzFrecuencia turbo m\u00e1xima de Efficient-core: 3.40 GHzFecha de lanzamiento: Q1&#8217;23 Pantalla Pantalla de 15.6\u2019\u2019 (39,62 cm)Resoluci\u00f3n 1920 &hellip; <\/p>\n<p class=\"link-more\"><a href=\"https:\/\/ttlcomputer.es\/new\/portatil-ttl-15-6-i5-13gen\/\" class=\"more-link\">Leer m\u00e1s<span class=\"screen-reader-text\"> \u00abPORT\u00c1TIL TTL 15.6\u2019\u2019 i5 13GEN\u00bb<\/span><\/a><\/p>\n","protected":false},"author":1,"featured_media":0,"parent":0,"menu_order":0,"comment_status":"closed","ping_status":"closed","template":"","meta":{"saved_in_kubio":true,"inspiro_hide_title":false,"footnotes":""},"class_list":["post-2249","page","type-page","status-publish","hentry"],"kubio_ai_page_context":{"short_desc":"","purpose":"general"},"yoast_head":"<!-- This site is optimized with the Yoast SEO plugin v23.8 - https:\/\/yoast.com\/wordpress\/plugins\/seo\/ -->\n<title>PORT\u00c1TIL TTL 15.6\u2019\u2019 i5 13GEN - TTL Computer<\/title>\n<meta name=\"robots\" content=\"noindex, follow, max-snippet:-1, max-image-preview:large, max-video-preview:-1\" \/>\n<meta property=\"og:locale\" content=\"es_ES\" \/>\n<meta property=\"og:type\" content=\"article\" \/>\n<meta property=\"og:title\" content=\"PORT\u00c1TIL TTL 15.6\u2019\u2019 i5 13GEN - TTL Computer\" \/>\n<meta property=\"og:description\" content=\"Caracter\u00edsticas T\u00e9cnicas: Modelo PORT\u00c1TIL TTL 15.6\u2019\u2019 i5 13GEN Procesador Procesador Intel\u00ae Core\u2122 i5-1335U12 MB Intel\u00ae Smart Cach\u00e9Cantidad de n\u00facleos: 10Cantidad de Performance-cores: 2Cantidad de Efficient-cores: 8Cantidad de subprocesos: 12Frecuencia turbo m\u00e1xima: 4.60 GHzFrecuencia turbo m\u00e1xima del Performance-core: 4.60 GHzFrecuencia turbo m\u00e1xima de Efficient-core: 3.40 GHzFecha de lanzamiento: Q1&#8217;23 Pantalla Pantalla de 15.6\u2019\u2019 (39,62 cm)Resoluci\u00f3n 1920 &hellip; Leer m\u00e1s \u00abPORT\u00c1TIL TTL 15.6\u2019\u2019 i5 13GEN\u00bb\" \/>\n<meta property=\"og:url\" content=\"https:\/\/ttlcomputer.es\/new\/portatil-ttl-15-6-i5-13gen\/\" \/>\n<meta property=\"og:site_name\" content=\"TTL Computer\" \/>\n<meta property=\"article:modified_time\" content=\"2024-02-19T10:02:42+00:00\" \/>\n<meta property=\"og:image\" content=\"https:\/\/ttlcomputer.es\/new\/wp-content\/uploads\/2024\/02\/nl57au-15-6-intel-i5-1335u__1_-removebg-preview.png\" \/>\n<meta name=\"twitter:card\" content=\"summary_large_image\" \/>\n<meta name=\"twitter:label1\" content=\"Tiempo de lectura\" \/>\n\t<meta name=\"twitter:data1\" content=\"3 minutos\" \/>\n<script type=\"application\/ld+json\" class=\"yoast-schema-graph\">{\"@context\":\"https:\/\/schema.org\",\"@graph\":[{\"@type\":\"WebPage\",\"@id\":\"https:\/\/ttlcomputer.es\/new\/portatil-ttl-15-6-i5-13gen\/\",\"url\":\"https:\/\/ttlcomputer.es\/new\/portatil-ttl-15-6-i5-13gen\/\",\"name\":\"PORT\u00c1TIL TTL 15.6\u2019\u2019 i5 13GEN - TTL Computer\",\"isPartOf\":{\"@id\":\"https:\/\/ttlcomputer.es\/new\/#website\"},\"primaryImageOfPage\":{\"@id\":\"https:\/\/ttlcomputer.es\/new\/portatil-ttl-15-6-i5-13gen\/#primaryimage\"},\"image\":{\"@id\":\"https:\/\/ttlcomputer.es\/new\/portatil-ttl-15-6-i5-13gen\/#primaryimage\"},\"thumbnailUrl\":\"https:\/\/ttlcomputer.es\/new\/wp-content\/uploads\/2024\/02\/nl57au-15-6-intel-i5-1335u__1_-removebg-preview.png\",\"datePublished\":\"2024-02-19T09:05:02+00:00\",\"dateModified\":\"2024-02-19T10:02:42+00:00\",\"breadcrumb\":{\"@id\":\"https:\/\/ttlcomputer.es\/new\/portatil-ttl-15-6-i5-13gen\/#breadcrumb\"},\"inLanguage\":\"es\",\"potentialAction\":[{\"@type\":\"ReadAction\",\"target\":[\"https:\/\/ttlcomputer.es\/new\/portatil-ttl-15-6-i5-13gen\/\"]}]},{\"@type\":\"ImageObject\",\"inLanguage\":\"es\",\"@id\":\"https:\/\/ttlcomputer.es\/new\/portatil-ttl-15-6-i5-13gen\/#primaryimage\",\"url\":\"https:\/\/ttlcomputer.es\/new\/wp-content\/uploads\/2024\/02\/nl57au-15-6-intel-i5-1335u__1_-removebg-preview.png\",\"contentUrl\":\"https:\/\/ttlcomputer.es\/new\/wp-content\/uploads\/2024\/02\/nl57au-15-6-intel-i5-1335u__1_-removebg-preview.png\",\"width\":250,\"height\":250},{\"@type\":\"BreadcrumbList\",\"@id\":\"https:\/\/ttlcomputer.es\/new\/portatil-ttl-15-6-i5-13gen\/#breadcrumb\",\"itemListElement\":[{\"@type\":\"ListItem\",\"position\":1,\"name\":\"Portada\",\"item\":\"https:\/\/ttlcomputer.es\/new\/\"},{\"@type\":\"ListItem\",\"position\":2,\"name\":\"PORT\u00c1TIL TTL 15.6\u2019\u2019 i5 13GEN\"}]},{\"@type\":\"WebSite\",\"@id\":\"https:\/\/ttlcomputer.es\/new\/#website\",\"url\":\"https:\/\/ttlcomputer.es\/new\/\",\"name\":\"TTL Computer\",\"description\":\"\",\"publisher\":{\"@id\":\"https:\/\/ttlcomputer.es\/new\/#organization\"},\"potentialAction\":[{\"@type\":\"SearchAction\",\"target\":{\"@type\":\"EntryPoint\",\"urlTemplate\":\"https:\/\/ttlcomputer.es\/new\/?s={search_term_string}\"},\"query-input\":{\"@type\":\"PropertyValueSpecification\",\"valueRequired\":true,\"valueName\":\"search_term_string\"}}],\"inLanguage\":\"es\"},{\"@type\":\"Organization\",\"@id\":\"https:\/\/ttlcomputer.es\/new\/#organization\",\"name\":\"TTL Computer\",\"url\":\"https:\/\/ttlcomputer.es\/new\/\",\"logo\":{\"@type\":\"ImageObject\",\"inLanguage\":\"es\",\"@id\":\"https:\/\/ttlcomputer.es\/new\/#\/schema\/logo\/image\/\",\"url\":\"https:\/\/ttlcomputer.es\/new\/wp-content\/uploads\/2023\/06\/TTL-Negro.png\",\"contentUrl\":\"https:\/\/ttlcomputer.es\/new\/wp-content\/uploads\/2023\/06\/TTL-Negro.png\",\"width\":2810,\"height\":2194,\"caption\":\"TTL Computer \"},\"image\":{\"@id\":\"https:\/\/ttlcomputer.es\/new\/#\/schema\/logo\/image\/\"}}]}<\/script>\n<!-- \/ Yoast SEO plugin. -->","yoast_head_json":{"title":"PORT\u00c1TIL TTL 15.6\u2019\u2019 i5 13GEN - TTL Computer","robots":{"index":"noindex","follow":"follow","max-snippet":"max-snippet:-1","max-image-preview":"max-image-preview:large","max-video-preview":"max-video-preview:-1"},"og_locale":"es_ES","og_type":"article","og_title":"PORT\u00c1TIL TTL 15.6\u2019\u2019 i5 13GEN - TTL Computer","og_description":"Caracter\u00edsticas T\u00e9cnicas: Modelo PORT\u00c1TIL TTL 15.6\u2019\u2019 i5 13GEN Procesador Procesador Intel\u00ae Core\u2122 i5-1335U12 MB Intel\u00ae Smart Cach\u00e9Cantidad de n\u00facleos: 10Cantidad de Performance-cores: 2Cantidad de Efficient-cores: 8Cantidad de subprocesos: 12Frecuencia turbo m\u00e1xima: 4.60 GHzFrecuencia turbo m\u00e1xima del Performance-core: 4.60 GHzFrecuencia turbo m\u00e1xima de Efficient-core: 3.40 GHzFecha de lanzamiento: Q1&#8217;23 Pantalla Pantalla de 15.6\u2019\u2019 (39,62 cm)Resoluci\u00f3n 1920 &hellip; Leer m\u00e1s \u00abPORT\u00c1TIL TTL 15.6\u2019\u2019 i5 13GEN\u00bb","og_url":"https:\/\/ttlcomputer.es\/new\/portatil-ttl-15-6-i5-13gen\/","og_site_name":"TTL Computer","article_modified_time":"2024-02-19T10:02:42+00:00","og_image":[{"url":"https:\/\/ttlcomputer.es\/new\/wp-content\/uploads\/2024\/02\/nl57au-15-6-intel-i5-1335u__1_-removebg-preview.png"}],"twitter_card":"summary_large_image","twitter_misc":{"Tiempo de lectura":"3 minutos"},"schema":{"@context":"https:\/\/schema.org","@graph":[{"@type":"WebPage","@id":"https:\/\/ttlcomputer.es\/new\/portatil-ttl-15-6-i5-13gen\/","url":"https:\/\/ttlcomputer.es\/new\/portatil-ttl-15-6-i5-13gen\/","name":"PORT\u00c1TIL TTL 15.6\u2019\u2019 i5 13GEN - TTL Computer","isPartOf":{"@id":"https:\/\/ttlcomputer.es\/new\/#website"},"primaryImageOfPage":{"@id":"https:\/\/ttlcomputer.es\/new\/portatil-ttl-15-6-i5-13gen\/#primaryimage"},"image":{"@id":"https:\/\/ttlcomputer.es\/new\/portatil-ttl-15-6-i5-13gen\/#primaryimage"},"thumbnailUrl":"https:\/\/ttlcomputer.es\/new\/wp-content\/uploads\/2024\/02\/nl57au-15-6-intel-i5-1335u__1_-removebg-preview.png","datePublished":"2024-02-19T09:05:02+00:00","dateModified":"2024-02-19T10:02:42+00:00","breadcrumb":{"@id":"https:\/\/ttlcomputer.es\/new\/portatil-ttl-15-6-i5-13gen\/#breadcrumb"},"inLanguage":"es","potentialAction":[{"@type":"ReadAction","target":["https:\/\/ttlcomputer.es\/new\/portatil-ttl-15-6-i5-13gen\/"]}]},{"@type":"ImageObject","inLanguage":"es","@id":"https:\/\/ttlcomputer.es\/new\/portatil-ttl-15-6-i5-13gen\/#primaryimage","url":"https:\/\/ttlcomputer.es\/new\/wp-content\/uploads\/2024\/02\/nl57au-15-6-intel-i5-1335u__1_-removebg-preview.png","contentUrl":"https:\/\/ttlcomputer.es\/new\/wp-content\/uploads\/2024\/02\/nl57au-15-6-intel-i5-1335u__1_-removebg-preview.png","width":250,"height":250},{"@type":"BreadcrumbList","@id":"https:\/\/ttlcomputer.es\/new\/portatil-ttl-15-6-i5-13gen\/#breadcrumb","itemListElement":[{"@type":"ListItem","position":1,"name":"Portada","item":"https:\/\/ttlcomputer.es\/new\/"},{"@type":"ListItem","position":2,"name":"PORT\u00c1TIL TTL 15.6\u2019\u2019 i5 13GEN"}]},{"@type":"WebSite","@id":"https:\/\/ttlcomputer.es\/new\/#website","url":"https:\/\/ttlcomputer.es\/new\/","name":"TTL Computer","description":"","publisher":{"@id":"https:\/\/ttlcomputer.es\/new\/#organization"},"potentialAction":[{"@type":"SearchAction","target":{"@type":"EntryPoint","urlTemplate":"https:\/\/ttlcomputer.es\/new\/?s={search_term_string}"},"query-input":{"@type":"PropertyValueSpecification","valueRequired":true,"valueName":"search_term_string"}}],"inLanguage":"es"},{"@type":"Organization","@id":"https:\/\/ttlcomputer.es\/new\/#organization","name":"TTL Computer","url":"https:\/\/ttlcomputer.es\/new\/","logo":{"@type":"ImageObject","inLanguage":"es","@id":"https:\/\/ttlcomputer.es\/new\/#\/schema\/logo\/image\/","url":"https:\/\/ttlcomputer.es\/new\/wp-content\/uploads\/2023\/06\/TTL-Negro.png","contentUrl":"https:\/\/ttlcomputer.es\/new\/wp-content\/uploads\/2023\/06\/TTL-Negro.png","width":2810,"height":2194,"caption":"TTL Computer "},"image":{"@id":"https:\/\/ttlcomputer.es\/new\/#\/schema\/logo\/image\/"}}]}},"_links":{"self":[{"href":"https:\/\/ttlcomputer.es\/new\/wp-json\/wp\/v2\/pages\/2249","targetHints":{"allow":["GET"]}}],"collection":[{"href":"https:\/\/ttlcomputer.es\/new\/wp-json\/wp\/v2\/pages"}],"about":[{"href":"https:\/\/ttlcomputer.es\/new\/wp-json\/wp\/v2\/types\/page"}],"author":[{"embeddable":true,"href":"https:\/\/ttlcomputer.es\/new\/wp-json\/wp\/v2\/users\/1"}],"replies":[{"embeddable":true,"href":"https:\/\/ttlcomputer.es\/new\/wp-json\/wp\/v2\/comments?post=2249"}],"version-history":[{"count":2,"href":"https:\/\/ttlcomputer.es\/new\/wp-json\/wp\/v2\/pages\/2249\/revisions"}],"predecessor-version":[{"id":2258,"href":"https:\/\/ttlcomputer.es\/new\/wp-json\/wp\/v2\/pages\/2249\/revisions\/2258"}],"wp:attachment":[{"href":"https:\/\/ttlcomputer.es\/new\/wp-json\/wp\/v2\/media?parent=2249"}],"curies":[{"name":"wp","href":"https:\/\/api.w.org\/{rel}","templated":true}]}}