{"id":2227,"date":"2024-02-05T09:41:24","date_gmt":"2024-02-05T09:41:24","guid":{"rendered":"https:\/\/ttlcomputer.es\/new\/?page_id=2227"},"modified":"2024-02-05T10:11:32","modified_gmt":"2024-02-05T10:11:32","slug":"ttl-teknoslim-amd-ryzen-5-pro","status":"publish","type":"page","link":"https:\/\/ttlcomputer.es\/new\/ttl-teknoslim-amd-ryzen-5-pro\/","title":{"rendered":"TTL TEKNOSLIM AMD\u00ae Ryzen 5 Pro"},"content":{"rendered":"\n\n\n<h2 class=\"wp-block-heading\">Caracter\u00edsticas T\u00e9cnicas:<\/h2>\n\n\n\n<figure class=\"wp-block-table\"><table><tbody><tr><td><strong><strong>Chasis<\/strong><\/strong><\/td><td>Formato Sobremesa Slim SSF (Smart Form Factor)<br>Permite su colocaci\u00f3n en horizontal y vertical sin p\u00e9rdida<br>de funcionalidad.<br>Dimensiones Alto x Ancho x Fondo (mm): 356 x 102 x<br>338<br>Ranura tipo Kensington de Seguridad<\/td><\/tr><tr><td><strong><strong>Procesador<\/strong><\/strong><\/td><td>AMD\u00ae Ryzen 5 Pro 4655GE<\/td><\/tr><tr><td><strong>Chipset<\/strong><\/td><td>AMD\u00ae A520<\/td><\/tr><tr><td><strong><strong><strong>Memoria<\/strong><\/strong><\/strong><\/td><td>32 GB DDR4 3200MHz Ampliable m\u00e1ximo a 64GB de memoria<\/td><\/tr><tr><td><strong><strong>Unidades de disco<\/strong><\/strong><\/td><td>2x SSD 1TB 2.5\u201d Sata<\/td><\/tr><tr><td><strong>Compartimentos para<br>unidades externas<\/strong><\/td><td>1x 5.25\u201d<br>1x 3.5\u201d<\/td><\/tr><tr><td><strong>Compartimentos para<br>unidades internas<\/strong><\/td><td>1x 3.5\u201d<br>1x 2.5\u201d<\/td><\/tr><tr><td><strong>Controladora de disco<\/strong><\/td><td>4x SATA 6GB\/s<br>1x M2 PCle 3.0 x4<\/td><\/tr><tr><td><strong>Gr\u00e1fico integrado<\/strong><\/td><td>AMD\u00ae Radeon Graphics<\/td><\/tr><tr><td><strong>Ranuras de<br>expansi\u00f3n<\/strong><\/td><td>1x PCle 3.0 x 16<br>1x PCle 3.0 x1<\/td><\/tr><tr><td><strong><strong>Audio<\/strong><\/strong><\/td><td>Tarjeta de sonido integrada en placa base.<br>Realtek ALC897 7.1 Surround HD<\/td><\/tr><tr><td><strong><strong>Comunicaciones<\/strong><\/strong><\/td><td>Tarjeta de red 1: Realtek RTL8111H (10\/100\/1000) Mb\/s<br>Ethernet 1x RJ-45<br>Tarjeta de red 2: Realtek RTL8168B (10\/100\/1000) Mb\/s<br>Ethernet 1x RJ-45<br>Wifi 6 AX1800 2&#215;2 + Bluetooth 5.2<br>Doble banda (2,4GHz y 5GHz)<\/td><\/tr><tr><td><strong><strong>Interfaz<br>Delantero<\/strong><\/strong><\/td><td>1 x Puerto USB Tipo C<br>2 x Puertos USB 3.2 Gen 1 tipo A<br>1 x Combo Jack audio entrada de micr\u00f3fono y salida de<br>audio.<\/td><\/tr><tr><td><strong><strong>Interfaz Trasero<\/strong><\/strong><\/td><td>4x USB 3.2 Gen 1 tipo A<br>2x USB 2.0 Tipo A<br>1x HDMI (compatible 4k)<br>1x VGA<br>1x DVI-D<br>2x RJ-45 (10\/100\/1000)<br>1x puerto PS\/2 teclado<br>1x Puerto PS\/2 rat\u00f3n.<br>1x L\u00ednea entrada de audio<br>1x Micr\u00f3fono Audio<br>1x L\u00ednea salida de Audio<\/td><\/tr><tr><td><strong><strong>Seguridad<\/strong><\/strong><\/td><td>Modulo TPM 2.0 Hardware<\/td><\/tr><tr><td><strong><strong>Eficiencia<br>Energ\u00e9tica y<br>Sonoridad<\/strong><\/strong><\/td><td>Alta eficiencia Energ\u00e9tica.<br>Fuente alimentaci\u00f3n interna 300W 80 PLUS Bronze.<br>Bajo nivel de ruido:<br>-Modo activo: 22,7 dB<\/td><\/tr><tr><td><strong><strong>Sistema<br>Operativo<\/strong><\/strong><\/td><td>Windows 10 PRO \/ 11 PRO<\/td><\/tr><\/tbody><\/table><\/figure>\n","protected":false},"excerpt":{"rendered":"<p>Caracter\u00edsticas T\u00e9cnicas: Chasis Formato Sobremesa Slim SSF (Smart Form Factor)Permite su colocaci\u00f3n en horizontal y vertical sin p\u00e9rdidade funcionalidad.Dimensiones Alto x Ancho x Fondo (mm): 356 x 102 x338Ranura tipo Kensington de Seguridad Procesador AMD\u00ae Ryzen 5 Pro 4655GE Chipset AMD\u00ae A520 Memoria 32 GB DDR4 3200MHz Ampliable m\u00e1ximo a 64GB de memoria Unidades de &hellip; <\/p>\n<p class=\"link-more\"><a href=\"https:\/\/ttlcomputer.es\/new\/ttl-teknoslim-amd-ryzen-5-pro\/\" class=\"more-link\">Leer m\u00e1s<span class=\"screen-reader-text\"> \u00abTTL TEKNOSLIM AMD\u00ae Ryzen 5 Pro\u00bb<\/span><\/a><\/p>\n","protected":false},"author":1,"featured_media":0,"parent":0,"menu_order":0,"comment_status":"closed","ping_status":"closed","template":"","meta":{"saved_in_kubio":true,"inspiro_hide_title":false,"footnotes":""},"class_list":["post-2227","page","type-page","status-publish","hentry"],"kubio_ai_page_context":{"short_desc":"","purpose":"general"},"yoast_head":"<!-- This site is optimized with the Yoast SEO plugin v23.8 - https:\/\/yoast.com\/wordpress\/plugins\/seo\/ -->\n<title>TTL TEKNOSLIM AMD\u00ae Ryzen 5 Pro - TTL Computer<\/title>\n<meta name=\"robots\" content=\"noindex, follow, max-snippet:-1, max-image-preview:large, max-video-preview:-1\" \/>\n<meta property=\"og:locale\" content=\"es_ES\" \/>\n<meta property=\"og:type\" content=\"article\" \/>\n<meta property=\"og:title\" content=\"TTL TEKNOSLIM AMD\u00ae Ryzen 5 Pro - TTL Computer\" \/>\n<meta property=\"og:description\" content=\"Caracter\u00edsticas T\u00e9cnicas: Chasis Formato Sobremesa Slim SSF (Smart Form Factor)Permite su colocaci\u00f3n en horizontal y vertical sin p\u00e9rdidade funcionalidad.Dimensiones Alto x Ancho x Fondo (mm): 356 x 102 x338Ranura tipo Kensington de Seguridad Procesador AMD\u00ae Ryzen 5 Pro 4655GE Chipset AMD\u00ae A520 Memoria 32 GB DDR4 3200MHz Ampliable m\u00e1ximo a 64GB de memoria Unidades de &hellip; Leer m\u00e1s \u00abTTL TEKNOSLIM AMD\u00ae Ryzen 5 Pro\u00bb\" \/>\n<meta property=\"og:url\" content=\"https:\/\/ttlcomputer.es\/new\/ttl-teknoslim-amd-ryzen-5-pro\/\" \/>\n<meta property=\"og:site_name\" content=\"TTL Computer\" \/>\n<meta property=\"article:modified_time\" content=\"2024-02-05T10:11:32+00:00\" \/>\n<meta name=\"twitter:card\" content=\"summary_large_image\" \/>\n<meta name=\"twitter:label1\" content=\"Tiempo de lectura\" \/>\n\t<meta name=\"twitter:data1\" content=\"1 minuto\" \/>\n<script type=\"application\/ld+json\" class=\"yoast-schema-graph\">{\"@context\":\"https:\/\/schema.org\",\"@graph\":[{\"@type\":\"WebPage\",\"@id\":\"https:\/\/ttlcomputer.es\/new\/ttl-teknoslim-amd-ryzen-5-pro\/\",\"url\":\"https:\/\/ttlcomputer.es\/new\/ttl-teknoslim-amd-ryzen-5-pro\/\",\"name\":\"TTL TEKNOSLIM AMD\u00ae Ryzen 5 Pro - TTL Computer\",\"isPartOf\":{\"@id\":\"https:\/\/ttlcomputer.es\/new\/#website\"},\"datePublished\":\"2024-02-05T09:41:24+00:00\",\"dateModified\":\"2024-02-05T10:11:32+00:00\",\"breadcrumb\":{\"@id\":\"https:\/\/ttlcomputer.es\/new\/ttl-teknoslim-amd-ryzen-5-pro\/#breadcrumb\"},\"inLanguage\":\"es\",\"potentialAction\":[{\"@type\":\"ReadAction\",\"target\":[\"https:\/\/ttlcomputer.es\/new\/ttl-teknoslim-amd-ryzen-5-pro\/\"]}]},{\"@type\":\"BreadcrumbList\",\"@id\":\"https:\/\/ttlcomputer.es\/new\/ttl-teknoslim-amd-ryzen-5-pro\/#breadcrumb\",\"itemListElement\":[{\"@type\":\"ListItem\",\"position\":1,\"name\":\"Portada\",\"item\":\"https:\/\/ttlcomputer.es\/new\/\"},{\"@type\":\"ListItem\",\"position\":2,\"name\":\"TTL TEKNOSLIM AMD\u00ae Ryzen 5 Pro\"}]},{\"@type\":\"WebSite\",\"@id\":\"https:\/\/ttlcomputer.es\/new\/#website\",\"url\":\"https:\/\/ttlcomputer.es\/new\/\",\"name\":\"TTL Computer\",\"description\":\"\",\"publisher\":{\"@id\":\"https:\/\/ttlcomputer.es\/new\/#organization\"},\"potentialAction\":[{\"@type\":\"SearchAction\",\"target\":{\"@type\":\"EntryPoint\",\"urlTemplate\":\"https:\/\/ttlcomputer.es\/new\/?s={search_term_string}\"},\"query-input\":{\"@type\":\"PropertyValueSpecification\",\"valueRequired\":true,\"valueName\":\"search_term_string\"}}],\"inLanguage\":\"es\"},{\"@type\":\"Organization\",\"@id\":\"https:\/\/ttlcomputer.es\/new\/#organization\",\"name\":\"TTL Computer\",\"url\":\"https:\/\/ttlcomputer.es\/new\/\",\"logo\":{\"@type\":\"ImageObject\",\"inLanguage\":\"es\",\"@id\":\"https:\/\/ttlcomputer.es\/new\/#\/schema\/logo\/image\/\",\"url\":\"https:\/\/ttlcomputer.es\/new\/wp-content\/uploads\/2023\/06\/TTL-Negro.png\",\"contentUrl\":\"https:\/\/ttlcomputer.es\/new\/wp-content\/uploads\/2023\/06\/TTL-Negro.png\",\"width\":2810,\"height\":2194,\"caption\":\"TTL Computer \"},\"image\":{\"@id\":\"https:\/\/ttlcomputer.es\/new\/#\/schema\/logo\/image\/\"}}]}<\/script>\n<!-- \/ Yoast SEO plugin. -->","yoast_head_json":{"title":"TTL TEKNOSLIM AMD\u00ae Ryzen 5 Pro - TTL Computer","robots":{"index":"noindex","follow":"follow","max-snippet":"max-snippet:-1","max-image-preview":"max-image-preview:large","max-video-preview":"max-video-preview:-1"},"og_locale":"es_ES","og_type":"article","og_title":"TTL TEKNOSLIM AMD\u00ae Ryzen 5 Pro - TTL Computer","og_description":"Caracter\u00edsticas T\u00e9cnicas: Chasis Formato Sobremesa Slim SSF (Smart Form Factor)Permite su colocaci\u00f3n en horizontal y vertical sin p\u00e9rdidade funcionalidad.Dimensiones Alto x Ancho x Fondo (mm): 356 x 102 x338Ranura tipo Kensington de Seguridad Procesador AMD\u00ae Ryzen 5 Pro 4655GE Chipset AMD\u00ae A520 Memoria 32 GB DDR4 3200MHz Ampliable m\u00e1ximo a 64GB de memoria Unidades de &hellip; Leer m\u00e1s \u00abTTL TEKNOSLIM AMD\u00ae Ryzen 5 Pro\u00bb","og_url":"https:\/\/ttlcomputer.es\/new\/ttl-teknoslim-amd-ryzen-5-pro\/","og_site_name":"TTL Computer","article_modified_time":"2024-02-05T10:11:32+00:00","twitter_card":"summary_large_image","twitter_misc":{"Tiempo de lectura":"1 minuto"},"schema":{"@context":"https:\/\/schema.org","@graph":[{"@type":"WebPage","@id":"https:\/\/ttlcomputer.es\/new\/ttl-teknoslim-amd-ryzen-5-pro\/","url":"https:\/\/ttlcomputer.es\/new\/ttl-teknoslim-amd-ryzen-5-pro\/","name":"TTL TEKNOSLIM AMD\u00ae Ryzen 5 Pro - TTL Computer","isPartOf":{"@id":"https:\/\/ttlcomputer.es\/new\/#website"},"datePublished":"2024-02-05T09:41:24+00:00","dateModified":"2024-02-05T10:11:32+00:00","breadcrumb":{"@id":"https:\/\/ttlcomputer.es\/new\/ttl-teknoslim-amd-ryzen-5-pro\/#breadcrumb"},"inLanguage":"es","potentialAction":[{"@type":"ReadAction","target":["https:\/\/ttlcomputer.es\/new\/ttl-teknoslim-amd-ryzen-5-pro\/"]}]},{"@type":"BreadcrumbList","@id":"https:\/\/ttlcomputer.es\/new\/ttl-teknoslim-amd-ryzen-5-pro\/#breadcrumb","itemListElement":[{"@type":"ListItem","position":1,"name":"Portada","item":"https:\/\/ttlcomputer.es\/new\/"},{"@type":"ListItem","position":2,"name":"TTL TEKNOSLIM AMD\u00ae Ryzen 5 Pro"}]},{"@type":"WebSite","@id":"https:\/\/ttlcomputer.es\/new\/#website","url":"https:\/\/ttlcomputer.es\/new\/","name":"TTL Computer","description":"","publisher":{"@id":"https:\/\/ttlcomputer.es\/new\/#organization"},"potentialAction":[{"@type":"SearchAction","target":{"@type":"EntryPoint","urlTemplate":"https:\/\/ttlcomputer.es\/new\/?s={search_term_string}"},"query-input":{"@type":"PropertyValueSpecification","valueRequired":true,"valueName":"search_term_string"}}],"inLanguage":"es"},{"@type":"Organization","@id":"https:\/\/ttlcomputer.es\/new\/#organization","name":"TTL Computer","url":"https:\/\/ttlcomputer.es\/new\/","logo":{"@type":"ImageObject","inLanguage":"es","@id":"https:\/\/ttlcomputer.es\/new\/#\/schema\/logo\/image\/","url":"https:\/\/ttlcomputer.es\/new\/wp-content\/uploads\/2023\/06\/TTL-Negro.png","contentUrl":"https:\/\/ttlcomputer.es\/new\/wp-content\/uploads\/2023\/06\/TTL-Negro.png","width":2810,"height":2194,"caption":"TTL Computer "},"image":{"@id":"https:\/\/ttlcomputer.es\/new\/#\/schema\/logo\/image\/"}}]}},"_links":{"self":[{"href":"https:\/\/ttlcomputer.es\/new\/wp-json\/wp\/v2\/pages\/2227","targetHints":{"allow":["GET"]}}],"collection":[{"href":"https:\/\/ttlcomputer.es\/new\/wp-json\/wp\/v2\/pages"}],"about":[{"href":"https:\/\/ttlcomputer.es\/new\/wp-json\/wp\/v2\/types\/page"}],"author":[{"embeddable":true,"href":"https:\/\/ttlcomputer.es\/new\/wp-json\/wp\/v2\/users\/1"}],"replies":[{"embeddable":true,"href":"https:\/\/ttlcomputer.es\/new\/wp-json\/wp\/v2\/comments?post=2227"}],"version-history":[{"count":5,"href":"https:\/\/ttlcomputer.es\/new\/wp-json\/wp\/v2\/pages\/2227\/revisions"}],"predecessor-version":[{"id":2234,"href":"https:\/\/ttlcomputer.es\/new\/wp-json\/wp\/v2\/pages\/2227\/revisions\/2234"}],"wp:attachment":[{"href":"https:\/\/ttlcomputer.es\/new\/wp-json\/wp\/v2\/media?parent=2227"}],"curies":[{"name":"wp","href":"https:\/\/api.w.org\/{rel}","templated":true}]}}