{"id":2220,"date":"2024-02-05T09:18:02","date_gmt":"2024-02-05T09:18:02","guid":{"rendered":"https:\/\/ttlcomputer.es\/new\/?page_id=2220"},"modified":"2024-02-05T09:26:19","modified_gmt":"2024-02-05T09:26:19","slug":"portatil-ttl-14-pentium-gold","status":"publish","type":"page","link":"https:\/\/ttlcomputer.es\/new\/portatil-ttl-14-pentium-gold\/","title":{"rendered":"PORT\u00c1TIL TTL 14 PENTIUM GOLD"},"content":{"rendered":"\n\n\n<h2 class=\"wp-block-heading\">Caracter\u00edsticas T\u00e9cnicas:<\/h2>\n\n\n\n<figure class=\"wp-block-table\"><table><tbody><tr><td><strong>Procesador<\/strong><\/td><td>Intel\u00ae Pentium\u00ae Gold 8505<\/td><\/tr><tr><td><strong>Pantalla <\/strong><\/td><td>14\u201d HD (1366 x 768)<br>16:9 panel Antirreflejo<br>Brillo: 250cd\/m2<\/td><\/tr><tr><td><strong>Memoria<\/strong><\/td><td>8 Gb DDR4 3200MHz Ampliable m\u00e1ximo a 64GB de memoria<\/td><\/tr><tr><td><strong>Almacenamiento<\/strong><\/td><td>1x SSD 500GB M2 NVMe<\/td><\/tr><tr><td><strong>Audio<\/strong><\/td><td>Tarjeta de sonido integrada<br>High Definition Audio Intel\u00ae Smart Sound.<br>Altavoces internos est\u00e9reos: 2 x 2W.<\/td><\/tr><tr><td><strong>Controlador de video<\/strong><\/td><td>Gr\u00e1ficos UHD Intel\u00ae para procesadores Intel\u00ae de 12\u1d43 Generaci\u00f3n.<\/td><\/tr><tr><td><strong>Puertos I\/O<\/strong><\/td><td>2 x USB 3.2 Tipo A<br>1 x USB 3.2 Tipo C con capacidad de Power Delivery (Carga,<br>video, datos)<br>1 x HDMI 1.4<br>1 x Combo Jack Audio: Entrada\/salida de Audio<br>(micr\u00f3fono\/auriculares)<br>1 x Ethernet RJ-45 LAN port<br>1 x Micro SD Card Reader<\/td><\/tr><tr><td><strong>Teclado<\/strong><\/td><td>Teclado espa\u00f1ol, con tecla \u20ac y touchpad<\/td><\/tr><tr><td><strong>Comunicaciones<\/strong><\/td><td>10\/100\/1000Mb Base-TX Ethernet LAN<br>Intel\u00ae Dual Band Wifi 5 802.11ac 2&#215;2 + Bluetooth<br>Webcam escamoteable integrada de 2Megapixel.<br>Micr\u00f3fono integrado.<\/td><\/tr><tr><td><strong>Fuente Alimentaci\u00f3n,<br>Dimensiones y<br>bater\u00eda<\/strong><\/td><td>Fuente de 65W con conector Tipo DC<br>331.5 x 228.9 x 19.9 mm<br>1.5Kg. (Incluyendo bater\u00eda)<br>Bater\u00eda de 41Wh con capacidad de carga r\u00e1pida.<\/td><\/tr><tr><td><strong>Seguridad<\/strong><\/td><td>Modulo TPM 2.0 Hardware incluido<br>Ranura de seguridad tipo Kensington<\/td><\/tr><tr><td><strong>Sistema Operativo <\/strong><\/td><td>Windows 10 PRO \/ 11 PRO <\/td><\/tr><\/tbody><\/table><\/figure>\n","protected":false},"excerpt":{"rendered":"<p>Caracter\u00edsticas T\u00e9cnicas: Procesador Intel\u00ae Pentium\u00ae Gold 8505 Pantalla 14\u201d HD (1366 x 768)16:9 panel AntirreflejoBrillo: 250cd\/m2 Memoria 8 Gb DDR4 3200MHz Ampliable m\u00e1ximo a 64GB de memoria Almacenamiento 1x SSD 500GB M2 NVMe Audio Tarjeta de sonido integradaHigh Definition Audio Intel\u00ae Smart Sound.Altavoces internos est\u00e9reos: 2 x 2W. Controlador de video Gr\u00e1ficos UHD Intel\u00ae para &hellip; <\/p>\n<p class=\"link-more\"><a href=\"https:\/\/ttlcomputer.es\/new\/portatil-ttl-14-pentium-gold\/\" class=\"more-link\">Leer m\u00e1s<span class=\"screen-reader-text\"> \u00abPORT\u00c1TIL TTL 14 PENTIUM GOLD\u00bb<\/span><\/a><\/p>\n","protected":false},"author":1,"featured_media":0,"parent":0,"menu_order":0,"comment_status":"closed","ping_status":"closed","template":"","meta":{"saved_in_kubio":true,"inspiro_hide_title":false,"footnotes":""},"class_list":["post-2220","page","type-page","status-publish","hentry"],"kubio_ai_page_context":{"short_desc":"","purpose":"general"},"yoast_head":"<!-- This site is optimized with the Yoast SEO plugin v23.8 - https:\/\/yoast.com\/wordpress\/plugins\/seo\/ -->\n<title>PORT\u00c1TIL TTL 14 PENTIUM GOLD - TTL Computer<\/title>\n<meta name=\"robots\" content=\"noindex, follow, max-snippet:-1, max-image-preview:large, max-video-preview:-1\" \/>\n<meta property=\"og:locale\" content=\"es_ES\" \/>\n<meta property=\"og:type\" content=\"article\" \/>\n<meta property=\"og:title\" content=\"PORT\u00c1TIL TTL 14 PENTIUM GOLD - TTL Computer\" \/>\n<meta property=\"og:description\" content=\"Caracter\u00edsticas T\u00e9cnicas: Procesador Intel\u00ae Pentium\u00ae Gold 8505 Pantalla 14\u201d HD (1366 x 768)16:9 panel AntirreflejoBrillo: 250cd\/m2 Memoria 8 Gb DDR4 3200MHz Ampliable m\u00e1ximo a 64GB de memoria Almacenamiento 1x SSD 500GB M2 NVMe Audio Tarjeta de sonido integradaHigh Definition Audio Intel\u00ae Smart Sound.Altavoces internos est\u00e9reos: 2 x 2W. Controlador de video Gr\u00e1ficos UHD Intel\u00ae para &hellip; Leer m\u00e1s \u00abPORT\u00c1TIL TTL 14 PENTIUM GOLD\u00bb\" \/>\n<meta property=\"og:url\" content=\"https:\/\/ttlcomputer.es\/new\/portatil-ttl-14-pentium-gold\/\" \/>\n<meta property=\"og:site_name\" content=\"TTL Computer\" \/>\n<meta property=\"article:modified_time\" content=\"2024-02-05T09:26:19+00:00\" \/>\n<meta name=\"twitter:card\" content=\"summary_large_image\" \/>\n<meta name=\"twitter:label1\" content=\"Tiempo de lectura\" \/>\n\t<meta name=\"twitter:data1\" content=\"1 minuto\" \/>\n<script type=\"application\/ld+json\" class=\"yoast-schema-graph\">{\"@context\":\"https:\/\/schema.org\",\"@graph\":[{\"@type\":\"WebPage\",\"@id\":\"https:\/\/ttlcomputer.es\/new\/portatil-ttl-14-pentium-gold\/\",\"url\":\"https:\/\/ttlcomputer.es\/new\/portatil-ttl-14-pentium-gold\/\",\"name\":\"PORT\u00c1TIL TTL 14 PENTIUM GOLD - TTL Computer\",\"isPartOf\":{\"@id\":\"https:\/\/ttlcomputer.es\/new\/#website\"},\"datePublished\":\"2024-02-05T09:18:02+00:00\",\"dateModified\":\"2024-02-05T09:26:19+00:00\",\"breadcrumb\":{\"@id\":\"https:\/\/ttlcomputer.es\/new\/portatil-ttl-14-pentium-gold\/#breadcrumb\"},\"inLanguage\":\"es\",\"potentialAction\":[{\"@type\":\"ReadAction\",\"target\":[\"https:\/\/ttlcomputer.es\/new\/portatil-ttl-14-pentium-gold\/\"]}]},{\"@type\":\"BreadcrumbList\",\"@id\":\"https:\/\/ttlcomputer.es\/new\/portatil-ttl-14-pentium-gold\/#breadcrumb\",\"itemListElement\":[{\"@type\":\"ListItem\",\"position\":1,\"name\":\"Portada\",\"item\":\"https:\/\/ttlcomputer.es\/new\/\"},{\"@type\":\"ListItem\",\"position\":2,\"name\":\"PORT\u00c1TIL TTL 14 PENTIUM GOLD\"}]},{\"@type\":\"WebSite\",\"@id\":\"https:\/\/ttlcomputer.es\/new\/#website\",\"url\":\"https:\/\/ttlcomputer.es\/new\/\",\"name\":\"TTL Computer\",\"description\":\"\",\"publisher\":{\"@id\":\"https:\/\/ttlcomputer.es\/new\/#organization\"},\"potentialAction\":[{\"@type\":\"SearchAction\",\"target\":{\"@type\":\"EntryPoint\",\"urlTemplate\":\"https:\/\/ttlcomputer.es\/new\/?s={search_term_string}\"},\"query-input\":{\"@type\":\"PropertyValueSpecification\",\"valueRequired\":true,\"valueName\":\"search_term_string\"}}],\"inLanguage\":\"es\"},{\"@type\":\"Organization\",\"@id\":\"https:\/\/ttlcomputer.es\/new\/#organization\",\"name\":\"TTL Computer\",\"url\":\"https:\/\/ttlcomputer.es\/new\/\",\"logo\":{\"@type\":\"ImageObject\",\"inLanguage\":\"es\",\"@id\":\"https:\/\/ttlcomputer.es\/new\/#\/schema\/logo\/image\/\",\"url\":\"https:\/\/ttlcomputer.es\/new\/wp-content\/uploads\/2023\/06\/TTL-Negro.png\",\"contentUrl\":\"https:\/\/ttlcomputer.es\/new\/wp-content\/uploads\/2023\/06\/TTL-Negro.png\",\"width\":2810,\"height\":2194,\"caption\":\"TTL Computer \"},\"image\":{\"@id\":\"https:\/\/ttlcomputer.es\/new\/#\/schema\/logo\/image\/\"}}]}<\/script>\n<!-- \/ Yoast SEO plugin. -->","yoast_head_json":{"title":"PORT\u00c1TIL TTL 14 PENTIUM GOLD - TTL Computer","robots":{"index":"noindex","follow":"follow","max-snippet":"max-snippet:-1","max-image-preview":"max-image-preview:large","max-video-preview":"max-video-preview:-1"},"og_locale":"es_ES","og_type":"article","og_title":"PORT\u00c1TIL TTL 14 PENTIUM GOLD - TTL Computer","og_description":"Caracter\u00edsticas T\u00e9cnicas: Procesador Intel\u00ae Pentium\u00ae Gold 8505 Pantalla 14\u201d HD (1366 x 768)16:9 panel AntirreflejoBrillo: 250cd\/m2 Memoria 8 Gb DDR4 3200MHz Ampliable m\u00e1ximo a 64GB de memoria Almacenamiento 1x SSD 500GB M2 NVMe Audio Tarjeta de sonido integradaHigh Definition Audio Intel\u00ae Smart Sound.Altavoces internos est\u00e9reos: 2 x 2W. Controlador de video Gr\u00e1ficos UHD Intel\u00ae para &hellip; Leer m\u00e1s \u00abPORT\u00c1TIL TTL 14 PENTIUM GOLD\u00bb","og_url":"https:\/\/ttlcomputer.es\/new\/portatil-ttl-14-pentium-gold\/","og_site_name":"TTL Computer","article_modified_time":"2024-02-05T09:26:19+00:00","twitter_card":"summary_large_image","twitter_misc":{"Tiempo de lectura":"1 minuto"},"schema":{"@context":"https:\/\/schema.org","@graph":[{"@type":"WebPage","@id":"https:\/\/ttlcomputer.es\/new\/portatil-ttl-14-pentium-gold\/","url":"https:\/\/ttlcomputer.es\/new\/portatil-ttl-14-pentium-gold\/","name":"PORT\u00c1TIL TTL 14 PENTIUM GOLD - TTL Computer","isPartOf":{"@id":"https:\/\/ttlcomputer.es\/new\/#website"},"datePublished":"2024-02-05T09:18:02+00:00","dateModified":"2024-02-05T09:26:19+00:00","breadcrumb":{"@id":"https:\/\/ttlcomputer.es\/new\/portatil-ttl-14-pentium-gold\/#breadcrumb"},"inLanguage":"es","potentialAction":[{"@type":"ReadAction","target":["https:\/\/ttlcomputer.es\/new\/portatil-ttl-14-pentium-gold\/"]}]},{"@type":"BreadcrumbList","@id":"https:\/\/ttlcomputer.es\/new\/portatil-ttl-14-pentium-gold\/#breadcrumb","itemListElement":[{"@type":"ListItem","position":1,"name":"Portada","item":"https:\/\/ttlcomputer.es\/new\/"},{"@type":"ListItem","position":2,"name":"PORT\u00c1TIL TTL 14 PENTIUM GOLD"}]},{"@type":"WebSite","@id":"https:\/\/ttlcomputer.es\/new\/#website","url":"https:\/\/ttlcomputer.es\/new\/","name":"TTL Computer","description":"","publisher":{"@id":"https:\/\/ttlcomputer.es\/new\/#organization"},"potentialAction":[{"@type":"SearchAction","target":{"@type":"EntryPoint","urlTemplate":"https:\/\/ttlcomputer.es\/new\/?s={search_term_string}"},"query-input":{"@type":"PropertyValueSpecification","valueRequired":true,"valueName":"search_term_string"}}],"inLanguage":"es"},{"@type":"Organization","@id":"https:\/\/ttlcomputer.es\/new\/#organization","name":"TTL Computer","url":"https:\/\/ttlcomputer.es\/new\/","logo":{"@type":"ImageObject","inLanguage":"es","@id":"https:\/\/ttlcomputer.es\/new\/#\/schema\/logo\/image\/","url":"https:\/\/ttlcomputer.es\/new\/wp-content\/uploads\/2023\/06\/TTL-Negro.png","contentUrl":"https:\/\/ttlcomputer.es\/new\/wp-content\/uploads\/2023\/06\/TTL-Negro.png","width":2810,"height":2194,"caption":"TTL Computer "},"image":{"@id":"https:\/\/ttlcomputer.es\/new\/#\/schema\/logo\/image\/"}}]}},"_links":{"self":[{"href":"https:\/\/ttlcomputer.es\/new\/wp-json\/wp\/v2\/pages\/2220","targetHints":{"allow":["GET"]}}],"collection":[{"href":"https:\/\/ttlcomputer.es\/new\/wp-json\/wp\/v2\/pages"}],"about":[{"href":"https:\/\/ttlcomputer.es\/new\/wp-json\/wp\/v2\/types\/page"}],"author":[{"embeddable":true,"href":"https:\/\/ttlcomputer.es\/new\/wp-json\/wp\/v2\/users\/1"}],"replies":[{"embeddable":true,"href":"https:\/\/ttlcomputer.es\/new\/wp-json\/wp\/v2\/comments?post=2220"}],"version-history":[{"count":2,"href":"https:\/\/ttlcomputer.es\/new\/wp-json\/wp\/v2\/pages\/2220\/revisions"}],"predecessor-version":[{"id":2224,"href":"https:\/\/ttlcomputer.es\/new\/wp-json\/wp\/v2\/pages\/2220\/revisions\/2224"}],"wp:attachment":[{"href":"https:\/\/ttlcomputer.es\/new\/wp-json\/wp\/v2\/media?parent=2220"}],"curies":[{"name":"wp","href":"https:\/\/api.w.org\/{rel}","templated":true}]}}