{"id":2029,"date":"2024-01-26T12:46:15","date_gmt":"2024-01-26T12:46:15","guid":{"rendered":"https:\/\/ttlcomputer.es\/new\/?page_id=2029"},"modified":"2025-01-23T11:32:48","modified_gmt":"2025-01-23T11:32:48","slug":"monitor-ttl-27%e2%80%b3","status":"publish","type":"page","link":"https:\/\/ttlcomputer.es\/new\/monitor-ttl-27%e2%80%b3\/","title":{"rendered":"MONITOR TTL 27\u2033"},"content":{"rendered":"\n<h2 class=\"wp-block-heading has-text-align-center\">MONITOR TTL 27\u2033<\/h2>\n\n\n\n<figure class=\"wp-block-image aligncenter size-large is-resized\"><img loading=\"lazy\" decoding=\"async\" width=\"1024\" height=\"1024\" src=\"https:\/\/ttlcomputer.es\/new\/wp-content\/uploads\/2023\/06\/TTL-M27VHD-front-1-4-1024x1024.jpg\" alt=\"\" class=\"wp-image-989\" style=\"width:424px;height:auto\" srcset=\"https:\/\/ttlcomputer.es\/new\/wp-content\/uploads\/2023\/06\/TTL-M27VHD-front-1-4-1024x1024.jpg 1024w, https:\/\/ttlcomputer.es\/new\/wp-content\/uploads\/2023\/06\/TTL-M27VHD-front-1-4-300x300.jpg 300w, https:\/\/ttlcomputer.es\/new\/wp-content\/uploads\/2023\/06\/TTL-M27VHD-front-1-4-150x150.jpg 150w, https:\/\/ttlcomputer.es\/new\/wp-content\/uploads\/2023\/06\/TTL-M27VHD-front-1-4-768x768.jpg 768w, https:\/\/ttlcomputer.es\/new\/wp-content\/uploads\/2023\/06\/TTL-M27VHD-front-1-4-1536x1536.jpg 1536w, https:\/\/ttlcomputer.es\/new\/wp-content\/uploads\/2023\/06\/TTL-M27VHD-front-1-4-1080x1080.jpg 1080w, https:\/\/ttlcomputer.es\/new\/wp-content\/uploads\/2023\/06\/TTL-M27VHD-front-1-4.jpg 1600w\" sizes=\"(max-width: 1024px) 100vw, 1024px\" \/><\/figure>\n\n\n\n<figure class=\"wp-block-table\"><table><thead><tr><th>Caracter\u00edsticas T\u00e9cnicas Modelos Espec\u00edficos Monitor TTL 27\u2033 <\/th><\/tr><\/thead><tbody><tr><td><strong><a href=\"https:\/\/ttlcomputer.es\/new\/monitor-ttl-27-M27VHD-P4\/\" data-type=\"link\" data-id=\"https:\/\/ttlcomputer.es\/new\/monitor-ttl-27-M27VHD-P4\/\">MONITOR TTL M27VHD<\/a><\/strong><\/td><\/tr><tr><td><strong><a href=\"https:\/\/ttlcomputer.es\/new\/monitor-m27ihd\/\" data-type=\"link\" data-id=\"https:\/\/ttlcomputer.es\/new\/monitor-ttl-27-M27VHD-P4\/\">MONITOR TTL M27IHD<\/a><\/strong><\/td><\/tr><tr><td><strong><a href=\"https:\/\/ttlcomputer.es\/new\/monitor-m27whd\/\" data-type=\"link\" data-id=\"https:\/\/ttlcomputer.es\/new\/monitor-ttl-27-M27VHD-P4\/\">MONITOR TTL M27WHD<\/a><\/strong><\/td><\/tr><\/tbody><\/table><\/figure>\n","protected":false},"excerpt":{"rendered":"<p>MONITOR TTL 27\u2033 Caracter\u00edsticas T\u00e9cnicas Modelos Espec\u00edficos Monitor TTL 27\u2033 MONITOR TTL M27VHD MONITOR TTL M27IHD MONITOR TTL M27WHD<\/p>\n","protected":false},"author":1,"featured_media":0,"parent":0,"menu_order":0,"comment_status":"closed","ping_status":"closed","template":"","meta":{"saved_in_kubio":true,"inspiro_hide_title":false,"footnotes":""},"class_list":["post-2029","page","type-page","status-publish","hentry"],"kubio_ai_page_context":{"short_desc":"","purpose":"general"},"yoast_head":"<!-- This site is optimized with the Yoast SEO plugin v23.8 - https:\/\/yoast.com\/wordpress\/plugins\/seo\/ -->\n<title>MONITOR TTL 27\u2033 - TTL Computer<\/title>\n<meta name=\"robots\" content=\"noindex, follow, max-snippet:-1, max-image-preview:large, max-video-preview:-1\" \/>\n<meta property=\"og:locale\" content=\"es_ES\" \/>\n<meta property=\"og:type\" content=\"article\" \/>\n<meta property=\"og:title\" content=\"MONITOR TTL 27\u2033 - TTL Computer\" \/>\n<meta property=\"og:description\" content=\"MONITOR TTL 27\u2033 Caracter\u00edsticas T\u00e9cnicas Modelos Espec\u00edficos Monitor TTL 27\u2033 MONITOR TTL M27VHD MONITOR TTL M27IHD MONITOR TTL M27WHD\" \/>\n<meta property=\"og:url\" content=\"https:\/\/ttlcomputer.es\/new\/monitor-ttl-27\u2033\/\" \/>\n<meta property=\"og:site_name\" content=\"TTL Computer\" \/>\n<meta property=\"article:modified_time\" content=\"2025-01-23T11:32:48+00:00\" \/>\n<meta property=\"og:image\" content=\"https:\/\/ttlcomputer.es\/new\/wp-content\/uploads\/2023\/06\/TTL-M27VHD-front-1-4.jpg\" \/>\n\t<meta property=\"og:image:width\" content=\"1600\" \/>\n\t<meta property=\"og:image:height\" content=\"1600\" \/>\n\t<meta property=\"og:image:type\" content=\"image\/jpeg\" \/>\n<meta name=\"twitter:card\" content=\"summary_large_image\" \/>\n<meta name=\"twitter:label1\" content=\"Tiempo de lectura\" \/>\n\t<meta name=\"twitter:data1\" content=\"1 minuto\" \/>\n<script type=\"application\/ld+json\" class=\"yoast-schema-graph\">{\"@context\":\"https:\/\/schema.org\",\"@graph\":[{\"@type\":\"WebPage\",\"@id\":\"https:\/\/ttlcomputer.es\/new\/monitor-ttl-27%e2%80%b3\/\",\"url\":\"https:\/\/ttlcomputer.es\/new\/monitor-ttl-27%e2%80%b3\/\",\"name\":\"MONITOR TTL 27\u2033 - TTL Computer\",\"isPartOf\":{\"@id\":\"https:\/\/ttlcomputer.es\/new\/#website\"},\"primaryImageOfPage\":{\"@id\":\"https:\/\/ttlcomputer.es\/new\/monitor-ttl-27%e2%80%b3\/#primaryimage\"},\"image\":{\"@id\":\"https:\/\/ttlcomputer.es\/new\/monitor-ttl-27%e2%80%b3\/#primaryimage\"},\"thumbnailUrl\":\"https:\/\/ttlcomputer.es\/new\/wp-content\/uploads\/2023\/06\/TTL-M27VHD-front-1-4-1024x1024.jpg\",\"datePublished\":\"2024-01-26T12:46:15+00:00\",\"dateModified\":\"2025-01-23T11:32:48+00:00\",\"breadcrumb\":{\"@id\":\"https:\/\/ttlcomputer.es\/new\/monitor-ttl-27%e2%80%b3\/#breadcrumb\"},\"inLanguage\":\"es\",\"potentialAction\":[{\"@type\":\"ReadAction\",\"target\":[\"https:\/\/ttlcomputer.es\/new\/monitor-ttl-27%e2%80%b3\/\"]}]},{\"@type\":\"ImageObject\",\"inLanguage\":\"es\",\"@id\":\"https:\/\/ttlcomputer.es\/new\/monitor-ttl-27%e2%80%b3\/#primaryimage\",\"url\":\"https:\/\/ttlcomputer.es\/new\/wp-content\/uploads\/2023\/06\/TTL-M27VHD-front-1-4.jpg\",\"contentUrl\":\"https:\/\/ttlcomputer.es\/new\/wp-content\/uploads\/2023\/06\/TTL-M27VHD-front-1-4.jpg\",\"width\":1600,\"height\":1600},{\"@type\":\"BreadcrumbList\",\"@id\":\"https:\/\/ttlcomputer.es\/new\/monitor-ttl-27%e2%80%b3\/#breadcrumb\",\"itemListElement\":[{\"@type\":\"ListItem\",\"position\":1,\"name\":\"Portada\",\"item\":\"https:\/\/ttlcomputer.es\/new\/\"},{\"@type\":\"ListItem\",\"position\":2,\"name\":\"MONITOR TTL 27\u2033\"}]},{\"@type\":\"WebSite\",\"@id\":\"https:\/\/ttlcomputer.es\/new\/#website\",\"url\":\"https:\/\/ttlcomputer.es\/new\/\",\"name\":\"TTL Computer\",\"description\":\"\",\"publisher\":{\"@id\":\"https:\/\/ttlcomputer.es\/new\/#organization\"},\"potentialAction\":[{\"@type\":\"SearchAction\",\"target\":{\"@type\":\"EntryPoint\",\"urlTemplate\":\"https:\/\/ttlcomputer.es\/new\/?s={search_term_string}\"},\"query-input\":{\"@type\":\"PropertyValueSpecification\",\"valueRequired\":true,\"valueName\":\"search_term_string\"}}],\"inLanguage\":\"es\"},{\"@type\":\"Organization\",\"@id\":\"https:\/\/ttlcomputer.es\/new\/#organization\",\"name\":\"TTL Computer\",\"url\":\"https:\/\/ttlcomputer.es\/new\/\",\"logo\":{\"@type\":\"ImageObject\",\"inLanguage\":\"es\",\"@id\":\"https:\/\/ttlcomputer.es\/new\/#\/schema\/logo\/image\/\",\"url\":\"https:\/\/ttlcomputer.es\/new\/wp-content\/uploads\/2023\/06\/TTL-Negro.png\",\"contentUrl\":\"https:\/\/ttlcomputer.es\/new\/wp-content\/uploads\/2023\/06\/TTL-Negro.png\",\"width\":2810,\"height\":2194,\"caption\":\"TTL Computer \"},\"image\":{\"@id\":\"https:\/\/ttlcomputer.es\/new\/#\/schema\/logo\/image\/\"}}]}<\/script>\n<!-- \/ Yoast SEO plugin. -->","yoast_head_json":{"title":"MONITOR TTL 27\u2033 - TTL Computer","robots":{"index":"noindex","follow":"follow","max-snippet":"max-snippet:-1","max-image-preview":"max-image-preview:large","max-video-preview":"max-video-preview:-1"},"og_locale":"es_ES","og_type":"article","og_title":"MONITOR TTL 27\u2033 - TTL Computer","og_description":"MONITOR TTL 27\u2033 Caracter\u00edsticas T\u00e9cnicas Modelos Espec\u00edficos Monitor TTL 27\u2033 MONITOR TTL M27VHD MONITOR TTL M27IHD MONITOR TTL M27WHD","og_url":"https:\/\/ttlcomputer.es\/new\/monitor-ttl-27\u2033\/","og_site_name":"TTL Computer","article_modified_time":"2025-01-23T11:32:48+00:00","og_image":[{"width":1600,"height":1600,"url":"https:\/\/ttlcomputer.es\/new\/wp-content\/uploads\/2023\/06\/TTL-M27VHD-front-1-4.jpg","type":"image\/jpeg"}],"twitter_card":"summary_large_image","twitter_misc":{"Tiempo de lectura":"1 minuto"},"schema":{"@context":"https:\/\/schema.org","@graph":[{"@type":"WebPage","@id":"https:\/\/ttlcomputer.es\/new\/monitor-ttl-27%e2%80%b3\/","url":"https:\/\/ttlcomputer.es\/new\/monitor-ttl-27%e2%80%b3\/","name":"MONITOR TTL 27\u2033 - TTL Computer","isPartOf":{"@id":"https:\/\/ttlcomputer.es\/new\/#website"},"primaryImageOfPage":{"@id":"https:\/\/ttlcomputer.es\/new\/monitor-ttl-27%e2%80%b3\/#primaryimage"},"image":{"@id":"https:\/\/ttlcomputer.es\/new\/monitor-ttl-27%e2%80%b3\/#primaryimage"},"thumbnailUrl":"https:\/\/ttlcomputer.es\/new\/wp-content\/uploads\/2023\/06\/TTL-M27VHD-front-1-4-1024x1024.jpg","datePublished":"2024-01-26T12:46:15+00:00","dateModified":"2025-01-23T11:32:48+00:00","breadcrumb":{"@id":"https:\/\/ttlcomputer.es\/new\/monitor-ttl-27%e2%80%b3\/#breadcrumb"},"inLanguage":"es","potentialAction":[{"@type":"ReadAction","target":["https:\/\/ttlcomputer.es\/new\/monitor-ttl-27%e2%80%b3\/"]}]},{"@type":"ImageObject","inLanguage":"es","@id":"https:\/\/ttlcomputer.es\/new\/monitor-ttl-27%e2%80%b3\/#primaryimage","url":"https:\/\/ttlcomputer.es\/new\/wp-content\/uploads\/2023\/06\/TTL-M27VHD-front-1-4.jpg","contentUrl":"https:\/\/ttlcomputer.es\/new\/wp-content\/uploads\/2023\/06\/TTL-M27VHD-front-1-4.jpg","width":1600,"height":1600},{"@type":"BreadcrumbList","@id":"https:\/\/ttlcomputer.es\/new\/monitor-ttl-27%e2%80%b3\/#breadcrumb","itemListElement":[{"@type":"ListItem","position":1,"name":"Portada","item":"https:\/\/ttlcomputer.es\/new\/"},{"@type":"ListItem","position":2,"name":"MONITOR TTL 27\u2033"}]},{"@type":"WebSite","@id":"https:\/\/ttlcomputer.es\/new\/#website","url":"https:\/\/ttlcomputer.es\/new\/","name":"TTL Computer","description":"","publisher":{"@id":"https:\/\/ttlcomputer.es\/new\/#organization"},"potentialAction":[{"@type":"SearchAction","target":{"@type":"EntryPoint","urlTemplate":"https:\/\/ttlcomputer.es\/new\/?s={search_term_string}"},"query-input":{"@type":"PropertyValueSpecification","valueRequired":true,"valueName":"search_term_string"}}],"inLanguage":"es"},{"@type":"Organization","@id":"https:\/\/ttlcomputer.es\/new\/#organization","name":"TTL Computer","url":"https:\/\/ttlcomputer.es\/new\/","logo":{"@type":"ImageObject","inLanguage":"es","@id":"https:\/\/ttlcomputer.es\/new\/#\/schema\/logo\/image\/","url":"https:\/\/ttlcomputer.es\/new\/wp-content\/uploads\/2023\/06\/TTL-Negro.png","contentUrl":"https:\/\/ttlcomputer.es\/new\/wp-content\/uploads\/2023\/06\/TTL-Negro.png","width":2810,"height":2194,"caption":"TTL Computer "},"image":{"@id":"https:\/\/ttlcomputer.es\/new\/#\/schema\/logo\/image\/"}}]}},"_links":{"self":[{"href":"https:\/\/ttlcomputer.es\/new\/wp-json\/wp\/v2\/pages\/2029","targetHints":{"allow":["GET"]}}],"collection":[{"href":"https:\/\/ttlcomputer.es\/new\/wp-json\/wp\/v2\/pages"}],"about":[{"href":"https:\/\/ttlcomputer.es\/new\/wp-json\/wp\/v2\/types\/page"}],"author":[{"embeddable":true,"href":"https:\/\/ttlcomputer.es\/new\/wp-json\/wp\/v2\/users\/1"}],"replies":[{"embeddable":true,"href":"https:\/\/ttlcomputer.es\/new\/wp-json\/wp\/v2\/comments?post=2029"}],"version-history":[{"count":7,"href":"https:\/\/ttlcomputer.es\/new\/wp-json\/wp\/v2\/pages\/2029\/revisions"}],"predecessor-version":[{"id":2594,"href":"https:\/\/ttlcomputer.es\/new\/wp-json\/wp\/v2\/pages\/2029\/revisions\/2594"}],"wp:attachment":[{"href":"https:\/\/ttlcomputer.es\/new\/wp-json\/wp\/v2\/media?parent=2029"}],"curies":[{"name":"wp","href":"https:\/\/api.w.org\/{rel}","templated":true}]}}