{"id":2027,"date":"2024-01-26T12:39:36","date_gmt":"2024-01-26T12:39:36","guid":{"rendered":"https:\/\/ttlcomputer.es\/new\/?page_id=2027"},"modified":"2024-04-09T09:28:27","modified_gmt":"2024-04-09T09:28:27","slug":"monitor-ttl-27-m27vhd-p4","status":"publish","type":"page","link":"https:\/\/ttlcomputer.es\/new\/monitor-ttl-27-m27vhd-p4\/","title":{"rendered":"MONITOR TTL 27\u2033"},"content":{"rendered":"\n<p><a href=\"https:\/\/ttlcomputer.es\/wp-content\/uploads\/2023\/03\/Purple-Grey-Modern-Computer-Logo-1-1.png\"><\/a><\/p>\n\n\n\n\n\n\n\n<h2 class=\"wp-block-heading\">Caracter\u00edsticas T\u00e9cnicas:<\/h2>\n\n\n\n<figure class=\"wp-block-table\"><table><tbody><tr><td><strong>P\/N<\/strong><\/td><td>M27VHD-P4<\/td><\/tr><tr><td><strong>Tama\u00f1o de pantalla<\/strong><\/td><td>68,60cm \/ 27\u201d Diagonal<\/td><\/tr><tr><td><strong>Formato<\/strong><\/td><td>16:9<\/td><\/tr><tr><td><strong>Tecnolog\u00eda<\/strong><\/td><td>LED (Clase 1)<\/td><\/tr><tr><td><strong>Gama<\/strong><\/td><td>Professional<\/td><\/tr><tr><td><strong>Tiempo de respuesta<\/strong><\/td><td>8 ms<\/td><\/tr><tr><td><strong>Brillo<\/strong><\/td><td>250 cd\/m2<\/td><\/tr><tr><td><strong>Resoluci\u00f3n Contraste<\/strong><\/td><td>1920 x 1080 Full HD<\/td><\/tr><tr><td><strong>\u00c1ngulo de visi\u00f3n (H\/V)<\/strong><\/td><td>178\u00ba \/ 178\u00ba<\/td><\/tr><tr><td><strong>Input 1<\/strong><\/td><td>D-Sub (VGA)<\/td><\/tr><tr><td><strong>Input 2<\/strong><\/td><td>HDMI<\/td><\/tr><tr><td><strong>Input 3<\/strong><\/td><td>USB Type-C (signal, no Power Delivery)<\/td><\/tr><tr><td><strong>Altavoces<\/strong><\/td><td>2 altavoces integrados de 1.5W cada uno<\/td><\/tr><tr><td><strong>Dimensiones del producto<\/strong><\/td><td>613 x 228 x 529 mm<\/td><\/tr><tr><td><strong>Peso<\/strong><\/td><td>5.90 Kgs<\/td><\/tr><tr><td><strong>Montaje VESA<\/strong><\/td><td>100 x 100 mm<\/td><\/tr><tr><td><strong>Regulaci\u00f3n altura<\/strong><\/td><td>Monitor ajustable en altura (hasta 120 mm)<\/td><\/tr><tr><td><strong>Inclinaci\u00f3n<\/strong><\/td><td>Inclinaci\u00f3n: -5\u00b0 ~ 20\u00b0<\/td><\/tr><tr><td><strong>Giro\/ Rotaci\u00f3n<\/strong><\/td><td>Rotaci\u00f3n 90\u00b0 en el sentido de las agujas del reloj<\/td><\/tr><tr><td><strong>Certificados, normas y licencias<\/strong><\/td><td>CE, RoHS, ISO 13406-2, CLASE l, Ecolabel \u00abLicencia Ecolabel: ES-AN\/022\/00001\u00bb<\/td><\/tr><\/tbody><\/table><figcaption class=\"wp-element-caption\">Incluye cable HDMI\/HDMI para conexi\u00f3n con equipo de sobremesa (Opcional HDMI\/DP).<br>\u00b7 incluye cable de alimentaci\u00f3n el\u00e9ctrica.<\/figcaption><\/figure>\n\n\n\n<div class=\"wp-block-buttons is-layout-flex wp-block-buttons-is-layout-flex\">\n<div class=\"wp-block-button\"><a class=\"wp-block-button__link has-white-color has-text-color has-link-color wp-element-button\" href=\"https:\/\/app.powerbi.com\/view?r=eyJrIjoiMzAyMzVkNWMtNmJhOS00ZDg4LWIzMTItNzczMDkwODBiNjRmIiwidCI6ImIyNGM4YjA2LTUyMmMtNDZmZS05MDgwLTcwOTI2ZjhkZGRiMSIsImMiOjh9\" target=\"_blank\" rel=\"noreferrer noopener\">ECOLABEL<\/a><\/div>\n\n\n\n<div class=\"wp-block-button\"><a class=\"wp-block-button__link has-white-color has-text-color has-link-color wp-element-button\" href=\"https:\/\/eprel.ec.europa.eu\/screen\/product\/electronicdisplays\/590935\" target=\"_blank\" rel=\"noreferrer noopener\">EPREL \u2013 Etiquetado energ\u00e9tico<\/a><\/div>\n\n\n\n<div class=\"wp-block-button\"><a class=\"wp-block-button__link has-white-color has-text-color has-link-color wp-element-button\" href=\"https:\/\/www.teknoservice.es\/pide-presupuesto\/\" target=\"_blank\" rel=\"noreferrer noopener\">Pedir presupuesto<\/a><\/div>\n\n\n\n<div class=\"wp-block-button\"><a class=\"wp-block-button__link has-white-color has-text-color has-link-color wp-element-button\" href=\"https:\/\/ttlcomputer.es\/new\/wp-content\/uploads\/2024\/02\/MONITOR-M27VHD__.pdf\" target=\"_blank\" rel=\"noreferrer noopener\">Descargar ficha t\u00e9cnica<\/a><\/div>\n<\/div>\n","protected":false},"excerpt":{"rendered":"<p>Caracter\u00edsticas T\u00e9cnicas: P\/N M27VHD-P4 Tama\u00f1o de pantalla 68,60cm \/ 27\u201d Diagonal Formato 16:9 Tecnolog\u00eda LED (Clase 1) Gama Professional Tiempo de respuesta 8 ms Brillo 250 cd\/m2 Resoluci\u00f3n Contraste 1920 x 1080 Full HD \u00c1ngulo de visi\u00f3n (H\/V) 178\u00ba \/ 178\u00ba Input 1 D-Sub (VGA) Input 2 HDMI Input 3 USB Type-C (signal, no Power &hellip; <\/p>\n<p class=\"link-more\"><a href=\"https:\/\/ttlcomputer.es\/new\/monitor-ttl-27-m27vhd-p4\/\" class=\"more-link\">Leer m\u00e1s<span class=\"screen-reader-text\"> \u00abMONITOR TTL 27\u2033\u00bb<\/span><\/a><\/p>\n","protected":false},"author":1,"featured_media":0,"parent":0,"menu_order":0,"comment_status":"closed","ping_status":"closed","template":"","meta":{"saved_in_kubio":true,"inspiro_hide_title":false,"footnotes":""},"class_list":["post-2027","page","type-page","status-publish","hentry"],"kubio_ai_page_context":{"short_desc":"","purpose":"general"},"yoast_head":"<!-- This site is optimized with the Yoast SEO plugin v23.8 - https:\/\/yoast.com\/wordpress\/plugins\/seo\/ -->\n<title>MONITOR TTL 27\u2033 - TTL Computer<\/title>\n<meta name=\"robots\" content=\"noindex, follow, max-snippet:-1, max-image-preview:large, max-video-preview:-1\" \/>\n<meta property=\"og:locale\" content=\"es_ES\" \/>\n<meta property=\"og:type\" content=\"article\" \/>\n<meta property=\"og:title\" content=\"MONITOR TTL 27\u2033 - TTL Computer\" \/>\n<meta property=\"og:description\" content=\"Caracter\u00edsticas T\u00e9cnicas: P\/N M27VHD-P4 Tama\u00f1o de pantalla 68,60cm \/ 27\u201d Diagonal Formato 16:9 Tecnolog\u00eda LED (Clase 1) Gama Professional Tiempo de respuesta 8 ms Brillo 250 cd\/m2 Resoluci\u00f3n Contraste 1920 x 1080 Full HD \u00c1ngulo de visi\u00f3n (H\/V) 178\u00ba \/ 178\u00ba Input 1 D-Sub (VGA) Input 2 HDMI Input 3 USB Type-C (signal, no Power &hellip; Leer m\u00e1s \u00abMONITOR TTL 27\u2033\u00bb\" \/>\n<meta property=\"og:url\" content=\"https:\/\/ttlcomputer.es\/new\/monitor-ttl-27-m27vhd-p4\/\" \/>\n<meta property=\"og:site_name\" content=\"TTL Computer\" \/>\n<meta property=\"article:modified_time\" content=\"2024-04-09T09:28:27+00:00\" \/>\n<meta name=\"twitter:card\" content=\"summary_large_image\" \/>\n<script type=\"application\/ld+json\" class=\"yoast-schema-graph\">{\"@context\":\"https:\/\/schema.org\",\"@graph\":[{\"@type\":\"WebPage\",\"@id\":\"https:\/\/ttlcomputer.es\/new\/monitor-ttl-27-m27vhd-p4\/\",\"url\":\"https:\/\/ttlcomputer.es\/new\/monitor-ttl-27-m27vhd-p4\/\",\"name\":\"MONITOR TTL 27\u2033 - TTL Computer\",\"isPartOf\":{\"@id\":\"https:\/\/ttlcomputer.es\/new\/#website\"},\"datePublished\":\"2024-01-26T12:39:36+00:00\",\"dateModified\":\"2024-04-09T09:28:27+00:00\",\"breadcrumb\":{\"@id\":\"https:\/\/ttlcomputer.es\/new\/monitor-ttl-27-m27vhd-p4\/#breadcrumb\"},\"inLanguage\":\"es\",\"potentialAction\":[{\"@type\":\"ReadAction\",\"target\":[\"https:\/\/ttlcomputer.es\/new\/monitor-ttl-27-m27vhd-p4\/\"]}]},{\"@type\":\"BreadcrumbList\",\"@id\":\"https:\/\/ttlcomputer.es\/new\/monitor-ttl-27-m27vhd-p4\/#breadcrumb\",\"itemListElement\":[{\"@type\":\"ListItem\",\"position\":1,\"name\":\"Portada\",\"item\":\"https:\/\/ttlcomputer.es\/new\/\"},{\"@type\":\"ListItem\",\"position\":2,\"name\":\"MONITOR TTL 27\u2033\"}]},{\"@type\":\"WebSite\",\"@id\":\"https:\/\/ttlcomputer.es\/new\/#website\",\"url\":\"https:\/\/ttlcomputer.es\/new\/\",\"name\":\"TTL Computer\",\"description\":\"\",\"publisher\":{\"@id\":\"https:\/\/ttlcomputer.es\/new\/#organization\"},\"potentialAction\":[{\"@type\":\"SearchAction\",\"target\":{\"@type\":\"EntryPoint\",\"urlTemplate\":\"https:\/\/ttlcomputer.es\/new\/?s={search_term_string}\"},\"query-input\":{\"@type\":\"PropertyValueSpecification\",\"valueRequired\":true,\"valueName\":\"search_term_string\"}}],\"inLanguage\":\"es\"},{\"@type\":\"Organization\",\"@id\":\"https:\/\/ttlcomputer.es\/new\/#organization\",\"name\":\"TTL Computer\",\"url\":\"https:\/\/ttlcomputer.es\/new\/\",\"logo\":{\"@type\":\"ImageObject\",\"inLanguage\":\"es\",\"@id\":\"https:\/\/ttlcomputer.es\/new\/#\/schema\/logo\/image\/\",\"url\":\"https:\/\/ttlcomputer.es\/new\/wp-content\/uploads\/2023\/06\/TTL-Negro.png\",\"contentUrl\":\"https:\/\/ttlcomputer.es\/new\/wp-content\/uploads\/2023\/06\/TTL-Negro.png\",\"width\":2810,\"height\":2194,\"caption\":\"TTL Computer \"},\"image\":{\"@id\":\"https:\/\/ttlcomputer.es\/new\/#\/schema\/logo\/image\/\"}}]}<\/script>\n<!-- \/ Yoast SEO plugin. -->","yoast_head_json":{"title":"MONITOR TTL 27\u2033 - TTL Computer","robots":{"index":"noindex","follow":"follow","max-snippet":"max-snippet:-1","max-image-preview":"max-image-preview:large","max-video-preview":"max-video-preview:-1"},"og_locale":"es_ES","og_type":"article","og_title":"MONITOR TTL 27\u2033 - TTL Computer","og_description":"Caracter\u00edsticas T\u00e9cnicas: P\/N M27VHD-P4 Tama\u00f1o de pantalla 68,60cm \/ 27\u201d Diagonal Formato 16:9 Tecnolog\u00eda LED (Clase 1) Gama Professional Tiempo de respuesta 8 ms Brillo 250 cd\/m2 Resoluci\u00f3n Contraste 1920 x 1080 Full HD \u00c1ngulo de visi\u00f3n (H\/V) 178\u00ba \/ 178\u00ba Input 1 D-Sub (VGA) Input 2 HDMI Input 3 USB Type-C (signal, no Power &hellip; Leer m\u00e1s \u00abMONITOR TTL 27\u2033\u00bb","og_url":"https:\/\/ttlcomputer.es\/new\/monitor-ttl-27-m27vhd-p4\/","og_site_name":"TTL Computer","article_modified_time":"2024-04-09T09:28:27+00:00","twitter_card":"summary_large_image","schema":{"@context":"https:\/\/schema.org","@graph":[{"@type":"WebPage","@id":"https:\/\/ttlcomputer.es\/new\/monitor-ttl-27-m27vhd-p4\/","url":"https:\/\/ttlcomputer.es\/new\/monitor-ttl-27-m27vhd-p4\/","name":"MONITOR TTL 27\u2033 - TTL Computer","isPartOf":{"@id":"https:\/\/ttlcomputer.es\/new\/#website"},"datePublished":"2024-01-26T12:39:36+00:00","dateModified":"2024-04-09T09:28:27+00:00","breadcrumb":{"@id":"https:\/\/ttlcomputer.es\/new\/monitor-ttl-27-m27vhd-p4\/#breadcrumb"},"inLanguage":"es","potentialAction":[{"@type":"ReadAction","target":["https:\/\/ttlcomputer.es\/new\/monitor-ttl-27-m27vhd-p4\/"]}]},{"@type":"BreadcrumbList","@id":"https:\/\/ttlcomputer.es\/new\/monitor-ttl-27-m27vhd-p4\/#breadcrumb","itemListElement":[{"@type":"ListItem","position":1,"name":"Portada","item":"https:\/\/ttlcomputer.es\/new\/"},{"@type":"ListItem","position":2,"name":"MONITOR TTL 27\u2033"}]},{"@type":"WebSite","@id":"https:\/\/ttlcomputer.es\/new\/#website","url":"https:\/\/ttlcomputer.es\/new\/","name":"TTL Computer","description":"","publisher":{"@id":"https:\/\/ttlcomputer.es\/new\/#organization"},"potentialAction":[{"@type":"SearchAction","target":{"@type":"EntryPoint","urlTemplate":"https:\/\/ttlcomputer.es\/new\/?s={search_term_string}"},"query-input":{"@type":"PropertyValueSpecification","valueRequired":true,"valueName":"search_term_string"}}],"inLanguage":"es"},{"@type":"Organization","@id":"https:\/\/ttlcomputer.es\/new\/#organization","name":"TTL Computer","url":"https:\/\/ttlcomputer.es\/new\/","logo":{"@type":"ImageObject","inLanguage":"es","@id":"https:\/\/ttlcomputer.es\/new\/#\/schema\/logo\/image\/","url":"https:\/\/ttlcomputer.es\/new\/wp-content\/uploads\/2023\/06\/TTL-Negro.png","contentUrl":"https:\/\/ttlcomputer.es\/new\/wp-content\/uploads\/2023\/06\/TTL-Negro.png","width":2810,"height":2194,"caption":"TTL Computer "},"image":{"@id":"https:\/\/ttlcomputer.es\/new\/#\/schema\/logo\/image\/"}}]}},"_links":{"self":[{"href":"https:\/\/ttlcomputer.es\/new\/wp-json\/wp\/v2\/pages\/2027","targetHints":{"allow":["GET"]}}],"collection":[{"href":"https:\/\/ttlcomputer.es\/new\/wp-json\/wp\/v2\/pages"}],"about":[{"href":"https:\/\/ttlcomputer.es\/new\/wp-json\/wp\/v2\/types\/page"}],"author":[{"embeddable":true,"href":"https:\/\/ttlcomputer.es\/new\/wp-json\/wp\/v2\/users\/1"}],"replies":[{"embeddable":true,"href":"https:\/\/ttlcomputer.es\/new\/wp-json\/wp\/v2\/comments?post=2027"}],"version-history":[{"count":11,"href":"https:\/\/ttlcomputer.es\/new\/wp-json\/wp\/v2\/pages\/2027\/revisions"}],"predecessor-version":[{"id":2286,"href":"https:\/\/ttlcomputer.es\/new\/wp-json\/wp\/v2\/pages\/2027\/revisions\/2286"}],"wp:attachment":[{"href":"https:\/\/ttlcomputer.es\/new\/wp-json\/wp\/v2\/media?parent=2027"}],"curies":[{"name":"wp","href":"https:\/\/api.w.org\/{rel}","templated":true}]}}