{"id":1955,"date":"2023-11-06T11:32:15","date_gmt":"2023-11-06T11:32:15","guid":{"rendered":"https:\/\/ttlcomputer.es\/new\/?page_id=1955"},"modified":"2023-11-06T11:38:36","modified_gmt":"2023-11-06T11:38:36","slug":"placa-base-q670m-c-csm","status":"publish","type":"page","link":"https:\/\/ttlcomputer.es\/new\/placa-base-q670m-c-csm\/","title":{"rendered":"PLACA BASE Q670M-C\/CSM"},"content":{"rendered":"\n\n\n<h2 class=\"wp-block-heading\">Caracter\u00edsticas T\u00e9cnicas<\/h2>\n\n\n\n<figure class=\"wp-block-table\"><table><tbody><tr><td><strong><strong>MODELO<\/strong><\/strong><\/td><td>Pro Q670M-C-CSM<\/td><\/tr><tr><td><strong><strong>CPU<\/strong><\/strong><\/td><td>Intel\u00ae Socket LGA1700 for 13th Gen Intel\u00ae Core\u2122 &amp; 12th Gen Intel\u00ae Core\u2122, Pentium\u00ae Gold and Celeron\u00ae Processors<br>Supports Intel\u00ae Turbo Boost Technology 2.0 and Intel\u00ae\u00a0Turbo Boost Max Technology 3.0**<\/td><\/tr><tr><td><strong><strong>CHIPSET<\/strong><\/strong><\/td><td>Intel Q670 chipset<\/td><\/tr><tr><td><strong><strong>MEMORIA<\/strong><\/strong><\/td><td>M\u00e1ximo 128GB. 4 x DIMM, Max. 128GB, DDR5 4800 Non-ECC, Un-buffered Memory*<\/td><\/tr><tr><td><strong><strong>GR\u00c1FICOS<\/strong><\/strong><\/td><td>1 x HDMI 2.0, 2 x DISPLAYPORT Y 1 x HDMI<\/td><\/tr><tr><td><strong><strong>RANURAS DE EXPANSI\u00d3N<\/strong><\/strong><\/td><td>1 x PCIe 4.0\/3.0 x 16 slot + 2 x PCIe 3.0 x 1 slots<\/td><\/tr><tr><td><strong><strong>ALMACENAMIENTO<\/strong><\/strong><\/td><td>Supports 2 x M.2 slots and 6 x SATA 6Gb\/s ports<br>Intel\u00ae\u00a013th\u00a0&amp; 12th\u00a0Gen Processors<br>M.2_1 slot (Key M), type 2242\/2260\/2280<br>&#8211; Intel\u00ae\u00a012th Gen processors support PCIe 4.0 x4 mode<br>Intel\u00ae\u00a0Q670 Chipset**<br>M.2_2 slot (Key M), type 2242\/2260\/2280(supports PCIe 4.0 x4 mode)<br>6 x SATA 6Gb\/s ports<\/td><\/tr><tr><td><strong><strong>PUERTOS<\/strong><\/strong><\/td><td>4 x USB 3.2 Gen 2 ports (4 x Type-A)<br>2x USB 2.0 ports (2 x Type-A)<br>2 x DisplayPort<br>1 x HDMI\u00ae port<br>3 x Audio jacks<br>1 x Intel\u00ae 1Gb Ethernet<br>1 x PS\/2 keyboard (purple) port<br>1 x PS\/2 mouse (green) port<\/td><\/tr><tr><td><strong><strong>MANEJABILIDAD<\/strong><\/strong><\/td><td>WOL BY PME, PXE<\/td><\/tr><tr><td><strong><strong>SISTEMA OPERATIVO<\/strong><\/strong><\/td><td>WINDOWS 11 64-BIT Y WINDOWS 10 64-BIT<\/td><\/tr><\/tbody><\/table><figcaption class=\"wp-element-caption\">* <strong>Las caracter\u00edsticas de dise\u00f1o del producto pueden variar debido a la configuraci\u00f3n y \/ o implementaciones interesados a petici\u00f3n.<\/strong><\/figcaption><\/figure>\n","protected":false},"excerpt":{"rendered":"<p>Caracter\u00edsticas T\u00e9cnicas MODELO Pro Q670M-C-CSM CPU Intel\u00ae Socket LGA1700 for 13th Gen Intel\u00ae Core\u2122 &amp; 12th Gen Intel\u00ae Core\u2122, Pentium\u00ae Gold and Celeron\u00ae ProcessorsSupports Intel\u00ae Turbo Boost Technology 2.0 and Intel\u00ae\u00a0Turbo Boost Max Technology 3.0** CHIPSET Intel Q670 chipset MEMORIA M\u00e1ximo 128GB. 4 x DIMM, Max. 128GB, DDR5 4800 Non-ECC, Un-buffered Memory* GR\u00c1FICOS 1 x &hellip; <\/p>\n<p class=\"link-more\"><a href=\"https:\/\/ttlcomputer.es\/new\/placa-base-q670m-c-csm\/\" class=\"more-link\">Leer m\u00e1s<span class=\"screen-reader-text\"> \u00abPLACA BASE Q670M-C\/CSM\u00bb<\/span><\/a><\/p>\n","protected":false},"author":1,"featured_media":0,"parent":0,"menu_order":0,"comment_status":"closed","ping_status":"closed","template":"","meta":{"saved_in_kubio":true,"inspiro_hide_title":false,"footnotes":""},"class_list":["post-1955","page","type-page","status-publish","hentry"],"kubio_ai_page_context":{"short_desc":"","purpose":"general"},"yoast_head":"<!-- This site is optimized with the Yoast SEO plugin v23.8 - https:\/\/yoast.com\/wordpress\/plugins\/seo\/ -->\n<title>PLACA BASE Q670M-C\/CSM - TTL Computer<\/title>\n<meta name=\"robots\" content=\"noindex, follow, max-snippet:-1, max-image-preview:large, max-video-preview:-1\" \/>\n<meta property=\"og:locale\" content=\"es_ES\" \/>\n<meta property=\"og:type\" content=\"article\" \/>\n<meta property=\"og:title\" content=\"PLACA BASE Q670M-C\/CSM - TTL Computer\" \/>\n<meta property=\"og:description\" content=\"Caracter\u00edsticas T\u00e9cnicas MODELO Pro Q670M-C-CSM CPU Intel\u00ae Socket LGA1700 for 13th Gen Intel\u00ae Core\u2122 &amp; 12th Gen Intel\u00ae Core\u2122, Pentium\u00ae Gold and Celeron\u00ae ProcessorsSupports Intel\u00ae Turbo Boost Technology 2.0 and Intel\u00ae\u00a0Turbo Boost Max Technology 3.0** CHIPSET Intel Q670 chipset MEMORIA M\u00e1ximo 128GB. 4 x DIMM, Max. 128GB, DDR5 4800 Non-ECC, Un-buffered Memory* GR\u00c1FICOS 1 x &hellip; Leer m\u00e1s \u00abPLACA BASE Q670M-C\/CSM\u00bb\" \/>\n<meta property=\"og:url\" content=\"https:\/\/ttlcomputer.es\/new\/placa-base-q670m-c-csm\/\" \/>\n<meta property=\"og:site_name\" content=\"TTL Computer\" \/>\n<meta property=\"article:modified_time\" content=\"2023-11-06T11:38:36+00:00\" \/>\n<meta name=\"twitter:card\" content=\"summary_large_image\" \/>\n<meta name=\"twitter:label1\" content=\"Tiempo de lectura\" \/>\n\t<meta name=\"twitter:data1\" content=\"1 minuto\" \/>\n<script type=\"application\/ld+json\" class=\"yoast-schema-graph\">{\"@context\":\"https:\/\/schema.org\",\"@graph\":[{\"@type\":\"WebPage\",\"@id\":\"https:\/\/ttlcomputer.es\/new\/placa-base-q670m-c-csm\/\",\"url\":\"https:\/\/ttlcomputer.es\/new\/placa-base-q670m-c-csm\/\",\"name\":\"PLACA BASE Q670M-C\/CSM - TTL Computer\",\"isPartOf\":{\"@id\":\"https:\/\/ttlcomputer.es\/new\/#website\"},\"datePublished\":\"2023-11-06T11:32:15+00:00\",\"dateModified\":\"2023-11-06T11:38:36+00:00\",\"breadcrumb\":{\"@id\":\"https:\/\/ttlcomputer.es\/new\/placa-base-q670m-c-csm\/#breadcrumb\"},\"inLanguage\":\"es\",\"potentialAction\":[{\"@type\":\"ReadAction\",\"target\":[\"https:\/\/ttlcomputer.es\/new\/placa-base-q670m-c-csm\/\"]}]},{\"@type\":\"BreadcrumbList\",\"@id\":\"https:\/\/ttlcomputer.es\/new\/placa-base-q670m-c-csm\/#breadcrumb\",\"itemListElement\":[{\"@type\":\"ListItem\",\"position\":1,\"name\":\"Portada\",\"item\":\"https:\/\/ttlcomputer.es\/new\/\"},{\"@type\":\"ListItem\",\"position\":2,\"name\":\"PLACA BASE Q670M-C\/CSM\"}]},{\"@type\":\"WebSite\",\"@id\":\"https:\/\/ttlcomputer.es\/new\/#website\",\"url\":\"https:\/\/ttlcomputer.es\/new\/\",\"name\":\"TTL Computer\",\"description\":\"\",\"publisher\":{\"@id\":\"https:\/\/ttlcomputer.es\/new\/#organization\"},\"potentialAction\":[{\"@type\":\"SearchAction\",\"target\":{\"@type\":\"EntryPoint\",\"urlTemplate\":\"https:\/\/ttlcomputer.es\/new\/?s={search_term_string}\"},\"query-input\":{\"@type\":\"PropertyValueSpecification\",\"valueRequired\":true,\"valueName\":\"search_term_string\"}}],\"inLanguage\":\"es\"},{\"@type\":\"Organization\",\"@id\":\"https:\/\/ttlcomputer.es\/new\/#organization\",\"name\":\"TTL Computer\",\"url\":\"https:\/\/ttlcomputer.es\/new\/\",\"logo\":{\"@type\":\"ImageObject\",\"inLanguage\":\"es\",\"@id\":\"https:\/\/ttlcomputer.es\/new\/#\/schema\/logo\/image\/\",\"url\":\"https:\/\/ttlcomputer.es\/new\/wp-content\/uploads\/2023\/06\/TTL-Negro.png\",\"contentUrl\":\"https:\/\/ttlcomputer.es\/new\/wp-content\/uploads\/2023\/06\/TTL-Negro.png\",\"width\":2810,\"height\":2194,\"caption\":\"TTL Computer \"},\"image\":{\"@id\":\"https:\/\/ttlcomputer.es\/new\/#\/schema\/logo\/image\/\"}}]}<\/script>\n<!-- \/ Yoast SEO plugin. -->","yoast_head_json":{"title":"PLACA BASE Q670M-C\/CSM - TTL Computer","robots":{"index":"noindex","follow":"follow","max-snippet":"max-snippet:-1","max-image-preview":"max-image-preview:large","max-video-preview":"max-video-preview:-1"},"og_locale":"es_ES","og_type":"article","og_title":"PLACA BASE Q670M-C\/CSM - TTL Computer","og_description":"Caracter\u00edsticas T\u00e9cnicas MODELO Pro Q670M-C-CSM CPU Intel\u00ae Socket LGA1700 for 13th Gen Intel\u00ae Core\u2122 &amp; 12th Gen Intel\u00ae Core\u2122, Pentium\u00ae Gold and Celeron\u00ae ProcessorsSupports Intel\u00ae Turbo Boost Technology 2.0 and Intel\u00ae\u00a0Turbo Boost Max Technology 3.0** CHIPSET Intel Q670 chipset MEMORIA M\u00e1ximo 128GB. 4 x DIMM, Max. 128GB, DDR5 4800 Non-ECC, Un-buffered Memory* GR\u00c1FICOS 1 x &hellip; Leer m\u00e1s \u00abPLACA BASE Q670M-C\/CSM\u00bb","og_url":"https:\/\/ttlcomputer.es\/new\/placa-base-q670m-c-csm\/","og_site_name":"TTL Computer","article_modified_time":"2023-11-06T11:38:36+00:00","twitter_card":"summary_large_image","twitter_misc":{"Tiempo de lectura":"1 minuto"},"schema":{"@context":"https:\/\/schema.org","@graph":[{"@type":"WebPage","@id":"https:\/\/ttlcomputer.es\/new\/placa-base-q670m-c-csm\/","url":"https:\/\/ttlcomputer.es\/new\/placa-base-q670m-c-csm\/","name":"PLACA BASE Q670M-C\/CSM - TTL Computer","isPartOf":{"@id":"https:\/\/ttlcomputer.es\/new\/#website"},"datePublished":"2023-11-06T11:32:15+00:00","dateModified":"2023-11-06T11:38:36+00:00","breadcrumb":{"@id":"https:\/\/ttlcomputer.es\/new\/placa-base-q670m-c-csm\/#breadcrumb"},"inLanguage":"es","potentialAction":[{"@type":"ReadAction","target":["https:\/\/ttlcomputer.es\/new\/placa-base-q670m-c-csm\/"]}]},{"@type":"BreadcrumbList","@id":"https:\/\/ttlcomputer.es\/new\/placa-base-q670m-c-csm\/#breadcrumb","itemListElement":[{"@type":"ListItem","position":1,"name":"Portada","item":"https:\/\/ttlcomputer.es\/new\/"},{"@type":"ListItem","position":2,"name":"PLACA BASE Q670M-C\/CSM"}]},{"@type":"WebSite","@id":"https:\/\/ttlcomputer.es\/new\/#website","url":"https:\/\/ttlcomputer.es\/new\/","name":"TTL Computer","description":"","publisher":{"@id":"https:\/\/ttlcomputer.es\/new\/#organization"},"potentialAction":[{"@type":"SearchAction","target":{"@type":"EntryPoint","urlTemplate":"https:\/\/ttlcomputer.es\/new\/?s={search_term_string}"},"query-input":{"@type":"PropertyValueSpecification","valueRequired":true,"valueName":"search_term_string"}}],"inLanguage":"es"},{"@type":"Organization","@id":"https:\/\/ttlcomputer.es\/new\/#organization","name":"TTL Computer","url":"https:\/\/ttlcomputer.es\/new\/","logo":{"@type":"ImageObject","inLanguage":"es","@id":"https:\/\/ttlcomputer.es\/new\/#\/schema\/logo\/image\/","url":"https:\/\/ttlcomputer.es\/new\/wp-content\/uploads\/2023\/06\/TTL-Negro.png","contentUrl":"https:\/\/ttlcomputer.es\/new\/wp-content\/uploads\/2023\/06\/TTL-Negro.png","width":2810,"height":2194,"caption":"TTL Computer "},"image":{"@id":"https:\/\/ttlcomputer.es\/new\/#\/schema\/logo\/image\/"}}]}},"_links":{"self":[{"href":"https:\/\/ttlcomputer.es\/new\/wp-json\/wp\/v2\/pages\/1955","targetHints":{"allow":["GET"]}}],"collection":[{"href":"https:\/\/ttlcomputer.es\/new\/wp-json\/wp\/v2\/pages"}],"about":[{"href":"https:\/\/ttlcomputer.es\/new\/wp-json\/wp\/v2\/types\/page"}],"author":[{"embeddable":true,"href":"https:\/\/ttlcomputer.es\/new\/wp-json\/wp\/v2\/users\/1"}],"replies":[{"embeddable":true,"href":"https:\/\/ttlcomputer.es\/new\/wp-json\/wp\/v2\/comments?post=1955"}],"version-history":[{"count":2,"href":"https:\/\/ttlcomputer.es\/new\/wp-json\/wp\/v2\/pages\/1955\/revisions"}],"predecessor-version":[{"id":1959,"href":"https:\/\/ttlcomputer.es\/new\/wp-json\/wp\/v2\/pages\/1955\/revisions\/1959"}],"wp:attachment":[{"href":"https:\/\/ttlcomputer.es\/new\/wp-json\/wp\/v2\/media?parent=1955"}],"curies":[{"name":"wp","href":"https:\/\/api.w.org\/{rel}","templated":true}]}}