{"id":1942,"date":"2023-11-03T11:07:11","date_gmt":"2023-11-03T11:07:11","guid":{"rendered":"https:\/\/ttlcomputer.es\/new\/?page_id=1942"},"modified":"2023-11-06T12:19:34","modified_gmt":"2023-11-06T12:19:34","slug":"ttl-teknoslim-h610","status":"publish","type":"page","link":"https:\/\/ttlcomputer.es\/new\/ttl-teknoslim-h610\/","title":{"rendered":"TTL TEKNOSLIM H610"},"content":{"rendered":"\n\n\n<h2 class=\"wp-block-heading\">Caracter\u00edsticas T\u00e9cnicas<\/h2>\n\n\n\n<figure class=\"wp-block-table\"><table><tbody><tr><td><strong>Chasis <\/strong><\/td><td>SFF (Small Form Factor) Volumen: 8 Litros.<\/td><\/tr><tr><td><strong>Fuente de Alimentaci\u00f3n <\/strong><\/td><td>Fuente alimentaci\u00f3n 250W 80 plus Bronze<\/td><\/tr><tr><td><strong>Procesador <\/strong><\/td><td>Intel\u00ae Core I5-13400<\/td><\/tr><tr><td><strong>Memoria <\/strong><\/td><td>16GB DDR4 3200MHz en un solo modulo<\/td><\/tr><tr><td><strong>Disco Duro <\/strong><\/td><td>SSD 500GB<\/td><\/tr><tr><td><strong>Perif\u00e9ricos <\/strong><\/td><td>Rat\u00f3n USB TTL\u00ae y teclado USB TTL\u00ae Qwerty<\/td><\/tr><tr><td><strong>Gama <\/strong><\/td><td>Profesional <\/td><\/tr><tr><td><strong>&nbsp;Sistema operativo<\/strong><\/td><td>Microsoft Windows 10 Pro 64bits<\/td><\/tr><tr><td><strong>Garant\u00eda <\/strong><\/td><td>5 a\u00f1os in situ<\/td><\/tr><tr><td><strong>Conexiones <\/strong><\/td><td><strong>TRASEROS<\/strong><br><br>1x RJ45 1GB ETHERNET 1000\/100\/10 MBps 1x DisplayPort<br>1x HDMI<br>1x VGA<br>2x USB 3.2 Tipo A<br>4x USB 2.0 Tipo A<br>3x Audio Jack<br>2x PS\/2 Teclado\/Rat\u00f3n<br><br><strong><strong>DELANTEROS<\/strong><\/strong><br><br>2x USB 3.2 Tipo A <br>2x USB tipo A 2.0<br>1x Jack de audio Micr\u00f3fono 1<br>x Jack de audio Auricular<\/td><\/tr><\/tbody><\/table><figcaption class=\"wp-element-caption\">* <strong>Las caracter\u00edsticas de dise\u00f1o del producto pueden variar debido a la configuraci\u00f3n y \/ o implementaciones interesados a petici\u00f3n.<\/strong><\/figcaption><\/figure>\n\n\n\n<div class=\"wp-block-buttons is-layout-flex wp-block-buttons-is-layout-flex\">\n<div class=\"wp-block-button is-style-outline is-style-outline--1\"><a class=\"wp-block-button__link wp-element-button\" href=\"https:\/\/ttlcomputer.es\/new\/wp-content\/uploads\/2023\/11\/Ficha-Tecnica-Teknoservice-copia.pdf\" target=\"_blank\" rel=\"noreferrer noopener\">Ficha t\u00e9cnica<\/a><\/div>\n\n\n\n<div class=\"wp-block-button is-style-outline is-style-outline--2\"><a class=\"wp-block-button__link wp-element-button\" href=\"https:\/\/ttlcomputer.es\/new\/wp-content\/uploads\/2023\/11\/Carbon-footprint-Teknoslim-rev03.pdf\" target=\"_blank\" rel=\"noreferrer noopener\">HUELLA DE CARBONO<\/a><\/div>\n\n\n\n<div class=\"wp-block-button is-style-outline is-style-outline--3\"><a class=\"wp-block-button__link wp-element-button\" href=\"https:\/\/ttlcomputer.es\/new\/wp-content\/uploads\/2023\/11\/Ruido.pdf\" target=\"_blank\" rel=\"noreferrer noopener\">ISO 9296<\/a><\/div>\n<\/div>\n","protected":false},"excerpt":{"rendered":"<p>Caracter\u00edsticas T\u00e9cnicas Chasis SFF (Small Form Factor) Volumen: 8 Litros. Fuente de Alimentaci\u00f3n Fuente alimentaci\u00f3n 250W 80 plus Bronze Procesador Intel\u00ae Core I5-13400 Memoria 16GB DDR4 3200MHz en un solo modulo Disco Duro SSD 500GB Perif\u00e9ricos Rat\u00f3n USB TTL\u00ae y teclado USB TTL\u00ae Qwerty Gama Profesional &nbsp;Sistema operativo Microsoft Windows 10 Pro 64bits Garant\u00eda 5 &hellip; <\/p>\n<p class=\"link-more\"><a href=\"https:\/\/ttlcomputer.es\/new\/ttl-teknoslim-h610\/\" class=\"more-link\">Leer m\u00e1s<span class=\"screen-reader-text\"> \u00abTTL TEKNOSLIM H610\u00bb<\/span><\/a><\/p>\n","protected":false},"author":1,"featured_media":0,"parent":0,"menu_order":0,"comment_status":"closed","ping_status":"closed","template":"","meta":{"saved_in_kubio":true,"inspiro_hide_title":false,"footnotes":""},"class_list":["post-1942","page","type-page","status-publish","hentry"],"kubio_ai_page_context":{"short_desc":"","purpose":"general"},"yoast_head":"<!-- This site is optimized with the Yoast SEO plugin v23.8 - https:\/\/yoast.com\/wordpress\/plugins\/seo\/ -->\n<title>TTL TEKNOSLIM H610 - TTL Computer<\/title>\n<meta name=\"robots\" content=\"noindex, follow, max-snippet:-1, max-image-preview:large, max-video-preview:-1\" \/>\n<meta property=\"og:locale\" content=\"es_ES\" \/>\n<meta property=\"og:type\" content=\"article\" \/>\n<meta property=\"og:title\" content=\"TTL TEKNOSLIM H610 - TTL Computer\" \/>\n<meta property=\"og:description\" content=\"Caracter\u00edsticas T\u00e9cnicas Chasis SFF (Small Form Factor) Volumen: 8 Litros. Fuente de Alimentaci\u00f3n Fuente alimentaci\u00f3n 250W 80 plus Bronze Procesador Intel\u00ae Core I5-13400 Memoria 16GB DDR4 3200MHz en un solo modulo Disco Duro SSD 500GB Perif\u00e9ricos Rat\u00f3n USB TTL\u00ae y teclado USB TTL\u00ae Qwerty Gama Profesional &nbsp;Sistema operativo Microsoft Windows 10 Pro 64bits Garant\u00eda 5 &hellip; Leer m\u00e1s \u00abTTL TEKNOSLIM H610\u00bb\" \/>\n<meta property=\"og:url\" content=\"https:\/\/ttlcomputer.es\/new\/ttl-teknoslim-h610\/\" \/>\n<meta property=\"og:site_name\" content=\"TTL Computer\" \/>\n<meta property=\"article:modified_time\" content=\"2023-11-06T12:19:34+00:00\" \/>\n<meta name=\"twitter:card\" content=\"summary_large_image\" \/>\n<meta name=\"twitter:label1\" content=\"Tiempo de lectura\" \/>\n\t<meta name=\"twitter:data1\" content=\"1 minuto\" \/>\n<script type=\"application\/ld+json\" class=\"yoast-schema-graph\">{\"@context\":\"https:\/\/schema.org\",\"@graph\":[{\"@type\":\"WebPage\",\"@id\":\"https:\/\/ttlcomputer.es\/new\/ttl-teknoslim-h610\/\",\"url\":\"https:\/\/ttlcomputer.es\/new\/ttl-teknoslim-h610\/\",\"name\":\"TTL TEKNOSLIM H610 - TTL Computer\",\"isPartOf\":{\"@id\":\"https:\/\/ttlcomputer.es\/new\/#website\"},\"datePublished\":\"2023-11-03T11:07:11+00:00\",\"dateModified\":\"2023-11-06T12:19:34+00:00\",\"breadcrumb\":{\"@id\":\"https:\/\/ttlcomputer.es\/new\/ttl-teknoslim-h610\/#breadcrumb\"},\"inLanguage\":\"es\",\"potentialAction\":[{\"@type\":\"ReadAction\",\"target\":[\"https:\/\/ttlcomputer.es\/new\/ttl-teknoslim-h610\/\"]}]},{\"@type\":\"BreadcrumbList\",\"@id\":\"https:\/\/ttlcomputer.es\/new\/ttl-teknoslim-h610\/#breadcrumb\",\"itemListElement\":[{\"@type\":\"ListItem\",\"position\":1,\"name\":\"Portada\",\"item\":\"https:\/\/ttlcomputer.es\/new\/\"},{\"@type\":\"ListItem\",\"position\":2,\"name\":\"TTL TEKNOSLIM H610\"}]},{\"@type\":\"WebSite\",\"@id\":\"https:\/\/ttlcomputer.es\/new\/#website\",\"url\":\"https:\/\/ttlcomputer.es\/new\/\",\"name\":\"TTL Computer\",\"description\":\"\",\"publisher\":{\"@id\":\"https:\/\/ttlcomputer.es\/new\/#organization\"},\"potentialAction\":[{\"@type\":\"SearchAction\",\"target\":{\"@type\":\"EntryPoint\",\"urlTemplate\":\"https:\/\/ttlcomputer.es\/new\/?s={search_term_string}\"},\"query-input\":{\"@type\":\"PropertyValueSpecification\",\"valueRequired\":true,\"valueName\":\"search_term_string\"}}],\"inLanguage\":\"es\"},{\"@type\":\"Organization\",\"@id\":\"https:\/\/ttlcomputer.es\/new\/#organization\",\"name\":\"TTL Computer\",\"url\":\"https:\/\/ttlcomputer.es\/new\/\",\"logo\":{\"@type\":\"ImageObject\",\"inLanguage\":\"es\",\"@id\":\"https:\/\/ttlcomputer.es\/new\/#\/schema\/logo\/image\/\",\"url\":\"https:\/\/ttlcomputer.es\/new\/wp-content\/uploads\/2023\/06\/TTL-Negro.png\",\"contentUrl\":\"https:\/\/ttlcomputer.es\/new\/wp-content\/uploads\/2023\/06\/TTL-Negro.png\",\"width\":2810,\"height\":2194,\"caption\":\"TTL Computer \"},\"image\":{\"@id\":\"https:\/\/ttlcomputer.es\/new\/#\/schema\/logo\/image\/\"}}]}<\/script>\n<!-- \/ Yoast SEO plugin. -->","yoast_head_json":{"title":"TTL TEKNOSLIM H610 - TTL Computer","robots":{"index":"noindex","follow":"follow","max-snippet":"max-snippet:-1","max-image-preview":"max-image-preview:large","max-video-preview":"max-video-preview:-1"},"og_locale":"es_ES","og_type":"article","og_title":"TTL TEKNOSLIM H610 - TTL Computer","og_description":"Caracter\u00edsticas T\u00e9cnicas Chasis SFF (Small Form Factor) Volumen: 8 Litros. Fuente de Alimentaci\u00f3n Fuente alimentaci\u00f3n 250W 80 plus Bronze Procesador Intel\u00ae Core I5-13400 Memoria 16GB DDR4 3200MHz en un solo modulo Disco Duro SSD 500GB Perif\u00e9ricos Rat\u00f3n USB TTL\u00ae y teclado USB TTL\u00ae Qwerty Gama Profesional &nbsp;Sistema operativo Microsoft Windows 10 Pro 64bits Garant\u00eda 5 &hellip; Leer m\u00e1s \u00abTTL TEKNOSLIM H610\u00bb","og_url":"https:\/\/ttlcomputer.es\/new\/ttl-teknoslim-h610\/","og_site_name":"TTL Computer","article_modified_time":"2023-11-06T12:19:34+00:00","twitter_card":"summary_large_image","twitter_misc":{"Tiempo de lectura":"1 minuto"},"schema":{"@context":"https:\/\/schema.org","@graph":[{"@type":"WebPage","@id":"https:\/\/ttlcomputer.es\/new\/ttl-teknoslim-h610\/","url":"https:\/\/ttlcomputer.es\/new\/ttl-teknoslim-h610\/","name":"TTL TEKNOSLIM H610 - TTL Computer","isPartOf":{"@id":"https:\/\/ttlcomputer.es\/new\/#website"},"datePublished":"2023-11-03T11:07:11+00:00","dateModified":"2023-11-06T12:19:34+00:00","breadcrumb":{"@id":"https:\/\/ttlcomputer.es\/new\/ttl-teknoslim-h610\/#breadcrumb"},"inLanguage":"es","potentialAction":[{"@type":"ReadAction","target":["https:\/\/ttlcomputer.es\/new\/ttl-teknoslim-h610\/"]}]},{"@type":"BreadcrumbList","@id":"https:\/\/ttlcomputer.es\/new\/ttl-teknoslim-h610\/#breadcrumb","itemListElement":[{"@type":"ListItem","position":1,"name":"Portada","item":"https:\/\/ttlcomputer.es\/new\/"},{"@type":"ListItem","position":2,"name":"TTL TEKNOSLIM H610"}]},{"@type":"WebSite","@id":"https:\/\/ttlcomputer.es\/new\/#website","url":"https:\/\/ttlcomputer.es\/new\/","name":"TTL Computer","description":"","publisher":{"@id":"https:\/\/ttlcomputer.es\/new\/#organization"},"potentialAction":[{"@type":"SearchAction","target":{"@type":"EntryPoint","urlTemplate":"https:\/\/ttlcomputer.es\/new\/?s={search_term_string}"},"query-input":{"@type":"PropertyValueSpecification","valueRequired":true,"valueName":"search_term_string"}}],"inLanguage":"es"},{"@type":"Organization","@id":"https:\/\/ttlcomputer.es\/new\/#organization","name":"TTL Computer","url":"https:\/\/ttlcomputer.es\/new\/","logo":{"@type":"ImageObject","inLanguage":"es","@id":"https:\/\/ttlcomputer.es\/new\/#\/schema\/logo\/image\/","url":"https:\/\/ttlcomputer.es\/new\/wp-content\/uploads\/2023\/06\/TTL-Negro.png","contentUrl":"https:\/\/ttlcomputer.es\/new\/wp-content\/uploads\/2023\/06\/TTL-Negro.png","width":2810,"height":2194,"caption":"TTL Computer "},"image":{"@id":"https:\/\/ttlcomputer.es\/new\/#\/schema\/logo\/image\/"}}]}},"_links":{"self":[{"href":"https:\/\/ttlcomputer.es\/new\/wp-json\/wp\/v2\/pages\/1942","targetHints":{"allow":["GET"]}}],"collection":[{"href":"https:\/\/ttlcomputer.es\/new\/wp-json\/wp\/v2\/pages"}],"about":[{"href":"https:\/\/ttlcomputer.es\/new\/wp-json\/wp\/v2\/types\/page"}],"author":[{"embeddable":true,"href":"https:\/\/ttlcomputer.es\/new\/wp-json\/wp\/v2\/users\/1"}],"replies":[{"embeddable":true,"href":"https:\/\/ttlcomputer.es\/new\/wp-json\/wp\/v2\/comments?post=1942"}],"version-history":[{"count":7,"href":"https:\/\/ttlcomputer.es\/new\/wp-json\/wp\/v2\/pages\/1942\/revisions"}],"predecessor-version":[{"id":1974,"href":"https:\/\/ttlcomputer.es\/new\/wp-json\/wp\/v2\/pages\/1942\/revisions\/1974"}],"wp:attachment":[{"href":"https:\/\/ttlcomputer.es\/new\/wp-json\/wp\/v2\/media?parent=1942"}],"curies":[{"name":"wp","href":"https:\/\/api.w.org\/{rel}","templated":true}]}}