{"id":1812,"date":"2023-09-04T06:41:16","date_gmt":"2023-09-04T06:41:16","guid":{"rendered":"https:\/\/ttlcomputer.es\/new\/?page_id=1812"},"modified":"2023-09-04T07:24:25","modified_gmt":"2023-09-04T07:24:25","slug":"ttl-portatil-156%e2%80%b3-ttln1501i7","status":"publish","type":"page","link":"https:\/\/ttlcomputer.es\/new\/ttl-portatil-156%e2%80%b3-ttln1501i7\/","title":{"rendered":"TTL PORTATIL 15,6\u2033 TTLN1501i7"},"content":{"rendered":"\n\n\n<figure class=\"wp-block-image size-large is-resized\"><img loading=\"lazy\" decoding=\"async\" src=\"https:\/\/ttlcomputer.es\/new\/wp-content\/uploads\/2023\/06\/Diseno-sin-titulo-44-1024x683.png\" alt=\"\" class=\"wp-image-1332\" style=\"width:918px;height:612px\" width=\"918\" height=\"612\" srcset=\"https:\/\/ttlcomputer.es\/new\/wp-content\/uploads\/2023\/06\/Diseno-sin-titulo-44-1024x683.png 1024w, https:\/\/ttlcomputer.es\/new\/wp-content\/uploads\/2023\/06\/Diseno-sin-titulo-44-300x200.png 300w, https:\/\/ttlcomputer.es\/new\/wp-content\/uploads\/2023\/06\/Diseno-sin-titulo-44-768x512.png 768w, https:\/\/ttlcomputer.es\/new\/wp-content\/uploads\/2023\/06\/Diseno-sin-titulo-44-1536x1024.png 1536w, https:\/\/ttlcomputer.es\/new\/wp-content\/uploads\/2023\/06\/Diseno-sin-titulo-44-2048x1365.png 2048w, https:\/\/ttlcomputer.es\/new\/wp-content\/uploads\/2023\/06\/Diseno-sin-titulo-44-1620x1080.png 1620w, https:\/\/ttlcomputer.es\/new\/wp-content\/uploads\/2023\/06\/Diseno-sin-titulo-44-2000x1333.png 2000w\" sizes=\"(max-width: 918px) 100vw, 918px\" \/><\/figure>\n\n\n\n<h2 class=\"wp-block-heading\">Caracter\u00edsticas T\u00e9cnicas:<\/h2>\n\n\n\n<figure class=\"wp-block-table\"><table><tbody><tr><td>Procesador <\/td><td>Intel\u00ae Core\u2122 i7-1165G7 processor (10nm, 2,8GHz (4.7Ghz Turbo), DDR4 3200MHz, 12MB Smart Cache, TDP: 28W)<\/td><\/tr><tr><td>Pantalla<\/td><td>15.6\u201d(39.62cm) FHD(1920\u00d71080) IPS (HKC MY PC156CS01) Acabado Matte<\/td><\/tr><tr><td>Memoria RAM <\/td><td>8GB DDR4 3200 MHz SO-DIMM<br>Una ranura disponible para futuras ampliaciones<\/td><\/tr><tr><td>Tarjeta de Sonido <\/td><td>Micr\u00f3fono y altavoces est\u00e9reo integrados Combo<\/td><\/tr><tr><td>Tarjeta Gr\u00e1fica<\/td><td>Gr\u00e1ficos Intel\u00ae11th Gen Intel(R) Core(TM) i7-1165G7 @ 2.80GHz<br>Generaci\u00f3n<\/td><\/tr><tr><td>Disco Duro <\/td><td>SSD 256GB M2.<\/td><\/tr><tr><td>Conectividad <\/td><td>Wifi 6 y Bluetooth<br>Tarjeta de red Ethernet 10\/100\/1000 con soporte PXE 2.1 y WOL.<\/td><\/tr><tr><td>Puertos I\/O<\/td><td>3 x USB 3.2 Gen 1 Tipo A1 x USB 3.2 Gen 2 port (10Gbps) (Type A)<br>2 x USB 3.0 Gen 1 port (5 Gbps) (Type A<br>1 x USB 3.2 Gen 2 port \u00a0(10Gbps)(Type C) (Funci\u00f3n PD + DP (Carga y salida video)) + TBT3<br>1 x HDMI\u2122 output port (with HDCP)<br>1 x VGA output por<br>1 x Audio jack (Headphone Jack)<br>1 x Audio jack (Microphone Jack<br>1 x SD Card Slot<br>1 x RJ45 Ethernet port <br>1 x Sim slot<\/td><\/tr><tr><td>Peso<\/td><td>1.6 kg, incluyendo barebone y bater\u00eda<\/td><\/tr><tr><td>Dimensiones <\/td><td>\u00a0367(W) x 250(D) x 24(H)mm<\/td><\/tr><tr><td>Tiempo de duraci\u00f3n <\/td><td>168h 00m 08s<\/td><\/tr><tr><td>Teclado <\/td><td>Teclado interno espa\u00f1ol (QUERTY) panel de clic integrado con bloque<br>num\u00e9rico\u00a0<\/td><\/tr><tr><td>Seguridad <\/td><td>Ranura de bloqueo de seguridad tipo Kensington\u00ae<br>Modulo seguridad TPM 2.\u00e7<br><br>Cargador Cargador de alimentaci\u00f3n el\u00e9ctrica con formato europeo<\/td><\/tr><tr><td>Certificados<\/td><td>CE, RoHS, Emisiones de Ruidos, EPEAT Gold<\/td><\/tr><tr><td>Sistema Operativo<\/td><td>Sistema operativo Windows 10 pro-64 bits (W10 PRO instalado para este proyecto)<\/td><\/tr><\/tbody><\/table><figcaption class=\"wp-element-caption\">* Las caracter\u00edsticas de dise\u00f1o del producto pueden variar debido a la configuraci\u00f3n y \/ o implementaciones interesados a petici\u00f3n.<\/figcaption><\/figure>\n\n\n\n<div class=\"wp-block-buttons is-layout-flex wp-block-buttons-is-layout-flex\">\n<div class=\"wp-block-button\"><a class=\"wp-block-button__link wp-element-button\" href=\"https:\/\/www.myqnapcloud.com\/share\/75526h72o61n827r2wty3a03_dbdgg473kkp72587q022v5b213338699#\/home\">Drivers<\/a><\/div>\n\n\n\n<div class=\"wp-block-button\"><a class=\"wp-block-button__link wp-element-button\" href=\"https:\/\/www.myqnapcloud.com\/share\/75526h72o61n827r2wty3a03_4070ig56j98725o01r91475x30665g15#\/home\">bios<\/a><\/div>\n<\/div>\n","protected":false},"excerpt":{"rendered":"<p>Caracter\u00edsticas T\u00e9cnicas: Procesador Intel\u00ae Core\u2122 i7-1165G7 processor (10nm, 2,8GHz (4.7Ghz Turbo), DDR4 3200MHz, 12MB Smart Cache, TDP: 28W) Pantalla 15.6\u201d(39.62cm) FHD(1920\u00d71080) IPS (HKC MY PC156CS01) Acabado Matte Memoria RAM 8GB DDR4 3200 MHz SO-DIMMUna ranura disponible para futuras ampliaciones Tarjeta de Sonido Micr\u00f3fono y altavoces est\u00e9reo integrados Combo Tarjeta Gr\u00e1fica Gr\u00e1ficos Intel\u00ae11th Gen Intel(R) Core(TM) &hellip; <\/p>\n<p class=\"link-more\"><a href=\"https:\/\/ttlcomputer.es\/new\/ttl-portatil-156%e2%80%b3-ttln1501i7\/\" class=\"more-link\">Leer m\u00e1s<span class=\"screen-reader-text\"> \u00abTTL PORTATIL 15,6\u2033 TTLN1501i7\u00bb<\/span><\/a><\/p>\n","protected":false},"author":1,"featured_media":0,"parent":0,"menu_order":0,"comment_status":"closed","ping_status":"closed","template":"","meta":{"saved_in_kubio":true,"inspiro_hide_title":false,"footnotes":""},"class_list":["post-1812","page","type-page","status-publish","hentry"],"kubio_ai_page_context":{"short_desc":"","purpose":"general"},"yoast_head":"<!-- This site is optimized with the Yoast SEO plugin v23.8 - https:\/\/yoast.com\/wordpress\/plugins\/seo\/ -->\n<title>TTL PORTATIL 15,6\u2033 TTLN1501i7 - TTL Computer<\/title>\n<meta name=\"robots\" content=\"noindex, follow, max-snippet:-1, max-image-preview:large, max-video-preview:-1\" \/>\n<meta property=\"og:locale\" content=\"es_ES\" \/>\n<meta property=\"og:type\" content=\"article\" \/>\n<meta property=\"og:title\" content=\"TTL PORTATIL 15,6\u2033 TTLN1501i7 - TTL Computer\" \/>\n<meta property=\"og:description\" content=\"Caracter\u00edsticas T\u00e9cnicas: Procesador Intel\u00ae Core\u2122 i7-1165G7 processor (10nm, 2,8GHz (4.7Ghz Turbo), DDR4 3200MHz, 12MB Smart Cache, TDP: 28W) Pantalla 15.6\u201d(39.62cm) FHD(1920\u00d71080) IPS (HKC MY PC156CS01) Acabado Matte Memoria RAM 8GB DDR4 3200 MHz SO-DIMMUna ranura disponible para futuras ampliaciones Tarjeta de Sonido Micr\u00f3fono y altavoces est\u00e9reo integrados Combo Tarjeta Gr\u00e1fica Gr\u00e1ficos Intel\u00ae11th Gen Intel(R) Core(TM) &hellip; Leer m\u00e1s \u00abTTL PORTATIL 15,6\u2033 TTLN1501i7\u00bb\" \/>\n<meta property=\"og:url\" content=\"https:\/\/ttlcomputer.es\/new\/ttl-portatil-156\u2033-ttln1501i7\/\" \/>\n<meta property=\"og:site_name\" content=\"TTL Computer\" \/>\n<meta property=\"article:modified_time\" content=\"2023-09-04T07:24:25+00:00\" \/>\n<meta property=\"og:image\" content=\"https:\/\/ttlcomputer.es\/new\/wp-content\/uploads\/2023\/06\/Diseno-sin-titulo-44-1024x683.png\" \/>\n<meta name=\"twitter:card\" content=\"summary_large_image\" \/>\n<meta name=\"twitter:label1\" content=\"Tiempo de lectura\" \/>\n\t<meta name=\"twitter:data1\" content=\"2 minutos\" \/>\n<script type=\"application\/ld+json\" class=\"yoast-schema-graph\">{\"@context\":\"https:\/\/schema.org\",\"@graph\":[{\"@type\":\"WebPage\",\"@id\":\"https:\/\/ttlcomputer.es\/new\/ttl-portatil-156%e2%80%b3-ttln1501i7\/\",\"url\":\"https:\/\/ttlcomputer.es\/new\/ttl-portatil-156%e2%80%b3-ttln1501i7\/\",\"name\":\"TTL PORTATIL 15,6\u2033 TTLN1501i7 - TTL Computer\",\"isPartOf\":{\"@id\":\"https:\/\/ttlcomputer.es\/new\/#website\"},\"primaryImageOfPage\":{\"@id\":\"https:\/\/ttlcomputer.es\/new\/ttl-portatil-156%e2%80%b3-ttln1501i7\/#primaryimage\"},\"image\":{\"@id\":\"https:\/\/ttlcomputer.es\/new\/ttl-portatil-156%e2%80%b3-ttln1501i7\/#primaryimage\"},\"thumbnailUrl\":\"https:\/\/ttlcomputer.es\/new\/wp-content\/uploads\/2023\/06\/Diseno-sin-titulo-44-1024x683.png\",\"datePublished\":\"2023-09-04T06:41:16+00:00\",\"dateModified\":\"2023-09-04T07:24:25+00:00\",\"breadcrumb\":{\"@id\":\"https:\/\/ttlcomputer.es\/new\/ttl-portatil-156%e2%80%b3-ttln1501i7\/#breadcrumb\"},\"inLanguage\":\"es\",\"potentialAction\":[{\"@type\":\"ReadAction\",\"target\":[\"https:\/\/ttlcomputer.es\/new\/ttl-portatil-156%e2%80%b3-ttln1501i7\/\"]}]},{\"@type\":\"ImageObject\",\"inLanguage\":\"es\",\"@id\":\"https:\/\/ttlcomputer.es\/new\/ttl-portatil-156%e2%80%b3-ttln1501i7\/#primaryimage\",\"url\":\"https:\/\/ttlcomputer.es\/new\/wp-content\/uploads\/2023\/06\/Diseno-sin-titulo-44.png\",\"contentUrl\":\"https:\/\/ttlcomputer.es\/new\/wp-content\/uploads\/2023\/06\/Diseno-sin-titulo-44.png\",\"width\":2472,\"height\":1648},{\"@type\":\"BreadcrumbList\",\"@id\":\"https:\/\/ttlcomputer.es\/new\/ttl-portatil-156%e2%80%b3-ttln1501i7\/#breadcrumb\",\"itemListElement\":[{\"@type\":\"ListItem\",\"position\":1,\"name\":\"Portada\",\"item\":\"https:\/\/ttlcomputer.es\/new\/\"},{\"@type\":\"ListItem\",\"position\":2,\"name\":\"TTL PORTATIL 15,6\u2033 TTLN1501i7\"}]},{\"@type\":\"WebSite\",\"@id\":\"https:\/\/ttlcomputer.es\/new\/#website\",\"url\":\"https:\/\/ttlcomputer.es\/new\/\",\"name\":\"TTL Computer\",\"description\":\"\",\"publisher\":{\"@id\":\"https:\/\/ttlcomputer.es\/new\/#organization\"},\"potentialAction\":[{\"@type\":\"SearchAction\",\"target\":{\"@type\":\"EntryPoint\",\"urlTemplate\":\"https:\/\/ttlcomputer.es\/new\/?s={search_term_string}\"},\"query-input\":{\"@type\":\"PropertyValueSpecification\",\"valueRequired\":true,\"valueName\":\"search_term_string\"}}],\"inLanguage\":\"es\"},{\"@type\":\"Organization\",\"@id\":\"https:\/\/ttlcomputer.es\/new\/#organization\",\"name\":\"TTL Computer\",\"url\":\"https:\/\/ttlcomputer.es\/new\/\",\"logo\":{\"@type\":\"ImageObject\",\"inLanguage\":\"es\",\"@id\":\"https:\/\/ttlcomputer.es\/new\/#\/schema\/logo\/image\/\",\"url\":\"https:\/\/ttlcomputer.es\/new\/wp-content\/uploads\/2023\/06\/TTL-Negro.png\",\"contentUrl\":\"https:\/\/ttlcomputer.es\/new\/wp-content\/uploads\/2023\/06\/TTL-Negro.png\",\"width\":2810,\"height\":2194,\"caption\":\"TTL Computer \"},\"image\":{\"@id\":\"https:\/\/ttlcomputer.es\/new\/#\/schema\/logo\/image\/\"}}]}<\/script>\n<!-- \/ Yoast SEO plugin. -->","yoast_head_json":{"title":"TTL PORTATIL 15,6\u2033 TTLN1501i7 - TTL Computer","robots":{"index":"noindex","follow":"follow","max-snippet":"max-snippet:-1","max-image-preview":"max-image-preview:large","max-video-preview":"max-video-preview:-1"},"og_locale":"es_ES","og_type":"article","og_title":"TTL PORTATIL 15,6\u2033 TTLN1501i7 - TTL Computer","og_description":"Caracter\u00edsticas T\u00e9cnicas: Procesador Intel\u00ae Core\u2122 i7-1165G7 processor (10nm, 2,8GHz (4.7Ghz Turbo), DDR4 3200MHz, 12MB Smart Cache, TDP: 28W) Pantalla 15.6\u201d(39.62cm) FHD(1920\u00d71080) IPS (HKC MY PC156CS01) Acabado Matte Memoria RAM 8GB DDR4 3200 MHz SO-DIMMUna ranura disponible para futuras ampliaciones Tarjeta de Sonido Micr\u00f3fono y altavoces est\u00e9reo integrados Combo Tarjeta Gr\u00e1fica Gr\u00e1ficos Intel\u00ae11th Gen Intel(R) Core(TM) &hellip; Leer m\u00e1s \u00abTTL PORTATIL 15,6\u2033 TTLN1501i7\u00bb","og_url":"https:\/\/ttlcomputer.es\/new\/ttl-portatil-156\u2033-ttln1501i7\/","og_site_name":"TTL Computer","article_modified_time":"2023-09-04T07:24:25+00:00","og_image":[{"url":"https:\/\/ttlcomputer.es\/new\/wp-content\/uploads\/2023\/06\/Diseno-sin-titulo-44-1024x683.png"}],"twitter_card":"summary_large_image","twitter_misc":{"Tiempo de lectura":"2 minutos"},"schema":{"@context":"https:\/\/schema.org","@graph":[{"@type":"WebPage","@id":"https:\/\/ttlcomputer.es\/new\/ttl-portatil-156%e2%80%b3-ttln1501i7\/","url":"https:\/\/ttlcomputer.es\/new\/ttl-portatil-156%e2%80%b3-ttln1501i7\/","name":"TTL PORTATIL 15,6\u2033 TTLN1501i7 - TTL Computer","isPartOf":{"@id":"https:\/\/ttlcomputer.es\/new\/#website"},"primaryImageOfPage":{"@id":"https:\/\/ttlcomputer.es\/new\/ttl-portatil-156%e2%80%b3-ttln1501i7\/#primaryimage"},"image":{"@id":"https:\/\/ttlcomputer.es\/new\/ttl-portatil-156%e2%80%b3-ttln1501i7\/#primaryimage"},"thumbnailUrl":"https:\/\/ttlcomputer.es\/new\/wp-content\/uploads\/2023\/06\/Diseno-sin-titulo-44-1024x683.png","datePublished":"2023-09-04T06:41:16+00:00","dateModified":"2023-09-04T07:24:25+00:00","breadcrumb":{"@id":"https:\/\/ttlcomputer.es\/new\/ttl-portatil-156%e2%80%b3-ttln1501i7\/#breadcrumb"},"inLanguage":"es","potentialAction":[{"@type":"ReadAction","target":["https:\/\/ttlcomputer.es\/new\/ttl-portatil-156%e2%80%b3-ttln1501i7\/"]}]},{"@type":"ImageObject","inLanguage":"es","@id":"https:\/\/ttlcomputer.es\/new\/ttl-portatil-156%e2%80%b3-ttln1501i7\/#primaryimage","url":"https:\/\/ttlcomputer.es\/new\/wp-content\/uploads\/2023\/06\/Diseno-sin-titulo-44.png","contentUrl":"https:\/\/ttlcomputer.es\/new\/wp-content\/uploads\/2023\/06\/Diseno-sin-titulo-44.png","width":2472,"height":1648},{"@type":"BreadcrumbList","@id":"https:\/\/ttlcomputer.es\/new\/ttl-portatil-156%e2%80%b3-ttln1501i7\/#breadcrumb","itemListElement":[{"@type":"ListItem","position":1,"name":"Portada","item":"https:\/\/ttlcomputer.es\/new\/"},{"@type":"ListItem","position":2,"name":"TTL PORTATIL 15,6\u2033 TTLN1501i7"}]},{"@type":"WebSite","@id":"https:\/\/ttlcomputer.es\/new\/#website","url":"https:\/\/ttlcomputer.es\/new\/","name":"TTL Computer","description":"","publisher":{"@id":"https:\/\/ttlcomputer.es\/new\/#organization"},"potentialAction":[{"@type":"SearchAction","target":{"@type":"EntryPoint","urlTemplate":"https:\/\/ttlcomputer.es\/new\/?s={search_term_string}"},"query-input":{"@type":"PropertyValueSpecification","valueRequired":true,"valueName":"search_term_string"}}],"inLanguage":"es"},{"@type":"Organization","@id":"https:\/\/ttlcomputer.es\/new\/#organization","name":"TTL Computer","url":"https:\/\/ttlcomputer.es\/new\/","logo":{"@type":"ImageObject","inLanguage":"es","@id":"https:\/\/ttlcomputer.es\/new\/#\/schema\/logo\/image\/","url":"https:\/\/ttlcomputer.es\/new\/wp-content\/uploads\/2023\/06\/TTL-Negro.png","contentUrl":"https:\/\/ttlcomputer.es\/new\/wp-content\/uploads\/2023\/06\/TTL-Negro.png","width":2810,"height":2194,"caption":"TTL Computer "},"image":{"@id":"https:\/\/ttlcomputer.es\/new\/#\/schema\/logo\/image\/"}}]}},"_links":{"self":[{"href":"https:\/\/ttlcomputer.es\/new\/wp-json\/wp\/v2\/pages\/1812","targetHints":{"allow":["GET"]}}],"collection":[{"href":"https:\/\/ttlcomputer.es\/new\/wp-json\/wp\/v2\/pages"}],"about":[{"href":"https:\/\/ttlcomputer.es\/new\/wp-json\/wp\/v2\/types\/page"}],"author":[{"embeddable":true,"href":"https:\/\/ttlcomputer.es\/new\/wp-json\/wp\/v2\/users\/1"}],"replies":[{"embeddable":true,"href":"https:\/\/ttlcomputer.es\/new\/wp-json\/wp\/v2\/comments?post=1812"}],"version-history":[{"count":5,"href":"https:\/\/ttlcomputer.es\/new\/wp-json\/wp\/v2\/pages\/1812\/revisions"}],"predecessor-version":[{"id":1821,"href":"https:\/\/ttlcomputer.es\/new\/wp-json\/wp\/v2\/pages\/1812\/revisions\/1821"}],"wp:attachment":[{"href":"https:\/\/ttlcomputer.es\/new\/wp-json\/wp\/v2\/media?parent=1812"}],"curies":[{"name":"wp","href":"https:\/\/api.w.org\/{rel}","templated":true}]}}