{"id":1582,"date":"2023-07-10T10:01:50","date_gmt":"2023-07-10T10:01:50","guid":{"rendered":"https:\/\/ttlcomputer.es\/new\/?page_id=1582"},"modified":"2023-07-10T11:32:04","modified_gmt":"2023-07-10T11:32:04","slug":"raton","status":"publish","type":"page","link":"https:\/\/ttlcomputer.es\/new\/raton\/","title":{"rendered":"RAT\u00d3N"},"content":{"rendered":"\n\n\n<figure class=\"wp-block-image aligncenter size-full is-resized\"><img loading=\"lazy\" decoding=\"async\" src=\"https:\/\/ttlcomputer.es\/new\/wp-content\/uploads\/2023\/07\/raton-frontal-1-1.jpg\" alt=\"\" class=\"wp-image-1586\" width=\"600\" height=\"600\" srcset=\"https:\/\/ttlcomputer.es\/new\/wp-content\/uploads\/2023\/07\/raton-frontal-1-1.jpg 600w, https:\/\/ttlcomputer.es\/new\/wp-content\/uploads\/2023\/07\/raton-frontal-1-1-300x300.jpg 300w, https:\/\/ttlcomputer.es\/new\/wp-content\/uploads\/2023\/07\/raton-frontal-1-1-150x150.jpg 150w\" sizes=\"(max-width: 600px) 100vw, 600px\" \/><\/figure>\n\n\n\n<h2 class=\"wp-block-heading\">Caracter\u00edsticas T\u00e9cnicas:<\/h2>\n\n\n\n<figure class=\"wp-block-table\"><table><tbody><tr><td><strong>Sensor<\/strong><\/td><td>Sensor \u00f3ptico de 800 ppp preciso y fiable<\/td><\/tr><tr><td><strong>Dise\u00f1o<\/strong><\/td><td>Dise\u00f1o ambidiestro, curvado y confortable que se adapta a todos los usuarios<\/td><\/tr><tr><td><strong>Dimensiones<\/strong><\/td><td>Profundo 38mm<br>Ancho 55mm<br>Alto 115mm<br>Peso bruto 0.07kg<\/td><\/tr><tr><td><strong>Controles<\/strong><\/td><td>Rueda de desplazamiento ideal para agilizar la revisi\u00f3n de documentos<\/td><\/tr><tr><td><strong>Compatibilidad<\/strong><\/td><td><br>Compatible con PC y Mac\u00ae<\/td><\/tr><\/tbody><\/table><figcaption class=\"wp-element-caption\">* Las caracter\u00edsticas de dise\u00f1o del producto pueden variar debido a la configuraci\u00f3n y \/ o implementaciones interesados a petici\u00f3n.<\/figcaption><\/figure>\n\n\n\n<p><\/p>\n","protected":false},"excerpt":{"rendered":"<p>Caracter\u00edsticas T\u00e9cnicas: Sensor Sensor \u00f3ptico de 800 ppp preciso y fiable Dise\u00f1o Dise\u00f1o ambidiestro, curvado y confortable que se adapta a todos los usuarios Dimensiones Profundo 38mmAncho 55mmAlto 115mmPeso bruto 0.07kg Controles Rueda de desplazamiento ideal para agilizar la revisi\u00f3n de documentos Compatibilidad Compatible con PC y Mac\u00ae * Las caracter\u00edsticas de dise\u00f1o del producto &hellip; <\/p>\n<p class=\"link-more\"><a href=\"https:\/\/ttlcomputer.es\/new\/raton\/\" class=\"more-link\">Leer m\u00e1s<span class=\"screen-reader-text\"> \u00abRAT\u00d3N\u00bb<\/span><\/a><\/p>\n","protected":false},"author":1,"featured_media":0,"parent":0,"menu_order":0,"comment_status":"closed","ping_status":"closed","template":"","meta":{"saved_in_kubio":true,"inspiro_hide_title":false,"footnotes":""},"class_list":["post-1582","page","type-page","status-publish","hentry"],"kubio_ai_page_context":{"short_desc":"","purpose":"general"},"yoast_head":"<!-- This site is optimized with the Yoast SEO plugin v23.8 - https:\/\/yoast.com\/wordpress\/plugins\/seo\/ -->\n<title>RAT\u00d3N - TTL Computer<\/title>\n<meta name=\"robots\" content=\"noindex, follow, max-snippet:-1, max-image-preview:large, max-video-preview:-1\" \/>\n<meta property=\"og:locale\" content=\"es_ES\" \/>\n<meta property=\"og:type\" content=\"article\" \/>\n<meta property=\"og:title\" content=\"RAT\u00d3N - TTL Computer\" \/>\n<meta property=\"og:description\" content=\"Caracter\u00edsticas T\u00e9cnicas: Sensor Sensor \u00f3ptico de 800 ppp preciso y fiable Dise\u00f1o Dise\u00f1o ambidiestro, curvado y confortable que se adapta a todos los usuarios Dimensiones Profundo 38mmAncho 55mmAlto 115mmPeso bruto 0.07kg Controles Rueda de desplazamiento ideal para agilizar la revisi\u00f3n de documentos Compatibilidad Compatible con PC y Mac\u00ae * Las caracter\u00edsticas de dise\u00f1o del producto &hellip; Leer m\u00e1s \u00abRAT\u00d3N\u00bb\" \/>\n<meta property=\"og:url\" content=\"https:\/\/ttlcomputer.es\/new\/raton\/\" \/>\n<meta property=\"og:site_name\" content=\"TTL Computer\" \/>\n<meta property=\"article:modified_time\" content=\"2023-07-10T11:32:04+00:00\" \/>\n<meta property=\"og:image\" content=\"https:\/\/ttlcomputer.es\/new\/wp-content\/uploads\/2023\/07\/raton-frontal-1-1.jpg\" \/>\n<meta name=\"twitter:card\" content=\"summary_large_image\" \/>\n<meta name=\"twitter:label1\" content=\"Tiempo de lectura\" \/>\n\t<meta name=\"twitter:data1\" content=\"1 minuto\" \/>\n<script type=\"application\/ld+json\" class=\"yoast-schema-graph\">{\"@context\":\"https:\/\/schema.org\",\"@graph\":[{\"@type\":\"WebPage\",\"@id\":\"https:\/\/ttlcomputer.es\/new\/raton\/\",\"url\":\"https:\/\/ttlcomputer.es\/new\/raton\/\",\"name\":\"RAT\u00d3N - TTL Computer\",\"isPartOf\":{\"@id\":\"https:\/\/ttlcomputer.es\/new\/#website\"},\"primaryImageOfPage\":{\"@id\":\"https:\/\/ttlcomputer.es\/new\/raton\/#primaryimage\"},\"image\":{\"@id\":\"https:\/\/ttlcomputer.es\/new\/raton\/#primaryimage\"},\"thumbnailUrl\":\"https:\/\/ttlcomputer.es\/new\/wp-content\/uploads\/2023\/07\/raton-frontal-1-1.jpg\",\"datePublished\":\"2023-07-10T10:01:50+00:00\",\"dateModified\":\"2023-07-10T11:32:04+00:00\",\"breadcrumb\":{\"@id\":\"https:\/\/ttlcomputer.es\/new\/raton\/#breadcrumb\"},\"inLanguage\":\"es\",\"potentialAction\":[{\"@type\":\"ReadAction\",\"target\":[\"https:\/\/ttlcomputer.es\/new\/raton\/\"]}]},{\"@type\":\"ImageObject\",\"inLanguage\":\"es\",\"@id\":\"https:\/\/ttlcomputer.es\/new\/raton\/#primaryimage\",\"url\":\"https:\/\/ttlcomputer.es\/new\/wp-content\/uploads\/2023\/07\/raton-frontal-1-1.jpg\",\"contentUrl\":\"https:\/\/ttlcomputer.es\/new\/wp-content\/uploads\/2023\/07\/raton-frontal-1-1.jpg\",\"width\":600,\"height\":600},{\"@type\":\"BreadcrumbList\",\"@id\":\"https:\/\/ttlcomputer.es\/new\/raton\/#breadcrumb\",\"itemListElement\":[{\"@type\":\"ListItem\",\"position\":1,\"name\":\"Portada\",\"item\":\"https:\/\/ttlcomputer.es\/new\/\"},{\"@type\":\"ListItem\",\"position\":2,\"name\":\"RAT\u00d3N\"}]},{\"@type\":\"WebSite\",\"@id\":\"https:\/\/ttlcomputer.es\/new\/#website\",\"url\":\"https:\/\/ttlcomputer.es\/new\/\",\"name\":\"TTL Computer\",\"description\":\"\",\"publisher\":{\"@id\":\"https:\/\/ttlcomputer.es\/new\/#organization\"},\"potentialAction\":[{\"@type\":\"SearchAction\",\"target\":{\"@type\":\"EntryPoint\",\"urlTemplate\":\"https:\/\/ttlcomputer.es\/new\/?s={search_term_string}\"},\"query-input\":{\"@type\":\"PropertyValueSpecification\",\"valueRequired\":true,\"valueName\":\"search_term_string\"}}],\"inLanguage\":\"es\"},{\"@type\":\"Organization\",\"@id\":\"https:\/\/ttlcomputer.es\/new\/#organization\",\"name\":\"TTL Computer\",\"url\":\"https:\/\/ttlcomputer.es\/new\/\",\"logo\":{\"@type\":\"ImageObject\",\"inLanguage\":\"es\",\"@id\":\"https:\/\/ttlcomputer.es\/new\/#\/schema\/logo\/image\/\",\"url\":\"https:\/\/ttlcomputer.es\/new\/wp-content\/uploads\/2023\/06\/TTL-Negro.png\",\"contentUrl\":\"https:\/\/ttlcomputer.es\/new\/wp-content\/uploads\/2023\/06\/TTL-Negro.png\",\"width\":2810,\"height\":2194,\"caption\":\"TTL Computer \"},\"image\":{\"@id\":\"https:\/\/ttlcomputer.es\/new\/#\/schema\/logo\/image\/\"}}]}<\/script>\n<!-- \/ Yoast SEO plugin. -->","yoast_head_json":{"title":"RAT\u00d3N - TTL Computer","robots":{"index":"noindex","follow":"follow","max-snippet":"max-snippet:-1","max-image-preview":"max-image-preview:large","max-video-preview":"max-video-preview:-1"},"og_locale":"es_ES","og_type":"article","og_title":"RAT\u00d3N - TTL Computer","og_description":"Caracter\u00edsticas T\u00e9cnicas: Sensor Sensor \u00f3ptico de 800 ppp preciso y fiable Dise\u00f1o Dise\u00f1o ambidiestro, curvado y confortable que se adapta a todos los usuarios Dimensiones Profundo 38mmAncho 55mmAlto 115mmPeso bruto 0.07kg Controles Rueda de desplazamiento ideal para agilizar la revisi\u00f3n de documentos Compatibilidad Compatible con PC y Mac\u00ae * Las caracter\u00edsticas de dise\u00f1o del producto &hellip; Leer m\u00e1s \u00abRAT\u00d3N\u00bb","og_url":"https:\/\/ttlcomputer.es\/new\/raton\/","og_site_name":"TTL Computer","article_modified_time":"2023-07-10T11:32:04+00:00","og_image":[{"url":"https:\/\/ttlcomputer.es\/new\/wp-content\/uploads\/2023\/07\/raton-frontal-1-1.jpg"}],"twitter_card":"summary_large_image","twitter_misc":{"Tiempo de lectura":"1 minuto"},"schema":{"@context":"https:\/\/schema.org","@graph":[{"@type":"WebPage","@id":"https:\/\/ttlcomputer.es\/new\/raton\/","url":"https:\/\/ttlcomputer.es\/new\/raton\/","name":"RAT\u00d3N - TTL Computer","isPartOf":{"@id":"https:\/\/ttlcomputer.es\/new\/#website"},"primaryImageOfPage":{"@id":"https:\/\/ttlcomputer.es\/new\/raton\/#primaryimage"},"image":{"@id":"https:\/\/ttlcomputer.es\/new\/raton\/#primaryimage"},"thumbnailUrl":"https:\/\/ttlcomputer.es\/new\/wp-content\/uploads\/2023\/07\/raton-frontal-1-1.jpg","datePublished":"2023-07-10T10:01:50+00:00","dateModified":"2023-07-10T11:32:04+00:00","breadcrumb":{"@id":"https:\/\/ttlcomputer.es\/new\/raton\/#breadcrumb"},"inLanguage":"es","potentialAction":[{"@type":"ReadAction","target":["https:\/\/ttlcomputer.es\/new\/raton\/"]}]},{"@type":"ImageObject","inLanguage":"es","@id":"https:\/\/ttlcomputer.es\/new\/raton\/#primaryimage","url":"https:\/\/ttlcomputer.es\/new\/wp-content\/uploads\/2023\/07\/raton-frontal-1-1.jpg","contentUrl":"https:\/\/ttlcomputer.es\/new\/wp-content\/uploads\/2023\/07\/raton-frontal-1-1.jpg","width":600,"height":600},{"@type":"BreadcrumbList","@id":"https:\/\/ttlcomputer.es\/new\/raton\/#breadcrumb","itemListElement":[{"@type":"ListItem","position":1,"name":"Portada","item":"https:\/\/ttlcomputer.es\/new\/"},{"@type":"ListItem","position":2,"name":"RAT\u00d3N"}]},{"@type":"WebSite","@id":"https:\/\/ttlcomputer.es\/new\/#website","url":"https:\/\/ttlcomputer.es\/new\/","name":"TTL Computer","description":"","publisher":{"@id":"https:\/\/ttlcomputer.es\/new\/#organization"},"potentialAction":[{"@type":"SearchAction","target":{"@type":"EntryPoint","urlTemplate":"https:\/\/ttlcomputer.es\/new\/?s={search_term_string}"},"query-input":{"@type":"PropertyValueSpecification","valueRequired":true,"valueName":"search_term_string"}}],"inLanguage":"es"},{"@type":"Organization","@id":"https:\/\/ttlcomputer.es\/new\/#organization","name":"TTL Computer","url":"https:\/\/ttlcomputer.es\/new\/","logo":{"@type":"ImageObject","inLanguage":"es","@id":"https:\/\/ttlcomputer.es\/new\/#\/schema\/logo\/image\/","url":"https:\/\/ttlcomputer.es\/new\/wp-content\/uploads\/2023\/06\/TTL-Negro.png","contentUrl":"https:\/\/ttlcomputer.es\/new\/wp-content\/uploads\/2023\/06\/TTL-Negro.png","width":2810,"height":2194,"caption":"TTL Computer "},"image":{"@id":"https:\/\/ttlcomputer.es\/new\/#\/schema\/logo\/image\/"}}]}},"_links":{"self":[{"href":"https:\/\/ttlcomputer.es\/new\/wp-json\/wp\/v2\/pages\/1582","targetHints":{"allow":["GET"]}}],"collection":[{"href":"https:\/\/ttlcomputer.es\/new\/wp-json\/wp\/v2\/pages"}],"about":[{"href":"https:\/\/ttlcomputer.es\/new\/wp-json\/wp\/v2\/types\/page"}],"author":[{"embeddable":true,"href":"https:\/\/ttlcomputer.es\/new\/wp-json\/wp\/v2\/users\/1"}],"replies":[{"embeddable":true,"href":"https:\/\/ttlcomputer.es\/new\/wp-json\/wp\/v2\/comments?post=1582"}],"version-history":[{"count":5,"href":"https:\/\/ttlcomputer.es\/new\/wp-json\/wp\/v2\/pages\/1582\/revisions"}],"predecessor-version":[{"id":1591,"href":"https:\/\/ttlcomputer.es\/new\/wp-json\/wp\/v2\/pages\/1582\/revisions\/1591"}],"wp:attachment":[{"href":"https:\/\/ttlcomputer.es\/new\/wp-json\/wp\/v2\/media?parent=1582"}],"curies":[{"name":"wp","href":"https:\/\/api.w.org\/{rel}","templated":true}]}}