{"id":1538,"date":"2023-07-10T08:29:19","date_gmt":"2023-07-10T08:29:19","guid":{"rendered":"https:\/\/ttlcomputer.es\/new\/?page_id=1538"},"modified":"2023-07-10T09:07:21","modified_gmt":"2023-07-10T09:07:21","slug":"ttl-teknopack","status":"publish","type":"page","link":"https:\/\/ttlcomputer.es\/new\/ttl-teknopack\/","title":{"rendered":"TTL TEKNOPACK"},"content":{"rendered":"\n\n\n<figure class=\"wp-block-image size-large\"><img loading=\"lazy\" decoding=\"async\" width=\"1024\" height=\"769\" src=\"https:\/\/ttlcomputer.es\/new\/wp-content\/uploads\/2023\/07\/026304026304021443LP-103-Mini-PC-pics.-specs.-4-1024x769.png\" alt=\"\" class=\"wp-image-1543\" srcset=\"https:\/\/ttlcomputer.es\/new\/wp-content\/uploads\/2023\/07\/026304026304021443LP-103-Mini-PC-pics.-specs.-4-1024x769.png 1024w, https:\/\/ttlcomputer.es\/new\/wp-content\/uploads\/2023\/07\/026304026304021443LP-103-Mini-PC-pics.-specs.-4-300x225.png 300w, https:\/\/ttlcomputer.es\/new\/wp-content\/uploads\/2023\/07\/026304026304021443LP-103-Mini-PC-pics.-specs.-4-768x577.png 768w, https:\/\/ttlcomputer.es\/new\/wp-content\/uploads\/2023\/07\/026304026304021443LP-103-Mini-PC-pics.-specs.-4-1536x1153.png 1536w, https:\/\/ttlcomputer.es\/new\/wp-content\/uploads\/2023\/07\/026304026304021443LP-103-Mini-PC-pics.-specs.-4-2048x1538.png 2048w, https:\/\/ttlcomputer.es\/new\/wp-content\/uploads\/2023\/07\/026304026304021443LP-103-Mini-PC-pics.-specs.-4-1438x1080.png 1438w, https:\/\/ttlcomputer.es\/new\/wp-content\/uploads\/2023\/07\/026304026304021443LP-103-Mini-PC-pics.-specs.-4-2000x1502.png 2000w\" sizes=\"(max-width: 1024px) 100vw, 1024px\" \/><\/figure>\n\n\n\n<h2 class=\"wp-block-heading\">Caracter\u00edsticas T\u00e9cnicas:<\/h2>\n\n\n\n<figure class=\"wp-block-table\"><table><tbody><tr><td><strong>Chasis <\/strong><\/td><td>Formato ultra reducido(mini), con soporte VESA 8 ef<\/td><\/tr><tr><td><strong>Procesador<\/strong><\/td><td>Intel\u00ae Core\u2122 \/ AMD<\/td><\/tr><tr><td><strong>Memoria RAM <\/strong><\/td><td>DDR4<\/td><\/tr><tr><td><strong>Disco Duro <\/strong><\/td><td>PCIe NVMe (Opcional)<\/td><\/tr><tr><td><strong>Tarjeta Gr\u00e1fica <\/strong><\/td><td>Intel\u00ae HD Graphics<\/td><\/tr><tr><td><strong>Perif\u00e9ricos<\/strong><\/td><td>Teclado y rat\u00f3n USB TTL<\/td><\/tr><tr><td><strong>Certificaciones<\/strong><\/td><td>Energy Star, Epeat Gold<\/td><\/tr><tr><td><strong>Sistema Operativo<\/strong><\/td><td>Windows 10 \/ 11 Pro \/ Linux<\/td><\/tr><tr><td><strong>Garant\u00eda <\/strong><\/td><td>Ampliaci\u00f3n de garant\u00eda personalizada<\/td><\/tr><tr><td><strong>Gama<\/strong><\/td><td>Professional<\/td><\/tr><\/tbody><\/table><\/figure>\n","protected":false},"excerpt":{"rendered":"<p>Caracter\u00edsticas T\u00e9cnicas: Chasis Formato ultra reducido(mini), con soporte VESA 8 ef Procesador Intel\u00ae Core\u2122 \/ AMD Memoria RAM DDR4 Disco Duro PCIe NVMe (Opcional) Tarjeta Gr\u00e1fica Intel\u00ae HD Graphics Perif\u00e9ricos Teclado y rat\u00f3n USB TTL Certificaciones Energy Star, Epeat Gold Sistema Operativo Windows 10 \/ 11 Pro \/ Linux Garant\u00eda Ampliaci\u00f3n de garant\u00eda personalizada Gama &hellip; <\/p>\n<p class=\"link-more\"><a href=\"https:\/\/ttlcomputer.es\/new\/ttl-teknopack\/\" class=\"more-link\">Leer m\u00e1s<span class=\"screen-reader-text\"> \u00abTTL TEKNOPACK\u00bb<\/span><\/a><\/p>\n","protected":false},"author":1,"featured_media":0,"parent":0,"menu_order":0,"comment_status":"closed","ping_status":"closed","template":"","meta":{"saved_in_kubio":true,"inspiro_hide_title":false,"footnotes":""},"class_list":["post-1538","page","type-page","status-publish","hentry"],"kubio_ai_page_context":{"short_desc":"","purpose":"general"},"yoast_head":"<!-- This site is optimized with the Yoast SEO plugin v23.8 - https:\/\/yoast.com\/wordpress\/plugins\/seo\/ -->\n<title>TTL TEKNOPACK - TTL Computer<\/title>\n<meta name=\"robots\" content=\"noindex, follow, max-snippet:-1, max-image-preview:large, max-video-preview:-1\" \/>\n<meta property=\"og:locale\" content=\"es_ES\" \/>\n<meta property=\"og:type\" content=\"article\" \/>\n<meta property=\"og:title\" content=\"TTL TEKNOPACK - TTL Computer\" \/>\n<meta property=\"og:description\" content=\"Caracter\u00edsticas T\u00e9cnicas: Chasis Formato ultra reducido(mini), con soporte VESA 8 ef Procesador Intel\u00ae Core\u2122 \/ AMD Memoria RAM DDR4 Disco Duro PCIe NVMe (Opcional) Tarjeta Gr\u00e1fica Intel\u00ae HD Graphics Perif\u00e9ricos Teclado y rat\u00f3n USB TTL Certificaciones Energy Star, Epeat Gold Sistema Operativo Windows 10 \/ 11 Pro \/ Linux Garant\u00eda Ampliaci\u00f3n de garant\u00eda personalizada Gama &hellip; Leer m\u00e1s \u00abTTL TEKNOPACK\u00bb\" \/>\n<meta property=\"og:url\" content=\"https:\/\/ttlcomputer.es\/new\/ttl-teknopack\/\" \/>\n<meta property=\"og:site_name\" content=\"TTL Computer\" \/>\n<meta property=\"article:modified_time\" content=\"2023-07-10T09:07:21+00:00\" \/>\n<meta property=\"og:image\" content=\"https:\/\/ttlcomputer.es\/new\/wp-content\/uploads\/2023\/07\/026304026304021443LP-103-Mini-PC-pics.-specs.-4-1024x769.png\" \/>\n<meta name=\"twitter:card\" content=\"summary_large_image\" \/>\n<script type=\"application\/ld+json\" class=\"yoast-schema-graph\">{\"@context\":\"https:\/\/schema.org\",\"@graph\":[{\"@type\":\"WebPage\",\"@id\":\"https:\/\/ttlcomputer.es\/new\/ttl-teknopack\/\",\"url\":\"https:\/\/ttlcomputer.es\/new\/ttl-teknopack\/\",\"name\":\"TTL TEKNOPACK - TTL Computer\",\"isPartOf\":{\"@id\":\"https:\/\/ttlcomputer.es\/new\/#website\"},\"primaryImageOfPage\":{\"@id\":\"https:\/\/ttlcomputer.es\/new\/ttl-teknopack\/#primaryimage\"},\"image\":{\"@id\":\"https:\/\/ttlcomputer.es\/new\/ttl-teknopack\/#primaryimage\"},\"thumbnailUrl\":\"https:\/\/ttlcomputer.es\/new\/wp-content\/uploads\/2023\/07\/026304026304021443LP-103-Mini-PC-pics.-specs.-4-1024x769.png\",\"datePublished\":\"2023-07-10T08:29:19+00:00\",\"dateModified\":\"2023-07-10T09:07:21+00:00\",\"breadcrumb\":{\"@id\":\"https:\/\/ttlcomputer.es\/new\/ttl-teknopack\/#breadcrumb\"},\"inLanguage\":\"es\",\"potentialAction\":[{\"@type\":\"ReadAction\",\"target\":[\"https:\/\/ttlcomputer.es\/new\/ttl-teknopack\/\"]}]},{\"@type\":\"ImageObject\",\"inLanguage\":\"es\",\"@id\":\"https:\/\/ttlcomputer.es\/new\/ttl-teknopack\/#primaryimage\",\"url\":\"https:\/\/ttlcomputer.es\/new\/wp-content\/uploads\/2023\/07\/026304026304021443LP-103-Mini-PC-pics.-specs.-4.png\",\"contentUrl\":\"https:\/\/ttlcomputer.es\/new\/wp-content\/uploads\/2023\/07\/026304026304021443LP-103-Mini-PC-pics.-specs.-4.png\",\"width\":3208,\"height\":2409},{\"@type\":\"BreadcrumbList\",\"@id\":\"https:\/\/ttlcomputer.es\/new\/ttl-teknopack\/#breadcrumb\",\"itemListElement\":[{\"@type\":\"ListItem\",\"position\":1,\"name\":\"Portada\",\"item\":\"https:\/\/ttlcomputer.es\/new\/\"},{\"@type\":\"ListItem\",\"position\":2,\"name\":\"TTL TEKNOPACK\"}]},{\"@type\":\"WebSite\",\"@id\":\"https:\/\/ttlcomputer.es\/new\/#website\",\"url\":\"https:\/\/ttlcomputer.es\/new\/\",\"name\":\"TTL Computer\",\"description\":\"\",\"publisher\":{\"@id\":\"https:\/\/ttlcomputer.es\/new\/#organization\"},\"potentialAction\":[{\"@type\":\"SearchAction\",\"target\":{\"@type\":\"EntryPoint\",\"urlTemplate\":\"https:\/\/ttlcomputer.es\/new\/?s={search_term_string}\"},\"query-input\":{\"@type\":\"PropertyValueSpecification\",\"valueRequired\":true,\"valueName\":\"search_term_string\"}}],\"inLanguage\":\"es\"},{\"@type\":\"Organization\",\"@id\":\"https:\/\/ttlcomputer.es\/new\/#organization\",\"name\":\"TTL Computer\",\"url\":\"https:\/\/ttlcomputer.es\/new\/\",\"logo\":{\"@type\":\"ImageObject\",\"inLanguage\":\"es\",\"@id\":\"https:\/\/ttlcomputer.es\/new\/#\/schema\/logo\/image\/\",\"url\":\"https:\/\/ttlcomputer.es\/new\/wp-content\/uploads\/2023\/06\/TTL-Negro.png\",\"contentUrl\":\"https:\/\/ttlcomputer.es\/new\/wp-content\/uploads\/2023\/06\/TTL-Negro.png\",\"width\":2810,\"height\":2194,\"caption\":\"TTL Computer \"},\"image\":{\"@id\":\"https:\/\/ttlcomputer.es\/new\/#\/schema\/logo\/image\/\"}}]}<\/script>\n<!-- \/ Yoast SEO plugin. -->","yoast_head_json":{"title":"TTL TEKNOPACK - TTL Computer","robots":{"index":"noindex","follow":"follow","max-snippet":"max-snippet:-1","max-image-preview":"max-image-preview:large","max-video-preview":"max-video-preview:-1"},"og_locale":"es_ES","og_type":"article","og_title":"TTL TEKNOPACK - TTL Computer","og_description":"Caracter\u00edsticas T\u00e9cnicas: Chasis Formato ultra reducido(mini), con soporte VESA 8 ef Procesador Intel\u00ae Core\u2122 \/ AMD Memoria RAM DDR4 Disco Duro PCIe NVMe (Opcional) Tarjeta Gr\u00e1fica Intel\u00ae HD Graphics Perif\u00e9ricos Teclado y rat\u00f3n USB TTL Certificaciones Energy Star, Epeat Gold Sistema Operativo Windows 10 \/ 11 Pro \/ Linux Garant\u00eda Ampliaci\u00f3n de garant\u00eda personalizada Gama &hellip; Leer m\u00e1s \u00abTTL TEKNOPACK\u00bb","og_url":"https:\/\/ttlcomputer.es\/new\/ttl-teknopack\/","og_site_name":"TTL Computer","article_modified_time":"2023-07-10T09:07:21+00:00","og_image":[{"url":"https:\/\/ttlcomputer.es\/new\/wp-content\/uploads\/2023\/07\/026304026304021443LP-103-Mini-PC-pics.-specs.-4-1024x769.png"}],"twitter_card":"summary_large_image","schema":{"@context":"https:\/\/schema.org","@graph":[{"@type":"WebPage","@id":"https:\/\/ttlcomputer.es\/new\/ttl-teknopack\/","url":"https:\/\/ttlcomputer.es\/new\/ttl-teknopack\/","name":"TTL TEKNOPACK - TTL Computer","isPartOf":{"@id":"https:\/\/ttlcomputer.es\/new\/#website"},"primaryImageOfPage":{"@id":"https:\/\/ttlcomputer.es\/new\/ttl-teknopack\/#primaryimage"},"image":{"@id":"https:\/\/ttlcomputer.es\/new\/ttl-teknopack\/#primaryimage"},"thumbnailUrl":"https:\/\/ttlcomputer.es\/new\/wp-content\/uploads\/2023\/07\/026304026304021443LP-103-Mini-PC-pics.-specs.-4-1024x769.png","datePublished":"2023-07-10T08:29:19+00:00","dateModified":"2023-07-10T09:07:21+00:00","breadcrumb":{"@id":"https:\/\/ttlcomputer.es\/new\/ttl-teknopack\/#breadcrumb"},"inLanguage":"es","potentialAction":[{"@type":"ReadAction","target":["https:\/\/ttlcomputer.es\/new\/ttl-teknopack\/"]}]},{"@type":"ImageObject","inLanguage":"es","@id":"https:\/\/ttlcomputer.es\/new\/ttl-teknopack\/#primaryimage","url":"https:\/\/ttlcomputer.es\/new\/wp-content\/uploads\/2023\/07\/026304026304021443LP-103-Mini-PC-pics.-specs.-4.png","contentUrl":"https:\/\/ttlcomputer.es\/new\/wp-content\/uploads\/2023\/07\/026304026304021443LP-103-Mini-PC-pics.-specs.-4.png","width":3208,"height":2409},{"@type":"BreadcrumbList","@id":"https:\/\/ttlcomputer.es\/new\/ttl-teknopack\/#breadcrumb","itemListElement":[{"@type":"ListItem","position":1,"name":"Portada","item":"https:\/\/ttlcomputer.es\/new\/"},{"@type":"ListItem","position":2,"name":"TTL TEKNOPACK"}]},{"@type":"WebSite","@id":"https:\/\/ttlcomputer.es\/new\/#website","url":"https:\/\/ttlcomputer.es\/new\/","name":"TTL Computer","description":"","publisher":{"@id":"https:\/\/ttlcomputer.es\/new\/#organization"},"potentialAction":[{"@type":"SearchAction","target":{"@type":"EntryPoint","urlTemplate":"https:\/\/ttlcomputer.es\/new\/?s={search_term_string}"},"query-input":{"@type":"PropertyValueSpecification","valueRequired":true,"valueName":"search_term_string"}}],"inLanguage":"es"},{"@type":"Organization","@id":"https:\/\/ttlcomputer.es\/new\/#organization","name":"TTL Computer","url":"https:\/\/ttlcomputer.es\/new\/","logo":{"@type":"ImageObject","inLanguage":"es","@id":"https:\/\/ttlcomputer.es\/new\/#\/schema\/logo\/image\/","url":"https:\/\/ttlcomputer.es\/new\/wp-content\/uploads\/2023\/06\/TTL-Negro.png","contentUrl":"https:\/\/ttlcomputer.es\/new\/wp-content\/uploads\/2023\/06\/TTL-Negro.png","width":2810,"height":2194,"caption":"TTL Computer "},"image":{"@id":"https:\/\/ttlcomputer.es\/new\/#\/schema\/logo\/image\/"}}]}},"_links":{"self":[{"href":"https:\/\/ttlcomputer.es\/new\/wp-json\/wp\/v2\/pages\/1538","targetHints":{"allow":["GET"]}}],"collection":[{"href":"https:\/\/ttlcomputer.es\/new\/wp-json\/wp\/v2\/pages"}],"about":[{"href":"https:\/\/ttlcomputer.es\/new\/wp-json\/wp\/v2\/types\/page"}],"author":[{"embeddable":true,"href":"https:\/\/ttlcomputer.es\/new\/wp-json\/wp\/v2\/users\/1"}],"replies":[{"embeddable":true,"href":"https:\/\/ttlcomputer.es\/new\/wp-json\/wp\/v2\/comments?post=1538"}],"version-history":[{"count":5,"href":"https:\/\/ttlcomputer.es\/new\/wp-json\/wp\/v2\/pages\/1538\/revisions"}],"predecessor-version":[{"id":1557,"href":"https:\/\/ttlcomputer.es\/new\/wp-json\/wp\/v2\/pages\/1538\/revisions\/1557"}],"wp:attachment":[{"href":"https:\/\/ttlcomputer.es\/new\/wp-json\/wp\/v2\/media?parent=1538"}],"curies":[{"name":"wp","href":"https:\/\/api.w.org\/{rel}","templated":true}]}}