{"id":1521,"date":"2023-06-23T09:20:12","date_gmt":"2023-06-23T09:20:12","guid":{"rendered":"https:\/\/ttlcomputer.es\/new\/?page_id=1521"},"modified":"2023-06-23T09:27:42","modified_gmt":"2023-06-23T09:27:42","slug":"portatil-ttl-14-i7-8565u","status":"publish","type":"page","link":"https:\/\/ttlcomputer.es\/new\/portatil-ttl-14-i7-8565u\/","title":{"rendered":"PORT\u00c1TIL TTL 14 i7 8565U"},"content":{"rendered":"\n\n\n<figure class=\"wp-block-image aligncenter size-large is-resized\"><img loading=\"lazy\" decoding=\"async\" src=\"https:\/\/ttlcomputer.es\/new\/wp-content\/uploads\/2023\/06\/Diseno-sin-titulo-47-4-1024x768.png\" alt=\"\" class=\"wp-image-1526\" width=\"1037\" height=\"778\" srcset=\"https:\/\/ttlcomputer.es\/new\/wp-content\/uploads\/2023\/06\/Diseno-sin-titulo-47-4-1024x768.png 1024w, https:\/\/ttlcomputer.es\/new\/wp-content\/uploads\/2023\/06\/Diseno-sin-titulo-47-4-300x225.png 300w, https:\/\/ttlcomputer.es\/new\/wp-content\/uploads\/2023\/06\/Diseno-sin-titulo-47-4-768x576.png 768w, https:\/\/ttlcomputer.es\/new\/wp-content\/uploads\/2023\/06\/Diseno-sin-titulo-47-4-1536x1152.png 1536w, https:\/\/ttlcomputer.es\/new\/wp-content\/uploads\/2023\/06\/Diseno-sin-titulo-47-4-1440x1080.png 1440w, https:\/\/ttlcomputer.es\/new\/wp-content\/uploads\/2023\/06\/Diseno-sin-titulo-47-4-2000x1500.png 2000w, https:\/\/ttlcomputer.es\/new\/wp-content\/uploads\/2023\/06\/Diseno-sin-titulo-47-4.png 2048w\" sizes=\"(max-width: 1037px) 100vw, 1037px\" \/><\/figure>\n\n\n\n<h2 class=\"wp-block-heading\">Caracter\u00edsticas T\u00e9cnicas:<\/h2>\n\n\n\n<figure class=\"wp-block-table\"><table><tbody><tr><td><strong>Procesador<\/strong><\/td><td>Intel \u00ae Core\u00a0i7-8565U<\/td><\/tr><tr><td><strong>Pantalla <\/strong><\/td><td>14&#8243; FHD pantalla antireflejo <\/td><\/tr><tr><td><strong>Memoria<\/strong><\/td><td>8GB DDR4 2400 MHZ SO-DIMM CL17<\/td><\/tr><tr><td><strong>Almacenamiento<\/strong><\/td><td>SSD 2.5\u2033 256GB<\/td><\/tr><tr><td><strong>Conectividad <\/strong><\/td><td>WLAN 3168 AC + BT M.2<\/td><\/tr><tr><td><strong>Adaptador<\/strong><\/td><td>36WH Adaptador 40W<\/td><\/tr><tr><td><strong>Sistema Operativo <\/strong><\/td><td>MS WINDOWS 10 PRO OLC 3.0<\/td><\/tr><\/tbody><\/table><figcaption class=\"wp-element-caption\">*Las caracter\u00edsticas de dise\u00f1o del producto pueden variar debido a la configuraci\u00f3n y \/ o implementaciones interesadas a pedido.<\/figcaption><\/figure>\n","protected":false},"excerpt":{"rendered":"<p>Caracter\u00edsticas T\u00e9cnicas: Procesador Intel \u00ae Core\u00a0i7-8565U Pantalla 14&#8243; FHD pantalla antireflejo Memoria 8GB DDR4 2400 MHZ SO-DIMM CL17 Almacenamiento SSD 2.5\u2033 256GB Conectividad WLAN 3168 AC + BT M.2 Adaptador 36WH Adaptador 40W Sistema Operativo MS WINDOWS 10 PRO OLC 3.0 *Las caracter\u00edsticas de dise\u00f1o del producto pueden variar debido a la configuraci\u00f3n y \/ &hellip; <\/p>\n<p class=\"link-more\"><a href=\"https:\/\/ttlcomputer.es\/new\/portatil-ttl-14-i7-8565u\/\" class=\"more-link\">Leer m\u00e1s<span class=\"screen-reader-text\"> \u00abPORT\u00c1TIL TTL 14 i7 8565U\u00bb<\/span><\/a><\/p>\n","protected":false},"author":1,"featured_media":0,"parent":0,"menu_order":0,"comment_status":"closed","ping_status":"closed","template":"","meta":{"saved_in_kubio":true,"inspiro_hide_title":false,"footnotes":""},"class_list":["post-1521","page","type-page","status-publish","hentry"],"kubio_ai_page_context":{"short_desc":"","purpose":"general"},"yoast_head":"<!-- This site is optimized with the Yoast SEO plugin v23.8 - https:\/\/yoast.com\/wordpress\/plugins\/seo\/ -->\n<title>PORT\u00c1TIL TTL 14 i7 8565U - TTL Computer<\/title>\n<meta name=\"robots\" content=\"noindex, follow, max-snippet:-1, max-image-preview:large, max-video-preview:-1\" \/>\n<meta property=\"og:locale\" content=\"es_ES\" \/>\n<meta property=\"og:type\" content=\"article\" \/>\n<meta property=\"og:title\" content=\"PORT\u00c1TIL TTL 14 i7 8565U - TTL Computer\" \/>\n<meta property=\"og:description\" content=\"Caracter\u00edsticas T\u00e9cnicas: Procesador Intel \u00ae Core\u00a0i7-8565U Pantalla 14&#8243; FHD pantalla antireflejo Memoria 8GB DDR4 2400 MHZ SO-DIMM CL17 Almacenamiento SSD 2.5\u2033 256GB Conectividad WLAN 3168 AC + BT M.2 Adaptador 36WH Adaptador 40W Sistema Operativo MS WINDOWS 10 PRO OLC 3.0 *Las caracter\u00edsticas de dise\u00f1o del producto pueden variar debido a la configuraci\u00f3n y \/ &hellip; Leer m\u00e1s \u00abPORT\u00c1TIL TTL 14 i7 8565U\u00bb\" \/>\n<meta property=\"og:url\" content=\"https:\/\/ttlcomputer.es\/new\/portatil-ttl-14-i7-8565u\/\" \/>\n<meta property=\"og:site_name\" content=\"TTL Computer\" \/>\n<meta property=\"article:modified_time\" content=\"2023-06-23T09:27:42+00:00\" \/>\n<meta property=\"og:image\" content=\"https:\/\/ttlcomputer.es\/new\/wp-content\/uploads\/2023\/06\/Diseno-sin-titulo-47-4-1024x768.png\" \/>\n<meta name=\"twitter:card\" content=\"summary_large_image\" \/>\n<script type=\"application\/ld+json\" class=\"yoast-schema-graph\">{\"@context\":\"https:\/\/schema.org\",\"@graph\":[{\"@type\":\"WebPage\",\"@id\":\"https:\/\/ttlcomputer.es\/new\/portatil-ttl-14-i7-8565u\/\",\"url\":\"https:\/\/ttlcomputer.es\/new\/portatil-ttl-14-i7-8565u\/\",\"name\":\"PORT\u00c1TIL TTL 14 i7 8565U - TTL Computer\",\"isPartOf\":{\"@id\":\"https:\/\/ttlcomputer.es\/new\/#website\"},\"primaryImageOfPage\":{\"@id\":\"https:\/\/ttlcomputer.es\/new\/portatil-ttl-14-i7-8565u\/#primaryimage\"},\"image\":{\"@id\":\"https:\/\/ttlcomputer.es\/new\/portatil-ttl-14-i7-8565u\/#primaryimage\"},\"thumbnailUrl\":\"https:\/\/ttlcomputer.es\/new\/wp-content\/uploads\/2023\/06\/Diseno-sin-titulo-47-4-1024x768.png\",\"datePublished\":\"2023-06-23T09:20:12+00:00\",\"dateModified\":\"2023-06-23T09:27:42+00:00\",\"breadcrumb\":{\"@id\":\"https:\/\/ttlcomputer.es\/new\/portatil-ttl-14-i7-8565u\/#breadcrumb\"},\"inLanguage\":\"es\",\"potentialAction\":[{\"@type\":\"ReadAction\",\"target\":[\"https:\/\/ttlcomputer.es\/new\/portatil-ttl-14-i7-8565u\/\"]}]},{\"@type\":\"ImageObject\",\"inLanguage\":\"es\",\"@id\":\"https:\/\/ttlcomputer.es\/new\/portatil-ttl-14-i7-8565u\/#primaryimage\",\"url\":\"https:\/\/ttlcomputer.es\/new\/wp-content\/uploads\/2023\/06\/Diseno-sin-titulo-47-4.png\",\"contentUrl\":\"https:\/\/ttlcomputer.es\/new\/wp-content\/uploads\/2023\/06\/Diseno-sin-titulo-47-4.png\",\"width\":2048,\"height\":1536},{\"@type\":\"BreadcrumbList\",\"@id\":\"https:\/\/ttlcomputer.es\/new\/portatil-ttl-14-i7-8565u\/#breadcrumb\",\"itemListElement\":[{\"@type\":\"ListItem\",\"position\":1,\"name\":\"Portada\",\"item\":\"https:\/\/ttlcomputer.es\/new\/\"},{\"@type\":\"ListItem\",\"position\":2,\"name\":\"PORT\u00c1TIL TTL 14 i7 8565U\"}]},{\"@type\":\"WebSite\",\"@id\":\"https:\/\/ttlcomputer.es\/new\/#website\",\"url\":\"https:\/\/ttlcomputer.es\/new\/\",\"name\":\"TTL Computer\",\"description\":\"\",\"publisher\":{\"@id\":\"https:\/\/ttlcomputer.es\/new\/#organization\"},\"potentialAction\":[{\"@type\":\"SearchAction\",\"target\":{\"@type\":\"EntryPoint\",\"urlTemplate\":\"https:\/\/ttlcomputer.es\/new\/?s={search_term_string}\"},\"query-input\":{\"@type\":\"PropertyValueSpecification\",\"valueRequired\":true,\"valueName\":\"search_term_string\"}}],\"inLanguage\":\"es\"},{\"@type\":\"Organization\",\"@id\":\"https:\/\/ttlcomputer.es\/new\/#organization\",\"name\":\"TTL Computer\",\"url\":\"https:\/\/ttlcomputer.es\/new\/\",\"logo\":{\"@type\":\"ImageObject\",\"inLanguage\":\"es\",\"@id\":\"https:\/\/ttlcomputer.es\/new\/#\/schema\/logo\/image\/\",\"url\":\"https:\/\/ttlcomputer.es\/new\/wp-content\/uploads\/2023\/06\/TTL-Negro.png\",\"contentUrl\":\"https:\/\/ttlcomputer.es\/new\/wp-content\/uploads\/2023\/06\/TTL-Negro.png\",\"width\":2810,\"height\":2194,\"caption\":\"TTL Computer \"},\"image\":{\"@id\":\"https:\/\/ttlcomputer.es\/new\/#\/schema\/logo\/image\/\"}}]}<\/script>\n<!-- \/ Yoast SEO plugin. -->","yoast_head_json":{"title":"PORT\u00c1TIL TTL 14 i7 8565U - TTL Computer","robots":{"index":"noindex","follow":"follow","max-snippet":"max-snippet:-1","max-image-preview":"max-image-preview:large","max-video-preview":"max-video-preview:-1"},"og_locale":"es_ES","og_type":"article","og_title":"PORT\u00c1TIL TTL 14 i7 8565U - TTL Computer","og_description":"Caracter\u00edsticas T\u00e9cnicas: Procesador Intel \u00ae Core\u00a0i7-8565U Pantalla 14&#8243; FHD pantalla antireflejo Memoria 8GB DDR4 2400 MHZ SO-DIMM CL17 Almacenamiento SSD 2.5\u2033 256GB Conectividad WLAN 3168 AC + BT M.2 Adaptador 36WH Adaptador 40W Sistema Operativo MS WINDOWS 10 PRO OLC 3.0 *Las caracter\u00edsticas de dise\u00f1o del producto pueden variar debido a la configuraci\u00f3n y \/ &hellip; Leer m\u00e1s \u00abPORT\u00c1TIL TTL 14 i7 8565U\u00bb","og_url":"https:\/\/ttlcomputer.es\/new\/portatil-ttl-14-i7-8565u\/","og_site_name":"TTL Computer","article_modified_time":"2023-06-23T09:27:42+00:00","og_image":[{"url":"https:\/\/ttlcomputer.es\/new\/wp-content\/uploads\/2023\/06\/Diseno-sin-titulo-47-4-1024x768.png"}],"twitter_card":"summary_large_image","schema":{"@context":"https:\/\/schema.org","@graph":[{"@type":"WebPage","@id":"https:\/\/ttlcomputer.es\/new\/portatil-ttl-14-i7-8565u\/","url":"https:\/\/ttlcomputer.es\/new\/portatil-ttl-14-i7-8565u\/","name":"PORT\u00c1TIL TTL 14 i7 8565U - TTL Computer","isPartOf":{"@id":"https:\/\/ttlcomputer.es\/new\/#website"},"primaryImageOfPage":{"@id":"https:\/\/ttlcomputer.es\/new\/portatil-ttl-14-i7-8565u\/#primaryimage"},"image":{"@id":"https:\/\/ttlcomputer.es\/new\/portatil-ttl-14-i7-8565u\/#primaryimage"},"thumbnailUrl":"https:\/\/ttlcomputer.es\/new\/wp-content\/uploads\/2023\/06\/Diseno-sin-titulo-47-4-1024x768.png","datePublished":"2023-06-23T09:20:12+00:00","dateModified":"2023-06-23T09:27:42+00:00","breadcrumb":{"@id":"https:\/\/ttlcomputer.es\/new\/portatil-ttl-14-i7-8565u\/#breadcrumb"},"inLanguage":"es","potentialAction":[{"@type":"ReadAction","target":["https:\/\/ttlcomputer.es\/new\/portatil-ttl-14-i7-8565u\/"]}]},{"@type":"ImageObject","inLanguage":"es","@id":"https:\/\/ttlcomputer.es\/new\/portatil-ttl-14-i7-8565u\/#primaryimage","url":"https:\/\/ttlcomputer.es\/new\/wp-content\/uploads\/2023\/06\/Diseno-sin-titulo-47-4.png","contentUrl":"https:\/\/ttlcomputer.es\/new\/wp-content\/uploads\/2023\/06\/Diseno-sin-titulo-47-4.png","width":2048,"height":1536},{"@type":"BreadcrumbList","@id":"https:\/\/ttlcomputer.es\/new\/portatil-ttl-14-i7-8565u\/#breadcrumb","itemListElement":[{"@type":"ListItem","position":1,"name":"Portada","item":"https:\/\/ttlcomputer.es\/new\/"},{"@type":"ListItem","position":2,"name":"PORT\u00c1TIL TTL 14 i7 8565U"}]},{"@type":"WebSite","@id":"https:\/\/ttlcomputer.es\/new\/#website","url":"https:\/\/ttlcomputer.es\/new\/","name":"TTL Computer","description":"","publisher":{"@id":"https:\/\/ttlcomputer.es\/new\/#organization"},"potentialAction":[{"@type":"SearchAction","target":{"@type":"EntryPoint","urlTemplate":"https:\/\/ttlcomputer.es\/new\/?s={search_term_string}"},"query-input":{"@type":"PropertyValueSpecification","valueRequired":true,"valueName":"search_term_string"}}],"inLanguage":"es"},{"@type":"Organization","@id":"https:\/\/ttlcomputer.es\/new\/#organization","name":"TTL Computer","url":"https:\/\/ttlcomputer.es\/new\/","logo":{"@type":"ImageObject","inLanguage":"es","@id":"https:\/\/ttlcomputer.es\/new\/#\/schema\/logo\/image\/","url":"https:\/\/ttlcomputer.es\/new\/wp-content\/uploads\/2023\/06\/TTL-Negro.png","contentUrl":"https:\/\/ttlcomputer.es\/new\/wp-content\/uploads\/2023\/06\/TTL-Negro.png","width":2810,"height":2194,"caption":"TTL Computer "},"image":{"@id":"https:\/\/ttlcomputer.es\/new\/#\/schema\/logo\/image\/"}}]}},"_links":{"self":[{"href":"https:\/\/ttlcomputer.es\/new\/wp-json\/wp\/v2\/pages\/1521","targetHints":{"allow":["GET"]}}],"collection":[{"href":"https:\/\/ttlcomputer.es\/new\/wp-json\/wp\/v2\/pages"}],"about":[{"href":"https:\/\/ttlcomputer.es\/new\/wp-json\/wp\/v2\/types\/page"}],"author":[{"embeddable":true,"href":"https:\/\/ttlcomputer.es\/new\/wp-json\/wp\/v2\/users\/1"}],"replies":[{"embeddable":true,"href":"https:\/\/ttlcomputer.es\/new\/wp-json\/wp\/v2\/comments?post=1521"}],"version-history":[{"count":4,"href":"https:\/\/ttlcomputer.es\/new\/wp-json\/wp\/v2\/pages\/1521\/revisions"}],"predecessor-version":[{"id":1529,"href":"https:\/\/ttlcomputer.es\/new\/wp-json\/wp\/v2\/pages\/1521\/revisions\/1529"}],"wp:attachment":[{"href":"https:\/\/ttlcomputer.es\/new\/wp-json\/wp\/v2\/media?parent=1521"}],"curies":[{"name":"wp","href":"https:\/\/api.w.org\/{rel}","templated":true}]}}