{"id":1498,"date":"2023-06-23T08:24:11","date_gmt":"2023-06-23T08:24:11","guid":{"rendered":"https:\/\/ttlcomputer.es\/new\/?page_id=1498"},"modified":"2023-08-16T11:37:43","modified_gmt":"2023-08-16T11:37:43","slug":"portatil-ttl-141%e2%80%b3-aio-ttln1402i3","status":"publish","type":"page","link":"https:\/\/ttlcomputer.es\/new\/portatil-ttl-141%e2%80%b3-aio-ttln1402i3\/","title":{"rendered":"PORT\u00c1TIL TTL\u00a0 14,1\u2033 AIO TTLN1402i3"},"content":{"rendered":"\n\n\n<figure class=\"wp-block-image aligncenter size-large is-resized\"><img loading=\"lazy\" decoding=\"async\" src=\"https:\/\/ttlcomputer.es\/new\/wp-content\/uploads\/2023\/06\/Diseno-sin-titulo-47-1024x768.png\" alt=\"\" class=\"wp-image-1499\" style=\"width:1079px;height:809px\" width=\"1079\" height=\"809\" srcset=\"https:\/\/ttlcomputer.es\/new\/wp-content\/uploads\/2023\/06\/Diseno-sin-titulo-47-1024x768.png 1024w, https:\/\/ttlcomputer.es\/new\/wp-content\/uploads\/2023\/06\/Diseno-sin-titulo-47-300x225.png 300w, https:\/\/ttlcomputer.es\/new\/wp-content\/uploads\/2023\/06\/Diseno-sin-titulo-47-768x576.png 768w, https:\/\/ttlcomputer.es\/new\/wp-content\/uploads\/2023\/06\/Diseno-sin-titulo-47-1536x1152.png 1536w, https:\/\/ttlcomputer.es\/new\/wp-content\/uploads\/2023\/06\/Diseno-sin-titulo-47-1440x1080.png 1440w, https:\/\/ttlcomputer.es\/new\/wp-content\/uploads\/2023\/06\/Diseno-sin-titulo-47-2000x1500.png 2000w, https:\/\/ttlcomputer.es\/new\/wp-content\/uploads\/2023\/06\/Diseno-sin-titulo-47.png 2048w\" sizes=\"(max-width: 1079px) 100vw, 1079px\" \/><\/figure>\n\n\n\n<h2 class=\"wp-block-heading\">Caracter\u00edsticas T\u00e9cnicas:<\/h2>\n\n\n\n<figure class=\"wp-block-table is-style-regular\"><table class=\"has-fixed-layout\"><tbody><tr><td><strong>Procesador<\/strong><\/td><td>Intel\u00ae Core\u2122 i3-1125G4<\/td><\/tr><tr><td><strong>Memoria <\/strong><\/td><td>2* SO-DIMM DDR4\uff08Max64GB\uff09,3200Mhz<\/td><\/tr><tr><td><strong>Disco Duro <\/strong><\/td><td>SSD M.2 2280<\/td><\/tr><tr><td><strong>Pantalla<\/strong><\/td><td>14.1\u2019\u2019 IPS Full-HD Anti-reflejo<\/td><\/tr><tr><td><strong>Tarjeta Gr\u00e1fica<\/strong><\/td><td>Intel\u00ae Iris\u00ae Xe Graphics<\/td><\/tr><tr><td><strong>Comunicaciones<\/strong><\/td><td>Intel\u00ae Dual Band Wireless-AC + BT<\/td><\/tr><tr><td><strong>Peso<\/strong><\/td><td>1,7 kg<\/td><\/tr><tr><td><strong>Bater\u00eda<\/strong><\/td><td>7.6v 6800mah<\/td><\/tr><tr><td><strong>Redes<\/strong><\/td><td>Wifi, Bluetooth<\/td><\/tr><tr><td><strong>Gama<\/strong><\/td><td><strong>Professional<\/strong><\/td><\/tr><tr><td><strong>Conectividad<\/strong><\/td><td>WIFI AC \u2013 AX (opcional)<\/td><\/tr><tr><td><strong>Certificaciones<\/strong><\/td><td>Energy Star, Epeat Gold, Eficiencia energ\u00e9tica<\/td><\/tr><\/tbody><\/table><figcaption class=\"wp-element-caption\">* Las caracter\u00edsticas de dise\u00f1o del producto pueden variar debido a la configuraci\u00f3n y \/ o implementaciones interesados a petici\u00f3n.<\/figcaption><\/figure>\n\n\n\n<p>Descargar Drivers <\/p>\n\n\n\n<div class=\"wp-block-buttons is-layout-flex wp-block-buttons-is-layout-flex\">\n<div class=\"wp-block-button is-style-outline is-style-outline--1\"><a class=\"wp-block-button__link wp-element-button\" href=\"https:\/\/www.myqnapcloud.com\/share\/75526h72o61n827r2wty3a03_f8033j4l04k227811s62489ba0d72236#\/home\" target=\"_blank\" rel=\"noreferrer noopener\">DRIVERS<\/a><\/div>\n<\/div>\n","protected":false},"excerpt":{"rendered":"<p>Caracter\u00edsticas T\u00e9cnicas: Procesador Intel\u00ae Core\u2122 i3-1125G4 Memoria 2* SO-DIMM DDR4\uff08Max64GB\uff09,3200Mhz Disco Duro SSD M.2 2280 Pantalla 14.1\u2019\u2019 IPS Full-HD Anti-reflejo Tarjeta Gr\u00e1fica Intel\u00ae Iris\u00ae Xe Graphics Comunicaciones Intel\u00ae Dual Band Wireless-AC + BT Peso 1,7 kg Bater\u00eda 7.6v 6800mah Redes Wifi, Bluetooth Gama Professional Conectividad WIFI AC \u2013 AX (opcional) Certificaciones Energy Star, Epeat Gold, &hellip; <\/p>\n<p class=\"link-more\"><a href=\"https:\/\/ttlcomputer.es\/new\/portatil-ttl-141%e2%80%b3-aio-ttln1402i3\/\" class=\"more-link\">Leer m\u00e1s<span class=\"screen-reader-text\"> \u00abPORT\u00c1TIL TTL\u00a0 14,1\u2033 AIO TTLN1402i3\u00bb<\/span><\/a><\/p>\n","protected":false},"author":1,"featured_media":0,"parent":0,"menu_order":0,"comment_status":"closed","ping_status":"closed","template":"","meta":{"saved_in_kubio":true,"inspiro_hide_title":false,"footnotes":""},"class_list":["post-1498","page","type-page","status-publish","hentry"],"kubio_ai_page_context":{"short_desc":"","purpose":"general"},"yoast_head":"<!-- This site is optimized with the Yoast SEO plugin v23.8 - https:\/\/yoast.com\/wordpress\/plugins\/seo\/ -->\n<title>PORT\u00c1TIL TTL\u00a0 14,1\u2033 AIO TTLN1402i3 - TTL Computer<\/title>\n<meta name=\"robots\" content=\"noindex, follow, max-snippet:-1, max-image-preview:large, max-video-preview:-1\" \/>\n<meta property=\"og:locale\" content=\"es_ES\" \/>\n<meta property=\"og:type\" content=\"article\" \/>\n<meta property=\"og:title\" content=\"PORT\u00c1TIL TTL\u00a0 14,1\u2033 AIO TTLN1402i3 - TTL Computer\" \/>\n<meta property=\"og:description\" content=\"Caracter\u00edsticas T\u00e9cnicas: Procesador Intel\u00ae Core\u2122 i3-1125G4 Memoria 2* SO-DIMM DDR4\uff08Max64GB\uff09,3200Mhz Disco Duro SSD M.2 2280 Pantalla 14.1\u2019\u2019 IPS Full-HD Anti-reflejo Tarjeta Gr\u00e1fica Intel\u00ae Iris\u00ae Xe Graphics Comunicaciones Intel\u00ae Dual Band Wireless-AC + BT Peso 1,7 kg Bater\u00eda 7.6v 6800mah Redes Wifi, Bluetooth Gama Professional Conectividad WIFI AC \u2013 AX (opcional) Certificaciones Energy Star, Epeat Gold, &hellip; Leer m\u00e1s \u00abPORT\u00c1TIL TTL\u00a0 14,1\u2033 AIO TTLN1402i3\u00bb\" \/>\n<meta property=\"og:url\" content=\"https:\/\/ttlcomputer.es\/new\/portatil-ttl-141\u2033-aio-ttln1402i3\/\" \/>\n<meta property=\"og:site_name\" content=\"TTL Computer\" \/>\n<meta property=\"article:modified_time\" content=\"2023-08-16T11:37:43+00:00\" \/>\n<meta property=\"og:image\" content=\"https:\/\/ttlcomputer.es\/new\/wp-content\/uploads\/2023\/06\/Diseno-sin-titulo-47-1024x768.png\" \/>\n<meta name=\"twitter:card\" content=\"summary_large_image\" \/>\n<script type=\"application\/ld+json\" class=\"yoast-schema-graph\">{\"@context\":\"https:\/\/schema.org\",\"@graph\":[{\"@type\":\"WebPage\",\"@id\":\"https:\/\/ttlcomputer.es\/new\/portatil-ttl-141%e2%80%b3-aio-ttln1402i3\/\",\"url\":\"https:\/\/ttlcomputer.es\/new\/portatil-ttl-141%e2%80%b3-aio-ttln1402i3\/\",\"name\":\"PORT\u00c1TIL TTL\u00a0 14,1\u2033 AIO TTLN1402i3 - TTL Computer\",\"isPartOf\":{\"@id\":\"https:\/\/ttlcomputer.es\/new\/#website\"},\"primaryImageOfPage\":{\"@id\":\"https:\/\/ttlcomputer.es\/new\/portatil-ttl-141%e2%80%b3-aio-ttln1402i3\/#primaryimage\"},\"image\":{\"@id\":\"https:\/\/ttlcomputer.es\/new\/portatil-ttl-141%e2%80%b3-aio-ttln1402i3\/#primaryimage\"},\"thumbnailUrl\":\"https:\/\/ttlcomputer.es\/new\/wp-content\/uploads\/2023\/06\/Diseno-sin-titulo-47-1024x768.png\",\"datePublished\":\"2023-06-23T08:24:11+00:00\",\"dateModified\":\"2023-08-16T11:37:43+00:00\",\"breadcrumb\":{\"@id\":\"https:\/\/ttlcomputer.es\/new\/portatil-ttl-141%e2%80%b3-aio-ttln1402i3\/#breadcrumb\"},\"inLanguage\":\"es\",\"potentialAction\":[{\"@type\":\"ReadAction\",\"target\":[\"https:\/\/ttlcomputer.es\/new\/portatil-ttl-141%e2%80%b3-aio-ttln1402i3\/\"]}]},{\"@type\":\"ImageObject\",\"inLanguage\":\"es\",\"@id\":\"https:\/\/ttlcomputer.es\/new\/portatil-ttl-141%e2%80%b3-aio-ttln1402i3\/#primaryimage\",\"url\":\"https:\/\/ttlcomputer.es\/new\/wp-content\/uploads\/2023\/06\/Diseno-sin-titulo-47.png\",\"contentUrl\":\"https:\/\/ttlcomputer.es\/new\/wp-content\/uploads\/2023\/06\/Diseno-sin-titulo-47.png\",\"width\":2048,\"height\":1536},{\"@type\":\"BreadcrumbList\",\"@id\":\"https:\/\/ttlcomputer.es\/new\/portatil-ttl-141%e2%80%b3-aio-ttln1402i3\/#breadcrumb\",\"itemListElement\":[{\"@type\":\"ListItem\",\"position\":1,\"name\":\"Portada\",\"item\":\"https:\/\/ttlcomputer.es\/new\/\"},{\"@type\":\"ListItem\",\"position\":2,\"name\":\"PORT\u00c1TIL TTL\u00a0 14,1\u2033 AIO TTLN1402i3\"}]},{\"@type\":\"WebSite\",\"@id\":\"https:\/\/ttlcomputer.es\/new\/#website\",\"url\":\"https:\/\/ttlcomputer.es\/new\/\",\"name\":\"TTL Computer\",\"description\":\"\",\"publisher\":{\"@id\":\"https:\/\/ttlcomputer.es\/new\/#organization\"},\"potentialAction\":[{\"@type\":\"SearchAction\",\"target\":{\"@type\":\"EntryPoint\",\"urlTemplate\":\"https:\/\/ttlcomputer.es\/new\/?s={search_term_string}\"},\"query-input\":{\"@type\":\"PropertyValueSpecification\",\"valueRequired\":true,\"valueName\":\"search_term_string\"}}],\"inLanguage\":\"es\"},{\"@type\":\"Organization\",\"@id\":\"https:\/\/ttlcomputer.es\/new\/#organization\",\"name\":\"TTL Computer\",\"url\":\"https:\/\/ttlcomputer.es\/new\/\",\"logo\":{\"@type\":\"ImageObject\",\"inLanguage\":\"es\",\"@id\":\"https:\/\/ttlcomputer.es\/new\/#\/schema\/logo\/image\/\",\"url\":\"https:\/\/ttlcomputer.es\/new\/wp-content\/uploads\/2023\/06\/TTL-Negro.png\",\"contentUrl\":\"https:\/\/ttlcomputer.es\/new\/wp-content\/uploads\/2023\/06\/TTL-Negro.png\",\"width\":2810,\"height\":2194,\"caption\":\"TTL Computer \"},\"image\":{\"@id\":\"https:\/\/ttlcomputer.es\/new\/#\/schema\/logo\/image\/\"}}]}<\/script>\n<!-- \/ Yoast SEO plugin. -->","yoast_head_json":{"title":"PORT\u00c1TIL TTL\u00a0 14,1\u2033 AIO TTLN1402i3 - TTL Computer","robots":{"index":"noindex","follow":"follow","max-snippet":"max-snippet:-1","max-image-preview":"max-image-preview:large","max-video-preview":"max-video-preview:-1"},"og_locale":"es_ES","og_type":"article","og_title":"PORT\u00c1TIL TTL\u00a0 14,1\u2033 AIO TTLN1402i3 - TTL Computer","og_description":"Caracter\u00edsticas T\u00e9cnicas: Procesador Intel\u00ae Core\u2122 i3-1125G4 Memoria 2* SO-DIMM DDR4\uff08Max64GB\uff09,3200Mhz Disco Duro SSD M.2 2280 Pantalla 14.1\u2019\u2019 IPS Full-HD Anti-reflejo Tarjeta Gr\u00e1fica Intel\u00ae Iris\u00ae Xe Graphics Comunicaciones Intel\u00ae Dual Band Wireless-AC + BT Peso 1,7 kg Bater\u00eda 7.6v 6800mah Redes Wifi, Bluetooth Gama Professional Conectividad WIFI AC \u2013 AX (opcional) Certificaciones Energy Star, Epeat Gold, &hellip; Leer m\u00e1s \u00abPORT\u00c1TIL TTL\u00a0 14,1\u2033 AIO TTLN1402i3\u00bb","og_url":"https:\/\/ttlcomputer.es\/new\/portatil-ttl-141\u2033-aio-ttln1402i3\/","og_site_name":"TTL Computer","article_modified_time":"2023-08-16T11:37:43+00:00","og_image":[{"url":"https:\/\/ttlcomputer.es\/new\/wp-content\/uploads\/2023\/06\/Diseno-sin-titulo-47-1024x768.png"}],"twitter_card":"summary_large_image","schema":{"@context":"https:\/\/schema.org","@graph":[{"@type":"WebPage","@id":"https:\/\/ttlcomputer.es\/new\/portatil-ttl-141%e2%80%b3-aio-ttln1402i3\/","url":"https:\/\/ttlcomputer.es\/new\/portatil-ttl-141%e2%80%b3-aio-ttln1402i3\/","name":"PORT\u00c1TIL TTL\u00a0 14,1\u2033 AIO TTLN1402i3 - TTL Computer","isPartOf":{"@id":"https:\/\/ttlcomputer.es\/new\/#website"},"primaryImageOfPage":{"@id":"https:\/\/ttlcomputer.es\/new\/portatil-ttl-141%e2%80%b3-aio-ttln1402i3\/#primaryimage"},"image":{"@id":"https:\/\/ttlcomputer.es\/new\/portatil-ttl-141%e2%80%b3-aio-ttln1402i3\/#primaryimage"},"thumbnailUrl":"https:\/\/ttlcomputer.es\/new\/wp-content\/uploads\/2023\/06\/Diseno-sin-titulo-47-1024x768.png","datePublished":"2023-06-23T08:24:11+00:00","dateModified":"2023-08-16T11:37:43+00:00","breadcrumb":{"@id":"https:\/\/ttlcomputer.es\/new\/portatil-ttl-141%e2%80%b3-aio-ttln1402i3\/#breadcrumb"},"inLanguage":"es","potentialAction":[{"@type":"ReadAction","target":["https:\/\/ttlcomputer.es\/new\/portatil-ttl-141%e2%80%b3-aio-ttln1402i3\/"]}]},{"@type":"ImageObject","inLanguage":"es","@id":"https:\/\/ttlcomputer.es\/new\/portatil-ttl-141%e2%80%b3-aio-ttln1402i3\/#primaryimage","url":"https:\/\/ttlcomputer.es\/new\/wp-content\/uploads\/2023\/06\/Diseno-sin-titulo-47.png","contentUrl":"https:\/\/ttlcomputer.es\/new\/wp-content\/uploads\/2023\/06\/Diseno-sin-titulo-47.png","width":2048,"height":1536},{"@type":"BreadcrumbList","@id":"https:\/\/ttlcomputer.es\/new\/portatil-ttl-141%e2%80%b3-aio-ttln1402i3\/#breadcrumb","itemListElement":[{"@type":"ListItem","position":1,"name":"Portada","item":"https:\/\/ttlcomputer.es\/new\/"},{"@type":"ListItem","position":2,"name":"PORT\u00c1TIL TTL\u00a0 14,1\u2033 AIO TTLN1402i3"}]},{"@type":"WebSite","@id":"https:\/\/ttlcomputer.es\/new\/#website","url":"https:\/\/ttlcomputer.es\/new\/","name":"TTL Computer","description":"","publisher":{"@id":"https:\/\/ttlcomputer.es\/new\/#organization"},"potentialAction":[{"@type":"SearchAction","target":{"@type":"EntryPoint","urlTemplate":"https:\/\/ttlcomputer.es\/new\/?s={search_term_string}"},"query-input":{"@type":"PropertyValueSpecification","valueRequired":true,"valueName":"search_term_string"}}],"inLanguage":"es"},{"@type":"Organization","@id":"https:\/\/ttlcomputer.es\/new\/#organization","name":"TTL Computer","url":"https:\/\/ttlcomputer.es\/new\/","logo":{"@type":"ImageObject","inLanguage":"es","@id":"https:\/\/ttlcomputer.es\/new\/#\/schema\/logo\/image\/","url":"https:\/\/ttlcomputer.es\/new\/wp-content\/uploads\/2023\/06\/TTL-Negro.png","contentUrl":"https:\/\/ttlcomputer.es\/new\/wp-content\/uploads\/2023\/06\/TTL-Negro.png","width":2810,"height":2194,"caption":"TTL Computer "},"image":{"@id":"https:\/\/ttlcomputer.es\/new\/#\/schema\/logo\/image\/"}}]}},"_links":{"self":[{"href":"https:\/\/ttlcomputer.es\/new\/wp-json\/wp\/v2\/pages\/1498","targetHints":{"allow":["GET"]}}],"collection":[{"href":"https:\/\/ttlcomputer.es\/new\/wp-json\/wp\/v2\/pages"}],"about":[{"href":"https:\/\/ttlcomputer.es\/new\/wp-json\/wp\/v2\/types\/page"}],"author":[{"embeddable":true,"href":"https:\/\/ttlcomputer.es\/new\/wp-json\/wp\/v2\/users\/1"}],"replies":[{"embeddable":true,"href":"https:\/\/ttlcomputer.es\/new\/wp-json\/wp\/v2\/comments?post=1498"}],"version-history":[{"count":9,"href":"https:\/\/ttlcomputer.es\/new\/wp-json\/wp\/v2\/pages\/1498\/revisions"}],"predecessor-version":[{"id":1683,"href":"https:\/\/ttlcomputer.es\/new\/wp-json\/wp\/v2\/pages\/1498\/revisions\/1683"}],"wp:attachment":[{"href":"https:\/\/ttlcomputer.es\/new\/wp-json\/wp\/v2\/media?parent=1498"}],"curies":[{"name":"wp","href":"https:\/\/api.w.org\/{rel}","templated":true}]}}