{"id":1449,"date":"2023-06-21T08:23:56","date_gmt":"2023-06-21T08:23:56","guid":{"rendered":"https:\/\/ttlcomputer.es\/new\/?page_id=1449"},"modified":"2023-06-21T08:36:13","modified_gmt":"2023-06-21T08:36:13","slug":"portatil-ttl-15-6-g10","status":"publish","type":"page","link":"https:\/\/ttlcomputer.es\/new\/portatil-ttl-15-6-g10\/","title":{"rendered":"TTL PORT\u00c1TIL  15.6&#8243; G10"},"content":{"rendered":"\n\n\n<figure class=\"wp-block-image aligncenter size-large is-resized\"><img loading=\"lazy\" decoding=\"async\" src=\"https:\/\/ttlcomputer.es\/new\/wp-content\/uploads\/2023\/06\/Diseno-sin-titulo-56-1024x683.jpg\" alt=\"\" class=\"wp-image-1353\" width=\"1019\" height=\"679\" srcset=\"https:\/\/ttlcomputer.es\/new\/wp-content\/uploads\/2023\/06\/Diseno-sin-titulo-56-1024x683.jpg 1024w, https:\/\/ttlcomputer.es\/new\/wp-content\/uploads\/2023\/06\/Diseno-sin-titulo-56-300x200.jpg 300w, https:\/\/ttlcomputer.es\/new\/wp-content\/uploads\/2023\/06\/Diseno-sin-titulo-56-768x512.jpg 768w, https:\/\/ttlcomputer.es\/new\/wp-content\/uploads\/2023\/06\/Diseno-sin-titulo-56-1536x1024.jpg 1536w, https:\/\/ttlcomputer.es\/new\/wp-content\/uploads\/2023\/06\/Diseno-sin-titulo-56-2048x1365.jpg 2048w, https:\/\/ttlcomputer.es\/new\/wp-content\/uploads\/2023\/06\/Diseno-sin-titulo-56-1620x1080.jpg 1620w, https:\/\/ttlcomputer.es\/new\/wp-content\/uploads\/2023\/06\/Diseno-sin-titulo-56-2000x1333.jpg 2000w\" sizes=\"(max-width: 1019px) 100vw, 1019px\" \/><\/figure>\n\n\n\n<h2 class=\"wp-block-heading\">Caracter\u00edsticas T\u00e9cnicas:<\/h2>\n\n\n\n<figure class=\"wp-block-table\"><table><tbody><tr><td>Procesador<\/td><td>Intel\u00ae Core\u2122 i5-1035G1 TPM 4 n\u00facleos, 6M de cach\u00e9<\/td><\/tr><tr><td>Memoria <\/td><td>16GB DDR4 2666 MHz SO-DIMM (ampliable a 32GB)<\/td><\/tr><tr><td>Disco Duro <\/td><td>SSD 512GB M2<\/td><\/tr><tr><td>Pantalla<\/td><td>15.6\u2019\u2019 LED Full-HD Anti-reflejo<\/td><\/tr><tr><td>Tarjeta de Sonido <\/td><td>Micr\u00f3fono y altavoces est\u00e9reo integrados<\/td><\/tr><tr><td>Tarjeta Gr\u00e1fica <\/td><td>Intel\u00ae UHD Graphics 620<\/td><\/tr><tr><td>Conectividad <\/td><td>Wifi + Bluetooth<\/td><\/tr><tr><td>Lector de Tarjeta <\/td><td>Micro SD<\/td><\/tr><tr><td>Puertos I\/O<\/td><td>2 x USB 3.1<br>1 x USB 3.1 Tipo C<br>1 x HDMI output port (con HDCP)<br>1 x 2-in-1 audio jack (headphone \/ microphone)<br>1 x RJ-45 LAN port<br>1 x DC-in jack<\/td><\/tr><tr><td>Peso <\/td><td>1,65Kg, incluyendo barebone y bater\u00eda<\/td><\/tr><tr><td>Cargador <\/td><td>Cargador de alimentaci\u00f3n el\u00e9ctrica con formato europeo<\/td><\/tr><tr><td>Bater\u00eda <\/td><td>Integrada<\/td><\/tr><tr><td>Teclado <\/td><td>Teclado interno espa\u00f1ol (QWERTY), pantel de clic integrado con bloque n\u00famero<\/td><\/tr><tr><td>Certificaciones <\/td><td>Energy Star, Epeat Gold, Marcado CE<\/td><\/tr><tr><td>Sistema Operativo <\/td><td>Microsoft Windows 10 Profesional 64bits preinstalado<\/td><\/tr><\/tbody><\/table><figcaption class=\"wp-element-caption\">* Las caracter\u00edsticas de dise\u00f1o del producto pueden variar debido a la configuraci\u00f3n y \/ o implementaciones interesados a petici\u00f3n.<\/figcaption><\/figure>\n\n\n\n<p><\/p>\n","protected":false},"excerpt":{"rendered":"<p>Caracter\u00edsticas T\u00e9cnicas: Procesador Intel\u00ae Core\u2122 i5-1035G1 TPM 4 n\u00facleos, 6M de cach\u00e9 Memoria 16GB DDR4 2666 MHz SO-DIMM (ampliable a 32GB) Disco Duro SSD 512GB M2 Pantalla 15.6\u2019\u2019 LED Full-HD Anti-reflejo Tarjeta de Sonido Micr\u00f3fono y altavoces est\u00e9reo integrados Tarjeta Gr\u00e1fica Intel\u00ae UHD Graphics 620 Conectividad Wifi + Bluetooth Lector de Tarjeta Micro SD Puertos &hellip; <\/p>\n<p class=\"link-more\"><a href=\"https:\/\/ttlcomputer.es\/new\/portatil-ttl-15-6-g10\/\" class=\"more-link\">Leer m\u00e1s<span class=\"screen-reader-text\"> \u00abTTL PORT\u00c1TIL  15.6&#8243; G10\u00bb<\/span><\/a><\/p>\n","protected":false},"author":1,"featured_media":0,"parent":0,"menu_order":0,"comment_status":"closed","ping_status":"closed","template":"","meta":{"saved_in_kubio":true,"inspiro_hide_title":false,"footnotes":""},"class_list":["post-1449","page","type-page","status-publish","hentry"],"kubio_ai_page_context":{"short_desc":"","purpose":"general"},"yoast_head":"<!-- This site is optimized with the Yoast SEO plugin v23.8 - https:\/\/yoast.com\/wordpress\/plugins\/seo\/ -->\n<title>TTL PORT\u00c1TIL 15.6&quot; G10 - TTL Computer<\/title>\n<meta name=\"robots\" content=\"noindex, follow, max-snippet:-1, max-image-preview:large, max-video-preview:-1\" \/>\n<meta property=\"og:locale\" content=\"es_ES\" \/>\n<meta property=\"og:type\" content=\"article\" \/>\n<meta property=\"og:title\" content=\"TTL PORT\u00c1TIL 15.6&quot; G10 - TTL Computer\" \/>\n<meta property=\"og:description\" content=\"Caracter\u00edsticas T\u00e9cnicas: Procesador Intel\u00ae Core\u2122 i5-1035G1 TPM 4 n\u00facleos, 6M de cach\u00e9 Memoria 16GB DDR4 2666 MHz SO-DIMM (ampliable a 32GB) Disco Duro SSD 512GB M2 Pantalla 15.6\u2019\u2019 LED Full-HD Anti-reflejo Tarjeta de Sonido Micr\u00f3fono y altavoces est\u00e9reo integrados Tarjeta Gr\u00e1fica Intel\u00ae UHD Graphics 620 Conectividad Wifi + Bluetooth Lector de Tarjeta Micro SD Puertos &hellip; Leer m\u00e1s \u00abTTL PORT\u00c1TIL 15.6&#8243; G10\u00bb\" \/>\n<meta property=\"og:url\" content=\"https:\/\/ttlcomputer.es\/new\/portatil-ttl-15-6-g10\/\" \/>\n<meta property=\"og:site_name\" content=\"TTL Computer\" \/>\n<meta property=\"article:modified_time\" content=\"2023-06-21T08:36:13+00:00\" \/>\n<meta property=\"og:image\" content=\"https:\/\/ttlcomputer.es\/new\/wp-content\/uploads\/2023\/06\/Diseno-sin-titulo-56-1024x683.jpg\" \/>\n<meta name=\"twitter:card\" content=\"summary_large_image\" \/>\n<meta name=\"twitter:label1\" content=\"Tiempo de lectura\" \/>\n\t<meta name=\"twitter:data1\" content=\"1 minuto\" \/>\n<script type=\"application\/ld+json\" class=\"yoast-schema-graph\">{\"@context\":\"https:\/\/schema.org\",\"@graph\":[{\"@type\":\"WebPage\",\"@id\":\"https:\/\/ttlcomputer.es\/new\/portatil-ttl-15-6-g10\/\",\"url\":\"https:\/\/ttlcomputer.es\/new\/portatil-ttl-15-6-g10\/\",\"name\":\"TTL PORT\u00c1TIL 15.6\\\" G10 - TTL Computer\",\"isPartOf\":{\"@id\":\"https:\/\/ttlcomputer.es\/new\/#website\"},\"primaryImageOfPage\":{\"@id\":\"https:\/\/ttlcomputer.es\/new\/portatil-ttl-15-6-g10\/#primaryimage\"},\"image\":{\"@id\":\"https:\/\/ttlcomputer.es\/new\/portatil-ttl-15-6-g10\/#primaryimage\"},\"thumbnailUrl\":\"https:\/\/ttlcomputer.es\/new\/wp-content\/uploads\/2023\/06\/Diseno-sin-titulo-56-1024x683.jpg\",\"datePublished\":\"2023-06-21T08:23:56+00:00\",\"dateModified\":\"2023-06-21T08:36:13+00:00\",\"breadcrumb\":{\"@id\":\"https:\/\/ttlcomputer.es\/new\/portatil-ttl-15-6-g10\/#breadcrumb\"},\"inLanguage\":\"es\",\"potentialAction\":[{\"@type\":\"ReadAction\",\"target\":[\"https:\/\/ttlcomputer.es\/new\/portatil-ttl-15-6-g10\/\"]}]},{\"@type\":\"ImageObject\",\"inLanguage\":\"es\",\"@id\":\"https:\/\/ttlcomputer.es\/new\/portatil-ttl-15-6-g10\/#primaryimage\",\"url\":\"https:\/\/ttlcomputer.es\/new\/wp-content\/uploads\/2023\/06\/Diseno-sin-titulo-56.jpg\",\"contentUrl\":\"https:\/\/ttlcomputer.es\/new\/wp-content\/uploads\/2023\/06\/Diseno-sin-titulo-56.jpg\",\"width\":2472,\"height\":1648},{\"@type\":\"BreadcrumbList\",\"@id\":\"https:\/\/ttlcomputer.es\/new\/portatil-ttl-15-6-g10\/#breadcrumb\",\"itemListElement\":[{\"@type\":\"ListItem\",\"position\":1,\"name\":\"Portada\",\"item\":\"https:\/\/ttlcomputer.es\/new\/\"},{\"@type\":\"ListItem\",\"position\":2,\"name\":\"TTL PORT\u00c1TIL 15.6&#8243; G10\"}]},{\"@type\":\"WebSite\",\"@id\":\"https:\/\/ttlcomputer.es\/new\/#website\",\"url\":\"https:\/\/ttlcomputer.es\/new\/\",\"name\":\"TTL Computer\",\"description\":\"\",\"publisher\":{\"@id\":\"https:\/\/ttlcomputer.es\/new\/#organization\"},\"potentialAction\":[{\"@type\":\"SearchAction\",\"target\":{\"@type\":\"EntryPoint\",\"urlTemplate\":\"https:\/\/ttlcomputer.es\/new\/?s={search_term_string}\"},\"query-input\":{\"@type\":\"PropertyValueSpecification\",\"valueRequired\":true,\"valueName\":\"search_term_string\"}}],\"inLanguage\":\"es\"},{\"@type\":\"Organization\",\"@id\":\"https:\/\/ttlcomputer.es\/new\/#organization\",\"name\":\"TTL Computer\",\"url\":\"https:\/\/ttlcomputer.es\/new\/\",\"logo\":{\"@type\":\"ImageObject\",\"inLanguage\":\"es\",\"@id\":\"https:\/\/ttlcomputer.es\/new\/#\/schema\/logo\/image\/\",\"url\":\"https:\/\/ttlcomputer.es\/new\/wp-content\/uploads\/2023\/06\/TTL-Negro.png\",\"contentUrl\":\"https:\/\/ttlcomputer.es\/new\/wp-content\/uploads\/2023\/06\/TTL-Negro.png\",\"width\":2810,\"height\":2194,\"caption\":\"TTL Computer \"},\"image\":{\"@id\":\"https:\/\/ttlcomputer.es\/new\/#\/schema\/logo\/image\/\"}}]}<\/script>\n<!-- \/ Yoast SEO plugin. -->","yoast_head_json":{"title":"TTL PORT\u00c1TIL 15.6\" G10 - TTL Computer","robots":{"index":"noindex","follow":"follow","max-snippet":"max-snippet:-1","max-image-preview":"max-image-preview:large","max-video-preview":"max-video-preview:-1"},"og_locale":"es_ES","og_type":"article","og_title":"TTL PORT\u00c1TIL 15.6\" G10 - TTL Computer","og_description":"Caracter\u00edsticas T\u00e9cnicas: Procesador Intel\u00ae Core\u2122 i5-1035G1 TPM 4 n\u00facleos, 6M de cach\u00e9 Memoria 16GB DDR4 2666 MHz SO-DIMM (ampliable a 32GB) Disco Duro SSD 512GB M2 Pantalla 15.6\u2019\u2019 LED Full-HD Anti-reflejo Tarjeta de Sonido Micr\u00f3fono y altavoces est\u00e9reo integrados Tarjeta Gr\u00e1fica Intel\u00ae UHD Graphics 620 Conectividad Wifi + Bluetooth Lector de Tarjeta Micro SD Puertos &hellip; Leer m\u00e1s \u00abTTL PORT\u00c1TIL 15.6&#8243; G10\u00bb","og_url":"https:\/\/ttlcomputer.es\/new\/portatil-ttl-15-6-g10\/","og_site_name":"TTL Computer","article_modified_time":"2023-06-21T08:36:13+00:00","og_image":[{"url":"https:\/\/ttlcomputer.es\/new\/wp-content\/uploads\/2023\/06\/Diseno-sin-titulo-56-1024x683.jpg"}],"twitter_card":"summary_large_image","twitter_misc":{"Tiempo de lectura":"1 minuto"},"schema":{"@context":"https:\/\/schema.org","@graph":[{"@type":"WebPage","@id":"https:\/\/ttlcomputer.es\/new\/portatil-ttl-15-6-g10\/","url":"https:\/\/ttlcomputer.es\/new\/portatil-ttl-15-6-g10\/","name":"TTL PORT\u00c1TIL 15.6\" G10 - TTL Computer","isPartOf":{"@id":"https:\/\/ttlcomputer.es\/new\/#website"},"primaryImageOfPage":{"@id":"https:\/\/ttlcomputer.es\/new\/portatil-ttl-15-6-g10\/#primaryimage"},"image":{"@id":"https:\/\/ttlcomputer.es\/new\/portatil-ttl-15-6-g10\/#primaryimage"},"thumbnailUrl":"https:\/\/ttlcomputer.es\/new\/wp-content\/uploads\/2023\/06\/Diseno-sin-titulo-56-1024x683.jpg","datePublished":"2023-06-21T08:23:56+00:00","dateModified":"2023-06-21T08:36:13+00:00","breadcrumb":{"@id":"https:\/\/ttlcomputer.es\/new\/portatil-ttl-15-6-g10\/#breadcrumb"},"inLanguage":"es","potentialAction":[{"@type":"ReadAction","target":["https:\/\/ttlcomputer.es\/new\/portatil-ttl-15-6-g10\/"]}]},{"@type":"ImageObject","inLanguage":"es","@id":"https:\/\/ttlcomputer.es\/new\/portatil-ttl-15-6-g10\/#primaryimage","url":"https:\/\/ttlcomputer.es\/new\/wp-content\/uploads\/2023\/06\/Diseno-sin-titulo-56.jpg","contentUrl":"https:\/\/ttlcomputer.es\/new\/wp-content\/uploads\/2023\/06\/Diseno-sin-titulo-56.jpg","width":2472,"height":1648},{"@type":"BreadcrumbList","@id":"https:\/\/ttlcomputer.es\/new\/portatil-ttl-15-6-g10\/#breadcrumb","itemListElement":[{"@type":"ListItem","position":1,"name":"Portada","item":"https:\/\/ttlcomputer.es\/new\/"},{"@type":"ListItem","position":2,"name":"TTL PORT\u00c1TIL 15.6&#8243; G10"}]},{"@type":"WebSite","@id":"https:\/\/ttlcomputer.es\/new\/#website","url":"https:\/\/ttlcomputer.es\/new\/","name":"TTL Computer","description":"","publisher":{"@id":"https:\/\/ttlcomputer.es\/new\/#organization"},"potentialAction":[{"@type":"SearchAction","target":{"@type":"EntryPoint","urlTemplate":"https:\/\/ttlcomputer.es\/new\/?s={search_term_string}"},"query-input":{"@type":"PropertyValueSpecification","valueRequired":true,"valueName":"search_term_string"}}],"inLanguage":"es"},{"@type":"Organization","@id":"https:\/\/ttlcomputer.es\/new\/#organization","name":"TTL Computer","url":"https:\/\/ttlcomputer.es\/new\/","logo":{"@type":"ImageObject","inLanguage":"es","@id":"https:\/\/ttlcomputer.es\/new\/#\/schema\/logo\/image\/","url":"https:\/\/ttlcomputer.es\/new\/wp-content\/uploads\/2023\/06\/TTL-Negro.png","contentUrl":"https:\/\/ttlcomputer.es\/new\/wp-content\/uploads\/2023\/06\/TTL-Negro.png","width":2810,"height":2194,"caption":"TTL Computer "},"image":{"@id":"https:\/\/ttlcomputer.es\/new\/#\/schema\/logo\/image\/"}}]}},"_links":{"self":[{"href":"https:\/\/ttlcomputer.es\/new\/wp-json\/wp\/v2\/pages\/1449","targetHints":{"allow":["GET"]}}],"collection":[{"href":"https:\/\/ttlcomputer.es\/new\/wp-json\/wp\/v2\/pages"}],"about":[{"href":"https:\/\/ttlcomputer.es\/new\/wp-json\/wp\/v2\/types\/page"}],"author":[{"embeddable":true,"href":"https:\/\/ttlcomputer.es\/new\/wp-json\/wp\/v2\/users\/1"}],"replies":[{"embeddable":true,"href":"https:\/\/ttlcomputer.es\/new\/wp-json\/wp\/v2\/comments?post=1449"}],"version-history":[{"count":5,"href":"https:\/\/ttlcomputer.es\/new\/wp-json\/wp\/v2\/pages\/1449\/revisions"}],"predecessor-version":[{"id":1472,"href":"https:\/\/ttlcomputer.es\/new\/wp-json\/wp\/v2\/pages\/1449\/revisions\/1472"}],"wp:attachment":[{"href":"https:\/\/ttlcomputer.es\/new\/wp-json\/wp\/v2\/media?parent=1449"}],"curies":[{"name":"wp","href":"https:\/\/api.w.org\/{rel}","templated":true}]}}