{"id":1357,"date":"2023-06-12T07:32:37","date_gmt":"2023-06-12T07:32:37","guid":{"rendered":"https:\/\/ttlcomputer.es\/new\/?page_id=1357"},"modified":"2023-06-12T07:42:56","modified_gmt":"2023-06-12T07:42:56","slug":"ttl-portatil-156%e2%80%b3-ttln1509i3","status":"publish","type":"page","link":"https:\/\/ttlcomputer.es\/new\/ttl-portatil-156%e2%80%b3-ttln1509i3\/","title":{"rendered":"TTL PORTATIL 15,6\u2033 TTLN1509i3"},"content":{"rendered":"\n\n\n<figure class=\"wp-block-image size-large is-resized\"><img loading=\"lazy\" decoding=\"async\" src=\"https:\/\/ttlcomputer.es\/new\/wp-content\/uploads\/2023\/06\/Diseno-sin-titulo-44-1-1024x683.png\" alt=\"\" class=\"wp-image-1361\" width=\"1017\" height=\"678\" srcset=\"https:\/\/ttlcomputer.es\/new\/wp-content\/uploads\/2023\/06\/Diseno-sin-titulo-44-1-1024x683.png 1024w, https:\/\/ttlcomputer.es\/new\/wp-content\/uploads\/2023\/06\/Diseno-sin-titulo-44-1-300x200.png 300w, https:\/\/ttlcomputer.es\/new\/wp-content\/uploads\/2023\/06\/Diseno-sin-titulo-44-1-768x512.png 768w, https:\/\/ttlcomputer.es\/new\/wp-content\/uploads\/2023\/06\/Diseno-sin-titulo-44-1-1536x1024.png 1536w, https:\/\/ttlcomputer.es\/new\/wp-content\/uploads\/2023\/06\/Diseno-sin-titulo-44-1-2048x1365.png 2048w, https:\/\/ttlcomputer.es\/new\/wp-content\/uploads\/2023\/06\/Diseno-sin-titulo-44-1-1620x1080.png 1620w, https:\/\/ttlcomputer.es\/new\/wp-content\/uploads\/2023\/06\/Diseno-sin-titulo-44-1-2000x1333.png 2000w\" sizes=\"(max-width: 1017px) 100vw, 1017px\" \/><\/figure>\n\n\n\n<h2 class=\"wp-block-heading\">Caracter\u00edsticas T\u00e9cnicas:<\/h2>\n\n\n\n<figure class=\"wp-block-table\"><table><tbody><tr><td><strong>Procesador<\/strong><\/td><td>Intel\u00ae Core i3-1215U Puntuaci\u00f3n Passmark: 12334 <\/td><\/tr><tr><td><strong>Pantalla<\/strong><\/td><td>15.6\u201d IPS FHD (1920\u00d71080) Antirreflejos<\/td><\/tr><tr><td><strong>Memoria RAM <\/strong><\/td><td>8GB DDR4 3200 MHz SO-DIMM<br>Una ranura disponible para futuras ampliaciones<\/td><\/tr><tr><td><strong>Tarjeta de Sonido  <\/strong><\/td><td>Micr\u00f3fono y altavoces est\u00e9reo integrados Combo<\/td><\/tr><tr><td><strong>Tarjeta Gr\u00e1fica <\/strong><\/td><td>Gr\u00e1ficos UHD Intel\u00ae Core\u2122 para procesadores Intel\u00ae de 12<br>Generaci\u00f3n<\/td><\/tr><tr><td><strong>Disco Duro <\/strong><\/td><td>SD 256GB M2.<\/td><\/tr><tr><td><strong>Conectividad <\/strong><\/td><td>Wifi 6 y Bluetooth<br>Tarjeta de red Ethernet 10\/100\/1000 con soporte PXE 2.1 y WOL.<\/td><\/tr><tr><td><strong>Puerto I\/0 <\/strong><\/td><td>3 x USB 3.2 Gen 1 Tipo A<br>1 x USB 3.2 Gen 1 Tipo C<br>1 x HDMI\u2122<br>1 x 2-in-1 Audio Jack<br>1 x RJ-45 LAN<\/td><\/tr><tr><td><strong>Peso <\/strong><\/td><td>1.8 kg, incluyendo barebone y bater\u00eda<\/td><\/tr><tr><td><strong>Dimensiones<\/strong><\/td><td>368mm x 244mm x 21mm<\/td><\/tr><tr><td><strong>Bater\u00eda<\/strong><\/td><td>57Wh 5000mAh<\/td><\/tr><tr><td><strong>Teclado <\/strong><\/td><td>Teclado interno espa\u00f1ol (QUERTY) panel de clic integrado con bloque<br>num\u00e9rico<\/td><\/tr><tr><td><strong>Seguridad<\/strong><\/td><td>Ranura de bloqueo de seguridad tipo Kensington\u00ae<br>Modulo seguridad TPM 2.<\/td><\/tr><tr><td><strong>Cargador <\/strong><\/td><td>Cargador de alimentaci\u00f3n el\u00e9ctrica con formato europeo<\/td><\/tr><tr><td><strong>Certificaciones<\/strong><\/td><td>CE, RoHS, Emisiones de Ruidos, EPEAT Gold<\/td><\/tr><tr><td><strong>Sistema Operativo <\/strong><\/td><td>Windows 10 pro-64 bits (W10 PRO instalado para este proyecto)<\/td><\/tr><\/tbody><\/table><figcaption class=\"wp-element-caption\">* Las caracter\u00edsticas de dise\u00f1o del producto pueden variar debido a la configuraci\u00f3n y \/ o implementaciones interesados a petici\u00f3n.<\/figcaption><\/figure>\n\n\n\n<p>Descargar Drivers y Ficha T\u00e9cnica<\/p>\n\n\n\n<div class=\"wp-block-buttons is-layout-flex wp-block-buttons-is-layout-flex\">\n<div class=\"wp-block-button\"><a class=\"wp-block-button__link has-kubio-color-4-background-color has-background wp-element-button\" href=\"https:\/\/www.myqnapcloud.com\/share\/75526h72o61n827r2wty3a03_2fg3eg448jk4294s0r55u82baad84e57#\/home\" target=\"_blank\" rel=\"noreferrer noopener\">Drivers<\/a><\/div>\n\n\n\n<div class=\"wp-block-button is-style-fill\"><a class=\"wp-block-button__link has-kubio-color-4-background-color has-background wp-element-button\" href=\"https:\/\/ttlcomputer.es\/new\/wp-content\/uploads\/2023\/06\/DataSheet-Portatil-TTL_.pdf\" target=\"_blank\" rel=\"noreferrer noopener\">Ficha T\u00e9cnica <\/a><\/div>\n<\/div>\n","protected":false},"excerpt":{"rendered":"<p>Caracter\u00edsticas T\u00e9cnicas: Procesador Intel\u00ae Core i3-1215U Puntuaci\u00f3n Passmark: 12334 Pantalla 15.6\u201d IPS FHD (1920\u00d71080) Antirreflejos Memoria RAM 8GB DDR4 3200 MHz SO-DIMMUna ranura disponible para futuras ampliaciones Tarjeta de Sonido Micr\u00f3fono y altavoces est\u00e9reo integrados Combo Tarjeta Gr\u00e1fica Gr\u00e1ficos UHD Intel\u00ae Core\u2122 para procesadores Intel\u00ae de 12Generaci\u00f3n Disco Duro SD 256GB M2. Conectividad Wifi 6 &hellip; <\/p>\n<p class=\"link-more\"><a href=\"https:\/\/ttlcomputer.es\/new\/ttl-portatil-156%e2%80%b3-ttln1509i3\/\" class=\"more-link\">Leer m\u00e1s<span class=\"screen-reader-text\"> \u00abTTL PORTATIL 15,6\u2033 TTLN1509i3\u00bb<\/span><\/a><\/p>\n","protected":false},"author":1,"featured_media":0,"parent":0,"menu_order":0,"comment_status":"closed","ping_status":"closed","template":"","meta":{"saved_in_kubio":true,"inspiro_hide_title":false,"footnotes":""},"class_list":["post-1357","page","type-page","status-publish","hentry"],"kubio_ai_page_context":{"short_desc":"","purpose":"general"},"yoast_head":"<!-- This site is optimized with the Yoast SEO plugin v23.8 - https:\/\/yoast.com\/wordpress\/plugins\/seo\/ -->\n<title>TTL PORTATIL 15,6\u2033 TTLN1509i3 - TTL Computer<\/title>\n<meta name=\"robots\" content=\"noindex, follow, max-snippet:-1, max-image-preview:large, max-video-preview:-1\" \/>\n<meta property=\"og:locale\" content=\"es_ES\" \/>\n<meta property=\"og:type\" content=\"article\" \/>\n<meta property=\"og:title\" content=\"TTL PORTATIL 15,6\u2033 TTLN1509i3 - TTL Computer\" \/>\n<meta property=\"og:description\" content=\"Caracter\u00edsticas T\u00e9cnicas: Procesador Intel\u00ae Core i3-1215U Puntuaci\u00f3n Passmark: 12334 Pantalla 15.6\u201d IPS FHD (1920\u00d71080) Antirreflejos Memoria RAM 8GB DDR4 3200 MHz SO-DIMMUna ranura disponible para futuras ampliaciones Tarjeta de Sonido Micr\u00f3fono y altavoces est\u00e9reo integrados Combo Tarjeta Gr\u00e1fica Gr\u00e1ficos UHD Intel\u00ae Core\u2122 para procesadores Intel\u00ae de 12Generaci\u00f3n Disco Duro SD 256GB M2. Conectividad Wifi 6 &hellip; Leer m\u00e1s \u00abTTL PORTATIL 15,6\u2033 TTLN1509i3\u00bb\" \/>\n<meta property=\"og:url\" content=\"https:\/\/ttlcomputer.es\/new\/ttl-portatil-156\u2033-ttln1509i3\/\" \/>\n<meta property=\"og:site_name\" content=\"TTL Computer\" \/>\n<meta property=\"article:modified_time\" content=\"2023-06-12T07:42:56+00:00\" \/>\n<meta property=\"og:image\" content=\"https:\/\/ttlcomputer.es\/new\/wp-content\/uploads\/2023\/06\/Diseno-sin-titulo-44-1-1024x683.png\" \/>\n<meta name=\"twitter:card\" content=\"summary_large_image\" \/>\n<meta name=\"twitter:label1\" content=\"Tiempo de lectura\" \/>\n\t<meta name=\"twitter:data1\" content=\"1 minuto\" \/>\n<script type=\"application\/ld+json\" class=\"yoast-schema-graph\">{\"@context\":\"https:\/\/schema.org\",\"@graph\":[{\"@type\":\"WebPage\",\"@id\":\"https:\/\/ttlcomputer.es\/new\/ttl-portatil-156%e2%80%b3-ttln1509i3\/\",\"url\":\"https:\/\/ttlcomputer.es\/new\/ttl-portatil-156%e2%80%b3-ttln1509i3\/\",\"name\":\"TTL PORTATIL 15,6\u2033 TTLN1509i3 - TTL Computer\",\"isPartOf\":{\"@id\":\"https:\/\/ttlcomputer.es\/new\/#website\"},\"primaryImageOfPage\":{\"@id\":\"https:\/\/ttlcomputer.es\/new\/ttl-portatil-156%e2%80%b3-ttln1509i3\/#primaryimage\"},\"image\":{\"@id\":\"https:\/\/ttlcomputer.es\/new\/ttl-portatil-156%e2%80%b3-ttln1509i3\/#primaryimage\"},\"thumbnailUrl\":\"https:\/\/ttlcomputer.es\/new\/wp-content\/uploads\/2023\/06\/Diseno-sin-titulo-44-1-1024x683.png\",\"datePublished\":\"2023-06-12T07:32:37+00:00\",\"dateModified\":\"2023-06-12T07:42:56+00:00\",\"breadcrumb\":{\"@id\":\"https:\/\/ttlcomputer.es\/new\/ttl-portatil-156%e2%80%b3-ttln1509i3\/#breadcrumb\"},\"inLanguage\":\"es\",\"potentialAction\":[{\"@type\":\"ReadAction\",\"target\":[\"https:\/\/ttlcomputer.es\/new\/ttl-portatil-156%e2%80%b3-ttln1509i3\/\"]}]},{\"@type\":\"ImageObject\",\"inLanguage\":\"es\",\"@id\":\"https:\/\/ttlcomputer.es\/new\/ttl-portatil-156%e2%80%b3-ttln1509i3\/#primaryimage\",\"url\":\"https:\/\/ttlcomputer.es\/new\/wp-content\/uploads\/2023\/06\/Diseno-sin-titulo-44-1.png\",\"contentUrl\":\"https:\/\/ttlcomputer.es\/new\/wp-content\/uploads\/2023\/06\/Diseno-sin-titulo-44-1.png\",\"width\":2472,\"height\":1648},{\"@type\":\"BreadcrumbList\",\"@id\":\"https:\/\/ttlcomputer.es\/new\/ttl-portatil-156%e2%80%b3-ttln1509i3\/#breadcrumb\",\"itemListElement\":[{\"@type\":\"ListItem\",\"position\":1,\"name\":\"Portada\",\"item\":\"https:\/\/ttlcomputer.es\/new\/\"},{\"@type\":\"ListItem\",\"position\":2,\"name\":\"TTL PORTATIL 15,6\u2033 TTLN1509i3\"}]},{\"@type\":\"WebSite\",\"@id\":\"https:\/\/ttlcomputer.es\/new\/#website\",\"url\":\"https:\/\/ttlcomputer.es\/new\/\",\"name\":\"TTL Computer\",\"description\":\"\",\"publisher\":{\"@id\":\"https:\/\/ttlcomputer.es\/new\/#organization\"},\"potentialAction\":[{\"@type\":\"SearchAction\",\"target\":{\"@type\":\"EntryPoint\",\"urlTemplate\":\"https:\/\/ttlcomputer.es\/new\/?s={search_term_string}\"},\"query-input\":{\"@type\":\"PropertyValueSpecification\",\"valueRequired\":true,\"valueName\":\"search_term_string\"}}],\"inLanguage\":\"es\"},{\"@type\":\"Organization\",\"@id\":\"https:\/\/ttlcomputer.es\/new\/#organization\",\"name\":\"TTL Computer\",\"url\":\"https:\/\/ttlcomputer.es\/new\/\",\"logo\":{\"@type\":\"ImageObject\",\"inLanguage\":\"es\",\"@id\":\"https:\/\/ttlcomputer.es\/new\/#\/schema\/logo\/image\/\",\"url\":\"https:\/\/ttlcomputer.es\/new\/wp-content\/uploads\/2023\/06\/TTL-Negro.png\",\"contentUrl\":\"https:\/\/ttlcomputer.es\/new\/wp-content\/uploads\/2023\/06\/TTL-Negro.png\",\"width\":2810,\"height\":2194,\"caption\":\"TTL Computer \"},\"image\":{\"@id\":\"https:\/\/ttlcomputer.es\/new\/#\/schema\/logo\/image\/\"}}]}<\/script>\n<!-- \/ Yoast SEO plugin. -->","yoast_head_json":{"title":"TTL PORTATIL 15,6\u2033 TTLN1509i3 - TTL Computer","robots":{"index":"noindex","follow":"follow","max-snippet":"max-snippet:-1","max-image-preview":"max-image-preview:large","max-video-preview":"max-video-preview:-1"},"og_locale":"es_ES","og_type":"article","og_title":"TTL PORTATIL 15,6\u2033 TTLN1509i3 - TTL Computer","og_description":"Caracter\u00edsticas T\u00e9cnicas: Procesador Intel\u00ae Core i3-1215U Puntuaci\u00f3n Passmark: 12334 Pantalla 15.6\u201d IPS FHD (1920\u00d71080) Antirreflejos Memoria RAM 8GB DDR4 3200 MHz SO-DIMMUna ranura disponible para futuras ampliaciones Tarjeta de Sonido Micr\u00f3fono y altavoces est\u00e9reo integrados Combo Tarjeta Gr\u00e1fica Gr\u00e1ficos UHD Intel\u00ae Core\u2122 para procesadores Intel\u00ae de 12Generaci\u00f3n Disco Duro SD 256GB M2. Conectividad Wifi 6 &hellip; Leer m\u00e1s \u00abTTL PORTATIL 15,6\u2033 TTLN1509i3\u00bb","og_url":"https:\/\/ttlcomputer.es\/new\/ttl-portatil-156\u2033-ttln1509i3\/","og_site_name":"TTL Computer","article_modified_time":"2023-06-12T07:42:56+00:00","og_image":[{"url":"https:\/\/ttlcomputer.es\/new\/wp-content\/uploads\/2023\/06\/Diseno-sin-titulo-44-1-1024x683.png"}],"twitter_card":"summary_large_image","twitter_misc":{"Tiempo de lectura":"1 minuto"},"schema":{"@context":"https:\/\/schema.org","@graph":[{"@type":"WebPage","@id":"https:\/\/ttlcomputer.es\/new\/ttl-portatil-156%e2%80%b3-ttln1509i3\/","url":"https:\/\/ttlcomputer.es\/new\/ttl-portatil-156%e2%80%b3-ttln1509i3\/","name":"TTL PORTATIL 15,6\u2033 TTLN1509i3 - TTL Computer","isPartOf":{"@id":"https:\/\/ttlcomputer.es\/new\/#website"},"primaryImageOfPage":{"@id":"https:\/\/ttlcomputer.es\/new\/ttl-portatil-156%e2%80%b3-ttln1509i3\/#primaryimage"},"image":{"@id":"https:\/\/ttlcomputer.es\/new\/ttl-portatil-156%e2%80%b3-ttln1509i3\/#primaryimage"},"thumbnailUrl":"https:\/\/ttlcomputer.es\/new\/wp-content\/uploads\/2023\/06\/Diseno-sin-titulo-44-1-1024x683.png","datePublished":"2023-06-12T07:32:37+00:00","dateModified":"2023-06-12T07:42:56+00:00","breadcrumb":{"@id":"https:\/\/ttlcomputer.es\/new\/ttl-portatil-156%e2%80%b3-ttln1509i3\/#breadcrumb"},"inLanguage":"es","potentialAction":[{"@type":"ReadAction","target":["https:\/\/ttlcomputer.es\/new\/ttl-portatil-156%e2%80%b3-ttln1509i3\/"]}]},{"@type":"ImageObject","inLanguage":"es","@id":"https:\/\/ttlcomputer.es\/new\/ttl-portatil-156%e2%80%b3-ttln1509i3\/#primaryimage","url":"https:\/\/ttlcomputer.es\/new\/wp-content\/uploads\/2023\/06\/Diseno-sin-titulo-44-1.png","contentUrl":"https:\/\/ttlcomputer.es\/new\/wp-content\/uploads\/2023\/06\/Diseno-sin-titulo-44-1.png","width":2472,"height":1648},{"@type":"BreadcrumbList","@id":"https:\/\/ttlcomputer.es\/new\/ttl-portatil-156%e2%80%b3-ttln1509i3\/#breadcrumb","itemListElement":[{"@type":"ListItem","position":1,"name":"Portada","item":"https:\/\/ttlcomputer.es\/new\/"},{"@type":"ListItem","position":2,"name":"TTL PORTATIL 15,6\u2033 TTLN1509i3"}]},{"@type":"WebSite","@id":"https:\/\/ttlcomputer.es\/new\/#website","url":"https:\/\/ttlcomputer.es\/new\/","name":"TTL Computer","description":"","publisher":{"@id":"https:\/\/ttlcomputer.es\/new\/#organization"},"potentialAction":[{"@type":"SearchAction","target":{"@type":"EntryPoint","urlTemplate":"https:\/\/ttlcomputer.es\/new\/?s={search_term_string}"},"query-input":{"@type":"PropertyValueSpecification","valueRequired":true,"valueName":"search_term_string"}}],"inLanguage":"es"},{"@type":"Organization","@id":"https:\/\/ttlcomputer.es\/new\/#organization","name":"TTL Computer","url":"https:\/\/ttlcomputer.es\/new\/","logo":{"@type":"ImageObject","inLanguage":"es","@id":"https:\/\/ttlcomputer.es\/new\/#\/schema\/logo\/image\/","url":"https:\/\/ttlcomputer.es\/new\/wp-content\/uploads\/2023\/06\/TTL-Negro.png","contentUrl":"https:\/\/ttlcomputer.es\/new\/wp-content\/uploads\/2023\/06\/TTL-Negro.png","width":2810,"height":2194,"caption":"TTL Computer "},"image":{"@id":"https:\/\/ttlcomputer.es\/new\/#\/schema\/logo\/image\/"}}]}},"_links":{"self":[{"href":"https:\/\/ttlcomputer.es\/new\/wp-json\/wp\/v2\/pages\/1357","targetHints":{"allow":["GET"]}}],"collection":[{"href":"https:\/\/ttlcomputer.es\/new\/wp-json\/wp\/v2\/pages"}],"about":[{"href":"https:\/\/ttlcomputer.es\/new\/wp-json\/wp\/v2\/types\/page"}],"author":[{"embeddable":true,"href":"https:\/\/ttlcomputer.es\/new\/wp-json\/wp\/v2\/users\/1"}],"replies":[{"embeddable":true,"href":"https:\/\/ttlcomputer.es\/new\/wp-json\/wp\/v2\/comments?post=1357"}],"version-history":[{"count":7,"href":"https:\/\/ttlcomputer.es\/new\/wp-json\/wp\/v2\/pages\/1357\/revisions"}],"predecessor-version":[{"id":1367,"href":"https:\/\/ttlcomputer.es\/new\/wp-json\/wp\/v2\/pages\/1357\/revisions\/1367"}],"wp:attachment":[{"href":"https:\/\/ttlcomputer.es\/new\/wp-json\/wp\/v2\/media?parent=1357"}],"curies":[{"name":"wp","href":"https:\/\/api.w.org\/{rel}","templated":true}]}}