{"id":1338,"date":"2023-06-12T07:11:17","date_gmt":"2023-06-12T07:11:17","guid":{"rendered":"https:\/\/ttlcomputer.es\/new\/?page_id=1338"},"modified":"2025-06-27T05:36:58","modified_gmt":"2025-06-27T05:36:58","slug":"ttl-portatiles-15-6","status":"publish","type":"page","link":"https:\/\/ttlcomputer.es\/new\/ttl-portatiles-15-6\/","title":{"rendered":"TTL PORT\u00c1TILES 15.6&#8243;"},"content":{"rendered":"\n<h2 class=\"wp-block-heading has-text-align-center\">TTL PORT\u00c1TILES 15.6&#8243;<\/h2>\n\n\n\n<figure class=\"wp-block-image aligncenter size-full is-resized\"><img loading=\"lazy\" decoding=\"async\" width=\"843\" height=\"558\" src=\"https:\/\/ttlcomputer.es\/new\/wp-content\/uploads\/2023\/06\/zPcERbISvVDKi1S5FtL1txkkwmVWjjWz-1-1.jpg\" alt=\"\" class=\"wp-image-1340\" style=\"width:802px;height:531px\" srcset=\"https:\/\/ttlcomputer.es\/new\/wp-content\/uploads\/2023\/06\/zPcERbISvVDKi1S5FtL1txkkwmVWjjWz-1-1.jpg 843w, https:\/\/ttlcomputer.es\/new\/wp-content\/uploads\/2023\/06\/zPcERbISvVDKi1S5FtL1txkkwmVWjjWz-1-1-300x199.jpg 300w, https:\/\/ttlcomputer.es\/new\/wp-content\/uploads\/2023\/06\/zPcERbISvVDKi1S5FtL1txkkwmVWjjWz-1-1-768x508.jpg 768w\" sizes=\"(max-width: 843px) 100vw, 843px\" \/><\/figure>\n\n\n\n<figure class=\"wp-block-table\"><table><thead><tr><th>Caracter\u00edsticas T\u00e9cnicas Modelos Espec\u00edficos Port\u00e1tiles 15.6&#8243;<\/th><\/tr><\/thead><tbody><tr><td><a href=\"https:\/\/ttlcomputer.es\/new\/ttl-portatil-15-6-i5-1335u\/\"><strong>TTL PORT\u00c1TIL 15,6&#8243; i5-1335U<\/strong><\/a><\/td><\/tr><tr><td><a href=\"https:\/\/ttlcomputer.es\/new\/ttl-portatil-156%e2%80%b3-ttln1501i7\/\"><strong>TTL PORT\u00c1TIL 15,6\u2033 TTLN1501i7<\/strong><\/a><\/td><\/tr><tr><td><a href=\"https:\/\/ttlcomputer.es\/new\/ttl-portatil-15-6%e2%80%b3-ttln1514i5\/\" target=\"_blank\" rel=\"noreferrer noopener\"><strong>TTL PORTATIL 15.6\u2033 TTLN1514i5<\/strong><\/a><\/td><\/tr><tr><td><a href=\"https:\/\/ttlcomputer.es\/new\/ttl-portatil-156%e2%80%b3-ttln1509i3\/\" target=\"_blank\" rel=\"noreferrer noopener\"><strong>TTL PORTATIL 15.6\u2033 TTLN1509i3<\/strong><\/a><\/td><\/tr><tr><td><a href=\"https:\/\/ttlcomputer.es\/new\/portatil-ttl-15-6-g10\/\" target=\"_blank\" rel=\"noreferrer noopener\"><strong>TTL PORT\u00c1TILL 15.6&#8243; G10<\/strong><\/a><\/td><\/tr><tr><td><a href=\"https:\/\/ttlcomputer.es\/new\/ttl-portatil-15-i3-TTLPT1\/\" data-type=\"link\" data-id=\"https:\/\/ttlcomputer.es\/new\/ttl-portatil-15-i3-TTLPT1\/\"><strong>TTL PORT\u00c1TILL 15,6 ES TTLPT1ES15I3<\/strong><\/a><\/td><\/tr><tr><td><a href=\"https:\/\/ttlcomputer.es\/new\/ttl-portatil-15-i5-TTLPT1\/\" data-type=\"link\" data-id=\"https:\/\/ttlcomputer.es\/new\/ttl-portatil-15-i5-TTLPT1\/\"><strong>TTL PORT\u00c1TILL 15,6 SP TTLPT1SP15I5<\/strong><\/a><\/td><\/tr><tr><td><a href=\"https:\/\/ttlcomputer.es\/new\/portatil-ttl-15-6-i5-13gen\/\" data-type=\"link\" data-id=\"https:\/\/ttlcomputer.es\/new\/portatil-ttl-15-6-i5-13gen\/\"><strong>TTL PORT\u00c1TIL&nbsp;15.6\u2033 i5 13 GEN<\/strong><\/a><\/td><\/tr><tr><td><a href=\"https:\/\/ttlcomputer.es\/new\/portatil-ttl-156-2\/\"><strong>TTL PORT\u00c1TIL 15,6\u201d<\/strong><\/a><\/td><\/tr><\/tbody><\/table><\/figure>\n","protected":false},"excerpt":{"rendered":"<p>TTL PORT\u00c1TILES 15.6&#8243; Caracter\u00edsticas T\u00e9cnicas Modelos Espec\u00edficos Port\u00e1tiles 15.6&#8243; TTL PORT\u00c1TIL 15,6&#8243; i5-1335U TTL PORT\u00c1TIL 15,6\u2033 TTLN1501i7 TTL PORTATIL 15.6\u2033 TTLN1514i5 TTL PORTATIL 15.6\u2033 TTLN1509i3 TTL PORT\u00c1TILL 15.6&#8243; G10 TTL PORT\u00c1TILL 15,6 ES TTLPT1ES15I3 TTL PORT\u00c1TILL 15,6 SP TTLPT1SP15I5 TTL PORT\u00c1TIL&nbsp;15.6\u2033 i5 13 GEN TTL PORT\u00c1TIL 15,6\u201d<\/p>\n","protected":false},"author":1,"featured_media":0,"parent":0,"menu_order":0,"comment_status":"closed","ping_status":"closed","template":"","meta":{"saved_in_kubio":true,"inspiro_hide_title":false,"footnotes":""},"class_list":["post-1338","page","type-page","status-publish","hentry"],"kubio_ai_page_context":{"short_desc":"","purpose":"general"},"yoast_head":"<!-- This site is optimized with the Yoast SEO plugin v23.8 - https:\/\/yoast.com\/wordpress\/plugins\/seo\/ -->\n<title>TTL PORT\u00c1TILES 15.6&quot; - TTL Computer<\/title>\n<meta name=\"robots\" content=\"noindex, follow, max-snippet:-1, max-image-preview:large, max-video-preview:-1\" \/>\n<meta property=\"og:locale\" content=\"es_ES\" \/>\n<meta property=\"og:type\" content=\"article\" \/>\n<meta property=\"og:title\" content=\"TTL PORT\u00c1TILES 15.6&quot; - TTL Computer\" \/>\n<meta property=\"og:description\" content=\"TTL PORT\u00c1TILES 15.6&#8243; Caracter\u00edsticas T\u00e9cnicas Modelos Espec\u00edficos Port\u00e1tiles 15.6&#8243; TTL PORT\u00c1TIL 15,6&#8243; i5-1335U TTL PORT\u00c1TIL 15,6\u2033 TTLN1501i7 TTL PORTATIL 15.6\u2033 TTLN1514i5 TTL PORTATIL 15.6\u2033 TTLN1509i3 TTL PORT\u00c1TILL 15.6&#8243; G10 TTL PORT\u00c1TILL 15,6 ES TTLPT1ES15I3 TTL PORT\u00c1TILL 15,6 SP TTLPT1SP15I5 TTL PORT\u00c1TIL&nbsp;15.6\u2033 i5 13 GEN TTL PORT\u00c1TIL 15,6\u201d\" \/>\n<meta property=\"og:url\" content=\"https:\/\/ttlcomputer.es\/new\/ttl-portatiles-15-6\/\" \/>\n<meta property=\"og:site_name\" content=\"TTL Computer\" \/>\n<meta property=\"article:modified_time\" content=\"2025-06-27T05:36:58+00:00\" \/>\n<meta property=\"og:image\" content=\"https:\/\/ttlcomputer.es\/new\/wp-content\/uploads\/2023\/06\/zPcERbISvVDKi1S5FtL1txkkwmVWjjWz-1-1.jpg\" \/>\n\t<meta property=\"og:image:width\" content=\"843\" \/>\n\t<meta property=\"og:image:height\" content=\"558\" \/>\n\t<meta property=\"og:image:type\" content=\"image\/jpeg\" \/>\n<meta name=\"twitter:card\" content=\"summary_large_image\" \/>\n<script type=\"application\/ld+json\" class=\"yoast-schema-graph\">{\"@context\":\"https:\/\/schema.org\",\"@graph\":[{\"@type\":\"WebPage\",\"@id\":\"https:\/\/ttlcomputer.es\/new\/ttl-portatiles-15-6\/\",\"url\":\"https:\/\/ttlcomputer.es\/new\/ttl-portatiles-15-6\/\",\"name\":\"TTL PORT\u00c1TILES 15.6\\\" - TTL Computer\",\"isPartOf\":{\"@id\":\"https:\/\/ttlcomputer.es\/new\/#website\"},\"primaryImageOfPage\":{\"@id\":\"https:\/\/ttlcomputer.es\/new\/ttl-portatiles-15-6\/#primaryimage\"},\"image\":{\"@id\":\"https:\/\/ttlcomputer.es\/new\/ttl-portatiles-15-6\/#primaryimage\"},\"thumbnailUrl\":\"https:\/\/ttlcomputer.es\/new\/wp-content\/uploads\/2023\/06\/zPcERbISvVDKi1S5FtL1txkkwmVWjjWz-1-1.jpg\",\"datePublished\":\"2023-06-12T07:11:17+00:00\",\"dateModified\":\"2025-06-27T05:36:58+00:00\",\"breadcrumb\":{\"@id\":\"https:\/\/ttlcomputer.es\/new\/ttl-portatiles-15-6\/#breadcrumb\"},\"inLanguage\":\"es\",\"potentialAction\":[{\"@type\":\"ReadAction\",\"target\":[\"https:\/\/ttlcomputer.es\/new\/ttl-portatiles-15-6\/\"]}]},{\"@type\":\"ImageObject\",\"inLanguage\":\"es\",\"@id\":\"https:\/\/ttlcomputer.es\/new\/ttl-portatiles-15-6\/#primaryimage\",\"url\":\"https:\/\/ttlcomputer.es\/new\/wp-content\/uploads\/2023\/06\/zPcERbISvVDKi1S5FtL1txkkwmVWjjWz-1-1.jpg\",\"contentUrl\":\"https:\/\/ttlcomputer.es\/new\/wp-content\/uploads\/2023\/06\/zPcERbISvVDKi1S5FtL1txkkwmVWjjWz-1-1.jpg\",\"width\":843,\"height\":558},{\"@type\":\"BreadcrumbList\",\"@id\":\"https:\/\/ttlcomputer.es\/new\/ttl-portatiles-15-6\/#breadcrumb\",\"itemListElement\":[{\"@type\":\"ListItem\",\"position\":1,\"name\":\"Portada\",\"item\":\"https:\/\/ttlcomputer.es\/new\/\"},{\"@type\":\"ListItem\",\"position\":2,\"name\":\"TTL PORT\u00c1TILES 15.6&#8243;\"}]},{\"@type\":\"WebSite\",\"@id\":\"https:\/\/ttlcomputer.es\/new\/#website\",\"url\":\"https:\/\/ttlcomputer.es\/new\/\",\"name\":\"TTL Computer\",\"description\":\"\",\"publisher\":{\"@id\":\"https:\/\/ttlcomputer.es\/new\/#organization\"},\"potentialAction\":[{\"@type\":\"SearchAction\",\"target\":{\"@type\":\"EntryPoint\",\"urlTemplate\":\"https:\/\/ttlcomputer.es\/new\/?s={search_term_string}\"},\"query-input\":{\"@type\":\"PropertyValueSpecification\",\"valueRequired\":true,\"valueName\":\"search_term_string\"}}],\"inLanguage\":\"es\"},{\"@type\":\"Organization\",\"@id\":\"https:\/\/ttlcomputer.es\/new\/#organization\",\"name\":\"TTL Computer\",\"url\":\"https:\/\/ttlcomputer.es\/new\/\",\"logo\":{\"@type\":\"ImageObject\",\"inLanguage\":\"es\",\"@id\":\"https:\/\/ttlcomputer.es\/new\/#\/schema\/logo\/image\/\",\"url\":\"https:\/\/ttlcomputer.es\/new\/wp-content\/uploads\/2023\/06\/TTL-Negro.png\",\"contentUrl\":\"https:\/\/ttlcomputer.es\/new\/wp-content\/uploads\/2023\/06\/TTL-Negro.png\",\"width\":2810,\"height\":2194,\"caption\":\"TTL Computer \"},\"image\":{\"@id\":\"https:\/\/ttlcomputer.es\/new\/#\/schema\/logo\/image\/\"}}]}<\/script>\n<!-- \/ Yoast SEO plugin. -->","yoast_head_json":{"title":"TTL PORT\u00c1TILES 15.6\" - TTL Computer","robots":{"index":"noindex","follow":"follow","max-snippet":"max-snippet:-1","max-image-preview":"max-image-preview:large","max-video-preview":"max-video-preview:-1"},"og_locale":"es_ES","og_type":"article","og_title":"TTL PORT\u00c1TILES 15.6\" - TTL Computer","og_description":"TTL PORT\u00c1TILES 15.6&#8243; Caracter\u00edsticas T\u00e9cnicas Modelos Espec\u00edficos Port\u00e1tiles 15.6&#8243; TTL PORT\u00c1TIL 15,6&#8243; i5-1335U TTL PORT\u00c1TIL 15,6\u2033 TTLN1501i7 TTL PORTATIL 15.6\u2033 TTLN1514i5 TTL PORTATIL 15.6\u2033 TTLN1509i3 TTL PORT\u00c1TILL 15.6&#8243; G10 TTL PORT\u00c1TILL 15,6 ES TTLPT1ES15I3 TTL PORT\u00c1TILL 15,6 SP TTLPT1SP15I5 TTL PORT\u00c1TIL&nbsp;15.6\u2033 i5 13 GEN TTL PORT\u00c1TIL 15,6\u201d","og_url":"https:\/\/ttlcomputer.es\/new\/ttl-portatiles-15-6\/","og_site_name":"TTL Computer","article_modified_time":"2025-06-27T05:36:58+00:00","og_image":[{"width":843,"height":558,"url":"https:\/\/ttlcomputer.es\/new\/wp-content\/uploads\/2023\/06\/zPcERbISvVDKi1S5FtL1txkkwmVWjjWz-1-1.jpg","type":"image\/jpeg"}],"twitter_card":"summary_large_image","schema":{"@context":"https:\/\/schema.org","@graph":[{"@type":"WebPage","@id":"https:\/\/ttlcomputer.es\/new\/ttl-portatiles-15-6\/","url":"https:\/\/ttlcomputer.es\/new\/ttl-portatiles-15-6\/","name":"TTL PORT\u00c1TILES 15.6\" - TTL Computer","isPartOf":{"@id":"https:\/\/ttlcomputer.es\/new\/#website"},"primaryImageOfPage":{"@id":"https:\/\/ttlcomputer.es\/new\/ttl-portatiles-15-6\/#primaryimage"},"image":{"@id":"https:\/\/ttlcomputer.es\/new\/ttl-portatiles-15-6\/#primaryimage"},"thumbnailUrl":"https:\/\/ttlcomputer.es\/new\/wp-content\/uploads\/2023\/06\/zPcERbISvVDKi1S5FtL1txkkwmVWjjWz-1-1.jpg","datePublished":"2023-06-12T07:11:17+00:00","dateModified":"2025-06-27T05:36:58+00:00","breadcrumb":{"@id":"https:\/\/ttlcomputer.es\/new\/ttl-portatiles-15-6\/#breadcrumb"},"inLanguage":"es","potentialAction":[{"@type":"ReadAction","target":["https:\/\/ttlcomputer.es\/new\/ttl-portatiles-15-6\/"]}]},{"@type":"ImageObject","inLanguage":"es","@id":"https:\/\/ttlcomputer.es\/new\/ttl-portatiles-15-6\/#primaryimage","url":"https:\/\/ttlcomputer.es\/new\/wp-content\/uploads\/2023\/06\/zPcERbISvVDKi1S5FtL1txkkwmVWjjWz-1-1.jpg","contentUrl":"https:\/\/ttlcomputer.es\/new\/wp-content\/uploads\/2023\/06\/zPcERbISvVDKi1S5FtL1txkkwmVWjjWz-1-1.jpg","width":843,"height":558},{"@type":"BreadcrumbList","@id":"https:\/\/ttlcomputer.es\/new\/ttl-portatiles-15-6\/#breadcrumb","itemListElement":[{"@type":"ListItem","position":1,"name":"Portada","item":"https:\/\/ttlcomputer.es\/new\/"},{"@type":"ListItem","position":2,"name":"TTL PORT\u00c1TILES 15.6&#8243;"}]},{"@type":"WebSite","@id":"https:\/\/ttlcomputer.es\/new\/#website","url":"https:\/\/ttlcomputer.es\/new\/","name":"TTL Computer","description":"","publisher":{"@id":"https:\/\/ttlcomputer.es\/new\/#organization"},"potentialAction":[{"@type":"SearchAction","target":{"@type":"EntryPoint","urlTemplate":"https:\/\/ttlcomputer.es\/new\/?s={search_term_string}"},"query-input":{"@type":"PropertyValueSpecification","valueRequired":true,"valueName":"search_term_string"}}],"inLanguage":"es"},{"@type":"Organization","@id":"https:\/\/ttlcomputer.es\/new\/#organization","name":"TTL Computer","url":"https:\/\/ttlcomputer.es\/new\/","logo":{"@type":"ImageObject","inLanguage":"es","@id":"https:\/\/ttlcomputer.es\/new\/#\/schema\/logo\/image\/","url":"https:\/\/ttlcomputer.es\/new\/wp-content\/uploads\/2023\/06\/TTL-Negro.png","contentUrl":"https:\/\/ttlcomputer.es\/new\/wp-content\/uploads\/2023\/06\/TTL-Negro.png","width":2810,"height":2194,"caption":"TTL Computer "},"image":{"@id":"https:\/\/ttlcomputer.es\/new\/#\/schema\/logo\/image\/"}}]}},"_links":{"self":[{"href":"https:\/\/ttlcomputer.es\/new\/wp-json\/wp\/v2\/pages\/1338","targetHints":{"allow":["GET"]}}],"collection":[{"href":"https:\/\/ttlcomputer.es\/new\/wp-json\/wp\/v2\/pages"}],"about":[{"href":"https:\/\/ttlcomputer.es\/new\/wp-json\/wp\/v2\/types\/page"}],"author":[{"embeddable":true,"href":"https:\/\/ttlcomputer.es\/new\/wp-json\/wp\/v2\/users\/1"}],"replies":[{"embeddable":true,"href":"https:\/\/ttlcomputer.es\/new\/wp-json\/wp\/v2\/comments?post=1338"}],"version-history":[{"count":18,"href":"https:\/\/ttlcomputer.es\/new\/wp-json\/wp\/v2\/pages\/1338\/revisions"}],"predecessor-version":[{"id":2775,"href":"https:\/\/ttlcomputer.es\/new\/wp-json\/wp\/v2\/pages\/1338\/revisions\/2775"}],"wp:attachment":[{"href":"https:\/\/ttlcomputer.es\/new\/wp-json\/wp\/v2\/media?parent=1338"}],"curies":[{"name":"wp","href":"https:\/\/api.w.org\/{rel}","templated":true}]}}