{"id":1120,"date":"2023-06-07T10:52:39","date_gmt":"2023-06-07T10:52:39","guid":{"rendered":"https:\/\/ttlcomputer.es\/new\/?page_id=1120"},"modified":"2023-06-09T06:22:11","modified_gmt":"2023-06-09T06:22:11","slug":"ttl-teknopro-i7","status":"publish","type":"page","link":"https:\/\/ttlcomputer.es\/new\/ttl-teknopro-i7\/","title":{"rendered":"TTL Teknopro i7"},"content":{"rendered":"\n\n\n<figure class=\"wp-block-image alignwide size-large\"><img loading=\"lazy\" decoding=\"async\" width=\"1024\" height=\"683\" src=\"https:\/\/ttlcomputer.es\/new\/wp-content\/uploads\/2023\/06\/Teknopro-3-4-2-2-1024x683.jpg\" alt=\"\" class=\"wp-image-1126\" srcset=\"https:\/\/ttlcomputer.es\/new\/wp-content\/uploads\/2023\/06\/Teknopro-3-4-2-2-1024x683.jpg 1024w, https:\/\/ttlcomputer.es\/new\/wp-content\/uploads\/2023\/06\/Teknopro-3-4-2-2-300x200.jpg 300w, https:\/\/ttlcomputer.es\/new\/wp-content\/uploads\/2023\/06\/Teknopro-3-4-2-2-768x512.jpg 768w, https:\/\/ttlcomputer.es\/new\/wp-content\/uploads\/2023\/06\/Teknopro-3-4-2-2-1536x1024.jpg 1536w, https:\/\/ttlcomputer.es\/new\/wp-content\/uploads\/2023\/06\/Teknopro-3-4-2-2-2048x1365.jpg 2048w, https:\/\/ttlcomputer.es\/new\/wp-content\/uploads\/2023\/06\/Teknopro-3-4-2-2-1620x1080.jpg 1620w, https:\/\/ttlcomputer.es\/new\/wp-content\/uploads\/2023\/06\/Teknopro-3-4-2-2-2000x1333.jpg 2000w\" sizes=\"(max-width: 1024px) 100vw, 1024px\" \/><\/figure>\n\n\n\n<h2 class=\"wp-block-heading\">Caracter\u00edsticas T\u00e9cnicas:<\/h2>\n\n\n\n<figure class=\"wp-block-table\"><table><tbody><tr><td><strong>Procesador<\/strong><\/td><td>Intel\u00ae Core\u2122 Ci7-7600<\/td><\/tr><tr><td><strong>Memoria RAM <\/strong><\/td><td> 8 GB DDR4 2133 MHZ<\/td><\/tr><tr><td><strong>Disco duro <\/strong><\/td><td>1TB SATA SSHD (ST1000DX001)<\/td><\/tr><tr><td><strong>Placa Base <\/strong><\/td><td>H110M-R<\/td><\/tr><tr><td><strong>Lector de Tarjeta <\/strong><\/td><td>CR-606<\/td><\/tr><tr><td><strong>Chasis<\/strong><\/td><td>M25 COOLBOX<\/td><\/tr><tr><td><strong>Alimentaci\u00f3n<\/strong><\/td><td>300 W<\/td><\/tr><tr><td><strong>Perif\u00e9ricos<\/strong><\/td><td>Teclado y rat\u00f3n USB<\/td><\/tr><tr><td><strong>Tipo<\/strong><\/td><td>Mini-torre<\/td><\/tr><tr><td><strong>Sistema Operativo <\/strong><\/td><td>Windows 10 home<\/td><\/tr><tr><td><strong>Certificados<\/strong><\/td><td><strong>\u00a0<\/strong>Epeat Gold, EnergyStart, ISO 7779, CE, Windows \/Linux<\/td><\/tr><\/tbody><\/table><figcaption class=\"wp-element-caption\">* Las caracter\u00edsticas de dise\u00f1o del producto pueden variar por configuraciones y\/o implementaciones interesadas bajo pedido.<\/figcaption><\/figure>\n\n\n\n<p>Descargar los Drivers<\/p>\n\n\n\n<div class=\"wp-block-buttons is-layout-flex wp-block-buttons-is-layout-flex\">\n<div class=\"wp-block-button\"><a class=\"wp-block-button__link wp-element-button\" href=\"https:\/\/www.asus.com\/es\/supportonly\/h110m-r\/helpdesk\/\" target=\"_blank\" rel=\"noreferrer noopener\">Drivers<\/a><\/div>\n<\/div>\n","protected":false},"excerpt":{"rendered":"<p>Caracter\u00edsticas T\u00e9cnicas: Procesador Intel\u00ae Core\u2122 Ci7-7600 Memoria RAM 8 GB DDR4 2133 MHZ Disco duro 1TB SATA SSHD (ST1000DX001) Placa Base H110M-R Lector de Tarjeta CR-606 Chasis M25 COOLBOX Alimentaci\u00f3n 300 W Perif\u00e9ricos Teclado y rat\u00f3n USB Tipo Mini-torre Sistema Operativo Windows 10 home Certificados \u00a0Epeat Gold, EnergyStart, ISO 7779, CE, Windows \/Linux * Las &hellip; <\/p>\n<p class=\"link-more\"><a href=\"https:\/\/ttlcomputer.es\/new\/ttl-teknopro-i7\/\" class=\"more-link\">Leer m\u00e1s<span class=\"screen-reader-text\"> \u00abTTL Teknopro i7\u00bb<\/span><\/a><\/p>\n","protected":false},"author":1,"featured_media":0,"parent":0,"menu_order":0,"comment_status":"closed","ping_status":"closed","template":"","meta":{"saved_in_kubio":true,"inspiro_hide_title":false,"footnotes":""},"class_list":["post-1120","page","type-page","status-publish","hentry"],"kubio_ai_page_context":{"short_desc":"","purpose":"general"},"yoast_head":"<!-- This site is optimized with the Yoast SEO plugin v23.8 - https:\/\/yoast.com\/wordpress\/plugins\/seo\/ -->\n<title>TTL Teknopro i7 - TTL Computer<\/title>\n<meta name=\"robots\" content=\"noindex, follow, max-snippet:-1, max-image-preview:large, max-video-preview:-1\" \/>\n<meta property=\"og:locale\" content=\"es_ES\" \/>\n<meta property=\"og:type\" content=\"article\" \/>\n<meta property=\"og:title\" content=\"TTL Teknopro i7 - TTL Computer\" \/>\n<meta property=\"og:description\" content=\"Caracter\u00edsticas T\u00e9cnicas: Procesador Intel\u00ae Core\u2122 Ci7-7600 Memoria RAM 8 GB DDR4 2133 MHZ Disco duro 1TB SATA SSHD (ST1000DX001) Placa Base H110M-R Lector de Tarjeta CR-606 Chasis M25 COOLBOX Alimentaci\u00f3n 300 W Perif\u00e9ricos Teclado y rat\u00f3n USB Tipo Mini-torre Sistema Operativo Windows 10 home Certificados \u00a0Epeat Gold, EnergyStart, ISO 7779, CE, Windows \/Linux * Las &hellip; Leer m\u00e1s \u00abTTL Teknopro i7\u00bb\" \/>\n<meta property=\"og:url\" content=\"https:\/\/ttlcomputer.es\/new\/ttl-teknopro-i7\/\" \/>\n<meta property=\"og:site_name\" content=\"TTL Computer\" \/>\n<meta property=\"article:modified_time\" content=\"2023-06-09T06:22:11+00:00\" \/>\n<meta property=\"og:image\" content=\"https:\/\/ttlcomputer.es\/new\/wp-content\/uploads\/2023\/06\/Teknopro-3-4-2-2-1024x683.jpg\" \/>\n<meta name=\"twitter:card\" content=\"summary_large_image\" \/>\n<script type=\"application\/ld+json\" class=\"yoast-schema-graph\">{\"@context\":\"https:\/\/schema.org\",\"@graph\":[{\"@type\":\"WebPage\",\"@id\":\"https:\/\/ttlcomputer.es\/new\/ttl-teknopro-i7\/\",\"url\":\"https:\/\/ttlcomputer.es\/new\/ttl-teknopro-i7\/\",\"name\":\"TTL Teknopro i7 - TTL Computer\",\"isPartOf\":{\"@id\":\"https:\/\/ttlcomputer.es\/new\/#website\"},\"primaryImageOfPage\":{\"@id\":\"https:\/\/ttlcomputer.es\/new\/ttl-teknopro-i7\/#primaryimage\"},\"image\":{\"@id\":\"https:\/\/ttlcomputer.es\/new\/ttl-teknopro-i7\/#primaryimage\"},\"thumbnailUrl\":\"https:\/\/ttlcomputer.es\/new\/wp-content\/uploads\/2023\/06\/Teknopro-3-4-2-2-1024x683.jpg\",\"datePublished\":\"2023-06-07T10:52:39+00:00\",\"dateModified\":\"2023-06-09T06:22:11+00:00\",\"breadcrumb\":{\"@id\":\"https:\/\/ttlcomputer.es\/new\/ttl-teknopro-i7\/#breadcrumb\"},\"inLanguage\":\"es\",\"potentialAction\":[{\"@type\":\"ReadAction\",\"target\":[\"https:\/\/ttlcomputer.es\/new\/ttl-teknopro-i7\/\"]}]},{\"@type\":\"ImageObject\",\"inLanguage\":\"es\",\"@id\":\"https:\/\/ttlcomputer.es\/new\/ttl-teknopro-i7\/#primaryimage\",\"url\":\"https:\/\/ttlcomputer.es\/new\/wp-content\/uploads\/2023\/06\/Teknopro-3-4-2-2-scaled.jpg\",\"contentUrl\":\"https:\/\/ttlcomputer.es\/new\/wp-content\/uploads\/2023\/06\/Teknopro-3-4-2-2-scaled.jpg\",\"width\":2560,\"height\":1707},{\"@type\":\"BreadcrumbList\",\"@id\":\"https:\/\/ttlcomputer.es\/new\/ttl-teknopro-i7\/#breadcrumb\",\"itemListElement\":[{\"@type\":\"ListItem\",\"position\":1,\"name\":\"Portada\",\"item\":\"https:\/\/ttlcomputer.es\/new\/\"},{\"@type\":\"ListItem\",\"position\":2,\"name\":\"TTL Teknopro i7\"}]},{\"@type\":\"WebSite\",\"@id\":\"https:\/\/ttlcomputer.es\/new\/#website\",\"url\":\"https:\/\/ttlcomputer.es\/new\/\",\"name\":\"TTL Computer\",\"description\":\"\",\"publisher\":{\"@id\":\"https:\/\/ttlcomputer.es\/new\/#organization\"},\"potentialAction\":[{\"@type\":\"SearchAction\",\"target\":{\"@type\":\"EntryPoint\",\"urlTemplate\":\"https:\/\/ttlcomputer.es\/new\/?s={search_term_string}\"},\"query-input\":{\"@type\":\"PropertyValueSpecification\",\"valueRequired\":true,\"valueName\":\"search_term_string\"}}],\"inLanguage\":\"es\"},{\"@type\":\"Organization\",\"@id\":\"https:\/\/ttlcomputer.es\/new\/#organization\",\"name\":\"TTL Computer\",\"url\":\"https:\/\/ttlcomputer.es\/new\/\",\"logo\":{\"@type\":\"ImageObject\",\"inLanguage\":\"es\",\"@id\":\"https:\/\/ttlcomputer.es\/new\/#\/schema\/logo\/image\/\",\"url\":\"https:\/\/ttlcomputer.es\/new\/wp-content\/uploads\/2023\/06\/TTL-Negro.png\",\"contentUrl\":\"https:\/\/ttlcomputer.es\/new\/wp-content\/uploads\/2023\/06\/TTL-Negro.png\",\"width\":2810,\"height\":2194,\"caption\":\"TTL Computer \"},\"image\":{\"@id\":\"https:\/\/ttlcomputer.es\/new\/#\/schema\/logo\/image\/\"}}]}<\/script>\n<!-- \/ Yoast SEO plugin. -->","yoast_head_json":{"title":"TTL Teknopro i7 - TTL Computer","robots":{"index":"noindex","follow":"follow","max-snippet":"max-snippet:-1","max-image-preview":"max-image-preview:large","max-video-preview":"max-video-preview:-1"},"og_locale":"es_ES","og_type":"article","og_title":"TTL Teknopro i7 - TTL Computer","og_description":"Caracter\u00edsticas T\u00e9cnicas: Procesador Intel\u00ae Core\u2122 Ci7-7600 Memoria RAM 8 GB DDR4 2133 MHZ Disco duro 1TB SATA SSHD (ST1000DX001) Placa Base H110M-R Lector de Tarjeta CR-606 Chasis M25 COOLBOX Alimentaci\u00f3n 300 W Perif\u00e9ricos Teclado y rat\u00f3n USB Tipo Mini-torre Sistema Operativo Windows 10 home Certificados \u00a0Epeat Gold, EnergyStart, ISO 7779, CE, Windows \/Linux * Las &hellip; Leer m\u00e1s \u00abTTL Teknopro i7\u00bb","og_url":"https:\/\/ttlcomputer.es\/new\/ttl-teknopro-i7\/","og_site_name":"TTL Computer","article_modified_time":"2023-06-09T06:22:11+00:00","og_image":[{"url":"https:\/\/ttlcomputer.es\/new\/wp-content\/uploads\/2023\/06\/Teknopro-3-4-2-2-1024x683.jpg"}],"twitter_card":"summary_large_image","schema":{"@context":"https:\/\/schema.org","@graph":[{"@type":"WebPage","@id":"https:\/\/ttlcomputer.es\/new\/ttl-teknopro-i7\/","url":"https:\/\/ttlcomputer.es\/new\/ttl-teknopro-i7\/","name":"TTL Teknopro i7 - TTL Computer","isPartOf":{"@id":"https:\/\/ttlcomputer.es\/new\/#website"},"primaryImageOfPage":{"@id":"https:\/\/ttlcomputer.es\/new\/ttl-teknopro-i7\/#primaryimage"},"image":{"@id":"https:\/\/ttlcomputer.es\/new\/ttl-teknopro-i7\/#primaryimage"},"thumbnailUrl":"https:\/\/ttlcomputer.es\/new\/wp-content\/uploads\/2023\/06\/Teknopro-3-4-2-2-1024x683.jpg","datePublished":"2023-06-07T10:52:39+00:00","dateModified":"2023-06-09T06:22:11+00:00","breadcrumb":{"@id":"https:\/\/ttlcomputer.es\/new\/ttl-teknopro-i7\/#breadcrumb"},"inLanguage":"es","potentialAction":[{"@type":"ReadAction","target":["https:\/\/ttlcomputer.es\/new\/ttl-teknopro-i7\/"]}]},{"@type":"ImageObject","inLanguage":"es","@id":"https:\/\/ttlcomputer.es\/new\/ttl-teknopro-i7\/#primaryimage","url":"https:\/\/ttlcomputer.es\/new\/wp-content\/uploads\/2023\/06\/Teknopro-3-4-2-2-scaled.jpg","contentUrl":"https:\/\/ttlcomputer.es\/new\/wp-content\/uploads\/2023\/06\/Teknopro-3-4-2-2-scaled.jpg","width":2560,"height":1707},{"@type":"BreadcrumbList","@id":"https:\/\/ttlcomputer.es\/new\/ttl-teknopro-i7\/#breadcrumb","itemListElement":[{"@type":"ListItem","position":1,"name":"Portada","item":"https:\/\/ttlcomputer.es\/new\/"},{"@type":"ListItem","position":2,"name":"TTL Teknopro i7"}]},{"@type":"WebSite","@id":"https:\/\/ttlcomputer.es\/new\/#website","url":"https:\/\/ttlcomputer.es\/new\/","name":"TTL Computer","description":"","publisher":{"@id":"https:\/\/ttlcomputer.es\/new\/#organization"},"potentialAction":[{"@type":"SearchAction","target":{"@type":"EntryPoint","urlTemplate":"https:\/\/ttlcomputer.es\/new\/?s={search_term_string}"},"query-input":{"@type":"PropertyValueSpecification","valueRequired":true,"valueName":"search_term_string"}}],"inLanguage":"es"},{"@type":"Organization","@id":"https:\/\/ttlcomputer.es\/new\/#organization","name":"TTL Computer","url":"https:\/\/ttlcomputer.es\/new\/","logo":{"@type":"ImageObject","inLanguage":"es","@id":"https:\/\/ttlcomputer.es\/new\/#\/schema\/logo\/image\/","url":"https:\/\/ttlcomputer.es\/new\/wp-content\/uploads\/2023\/06\/TTL-Negro.png","contentUrl":"https:\/\/ttlcomputer.es\/new\/wp-content\/uploads\/2023\/06\/TTL-Negro.png","width":2810,"height":2194,"caption":"TTL Computer "},"image":{"@id":"https:\/\/ttlcomputer.es\/new\/#\/schema\/logo\/image\/"}}]}},"_links":{"self":[{"href":"https:\/\/ttlcomputer.es\/new\/wp-json\/wp\/v2\/pages\/1120","targetHints":{"allow":["GET"]}}],"collection":[{"href":"https:\/\/ttlcomputer.es\/new\/wp-json\/wp\/v2\/pages"}],"about":[{"href":"https:\/\/ttlcomputer.es\/new\/wp-json\/wp\/v2\/types\/page"}],"author":[{"embeddable":true,"href":"https:\/\/ttlcomputer.es\/new\/wp-json\/wp\/v2\/users\/1"}],"replies":[{"embeddable":true,"href":"https:\/\/ttlcomputer.es\/new\/wp-json\/wp\/v2\/comments?post=1120"}],"version-history":[{"count":4,"href":"https:\/\/ttlcomputer.es\/new\/wp-json\/wp\/v2\/pages\/1120\/revisions"}],"predecessor-version":[{"id":1132,"href":"https:\/\/ttlcomputer.es\/new\/wp-json\/wp\/v2\/pages\/1120\/revisions\/1132"}],"wp:attachment":[{"href":"https:\/\/ttlcomputer.es\/new\/wp-json\/wp\/v2\/media?parent=1120"}],"curies":[{"name":"wp","href":"https:\/\/api.w.org\/{rel}","templated":true}]}}