{"id":1093,"date":"2023-06-07T09:52:12","date_gmt":"2023-06-07T09:52:12","guid":{"rendered":"https:\/\/ttlcomputer.es\/new\/?page_id=1093"},"modified":"2025-06-27T05:28:00","modified_gmt":"2025-06-27T05:28:00","slug":"teknopro","status":"publish","type":"page","link":"https:\/\/ttlcomputer.es\/new\/teknopro\/","title":{"rendered":"TEKNOPRO"},"content":{"rendered":"\n<h2 class=\"wp-block-heading has-text-align-center\">TTL TEKNOPRO <\/h2>\n\n\n\n<figure class=\"wp-block-image size-large is-resized\"><img loading=\"lazy\" decoding=\"async\" width=\"1024\" height=\"768\" src=\"https:\/\/ttlcomputer.es\/new\/wp-content\/uploads\/2023\/06\/Diseno-sin-titulo-55-1024x768.jpg\" alt=\"\" class=\"wp-image-1100\" style=\"width:1113px;height:835px\" srcset=\"https:\/\/ttlcomputer.es\/new\/wp-content\/uploads\/2023\/06\/Diseno-sin-titulo-55-1024x768.jpg 1024w, https:\/\/ttlcomputer.es\/new\/wp-content\/uploads\/2023\/06\/Diseno-sin-titulo-55-300x225.jpg 300w, https:\/\/ttlcomputer.es\/new\/wp-content\/uploads\/2023\/06\/Diseno-sin-titulo-55-768x576.jpg 768w, https:\/\/ttlcomputer.es\/new\/wp-content\/uploads\/2023\/06\/Diseno-sin-titulo-55-1536x1152.jpg 1536w, https:\/\/ttlcomputer.es\/new\/wp-content\/uploads\/2023\/06\/Diseno-sin-titulo-55-1440x1080.jpg 1440w, https:\/\/ttlcomputer.es\/new\/wp-content\/uploads\/2023\/06\/Diseno-sin-titulo-55-2000x1500.jpg 2000w, https:\/\/ttlcomputer.es\/new\/wp-content\/uploads\/2023\/06\/Diseno-sin-titulo-55.jpg 2048w\" sizes=\"(max-width: 1024px) 100vw, 1024px\" \/><\/figure>\n\n\n\n<figure class=\"wp-block-table\"><table><thead><tr><th>Caracter\u00edsticas T\u00e9cnicas Modelos Espec\u00edficos Teknopro<\/th><\/tr><\/thead><tbody><tr><td><a href=\"https:\/\/ttlcomputer.es\/new\/ttl-teknopro-h610-i5-14400\/\"><strong>TTL Teknopro H610 i5-14400<\/strong><\/a><\/td><\/tr><tr><td><a rel=\"noreferrer noopener\" href=\"https:\/\/ttlcomputer.es\/new\/ttl-teknopro-i7\/\" target=\"_blank\"><strong>TTL Teknopro i7<\/strong><\/a><\/td><\/tr><tr><td><a rel=\"noreferrer noopener\" href=\"https:\/\/ttlcomputer.es\/new\/ttl-teknopro-mc01q87i7ssd\/\" target=\"_blank\"><strong>TTL Teknopro MC01Q87i7SSD<\/strong><\/a><\/td><\/tr><tr><td><a href=\"https:\/\/ttlcomputer.es\/new\/ttl-teknopro-q670i7\/\" target=\"_blank\" rel=\"noreferrer noopener\"><strong>TTL Teknopro Q670i7<\/strong><\/a><\/td><\/tr><tr><td><a href=\"https:\/\/ttlcomputer.es\/new\/ttl-teknopro-q670-i5\/\" target=\"_blank\" rel=\"noreferrer noopener\"><strong>TTL Teknopro Q670 I5<\/strong><\/a><\/td><\/tr><tr><td><a href=\"https:\/\/ttlcomputer.es\/new\/ttl-teknopro-q670-i7\/\" data-type=\"link\" data-id=\"https:\/\/ttlcomputer.es\/new\/ttl-teknopro-q670-i7\/\" target=\"_blank\" rel=\"noreferrer noopener\"><strong>TTL Teknopro Q670 I7<\/strong><\/a><\/td><\/tr><\/tbody><\/table><\/figure>\n","protected":false},"excerpt":{"rendered":"<p>TTL TEKNOPRO Caracter\u00edsticas T\u00e9cnicas Modelos Espec\u00edficos Teknopro TTL Teknopro H610 i5-14400 TTL Teknopro i7 TTL Teknopro MC01Q87i7SSD TTL Teknopro Q670i7 TTL Teknopro Q670 I5 TTL Teknopro Q670 I7<\/p>\n","protected":false},"author":1,"featured_media":0,"parent":0,"menu_order":0,"comment_status":"closed","ping_status":"closed","template":"","meta":{"saved_in_kubio":true,"inspiro_hide_title":false,"footnotes":""},"class_list":["post-1093","page","type-page","status-publish","hentry"],"kubio_ai_page_context":{"short_desc":"","purpose":"general"},"yoast_head":"<!-- This site is optimized with the Yoast SEO plugin v23.8 - https:\/\/yoast.com\/wordpress\/plugins\/seo\/ -->\n<title>TEKNOPRO - TTL Computer<\/title>\n<meta name=\"robots\" content=\"noindex, follow, max-snippet:-1, max-image-preview:large, max-video-preview:-1\" \/>\n<meta property=\"og:locale\" content=\"es_ES\" \/>\n<meta property=\"og:type\" content=\"article\" \/>\n<meta property=\"og:title\" content=\"TEKNOPRO - TTL Computer\" \/>\n<meta property=\"og:description\" content=\"TTL TEKNOPRO Caracter\u00edsticas T\u00e9cnicas Modelos Espec\u00edficos Teknopro TTL Teknopro H610 i5-14400 TTL Teknopro i7 TTL Teknopro MC01Q87i7SSD TTL Teknopro Q670i7 TTL Teknopro Q670 I5 TTL Teknopro Q670 I7\" \/>\n<meta property=\"og:url\" content=\"https:\/\/ttlcomputer.es\/new\/teknopro\/\" \/>\n<meta property=\"og:site_name\" content=\"TTL Computer\" \/>\n<meta property=\"article:modified_time\" content=\"2025-06-27T05:28:00+00:00\" \/>\n<meta property=\"og:image\" content=\"https:\/\/ttlcomputer.es\/new\/wp-content\/uploads\/2023\/06\/Diseno-sin-titulo-55.jpg\" \/>\n\t<meta property=\"og:image:width\" content=\"2048\" \/>\n\t<meta property=\"og:image:height\" content=\"1536\" \/>\n\t<meta property=\"og:image:type\" content=\"image\/jpeg\" \/>\n<meta name=\"twitter:card\" content=\"summary_large_image\" \/>\n<script type=\"application\/ld+json\" class=\"yoast-schema-graph\">{\"@context\":\"https:\/\/schema.org\",\"@graph\":[{\"@type\":\"WebPage\",\"@id\":\"https:\/\/ttlcomputer.es\/new\/teknopro\/\",\"url\":\"https:\/\/ttlcomputer.es\/new\/teknopro\/\",\"name\":\"TEKNOPRO - TTL Computer\",\"isPartOf\":{\"@id\":\"https:\/\/ttlcomputer.es\/new\/#website\"},\"primaryImageOfPage\":{\"@id\":\"https:\/\/ttlcomputer.es\/new\/teknopro\/#primaryimage\"},\"image\":{\"@id\":\"https:\/\/ttlcomputer.es\/new\/teknopro\/#primaryimage\"},\"thumbnailUrl\":\"https:\/\/ttlcomputer.es\/new\/wp-content\/uploads\/2023\/06\/Diseno-sin-titulo-55-1024x768.jpg\",\"datePublished\":\"2023-06-07T09:52:12+00:00\",\"dateModified\":\"2025-06-27T05:28:00+00:00\",\"breadcrumb\":{\"@id\":\"https:\/\/ttlcomputer.es\/new\/teknopro\/#breadcrumb\"},\"inLanguage\":\"es\",\"potentialAction\":[{\"@type\":\"ReadAction\",\"target\":[\"https:\/\/ttlcomputer.es\/new\/teknopro\/\"]}]},{\"@type\":\"ImageObject\",\"inLanguage\":\"es\",\"@id\":\"https:\/\/ttlcomputer.es\/new\/teknopro\/#primaryimage\",\"url\":\"https:\/\/ttlcomputer.es\/new\/wp-content\/uploads\/2023\/06\/Diseno-sin-titulo-55.jpg\",\"contentUrl\":\"https:\/\/ttlcomputer.es\/new\/wp-content\/uploads\/2023\/06\/Diseno-sin-titulo-55.jpg\",\"width\":2048,\"height\":1536},{\"@type\":\"BreadcrumbList\",\"@id\":\"https:\/\/ttlcomputer.es\/new\/teknopro\/#breadcrumb\",\"itemListElement\":[{\"@type\":\"ListItem\",\"position\":1,\"name\":\"Portada\",\"item\":\"https:\/\/ttlcomputer.es\/new\/\"},{\"@type\":\"ListItem\",\"position\":2,\"name\":\"TEKNOPRO\"}]},{\"@type\":\"WebSite\",\"@id\":\"https:\/\/ttlcomputer.es\/new\/#website\",\"url\":\"https:\/\/ttlcomputer.es\/new\/\",\"name\":\"TTL Computer\",\"description\":\"\",\"publisher\":{\"@id\":\"https:\/\/ttlcomputer.es\/new\/#organization\"},\"potentialAction\":[{\"@type\":\"SearchAction\",\"target\":{\"@type\":\"EntryPoint\",\"urlTemplate\":\"https:\/\/ttlcomputer.es\/new\/?s={search_term_string}\"},\"query-input\":{\"@type\":\"PropertyValueSpecification\",\"valueRequired\":true,\"valueName\":\"search_term_string\"}}],\"inLanguage\":\"es\"},{\"@type\":\"Organization\",\"@id\":\"https:\/\/ttlcomputer.es\/new\/#organization\",\"name\":\"TTL Computer\",\"url\":\"https:\/\/ttlcomputer.es\/new\/\",\"logo\":{\"@type\":\"ImageObject\",\"inLanguage\":\"es\",\"@id\":\"https:\/\/ttlcomputer.es\/new\/#\/schema\/logo\/image\/\",\"url\":\"https:\/\/ttlcomputer.es\/new\/wp-content\/uploads\/2023\/06\/TTL-Negro.png\",\"contentUrl\":\"https:\/\/ttlcomputer.es\/new\/wp-content\/uploads\/2023\/06\/TTL-Negro.png\",\"width\":2810,\"height\":2194,\"caption\":\"TTL Computer \"},\"image\":{\"@id\":\"https:\/\/ttlcomputer.es\/new\/#\/schema\/logo\/image\/\"}}]}<\/script>\n<!-- \/ Yoast SEO plugin. -->","yoast_head_json":{"title":"TEKNOPRO - TTL Computer","robots":{"index":"noindex","follow":"follow","max-snippet":"max-snippet:-1","max-image-preview":"max-image-preview:large","max-video-preview":"max-video-preview:-1"},"og_locale":"es_ES","og_type":"article","og_title":"TEKNOPRO - TTL Computer","og_description":"TTL TEKNOPRO Caracter\u00edsticas T\u00e9cnicas Modelos Espec\u00edficos Teknopro TTL Teknopro H610 i5-14400 TTL Teknopro i7 TTL Teknopro MC01Q87i7SSD TTL Teknopro Q670i7 TTL Teknopro Q670 I5 TTL Teknopro Q670 I7","og_url":"https:\/\/ttlcomputer.es\/new\/teknopro\/","og_site_name":"TTL Computer","article_modified_time":"2025-06-27T05:28:00+00:00","og_image":[{"width":2048,"height":1536,"url":"https:\/\/ttlcomputer.es\/new\/wp-content\/uploads\/2023\/06\/Diseno-sin-titulo-55.jpg","type":"image\/jpeg"}],"twitter_card":"summary_large_image","schema":{"@context":"https:\/\/schema.org","@graph":[{"@type":"WebPage","@id":"https:\/\/ttlcomputer.es\/new\/teknopro\/","url":"https:\/\/ttlcomputer.es\/new\/teknopro\/","name":"TEKNOPRO - TTL Computer","isPartOf":{"@id":"https:\/\/ttlcomputer.es\/new\/#website"},"primaryImageOfPage":{"@id":"https:\/\/ttlcomputer.es\/new\/teknopro\/#primaryimage"},"image":{"@id":"https:\/\/ttlcomputer.es\/new\/teknopro\/#primaryimage"},"thumbnailUrl":"https:\/\/ttlcomputer.es\/new\/wp-content\/uploads\/2023\/06\/Diseno-sin-titulo-55-1024x768.jpg","datePublished":"2023-06-07T09:52:12+00:00","dateModified":"2025-06-27T05:28:00+00:00","breadcrumb":{"@id":"https:\/\/ttlcomputer.es\/new\/teknopro\/#breadcrumb"},"inLanguage":"es","potentialAction":[{"@type":"ReadAction","target":["https:\/\/ttlcomputer.es\/new\/teknopro\/"]}]},{"@type":"ImageObject","inLanguage":"es","@id":"https:\/\/ttlcomputer.es\/new\/teknopro\/#primaryimage","url":"https:\/\/ttlcomputer.es\/new\/wp-content\/uploads\/2023\/06\/Diseno-sin-titulo-55.jpg","contentUrl":"https:\/\/ttlcomputer.es\/new\/wp-content\/uploads\/2023\/06\/Diseno-sin-titulo-55.jpg","width":2048,"height":1536},{"@type":"BreadcrumbList","@id":"https:\/\/ttlcomputer.es\/new\/teknopro\/#breadcrumb","itemListElement":[{"@type":"ListItem","position":1,"name":"Portada","item":"https:\/\/ttlcomputer.es\/new\/"},{"@type":"ListItem","position":2,"name":"TEKNOPRO"}]},{"@type":"WebSite","@id":"https:\/\/ttlcomputer.es\/new\/#website","url":"https:\/\/ttlcomputer.es\/new\/","name":"TTL Computer","description":"","publisher":{"@id":"https:\/\/ttlcomputer.es\/new\/#organization"},"potentialAction":[{"@type":"SearchAction","target":{"@type":"EntryPoint","urlTemplate":"https:\/\/ttlcomputer.es\/new\/?s={search_term_string}"},"query-input":{"@type":"PropertyValueSpecification","valueRequired":true,"valueName":"search_term_string"}}],"inLanguage":"es"},{"@type":"Organization","@id":"https:\/\/ttlcomputer.es\/new\/#organization","name":"TTL Computer","url":"https:\/\/ttlcomputer.es\/new\/","logo":{"@type":"ImageObject","inLanguage":"es","@id":"https:\/\/ttlcomputer.es\/new\/#\/schema\/logo\/image\/","url":"https:\/\/ttlcomputer.es\/new\/wp-content\/uploads\/2023\/06\/TTL-Negro.png","contentUrl":"https:\/\/ttlcomputer.es\/new\/wp-content\/uploads\/2023\/06\/TTL-Negro.png","width":2810,"height":2194,"caption":"TTL Computer "},"image":{"@id":"https:\/\/ttlcomputer.es\/new\/#\/schema\/logo\/image\/"}}]}},"_links":{"self":[{"href":"https:\/\/ttlcomputer.es\/new\/wp-json\/wp\/v2\/pages\/1093","targetHints":{"allow":["GET"]}}],"collection":[{"href":"https:\/\/ttlcomputer.es\/new\/wp-json\/wp\/v2\/pages"}],"about":[{"href":"https:\/\/ttlcomputer.es\/new\/wp-json\/wp\/v2\/types\/page"}],"author":[{"embeddable":true,"href":"https:\/\/ttlcomputer.es\/new\/wp-json\/wp\/v2\/users\/1"}],"replies":[{"embeddable":true,"href":"https:\/\/ttlcomputer.es\/new\/wp-json\/wp\/v2\/comments?post=1093"}],"version-history":[{"count":19,"href":"https:\/\/ttlcomputer.es\/new\/wp-json\/wp\/v2\/pages\/1093\/revisions"}],"predecessor-version":[{"id":2769,"href":"https:\/\/ttlcomputer.es\/new\/wp-json\/wp\/v2\/pages\/1093\/revisions\/2769"}],"wp:attachment":[{"href":"https:\/\/ttlcomputer.es\/new\/wp-json\/wp\/v2\/media?parent=1093"}],"curies":[{"name":"wp","href":"https:\/\/api.w.org\/{rel}","templated":true}]}}