{"id":1084,"date":"2023-06-07T09:31:31","date_gmt":"2023-06-07T09:31:31","guid":{"rendered":"https:\/\/ttlcomputer.es\/new\/?page_id=1084"},"modified":"2023-06-12T06:13:32","modified_gmt":"2023-06-12T06:13:32","slug":"ttl-teknoslim-tk722-38","status":"publish","type":"page","link":"https:\/\/ttlcomputer.es\/new\/ttl-teknoslim-tk722-38\/","title":{"rendered":"TTL Teknoslim -TK722.38"},"content":{"rendered":"\n\n\n<figure class=\"wp-block-image size-full is-resized\"><img loading=\"lazy\" decoding=\"async\" src=\"https:\/\/ttlcomputer.es\/new\/wp-content\/uploads\/2023\/06\/0017301730_SLIM_01.jpg\" alt=\"\" class=\"wp-image-1089\" width=\"701\" height=\"701\" srcset=\"https:\/\/ttlcomputer.es\/new\/wp-content\/uploads\/2023\/06\/0017301730_SLIM_01.jpg 800w, https:\/\/ttlcomputer.es\/new\/wp-content\/uploads\/2023\/06\/0017301730_SLIM_01-300x300.jpg 300w, https:\/\/ttlcomputer.es\/new\/wp-content\/uploads\/2023\/06\/0017301730_SLIM_01-150x150.jpg 150w, https:\/\/ttlcomputer.es\/new\/wp-content\/uploads\/2023\/06\/0017301730_SLIM_01-768x768.jpg 768w\" sizes=\"(max-width: 701px) 100vw, 701px\" \/><\/figure>\n\n\n\n<h2 class=\"wp-block-heading\">Caracter\u00edsticas T\u00e9cnicas:<\/h2>\n\n\n\n<figure class=\"wp-block-table\"><table><tbody><tr><td><strong>Procesador<\/strong><\/td><td><a rel=\"noreferrer noopener\" href=\"http:\/\/ark.intel.com\/es-es\/products\/80815\/Intel-Core-i5-4590-Processor-6M-Cache-up-to-3_70-GHz\" target=\"_blank\">Intel\u00ae Core\u2122 i5-4590 (6M Cache, 3.30 GHz)<\/a><\/td><\/tr><tr><td><strong>Formato<\/strong><\/td><td>Sobremesa, Factor de forma reducido (SFF)<br>Tool-less<\/td><\/tr><tr><td><strong>Chipset<\/strong><\/td><td>Intel\u00ae Q87<\/td><\/tr><tr><td><strong>Memoria <\/strong><\/td><td>4GB DDR3 1600 MHz<br>4 x Memoria DIMM, Max. 32GB, DDR3 1600\/1333\/1066 MHz<br>Arquitectura de memoria Dual Channel<\/td><\/tr><tr><td><strong>Almacenamiento<\/strong><\/td><td>1TB 6Gb\/s 32MB 7200RPM<br>6 x conector(s) SATA 6Gb\/s<\/td><\/tr><tr><td><strong>Soporte Extraible <\/strong><\/td><td>DVD+\/-RW 16x<\/td><\/tr><tr><td><strong>Gr\u00e1ficas<\/strong><\/td><td>Intel\u00ae HD Graphics 4600<br>Compatible con salida Multi VGA: puertos HDMI\/DVI-D\/RGB\/DisplayPort<br>Compatible con HDMI con una resoluci\u00f3n m\u00e1xima de 4096 x 2160 @ 24 Hz<br>Compatible con RGB con una resoluci\u00f3n m\u00e1xima de 1920 x 1200 @ 60 Hz<br>Compatible con DisplayPort con una resoluci\u00f3n m\u00e1xima de 4096 x 2160 @ 24 Hz<br>Compatible con DVI-D con una resoluci\u00f3n m\u00e1xima 1920 x 1200 @ 60 Hz<br>Compatible hasta con 3 pantallas simult\u00e1neas<\/td><\/tr><tr><td><strong>Audio<\/strong><\/td><td>Realtek ALC662VD(6-channel)<\/td><\/tr><tr><td><strong>Comunicaciones<\/strong><\/td><td>Intel\u00ae I217LM, 1 x Controladora de red Gigabit<br>WfM 2.0, DMI 2.0, WOL by PME, WOR by PME, PXE<\/td><\/tr><tr><td><strong>E\/S panel trasero<\/strong><\/td><td>2 x puerto(s) USB 3.0<br>4 x puerto(s) USB 2.0<br>1 x Teclado PS\/2 (violeta)<br>1 x Rat\u00f3n PS\/2 (verde)<br>1 x DVI-D<br>1 x D-Sub<br>1 x DisplayPort<br>1 x HDMI<br>1 x Red (RJ45)<br>3 x Jack(s) de audio (5.1ch)<\/td><\/tr><tr><td><strong>E\/S panel frontal<\/strong><\/td><td>2 x USB 3.0<br>2 x USB 2.0<br>Card Reader: MS\/PRO\/CF\/MD\/SD\/MMC\/SM x 1<br>Puertos frontales para micr\u00f3fono y auriculares (3,5 mm)<\/td><\/tr><tr><td><strong>E\/S internos<\/strong><\/td><td>1 x Conector(es) USB 3.0 soporta(n) 2 USB 3.0 extra(s)<br>3 x Conector(es) USB 2.0 soporta(n) 6 USB 2.0 extra<br>2 x Conector(es) COM<br>6 x Conector(es) SATA 6Gb\/s<br>1 x Cabezal LPT1<br>1 x Conector(es) ventilador de CPU<br>1 x Conector(es) ventilador chasis<br>1 x ATX CPU power header<br>1 x ATX power header<br>1 x Conector de audio en panel frontal (AAFP)<br>1 x Conector de altavoz interno<br>1 x Paneles del sistema<br>1 x Conector de intrusi\u00f3n en chasis<br>1 x Jumper Clear CMOS<br>6 x SATAIII header (SATA 6Gb\/s)<br>1 x GPIO Header<br>1 x clear RTC header (Jumper Red)<br>1 x ME UPDATE header<br>1 x clear password jumper<br>1 x LPC Header<br>&nbsp;<br>Soluciones de ampliaci\u00f3n<br>1 x PCI Express slot (x16)<br>1 x PCI Express slot (x1)<br>2 x PCI slot<\/td><\/tr><tr><td><strong>Dispositivos de entrega<\/strong><\/td><td>Teclado con lector de tarjeta smartcard<br>Rat\u00f3n \u00d3ptico USB<\/td><\/tr><tr><td><strong>Seguridad<\/strong><\/td><td>Trusted Platform Module (TPM)<br>Padlock Loop<br>Kensington Slot<\/td><\/tr><tr><td><strong>Dimensiones<\/strong><\/td><td>30,00 x 32,60 x 9,00 cm<\/td><\/tr><tr><td><strong>Peso<\/strong><\/td><td>~ 6 kg<\/td><\/tr><tr><td><strong>Certificaciones<\/strong><\/td><td>Energy Star, Epeat Gold <\/td><\/tr><\/tbody><\/table><figcaption class=\"wp-element-caption\">* Las caracter\u00edsticas de dise\u00f1o del producto pueden variar debido a la configuraci\u00f3n y \/ o implementaciones interesados a petici\u00f3n.<br><\/figcaption><\/figure>\n","protected":false},"excerpt":{"rendered":"<p>Caracter\u00edsticas T\u00e9cnicas: Procesador Intel\u00ae Core\u2122 i5-4590 (6M Cache, 3.30 GHz) Formato Sobremesa, Factor de forma reducido (SFF)Tool-less Chipset Intel\u00ae Q87 Memoria 4GB DDR3 1600 MHz4 x Memoria DIMM, Max. 32GB, DDR3 1600\/1333\/1066 MHzArquitectura de memoria Dual Channel Almacenamiento 1TB 6Gb\/s 32MB 7200RPM6 x conector(s) SATA 6Gb\/s Soporte Extraible DVD+\/-RW 16x Gr\u00e1ficas Intel\u00ae HD Graphics 4600Compatible &hellip; <\/p>\n<p class=\"link-more\"><a href=\"https:\/\/ttlcomputer.es\/new\/ttl-teknoslim-tk722-38\/\" class=\"more-link\">Leer m\u00e1s<span class=\"screen-reader-text\"> \u00abTTL Teknoslim -TK722.38\u00bb<\/span><\/a><\/p>\n","protected":false},"author":1,"featured_media":0,"parent":0,"menu_order":0,"comment_status":"closed","ping_status":"closed","template":"","meta":{"saved_in_kubio":true,"inspiro_hide_title":false,"footnotes":""},"class_list":["post-1084","page","type-page","status-publish","hentry"],"kubio_ai_page_context":{"short_desc":"","purpose":"general"},"yoast_head":"<!-- This site is optimized with the Yoast SEO plugin v23.8 - https:\/\/yoast.com\/wordpress\/plugins\/seo\/ -->\n<title>TTL Teknoslim -TK722.38 - TTL Computer<\/title>\n<meta name=\"robots\" content=\"noindex, follow, max-snippet:-1, max-image-preview:large, max-video-preview:-1\" \/>\n<meta property=\"og:locale\" content=\"es_ES\" \/>\n<meta property=\"og:type\" content=\"article\" \/>\n<meta property=\"og:title\" content=\"TTL Teknoslim -TK722.38 - TTL Computer\" \/>\n<meta property=\"og:description\" content=\"Caracter\u00edsticas T\u00e9cnicas: Procesador Intel\u00ae Core\u2122 i5-4590 (6M Cache, 3.30 GHz) Formato Sobremesa, Factor de forma reducido (SFF)Tool-less Chipset Intel\u00ae Q87 Memoria 4GB DDR3 1600 MHz4 x Memoria DIMM, Max. 32GB, DDR3 1600\/1333\/1066 MHzArquitectura de memoria Dual Channel Almacenamiento 1TB 6Gb\/s 32MB 7200RPM6 x conector(s) SATA 6Gb\/s Soporte Extraible DVD+\/-RW 16x Gr\u00e1ficas Intel\u00ae HD Graphics 4600Compatible &hellip; Leer m\u00e1s \u00abTTL Teknoslim -TK722.38\u00bb\" \/>\n<meta property=\"og:url\" content=\"https:\/\/ttlcomputer.es\/new\/ttl-teknoslim-tk722-38\/\" \/>\n<meta property=\"og:site_name\" content=\"TTL Computer\" \/>\n<meta property=\"article:modified_time\" content=\"2023-06-12T06:13:32+00:00\" \/>\n<meta property=\"og:image\" content=\"https:\/\/ttlcomputer.es\/new\/wp-content\/uploads\/2023\/06\/0017301730_SLIM_01.jpg\" \/>\n<meta name=\"twitter:card\" content=\"summary_large_image\" \/>\n<meta name=\"twitter:label1\" content=\"Tiempo de lectura\" \/>\n\t<meta name=\"twitter:data1\" content=\"2 minutos\" \/>\n<script type=\"application\/ld+json\" class=\"yoast-schema-graph\">{\"@context\":\"https:\/\/schema.org\",\"@graph\":[{\"@type\":\"WebPage\",\"@id\":\"https:\/\/ttlcomputer.es\/new\/ttl-teknoslim-tk722-38\/\",\"url\":\"https:\/\/ttlcomputer.es\/new\/ttl-teknoslim-tk722-38\/\",\"name\":\"TTL Teknoslim -TK722.38 - TTL Computer\",\"isPartOf\":{\"@id\":\"https:\/\/ttlcomputer.es\/new\/#website\"},\"primaryImageOfPage\":{\"@id\":\"https:\/\/ttlcomputer.es\/new\/ttl-teknoslim-tk722-38\/#primaryimage\"},\"image\":{\"@id\":\"https:\/\/ttlcomputer.es\/new\/ttl-teknoslim-tk722-38\/#primaryimage\"},\"thumbnailUrl\":\"https:\/\/ttlcomputer.es\/new\/wp-content\/uploads\/2023\/06\/0017301730_SLIM_01.jpg\",\"datePublished\":\"2023-06-07T09:31:31+00:00\",\"dateModified\":\"2023-06-12T06:13:32+00:00\",\"breadcrumb\":{\"@id\":\"https:\/\/ttlcomputer.es\/new\/ttl-teknoslim-tk722-38\/#breadcrumb\"},\"inLanguage\":\"es\",\"potentialAction\":[{\"@type\":\"ReadAction\",\"target\":[\"https:\/\/ttlcomputer.es\/new\/ttl-teknoslim-tk722-38\/\"]}]},{\"@type\":\"ImageObject\",\"inLanguage\":\"es\",\"@id\":\"https:\/\/ttlcomputer.es\/new\/ttl-teknoslim-tk722-38\/#primaryimage\",\"url\":\"https:\/\/ttlcomputer.es\/new\/wp-content\/uploads\/2023\/06\/0017301730_SLIM_01.jpg\",\"contentUrl\":\"https:\/\/ttlcomputer.es\/new\/wp-content\/uploads\/2023\/06\/0017301730_SLIM_01.jpg\",\"width\":800,\"height\":800},{\"@type\":\"BreadcrumbList\",\"@id\":\"https:\/\/ttlcomputer.es\/new\/ttl-teknoslim-tk722-38\/#breadcrumb\",\"itemListElement\":[{\"@type\":\"ListItem\",\"position\":1,\"name\":\"Portada\",\"item\":\"https:\/\/ttlcomputer.es\/new\/\"},{\"@type\":\"ListItem\",\"position\":2,\"name\":\"TTL Teknoslim -TK722.38\"}]},{\"@type\":\"WebSite\",\"@id\":\"https:\/\/ttlcomputer.es\/new\/#website\",\"url\":\"https:\/\/ttlcomputer.es\/new\/\",\"name\":\"TTL Computer\",\"description\":\"\",\"publisher\":{\"@id\":\"https:\/\/ttlcomputer.es\/new\/#organization\"},\"potentialAction\":[{\"@type\":\"SearchAction\",\"target\":{\"@type\":\"EntryPoint\",\"urlTemplate\":\"https:\/\/ttlcomputer.es\/new\/?s={search_term_string}\"},\"query-input\":{\"@type\":\"PropertyValueSpecification\",\"valueRequired\":true,\"valueName\":\"search_term_string\"}}],\"inLanguage\":\"es\"},{\"@type\":\"Organization\",\"@id\":\"https:\/\/ttlcomputer.es\/new\/#organization\",\"name\":\"TTL Computer\",\"url\":\"https:\/\/ttlcomputer.es\/new\/\",\"logo\":{\"@type\":\"ImageObject\",\"inLanguage\":\"es\",\"@id\":\"https:\/\/ttlcomputer.es\/new\/#\/schema\/logo\/image\/\",\"url\":\"https:\/\/ttlcomputer.es\/new\/wp-content\/uploads\/2023\/06\/TTL-Negro.png\",\"contentUrl\":\"https:\/\/ttlcomputer.es\/new\/wp-content\/uploads\/2023\/06\/TTL-Negro.png\",\"width\":2810,\"height\":2194,\"caption\":\"TTL Computer \"},\"image\":{\"@id\":\"https:\/\/ttlcomputer.es\/new\/#\/schema\/logo\/image\/\"}}]}<\/script>\n<!-- \/ Yoast SEO plugin. -->","yoast_head_json":{"title":"TTL Teknoslim -TK722.38 - TTL Computer","robots":{"index":"noindex","follow":"follow","max-snippet":"max-snippet:-1","max-image-preview":"max-image-preview:large","max-video-preview":"max-video-preview:-1"},"og_locale":"es_ES","og_type":"article","og_title":"TTL Teknoslim -TK722.38 - TTL Computer","og_description":"Caracter\u00edsticas T\u00e9cnicas: Procesador Intel\u00ae Core\u2122 i5-4590 (6M Cache, 3.30 GHz) Formato Sobremesa, Factor de forma reducido (SFF)Tool-less Chipset Intel\u00ae Q87 Memoria 4GB DDR3 1600 MHz4 x Memoria DIMM, Max. 32GB, DDR3 1600\/1333\/1066 MHzArquitectura de memoria Dual Channel Almacenamiento 1TB 6Gb\/s 32MB 7200RPM6 x conector(s) SATA 6Gb\/s Soporte Extraible DVD+\/-RW 16x Gr\u00e1ficas Intel\u00ae HD Graphics 4600Compatible &hellip; Leer m\u00e1s \u00abTTL Teknoslim -TK722.38\u00bb","og_url":"https:\/\/ttlcomputer.es\/new\/ttl-teknoslim-tk722-38\/","og_site_name":"TTL Computer","article_modified_time":"2023-06-12T06:13:32+00:00","og_image":[{"url":"https:\/\/ttlcomputer.es\/new\/wp-content\/uploads\/2023\/06\/0017301730_SLIM_01.jpg"}],"twitter_card":"summary_large_image","twitter_misc":{"Tiempo de lectura":"2 minutos"},"schema":{"@context":"https:\/\/schema.org","@graph":[{"@type":"WebPage","@id":"https:\/\/ttlcomputer.es\/new\/ttl-teknoslim-tk722-38\/","url":"https:\/\/ttlcomputer.es\/new\/ttl-teknoslim-tk722-38\/","name":"TTL Teknoslim -TK722.38 - TTL Computer","isPartOf":{"@id":"https:\/\/ttlcomputer.es\/new\/#website"},"primaryImageOfPage":{"@id":"https:\/\/ttlcomputer.es\/new\/ttl-teknoslim-tk722-38\/#primaryimage"},"image":{"@id":"https:\/\/ttlcomputer.es\/new\/ttl-teknoslim-tk722-38\/#primaryimage"},"thumbnailUrl":"https:\/\/ttlcomputer.es\/new\/wp-content\/uploads\/2023\/06\/0017301730_SLIM_01.jpg","datePublished":"2023-06-07T09:31:31+00:00","dateModified":"2023-06-12T06:13:32+00:00","breadcrumb":{"@id":"https:\/\/ttlcomputer.es\/new\/ttl-teknoslim-tk722-38\/#breadcrumb"},"inLanguage":"es","potentialAction":[{"@type":"ReadAction","target":["https:\/\/ttlcomputer.es\/new\/ttl-teknoslim-tk722-38\/"]}]},{"@type":"ImageObject","inLanguage":"es","@id":"https:\/\/ttlcomputer.es\/new\/ttl-teknoslim-tk722-38\/#primaryimage","url":"https:\/\/ttlcomputer.es\/new\/wp-content\/uploads\/2023\/06\/0017301730_SLIM_01.jpg","contentUrl":"https:\/\/ttlcomputer.es\/new\/wp-content\/uploads\/2023\/06\/0017301730_SLIM_01.jpg","width":800,"height":800},{"@type":"BreadcrumbList","@id":"https:\/\/ttlcomputer.es\/new\/ttl-teknoslim-tk722-38\/#breadcrumb","itemListElement":[{"@type":"ListItem","position":1,"name":"Portada","item":"https:\/\/ttlcomputer.es\/new\/"},{"@type":"ListItem","position":2,"name":"TTL Teknoslim -TK722.38"}]},{"@type":"WebSite","@id":"https:\/\/ttlcomputer.es\/new\/#website","url":"https:\/\/ttlcomputer.es\/new\/","name":"TTL Computer","description":"","publisher":{"@id":"https:\/\/ttlcomputer.es\/new\/#organization"},"potentialAction":[{"@type":"SearchAction","target":{"@type":"EntryPoint","urlTemplate":"https:\/\/ttlcomputer.es\/new\/?s={search_term_string}"},"query-input":{"@type":"PropertyValueSpecification","valueRequired":true,"valueName":"search_term_string"}}],"inLanguage":"es"},{"@type":"Organization","@id":"https:\/\/ttlcomputer.es\/new\/#organization","name":"TTL Computer","url":"https:\/\/ttlcomputer.es\/new\/","logo":{"@type":"ImageObject","inLanguage":"es","@id":"https:\/\/ttlcomputer.es\/new\/#\/schema\/logo\/image\/","url":"https:\/\/ttlcomputer.es\/new\/wp-content\/uploads\/2023\/06\/TTL-Negro.png","contentUrl":"https:\/\/ttlcomputer.es\/new\/wp-content\/uploads\/2023\/06\/TTL-Negro.png","width":2810,"height":2194,"caption":"TTL Computer "},"image":{"@id":"https:\/\/ttlcomputer.es\/new\/#\/schema\/logo\/image\/"}}]}},"_links":{"self":[{"href":"https:\/\/ttlcomputer.es\/new\/wp-json\/wp\/v2\/pages\/1084","targetHints":{"allow":["GET"]}}],"collection":[{"href":"https:\/\/ttlcomputer.es\/new\/wp-json\/wp\/v2\/pages"}],"about":[{"href":"https:\/\/ttlcomputer.es\/new\/wp-json\/wp\/v2\/types\/page"}],"author":[{"embeddable":true,"href":"https:\/\/ttlcomputer.es\/new\/wp-json\/wp\/v2\/users\/1"}],"replies":[{"embeddable":true,"href":"https:\/\/ttlcomputer.es\/new\/wp-json\/wp\/v2\/comments?post=1084"}],"version-history":[{"count":4,"href":"https:\/\/ttlcomputer.es\/new\/wp-json\/wp\/v2\/pages\/1084\/revisions"}],"predecessor-version":[{"id":1320,"href":"https:\/\/ttlcomputer.es\/new\/wp-json\/wp\/v2\/pages\/1084\/revisions\/1320"}],"wp:attachment":[{"href":"https:\/\/ttlcomputer.es\/new\/wp-json\/wp\/v2\/media?parent=1084"}],"curies":[{"name":"wp","href":"https:\/\/api.w.org\/{rel}","templated":true}]}}