{"id":1076,"date":"2023-06-07T09:22:17","date_gmt":"2023-06-07T09:22:17","guid":{"rendered":"https:\/\/ttlcomputer.es\/new\/?page_id=1076"},"modified":"2023-06-07T09:26:07","modified_gmt":"2023-06-07T09:26:07","slug":"ttk-teknoslim-l8-h510","status":"publish","type":"page","link":"https:\/\/ttlcomputer.es\/new\/ttk-teknoslim-l8-h510\/","title":{"rendered":"TTK TEKNOSLIM L8 H510"},"content":{"rendered":"\n\n\n<figure class=\"wp-block-image size-large\"><img loading=\"lazy\" decoding=\"async\" width=\"1024\" height=\"768\" src=\"https:\/\/ttlcomputer.es\/new\/wp-content\/uploads\/2023\/06\/Diseno-sin-titulo-52-2-1024x768.jpg\" alt=\"\" class=\"wp-image-1080\" srcset=\"https:\/\/ttlcomputer.es\/new\/wp-content\/uploads\/2023\/06\/Diseno-sin-titulo-52-2-1024x768.jpg 1024w, https:\/\/ttlcomputer.es\/new\/wp-content\/uploads\/2023\/06\/Diseno-sin-titulo-52-2-300x225.jpg 300w, https:\/\/ttlcomputer.es\/new\/wp-content\/uploads\/2023\/06\/Diseno-sin-titulo-52-2-768x576.jpg 768w, https:\/\/ttlcomputer.es\/new\/wp-content\/uploads\/2023\/06\/Diseno-sin-titulo-52-2-1536x1152.jpg 1536w, https:\/\/ttlcomputer.es\/new\/wp-content\/uploads\/2023\/06\/Diseno-sin-titulo-52-2-1440x1080.jpg 1440w, https:\/\/ttlcomputer.es\/new\/wp-content\/uploads\/2023\/06\/Diseno-sin-titulo-52-2-2000x1500.jpg 2000w, https:\/\/ttlcomputer.es\/new\/wp-content\/uploads\/2023\/06\/Diseno-sin-titulo-52-2.jpg 2048w\" sizes=\"(max-width: 1024px) 100vw, 1024px\" \/><\/figure>\n\n\n\n<h2 class=\"wp-block-heading\">Caracter\u00edsticas T\u00e9cnicas:<\/h2>\n\n\n\n<figure class=\"wp-block-table\"><table><tbody><tr><td>Procesador<\/td><td>Intel\u00ae Core I5-11500\/TPM<\/td><\/tr><tr><td>Chipset<\/td><td>H510<\/td><\/tr><tr><td>Memoria RAM <\/td><td>16 GB DDR4 <\/td><\/tr><tr><td>Disco Duro<\/td><td>256 GB PCIe M2 NVME<\/td><\/tr><tr><td>Formato <\/td><td>SFF<\/td><\/tr><tr><td>Sistema Operativo <\/td><td>Windows 10 Pro<\/td><\/tr><tr><td>Complementos<\/td><td>Rat\u00f3n, Teclado, Lector de tarjetas TTL <\/td><\/tr><tr><td>Garant\u00eda <\/td><td>36 meses <\/td><\/tr><\/tbody><\/table><figcaption class=\"wp-element-caption\">* <strong>\u00a0Las caracter\u00edsticas de dise\u00f1o del producto pueden variar debido a la configuraci\u00f3n y\/o implementaciones interesados a petici\u00f3n.<\/strong><\/figcaption><\/figure>\n","protected":false},"excerpt":{"rendered":"<p>Caracter\u00edsticas T\u00e9cnicas: Procesador Intel\u00ae Core I5-11500\/TPM Chipset H510 Memoria RAM 16 GB DDR4 Disco Duro 256 GB PCIe M2 NVME Formato SFF Sistema Operativo Windows 10 Pro Complementos Rat\u00f3n, Teclado, Lector de tarjetas TTL Garant\u00eda 36 meses * \u00a0Las caracter\u00edsticas de dise\u00f1o del producto pueden variar debido a la configuraci\u00f3n y\/o implementaciones interesados a petici\u00f3n.<\/p>\n","protected":false},"author":1,"featured_media":0,"parent":0,"menu_order":0,"comment_status":"closed","ping_status":"closed","template":"","meta":{"saved_in_kubio":true,"inspiro_hide_title":false,"footnotes":""},"class_list":["post-1076","page","type-page","status-publish","hentry"],"kubio_ai_page_context":{"short_desc":"","purpose":"general"},"yoast_head":"<!-- This site is optimized with the Yoast SEO plugin v23.8 - https:\/\/yoast.com\/wordpress\/plugins\/seo\/ -->\n<title>TTK TEKNOSLIM L8 H510 - TTL Computer<\/title>\n<meta name=\"robots\" content=\"noindex, follow, max-snippet:-1, max-image-preview:large, max-video-preview:-1\" \/>\n<meta property=\"og:locale\" content=\"es_ES\" \/>\n<meta property=\"og:type\" content=\"article\" \/>\n<meta property=\"og:title\" content=\"TTK TEKNOSLIM L8 H510 - TTL Computer\" \/>\n<meta property=\"og:description\" content=\"Caracter\u00edsticas T\u00e9cnicas: Procesador Intel\u00ae Core I5-11500\/TPM Chipset H510 Memoria RAM 16 GB DDR4 Disco Duro 256 GB PCIe M2 NVME Formato SFF Sistema Operativo Windows 10 Pro Complementos Rat\u00f3n, Teclado, Lector de tarjetas TTL Garant\u00eda 36 meses * \u00a0Las caracter\u00edsticas de dise\u00f1o del producto pueden variar debido a la configuraci\u00f3n y\/o implementaciones interesados a petici\u00f3n.\" \/>\n<meta property=\"og:url\" content=\"https:\/\/ttlcomputer.es\/new\/ttk-teknoslim-l8-h510\/\" \/>\n<meta property=\"og:site_name\" content=\"TTL Computer\" \/>\n<meta property=\"article:modified_time\" content=\"2023-06-07T09:26:07+00:00\" \/>\n<meta property=\"og:image\" content=\"https:\/\/ttlcomputer.es\/new\/wp-content\/uploads\/2023\/06\/Diseno-sin-titulo-52-2-1024x768.jpg\" \/>\n<meta name=\"twitter:card\" content=\"summary_large_image\" \/>\n<script type=\"application\/ld+json\" class=\"yoast-schema-graph\">{\"@context\":\"https:\/\/schema.org\",\"@graph\":[{\"@type\":\"WebPage\",\"@id\":\"https:\/\/ttlcomputer.es\/new\/ttk-teknoslim-l8-h510\/\",\"url\":\"https:\/\/ttlcomputer.es\/new\/ttk-teknoslim-l8-h510\/\",\"name\":\"TTK TEKNOSLIM L8 H510 - TTL Computer\",\"isPartOf\":{\"@id\":\"https:\/\/ttlcomputer.es\/new\/#website\"},\"primaryImageOfPage\":{\"@id\":\"https:\/\/ttlcomputer.es\/new\/ttk-teknoslim-l8-h510\/#primaryimage\"},\"image\":{\"@id\":\"https:\/\/ttlcomputer.es\/new\/ttk-teknoslim-l8-h510\/#primaryimage\"},\"thumbnailUrl\":\"https:\/\/ttlcomputer.es\/new\/wp-content\/uploads\/2023\/06\/Diseno-sin-titulo-52-2-1024x768.jpg\",\"datePublished\":\"2023-06-07T09:22:17+00:00\",\"dateModified\":\"2023-06-07T09:26:07+00:00\",\"breadcrumb\":{\"@id\":\"https:\/\/ttlcomputer.es\/new\/ttk-teknoslim-l8-h510\/#breadcrumb\"},\"inLanguage\":\"es\",\"potentialAction\":[{\"@type\":\"ReadAction\",\"target\":[\"https:\/\/ttlcomputer.es\/new\/ttk-teknoslim-l8-h510\/\"]}]},{\"@type\":\"ImageObject\",\"inLanguage\":\"es\",\"@id\":\"https:\/\/ttlcomputer.es\/new\/ttk-teknoslim-l8-h510\/#primaryimage\",\"url\":\"https:\/\/ttlcomputer.es\/new\/wp-content\/uploads\/2023\/06\/Diseno-sin-titulo-52-2.jpg\",\"contentUrl\":\"https:\/\/ttlcomputer.es\/new\/wp-content\/uploads\/2023\/06\/Diseno-sin-titulo-52-2.jpg\",\"width\":2048,\"height\":1536},{\"@type\":\"BreadcrumbList\",\"@id\":\"https:\/\/ttlcomputer.es\/new\/ttk-teknoslim-l8-h510\/#breadcrumb\",\"itemListElement\":[{\"@type\":\"ListItem\",\"position\":1,\"name\":\"Portada\",\"item\":\"https:\/\/ttlcomputer.es\/new\/\"},{\"@type\":\"ListItem\",\"position\":2,\"name\":\"TTK TEKNOSLIM L8 H510\"}]},{\"@type\":\"WebSite\",\"@id\":\"https:\/\/ttlcomputer.es\/new\/#website\",\"url\":\"https:\/\/ttlcomputer.es\/new\/\",\"name\":\"TTL Computer\",\"description\":\"\",\"publisher\":{\"@id\":\"https:\/\/ttlcomputer.es\/new\/#organization\"},\"potentialAction\":[{\"@type\":\"SearchAction\",\"target\":{\"@type\":\"EntryPoint\",\"urlTemplate\":\"https:\/\/ttlcomputer.es\/new\/?s={search_term_string}\"},\"query-input\":{\"@type\":\"PropertyValueSpecification\",\"valueRequired\":true,\"valueName\":\"search_term_string\"}}],\"inLanguage\":\"es\"},{\"@type\":\"Organization\",\"@id\":\"https:\/\/ttlcomputer.es\/new\/#organization\",\"name\":\"TTL Computer\",\"url\":\"https:\/\/ttlcomputer.es\/new\/\",\"logo\":{\"@type\":\"ImageObject\",\"inLanguage\":\"es\",\"@id\":\"https:\/\/ttlcomputer.es\/new\/#\/schema\/logo\/image\/\",\"url\":\"https:\/\/ttlcomputer.es\/new\/wp-content\/uploads\/2023\/06\/TTL-Negro.png\",\"contentUrl\":\"https:\/\/ttlcomputer.es\/new\/wp-content\/uploads\/2023\/06\/TTL-Negro.png\",\"width\":2810,\"height\":2194,\"caption\":\"TTL Computer \"},\"image\":{\"@id\":\"https:\/\/ttlcomputer.es\/new\/#\/schema\/logo\/image\/\"}}]}<\/script>\n<!-- \/ Yoast SEO plugin. -->","yoast_head_json":{"title":"TTK TEKNOSLIM L8 H510 - TTL Computer","robots":{"index":"noindex","follow":"follow","max-snippet":"max-snippet:-1","max-image-preview":"max-image-preview:large","max-video-preview":"max-video-preview:-1"},"og_locale":"es_ES","og_type":"article","og_title":"TTK TEKNOSLIM L8 H510 - TTL Computer","og_description":"Caracter\u00edsticas T\u00e9cnicas: Procesador Intel\u00ae Core I5-11500\/TPM Chipset H510 Memoria RAM 16 GB DDR4 Disco Duro 256 GB PCIe M2 NVME Formato SFF Sistema Operativo Windows 10 Pro Complementos Rat\u00f3n, Teclado, Lector de tarjetas TTL Garant\u00eda 36 meses * \u00a0Las caracter\u00edsticas de dise\u00f1o del producto pueden variar debido a la configuraci\u00f3n y\/o implementaciones interesados a petici\u00f3n.","og_url":"https:\/\/ttlcomputer.es\/new\/ttk-teknoslim-l8-h510\/","og_site_name":"TTL Computer","article_modified_time":"2023-06-07T09:26:07+00:00","og_image":[{"url":"https:\/\/ttlcomputer.es\/new\/wp-content\/uploads\/2023\/06\/Diseno-sin-titulo-52-2-1024x768.jpg"}],"twitter_card":"summary_large_image","schema":{"@context":"https:\/\/schema.org","@graph":[{"@type":"WebPage","@id":"https:\/\/ttlcomputer.es\/new\/ttk-teknoslim-l8-h510\/","url":"https:\/\/ttlcomputer.es\/new\/ttk-teknoslim-l8-h510\/","name":"TTK TEKNOSLIM L8 H510 - TTL Computer","isPartOf":{"@id":"https:\/\/ttlcomputer.es\/new\/#website"},"primaryImageOfPage":{"@id":"https:\/\/ttlcomputer.es\/new\/ttk-teknoslim-l8-h510\/#primaryimage"},"image":{"@id":"https:\/\/ttlcomputer.es\/new\/ttk-teknoslim-l8-h510\/#primaryimage"},"thumbnailUrl":"https:\/\/ttlcomputer.es\/new\/wp-content\/uploads\/2023\/06\/Diseno-sin-titulo-52-2-1024x768.jpg","datePublished":"2023-06-07T09:22:17+00:00","dateModified":"2023-06-07T09:26:07+00:00","breadcrumb":{"@id":"https:\/\/ttlcomputer.es\/new\/ttk-teknoslim-l8-h510\/#breadcrumb"},"inLanguage":"es","potentialAction":[{"@type":"ReadAction","target":["https:\/\/ttlcomputer.es\/new\/ttk-teknoslim-l8-h510\/"]}]},{"@type":"ImageObject","inLanguage":"es","@id":"https:\/\/ttlcomputer.es\/new\/ttk-teknoslim-l8-h510\/#primaryimage","url":"https:\/\/ttlcomputer.es\/new\/wp-content\/uploads\/2023\/06\/Diseno-sin-titulo-52-2.jpg","contentUrl":"https:\/\/ttlcomputer.es\/new\/wp-content\/uploads\/2023\/06\/Diseno-sin-titulo-52-2.jpg","width":2048,"height":1536},{"@type":"BreadcrumbList","@id":"https:\/\/ttlcomputer.es\/new\/ttk-teknoslim-l8-h510\/#breadcrumb","itemListElement":[{"@type":"ListItem","position":1,"name":"Portada","item":"https:\/\/ttlcomputer.es\/new\/"},{"@type":"ListItem","position":2,"name":"TTK TEKNOSLIM L8 H510"}]},{"@type":"WebSite","@id":"https:\/\/ttlcomputer.es\/new\/#website","url":"https:\/\/ttlcomputer.es\/new\/","name":"TTL Computer","description":"","publisher":{"@id":"https:\/\/ttlcomputer.es\/new\/#organization"},"potentialAction":[{"@type":"SearchAction","target":{"@type":"EntryPoint","urlTemplate":"https:\/\/ttlcomputer.es\/new\/?s={search_term_string}"},"query-input":{"@type":"PropertyValueSpecification","valueRequired":true,"valueName":"search_term_string"}}],"inLanguage":"es"},{"@type":"Organization","@id":"https:\/\/ttlcomputer.es\/new\/#organization","name":"TTL Computer","url":"https:\/\/ttlcomputer.es\/new\/","logo":{"@type":"ImageObject","inLanguage":"es","@id":"https:\/\/ttlcomputer.es\/new\/#\/schema\/logo\/image\/","url":"https:\/\/ttlcomputer.es\/new\/wp-content\/uploads\/2023\/06\/TTL-Negro.png","contentUrl":"https:\/\/ttlcomputer.es\/new\/wp-content\/uploads\/2023\/06\/TTL-Negro.png","width":2810,"height":2194,"caption":"TTL Computer "},"image":{"@id":"https:\/\/ttlcomputer.es\/new\/#\/schema\/logo\/image\/"}}]}},"_links":{"self":[{"href":"https:\/\/ttlcomputer.es\/new\/wp-json\/wp\/v2\/pages\/1076","targetHints":{"allow":["GET"]}}],"collection":[{"href":"https:\/\/ttlcomputer.es\/new\/wp-json\/wp\/v2\/pages"}],"about":[{"href":"https:\/\/ttlcomputer.es\/new\/wp-json\/wp\/v2\/types\/page"}],"author":[{"embeddable":true,"href":"https:\/\/ttlcomputer.es\/new\/wp-json\/wp\/v2\/users\/1"}],"replies":[{"embeddable":true,"href":"https:\/\/ttlcomputer.es\/new\/wp-json\/wp\/v2\/comments?post=1076"}],"version-history":[{"count":3,"href":"https:\/\/ttlcomputer.es\/new\/wp-json\/wp\/v2\/pages\/1076\/revisions"}],"predecessor-version":[{"id":1082,"href":"https:\/\/ttlcomputer.es\/new\/wp-json\/wp\/v2\/pages\/1076\/revisions\/1082"}],"wp:attachment":[{"href":"https:\/\/ttlcomputer.es\/new\/wp-json\/wp\/v2\/media?parent=1076"}],"curies":[{"name":"wp","href":"https:\/\/api.w.org\/{rel}","templated":true}]}}