{"id":1053,"date":"2023-06-07T08:08:19","date_gmt":"2023-06-07T08:08:19","guid":{"rendered":"https:\/\/ttlcomputer.es\/new\/?page_id=1053"},"modified":"2023-06-12T06:14:08","modified_gmt":"2023-06-12T06:14:08","slug":"ttl-teknoslim-b560","status":"publish","type":"page","link":"https:\/\/ttlcomputer.es\/new\/ttl-teknoslim-b560\/","title":{"rendered":"TTL TEKNOSLIM B560"},"content":{"rendered":"\n\n\n<figure class=\"wp-block-image size-large\"><img loading=\"lazy\" decoding=\"async\" width=\"1024\" height=\"768\" src=\"https:\/\/ttlcomputer.es\/new\/wp-content\/uploads\/2023\/06\/Diseno-sin-titulo-52-1-1024x768.jpg\" alt=\"\" class=\"wp-image-1063\" srcset=\"https:\/\/ttlcomputer.es\/new\/wp-content\/uploads\/2023\/06\/Diseno-sin-titulo-52-1-1024x768.jpg 1024w, https:\/\/ttlcomputer.es\/new\/wp-content\/uploads\/2023\/06\/Diseno-sin-titulo-52-1-300x225.jpg 300w, https:\/\/ttlcomputer.es\/new\/wp-content\/uploads\/2023\/06\/Diseno-sin-titulo-52-1-768x576.jpg 768w, https:\/\/ttlcomputer.es\/new\/wp-content\/uploads\/2023\/06\/Diseno-sin-titulo-52-1-1536x1152.jpg 1536w, https:\/\/ttlcomputer.es\/new\/wp-content\/uploads\/2023\/06\/Diseno-sin-titulo-52-1-1440x1080.jpg 1440w, https:\/\/ttlcomputer.es\/new\/wp-content\/uploads\/2023\/06\/Diseno-sin-titulo-52-1-2000x1500.jpg 2000w, https:\/\/ttlcomputer.es\/new\/wp-content\/uploads\/2023\/06\/Diseno-sin-titulo-52-1.jpg 2048w\" sizes=\"(max-width: 1024px) 100vw, 1024px\" \/><\/figure>\n\n\n\n<h2 class=\"wp-block-heading\">Caracter\u00edsticas T\u00e9cnicas:<\/h2>\n\n\n\n<figure class=\"wp-block-table\"><table><tbody><tr><td>Procesador<\/td><td>Intel\u00ae Core i5-11500\/TPM<\/td><\/tr><tr><td>Chipset<\/td><td>B560<\/td><\/tr><tr><td>Memoria RAM <\/td><td>RAM 16GB DDR4<\/td><\/tr><tr><td>Almacenamiento<\/td><td>256 GB PCIe M2 NVME<\/td><\/tr><tr><td>Disco Duro <\/td><td>HDD 2TB 3,5<\/td><\/tr><tr><td>Sistema Operativo <\/td><td>Windows 10 Pro <\/td><\/tr><tr><td>Complementos<\/td><td>Rat\u00f3, Teclado, Lector de tarjetas TTL<\/td><\/tr><\/tbody><\/table><figcaption class=\"wp-element-caption\">* <strong>Las caracter\u00edsticas de dise\u00f1o del producto pueden variar debido a la configuraci\u00f3n y \/ o implementaciones interesados a petici\u00f3n.<\/strong><\/figcaption><\/figure>\n\n\n\n<p>Descargar Drivers y Ficha T\u00e9cnica:<\/p>\n\n\n\n<div class=\"wp-block-buttons is-layout-flex wp-block-buttons-is-layout-flex\">\n<div class=\"wp-block-button\"><a class=\"wp-block-button__link has-kubio-color-4-background-color has-background wp-element-button\">drivers<\/a><\/div>\n\n\n\n<div class=\"wp-block-button\"><a class=\"wp-block-button__link has-kubio-color-4-background-color has-background wp-element-button\" href=\"https:\/\/ttlcomputer.es\/wp-content\/uploads\/2021\/09\/TTL-TEKNOSLIM-B560.pdf\" target=\"_blank\" rel=\"noreferrer noopener\">ficha t\u00e9cnica <\/a><\/div>\n<\/div>\n","protected":false},"excerpt":{"rendered":"<p>Caracter\u00edsticas T\u00e9cnicas: Procesador Intel\u00ae Core i5-11500\/TPM Chipset B560 Memoria RAM RAM 16GB DDR4 Almacenamiento 256 GB PCIe M2 NVME Disco Duro HDD 2TB 3,5 Sistema Operativo Windows 10 Pro Complementos Rat\u00f3, Teclado, Lector de tarjetas TTL * Las caracter\u00edsticas de dise\u00f1o del producto pueden variar debido a la configuraci\u00f3n y \/ o implementaciones interesados a &hellip; <\/p>\n<p class=\"link-more\"><a href=\"https:\/\/ttlcomputer.es\/new\/ttl-teknoslim-b560\/\" class=\"more-link\">Leer m\u00e1s<span class=\"screen-reader-text\"> \u00abTTL TEKNOSLIM B560\u00bb<\/span><\/a><\/p>\n","protected":false},"author":1,"featured_media":0,"parent":0,"menu_order":0,"comment_status":"closed","ping_status":"closed","template":"","meta":{"saved_in_kubio":true,"inspiro_hide_title":false,"footnotes":""},"class_list":["post-1053","page","type-page","status-publish","hentry"],"kubio_ai_page_context":{"short_desc":"","purpose":"general"},"yoast_head":"<!-- This site is optimized with the Yoast SEO plugin v23.8 - https:\/\/yoast.com\/wordpress\/plugins\/seo\/ -->\n<title>TTL TEKNOSLIM B560 - TTL Computer<\/title>\n<meta name=\"robots\" content=\"noindex, follow, max-snippet:-1, max-image-preview:large, max-video-preview:-1\" \/>\n<meta property=\"og:locale\" content=\"es_ES\" \/>\n<meta property=\"og:type\" content=\"article\" \/>\n<meta property=\"og:title\" content=\"TTL TEKNOSLIM B560 - TTL Computer\" \/>\n<meta property=\"og:description\" content=\"Caracter\u00edsticas T\u00e9cnicas: Procesador Intel\u00ae Core i5-11500\/TPM Chipset B560 Memoria RAM RAM 16GB DDR4 Almacenamiento 256 GB PCIe M2 NVME Disco Duro HDD 2TB 3,5 Sistema Operativo Windows 10 Pro Complementos Rat\u00f3, Teclado, Lector de tarjetas TTL * Las caracter\u00edsticas de dise\u00f1o del producto pueden variar debido a la configuraci\u00f3n y \/ o implementaciones interesados a &hellip; Leer m\u00e1s \u00abTTL TEKNOSLIM B560\u00bb\" \/>\n<meta property=\"og:url\" content=\"https:\/\/ttlcomputer.es\/new\/ttl-teknoslim-b560\/\" \/>\n<meta property=\"og:site_name\" content=\"TTL Computer\" \/>\n<meta property=\"article:modified_time\" content=\"2023-06-12T06:14:08+00:00\" \/>\n<meta property=\"og:image\" content=\"https:\/\/ttlcomputer.es\/new\/wp-content\/uploads\/2023\/06\/Diseno-sin-titulo-52-1-1024x768.jpg\" \/>\n<meta name=\"twitter:card\" content=\"summary_large_image\" \/>\n<script type=\"application\/ld+json\" class=\"yoast-schema-graph\">{\"@context\":\"https:\/\/schema.org\",\"@graph\":[{\"@type\":\"WebPage\",\"@id\":\"https:\/\/ttlcomputer.es\/new\/ttl-teknoslim-b560\/\",\"url\":\"https:\/\/ttlcomputer.es\/new\/ttl-teknoslim-b560\/\",\"name\":\"TTL TEKNOSLIM B560 - TTL Computer\",\"isPartOf\":{\"@id\":\"https:\/\/ttlcomputer.es\/new\/#website\"},\"primaryImageOfPage\":{\"@id\":\"https:\/\/ttlcomputer.es\/new\/ttl-teknoslim-b560\/#primaryimage\"},\"image\":{\"@id\":\"https:\/\/ttlcomputer.es\/new\/ttl-teknoslim-b560\/#primaryimage\"},\"thumbnailUrl\":\"https:\/\/ttlcomputer.es\/new\/wp-content\/uploads\/2023\/06\/Diseno-sin-titulo-52-1-1024x768.jpg\",\"datePublished\":\"2023-06-07T08:08:19+00:00\",\"dateModified\":\"2023-06-12T06:14:08+00:00\",\"breadcrumb\":{\"@id\":\"https:\/\/ttlcomputer.es\/new\/ttl-teknoslim-b560\/#breadcrumb\"},\"inLanguage\":\"es\",\"potentialAction\":[{\"@type\":\"ReadAction\",\"target\":[\"https:\/\/ttlcomputer.es\/new\/ttl-teknoslim-b560\/\"]}]},{\"@type\":\"ImageObject\",\"inLanguage\":\"es\",\"@id\":\"https:\/\/ttlcomputer.es\/new\/ttl-teknoslim-b560\/#primaryimage\",\"url\":\"https:\/\/ttlcomputer.es\/new\/wp-content\/uploads\/2023\/06\/Diseno-sin-titulo-52-1.jpg\",\"contentUrl\":\"https:\/\/ttlcomputer.es\/new\/wp-content\/uploads\/2023\/06\/Diseno-sin-titulo-52-1.jpg\",\"width\":2048,\"height\":1536},{\"@type\":\"BreadcrumbList\",\"@id\":\"https:\/\/ttlcomputer.es\/new\/ttl-teknoslim-b560\/#breadcrumb\",\"itemListElement\":[{\"@type\":\"ListItem\",\"position\":1,\"name\":\"Portada\",\"item\":\"https:\/\/ttlcomputer.es\/new\/\"},{\"@type\":\"ListItem\",\"position\":2,\"name\":\"TTL TEKNOSLIM B560\"}]},{\"@type\":\"WebSite\",\"@id\":\"https:\/\/ttlcomputer.es\/new\/#website\",\"url\":\"https:\/\/ttlcomputer.es\/new\/\",\"name\":\"TTL Computer\",\"description\":\"\",\"publisher\":{\"@id\":\"https:\/\/ttlcomputer.es\/new\/#organization\"},\"potentialAction\":[{\"@type\":\"SearchAction\",\"target\":{\"@type\":\"EntryPoint\",\"urlTemplate\":\"https:\/\/ttlcomputer.es\/new\/?s={search_term_string}\"},\"query-input\":{\"@type\":\"PropertyValueSpecification\",\"valueRequired\":true,\"valueName\":\"search_term_string\"}}],\"inLanguage\":\"es\"},{\"@type\":\"Organization\",\"@id\":\"https:\/\/ttlcomputer.es\/new\/#organization\",\"name\":\"TTL Computer\",\"url\":\"https:\/\/ttlcomputer.es\/new\/\",\"logo\":{\"@type\":\"ImageObject\",\"inLanguage\":\"es\",\"@id\":\"https:\/\/ttlcomputer.es\/new\/#\/schema\/logo\/image\/\",\"url\":\"https:\/\/ttlcomputer.es\/new\/wp-content\/uploads\/2023\/06\/TTL-Negro.png\",\"contentUrl\":\"https:\/\/ttlcomputer.es\/new\/wp-content\/uploads\/2023\/06\/TTL-Negro.png\",\"width\":2810,\"height\":2194,\"caption\":\"TTL Computer \"},\"image\":{\"@id\":\"https:\/\/ttlcomputer.es\/new\/#\/schema\/logo\/image\/\"}}]}<\/script>\n<!-- \/ Yoast SEO plugin. -->","yoast_head_json":{"title":"TTL TEKNOSLIM B560 - TTL Computer","robots":{"index":"noindex","follow":"follow","max-snippet":"max-snippet:-1","max-image-preview":"max-image-preview:large","max-video-preview":"max-video-preview:-1"},"og_locale":"es_ES","og_type":"article","og_title":"TTL TEKNOSLIM B560 - TTL Computer","og_description":"Caracter\u00edsticas T\u00e9cnicas: Procesador Intel\u00ae Core i5-11500\/TPM Chipset B560 Memoria RAM RAM 16GB DDR4 Almacenamiento 256 GB PCIe M2 NVME Disco Duro HDD 2TB 3,5 Sistema Operativo Windows 10 Pro Complementos Rat\u00f3, Teclado, Lector de tarjetas TTL * Las caracter\u00edsticas de dise\u00f1o del producto pueden variar debido a la configuraci\u00f3n y \/ o implementaciones interesados a &hellip; Leer m\u00e1s \u00abTTL TEKNOSLIM B560\u00bb","og_url":"https:\/\/ttlcomputer.es\/new\/ttl-teknoslim-b560\/","og_site_name":"TTL Computer","article_modified_time":"2023-06-12T06:14:08+00:00","og_image":[{"url":"https:\/\/ttlcomputer.es\/new\/wp-content\/uploads\/2023\/06\/Diseno-sin-titulo-52-1-1024x768.jpg"}],"twitter_card":"summary_large_image","schema":{"@context":"https:\/\/schema.org","@graph":[{"@type":"WebPage","@id":"https:\/\/ttlcomputer.es\/new\/ttl-teknoslim-b560\/","url":"https:\/\/ttlcomputer.es\/new\/ttl-teknoslim-b560\/","name":"TTL TEKNOSLIM B560 - TTL Computer","isPartOf":{"@id":"https:\/\/ttlcomputer.es\/new\/#website"},"primaryImageOfPage":{"@id":"https:\/\/ttlcomputer.es\/new\/ttl-teknoslim-b560\/#primaryimage"},"image":{"@id":"https:\/\/ttlcomputer.es\/new\/ttl-teknoslim-b560\/#primaryimage"},"thumbnailUrl":"https:\/\/ttlcomputer.es\/new\/wp-content\/uploads\/2023\/06\/Diseno-sin-titulo-52-1-1024x768.jpg","datePublished":"2023-06-07T08:08:19+00:00","dateModified":"2023-06-12T06:14:08+00:00","breadcrumb":{"@id":"https:\/\/ttlcomputer.es\/new\/ttl-teknoslim-b560\/#breadcrumb"},"inLanguage":"es","potentialAction":[{"@type":"ReadAction","target":["https:\/\/ttlcomputer.es\/new\/ttl-teknoslim-b560\/"]}]},{"@type":"ImageObject","inLanguage":"es","@id":"https:\/\/ttlcomputer.es\/new\/ttl-teknoslim-b560\/#primaryimage","url":"https:\/\/ttlcomputer.es\/new\/wp-content\/uploads\/2023\/06\/Diseno-sin-titulo-52-1.jpg","contentUrl":"https:\/\/ttlcomputer.es\/new\/wp-content\/uploads\/2023\/06\/Diseno-sin-titulo-52-1.jpg","width":2048,"height":1536},{"@type":"BreadcrumbList","@id":"https:\/\/ttlcomputer.es\/new\/ttl-teknoslim-b560\/#breadcrumb","itemListElement":[{"@type":"ListItem","position":1,"name":"Portada","item":"https:\/\/ttlcomputer.es\/new\/"},{"@type":"ListItem","position":2,"name":"TTL TEKNOSLIM B560"}]},{"@type":"WebSite","@id":"https:\/\/ttlcomputer.es\/new\/#website","url":"https:\/\/ttlcomputer.es\/new\/","name":"TTL Computer","description":"","publisher":{"@id":"https:\/\/ttlcomputer.es\/new\/#organization"},"potentialAction":[{"@type":"SearchAction","target":{"@type":"EntryPoint","urlTemplate":"https:\/\/ttlcomputer.es\/new\/?s={search_term_string}"},"query-input":{"@type":"PropertyValueSpecification","valueRequired":true,"valueName":"search_term_string"}}],"inLanguage":"es"},{"@type":"Organization","@id":"https:\/\/ttlcomputer.es\/new\/#organization","name":"TTL Computer","url":"https:\/\/ttlcomputer.es\/new\/","logo":{"@type":"ImageObject","inLanguage":"es","@id":"https:\/\/ttlcomputer.es\/new\/#\/schema\/logo\/image\/","url":"https:\/\/ttlcomputer.es\/new\/wp-content\/uploads\/2023\/06\/TTL-Negro.png","contentUrl":"https:\/\/ttlcomputer.es\/new\/wp-content\/uploads\/2023\/06\/TTL-Negro.png","width":2810,"height":2194,"caption":"TTL Computer "},"image":{"@id":"https:\/\/ttlcomputer.es\/new\/#\/schema\/logo\/image\/"}}]}},"_links":{"self":[{"href":"https:\/\/ttlcomputer.es\/new\/wp-json\/wp\/v2\/pages\/1053","targetHints":{"allow":["GET"]}}],"collection":[{"href":"https:\/\/ttlcomputer.es\/new\/wp-json\/wp\/v2\/pages"}],"about":[{"href":"https:\/\/ttlcomputer.es\/new\/wp-json\/wp\/v2\/types\/page"}],"author":[{"embeddable":true,"href":"https:\/\/ttlcomputer.es\/new\/wp-json\/wp\/v2\/users\/1"}],"replies":[{"embeddable":true,"href":"https:\/\/ttlcomputer.es\/new\/wp-json\/wp\/v2\/comments?post=1053"}],"version-history":[{"count":5,"href":"https:\/\/ttlcomputer.es\/new\/wp-json\/wp\/v2\/pages\/1053\/revisions"}],"predecessor-version":[{"id":1322,"href":"https:\/\/ttlcomputer.es\/new\/wp-json\/wp\/v2\/pages\/1053\/revisions\/1322"}],"wp:attachment":[{"href":"https:\/\/ttlcomputer.es\/new\/wp-json\/wp\/v2\/media?parent=1053"}],"curies":[{"name":"wp","href":"https:\/\/api.w.org\/{rel}","templated":true}]}}