{"id":1006,"date":"2023-06-07T06:00:30","date_gmt":"2023-06-07T06:00:30","guid":{"rendered":"https:\/\/ttlcomputer.es\/new\/?page_id=1006"},"modified":"2023-06-12T06:15:42","modified_gmt":"2023-06-12T06:15:42","slug":"ttl-teknoslim-sf01q570i7256ssd","status":"publish","type":"page","link":"https:\/\/ttlcomputer.es\/new\/ttl-teknoslim-sf01q570i7256ssd\/","title":{"rendered":"TTL TEKNOSLIM SF01Q570I7256SSD"},"content":{"rendered":"\n\n\n<figure class=\"wp-block-image size-full is-resized\"><img loading=\"lazy\" decoding=\"async\" src=\"https:\/\/ttlcomputer.es\/new\/wp-content\/uploads\/2023\/06\/SF01Q570I7256SSD.png\" alt=\"\" class=\"wp-image-1012\" width=\"838\" height=\"421\" srcset=\"https:\/\/ttlcomputer.es\/new\/wp-content\/uploads\/2023\/06\/SF01Q570I7256SSD.png 515w, https:\/\/ttlcomputer.es\/new\/wp-content\/uploads\/2023\/06\/SF01Q570I7256SSD-300x151.png 300w\" sizes=\"(max-width: 838px) 100vw, 838px\" \/><\/figure>\n\n\n\n<h2 class=\"wp-block-heading\">Caracter\u00edsticas T\u00e9cnicas:<\/h2>\n\n\n\n<figure class=\"wp-block-table\"><table><tbody><tr><td><strong>Procesador<\/strong><\/td><td>Intel\u00ae i7-11700 (2.5GHz, up to 4.90 GHz, 16 MB cache, 8 cores). Supports Intel\u00ae vPRO<\/td><\/tr><tr><td><strong>Chipset<\/strong><\/td><td>Intel\u00ae Q570 \u2013 Intel\u00ae vPRO<\/td><\/tr><tr><td><strong>Memoria RAM <\/strong><\/td><td>2x 16GB DDR4 3200MHZ<\/td><\/tr><tr><td><strong>Almacenamiento<\/strong><\/td><td>1x M.2 2280 SSD 256 GB PCIe NVME<\/td><\/tr><tr><td><strong>Chasis<\/strong><\/td><td>SFF Tower. Tool-less<br>32,5 x 0,95 x 30 cm (Height x Width x Depth)<\/td><\/tr><tr><td><strong>Tarjeta Gr\u00e1fica<\/strong><\/td><td>Intel\u00ae UHD Graphics 750<\/td><\/tr><tr><td><strong>Audio<\/strong><\/td><td>Reaktek ALC897<\/td><\/tr><tr><td><strong>Network<\/strong><\/td><td>1x Gigabyte Ethernet LAN (10\/100\/1000 Mb\/s)<\/td><\/tr><tr><td><strong>Puertos I\/O<\/strong><\/td><td>2x DisplayPort<br>1x HDMI<br>1x RJ-45 Gigabit Ethernet LAN<br>3x Rear Audio Jacks<br>2x Frontal Audio Jacks (microphone\/input and headphones\/output)<br>4x Rear USB 3.2<br>2x Rear USB 2.0<br>2x Front USB 3.2<br>2x Front USB 2.0<\/td><\/tr><tr><td><strong>BIOS<\/strong><\/td><td>Intel\u00ae vPRO<br>Intel\u00ae Virtualization Technology (Intel\u00ae VT-x &amp; VT-d)<br>UEFI BIOS<\/td><\/tr><tr><td><strong>Sistema Operativo <\/strong><\/td><td>Window 10 Pro <\/td><\/tr><\/tbody><\/table><figcaption class=\"wp-element-caption\">Las caracter\u00edsticas de dise\u00f1o del producto pueden variar debido a la configuraci\u00f3n y \/ o implementaciones interesados a petici\u00f3n.<\/figcaption><\/figure>\n","protected":false},"excerpt":{"rendered":"<p>Caracter\u00edsticas T\u00e9cnicas: Procesador Intel\u00ae i7-11700 (2.5GHz, up to 4.90 GHz, 16 MB cache, 8 cores). Supports Intel\u00ae vPRO Chipset Intel\u00ae Q570 \u2013 Intel\u00ae vPRO Memoria RAM 2x 16GB DDR4 3200MHZ Almacenamiento 1x M.2 2280 SSD 256 GB PCIe NVME Chasis SFF Tower. Tool-less32,5 x 0,95 x 30 cm (Height x Width x Depth) Tarjeta Gr\u00e1fica &hellip; <\/p>\n<p class=\"link-more\"><a href=\"https:\/\/ttlcomputer.es\/new\/ttl-teknoslim-sf01q570i7256ssd\/\" class=\"more-link\">Leer m\u00e1s<span class=\"screen-reader-text\"> \u00abTTL TEKNOSLIM SF01Q570I7256SSD\u00bb<\/span><\/a><\/p>\n","protected":false},"author":1,"featured_media":0,"parent":0,"menu_order":0,"comment_status":"closed","ping_status":"closed","template":"","meta":{"saved_in_kubio":true,"inspiro_hide_title":false,"footnotes":""},"class_list":["post-1006","page","type-page","status-publish","hentry"],"kubio_ai_page_context":{"short_desc":"","purpose":"general"},"yoast_head":"<!-- This site is optimized with the Yoast SEO plugin v23.8 - https:\/\/yoast.com\/wordpress\/plugins\/seo\/ -->\n<title>TTL TEKNOSLIM SF01Q570I7256SSD - TTL Computer<\/title>\n<meta name=\"robots\" content=\"noindex, follow, max-snippet:-1, max-image-preview:large, max-video-preview:-1\" \/>\n<meta property=\"og:locale\" content=\"es_ES\" \/>\n<meta property=\"og:type\" content=\"article\" \/>\n<meta property=\"og:title\" content=\"TTL TEKNOSLIM SF01Q570I7256SSD - TTL Computer\" \/>\n<meta property=\"og:description\" content=\"Caracter\u00edsticas T\u00e9cnicas: Procesador Intel\u00ae i7-11700 (2.5GHz, up to 4.90 GHz, 16 MB cache, 8 cores). Supports Intel\u00ae vPRO Chipset Intel\u00ae Q570 \u2013 Intel\u00ae vPRO Memoria RAM 2x 16GB DDR4 3200MHZ Almacenamiento 1x M.2 2280 SSD 256 GB PCIe NVME Chasis SFF Tower. Tool-less32,5 x 0,95 x 30 cm (Height x Width x Depth) Tarjeta Gr\u00e1fica &hellip; Leer m\u00e1s \u00abTTL TEKNOSLIM SF01Q570I7256SSD\u00bb\" \/>\n<meta property=\"og:url\" content=\"https:\/\/ttlcomputer.es\/new\/ttl-teknoslim-sf01q570i7256ssd\/\" \/>\n<meta property=\"og:site_name\" content=\"TTL Computer\" \/>\n<meta property=\"article:modified_time\" content=\"2023-06-12T06:15:42+00:00\" \/>\n<meta property=\"og:image\" content=\"https:\/\/ttlcomputer.es\/new\/wp-content\/uploads\/2023\/06\/SF01Q570I7256SSD.png\" \/>\n<meta name=\"twitter:card\" content=\"summary_large_image\" \/>\n<meta name=\"twitter:label1\" content=\"Tiempo de lectura\" \/>\n\t<meta name=\"twitter:data1\" content=\"1 minuto\" \/>\n<script type=\"application\/ld+json\" class=\"yoast-schema-graph\">{\"@context\":\"https:\/\/schema.org\",\"@graph\":[{\"@type\":\"WebPage\",\"@id\":\"https:\/\/ttlcomputer.es\/new\/ttl-teknoslim-sf01q570i7256ssd\/\",\"url\":\"https:\/\/ttlcomputer.es\/new\/ttl-teknoslim-sf01q570i7256ssd\/\",\"name\":\"TTL TEKNOSLIM SF01Q570I7256SSD - TTL Computer\",\"isPartOf\":{\"@id\":\"https:\/\/ttlcomputer.es\/new\/#website\"},\"primaryImageOfPage\":{\"@id\":\"https:\/\/ttlcomputer.es\/new\/ttl-teknoslim-sf01q570i7256ssd\/#primaryimage\"},\"image\":{\"@id\":\"https:\/\/ttlcomputer.es\/new\/ttl-teknoslim-sf01q570i7256ssd\/#primaryimage\"},\"thumbnailUrl\":\"https:\/\/ttlcomputer.es\/new\/wp-content\/uploads\/2023\/06\/SF01Q570I7256SSD.png\",\"datePublished\":\"2023-06-07T06:00:30+00:00\",\"dateModified\":\"2023-06-12T06:15:42+00:00\",\"breadcrumb\":{\"@id\":\"https:\/\/ttlcomputer.es\/new\/ttl-teknoslim-sf01q570i7256ssd\/#breadcrumb\"},\"inLanguage\":\"es\",\"potentialAction\":[{\"@type\":\"ReadAction\",\"target\":[\"https:\/\/ttlcomputer.es\/new\/ttl-teknoslim-sf01q570i7256ssd\/\"]}]},{\"@type\":\"ImageObject\",\"inLanguage\":\"es\",\"@id\":\"https:\/\/ttlcomputer.es\/new\/ttl-teknoslim-sf01q570i7256ssd\/#primaryimage\",\"url\":\"https:\/\/ttlcomputer.es\/new\/wp-content\/uploads\/2023\/06\/SF01Q570I7256SSD.png\",\"contentUrl\":\"https:\/\/ttlcomputer.es\/new\/wp-content\/uploads\/2023\/06\/SF01Q570I7256SSD.png\",\"width\":515,\"height\":259},{\"@type\":\"BreadcrumbList\",\"@id\":\"https:\/\/ttlcomputer.es\/new\/ttl-teknoslim-sf01q570i7256ssd\/#breadcrumb\",\"itemListElement\":[{\"@type\":\"ListItem\",\"position\":1,\"name\":\"Portada\",\"item\":\"https:\/\/ttlcomputer.es\/new\/\"},{\"@type\":\"ListItem\",\"position\":2,\"name\":\"TTL TEKNOSLIM SF01Q570I7256SSD\"}]},{\"@type\":\"WebSite\",\"@id\":\"https:\/\/ttlcomputer.es\/new\/#website\",\"url\":\"https:\/\/ttlcomputer.es\/new\/\",\"name\":\"TTL Computer\",\"description\":\"\",\"publisher\":{\"@id\":\"https:\/\/ttlcomputer.es\/new\/#organization\"},\"potentialAction\":[{\"@type\":\"SearchAction\",\"target\":{\"@type\":\"EntryPoint\",\"urlTemplate\":\"https:\/\/ttlcomputer.es\/new\/?s={search_term_string}\"},\"query-input\":{\"@type\":\"PropertyValueSpecification\",\"valueRequired\":true,\"valueName\":\"search_term_string\"}}],\"inLanguage\":\"es\"},{\"@type\":\"Organization\",\"@id\":\"https:\/\/ttlcomputer.es\/new\/#organization\",\"name\":\"TTL Computer\",\"url\":\"https:\/\/ttlcomputer.es\/new\/\",\"logo\":{\"@type\":\"ImageObject\",\"inLanguage\":\"es\",\"@id\":\"https:\/\/ttlcomputer.es\/new\/#\/schema\/logo\/image\/\",\"url\":\"https:\/\/ttlcomputer.es\/new\/wp-content\/uploads\/2023\/06\/TTL-Negro.png\",\"contentUrl\":\"https:\/\/ttlcomputer.es\/new\/wp-content\/uploads\/2023\/06\/TTL-Negro.png\",\"width\":2810,\"height\":2194,\"caption\":\"TTL Computer \"},\"image\":{\"@id\":\"https:\/\/ttlcomputer.es\/new\/#\/schema\/logo\/image\/\"}}]}<\/script>\n<!-- \/ Yoast SEO plugin. -->","yoast_head_json":{"title":"TTL TEKNOSLIM SF01Q570I7256SSD - TTL Computer","robots":{"index":"noindex","follow":"follow","max-snippet":"max-snippet:-1","max-image-preview":"max-image-preview:large","max-video-preview":"max-video-preview:-1"},"og_locale":"es_ES","og_type":"article","og_title":"TTL TEKNOSLIM SF01Q570I7256SSD - TTL Computer","og_description":"Caracter\u00edsticas T\u00e9cnicas: Procesador Intel\u00ae i7-11700 (2.5GHz, up to 4.90 GHz, 16 MB cache, 8 cores). Supports Intel\u00ae vPRO Chipset Intel\u00ae Q570 \u2013 Intel\u00ae vPRO Memoria RAM 2x 16GB DDR4 3200MHZ Almacenamiento 1x M.2 2280 SSD 256 GB PCIe NVME Chasis SFF Tower. Tool-less32,5 x 0,95 x 30 cm (Height x Width x Depth) Tarjeta Gr\u00e1fica &hellip; Leer m\u00e1s \u00abTTL TEKNOSLIM SF01Q570I7256SSD\u00bb","og_url":"https:\/\/ttlcomputer.es\/new\/ttl-teknoslim-sf01q570i7256ssd\/","og_site_name":"TTL Computer","article_modified_time":"2023-06-12T06:15:42+00:00","og_image":[{"url":"https:\/\/ttlcomputer.es\/new\/wp-content\/uploads\/2023\/06\/SF01Q570I7256SSD.png"}],"twitter_card":"summary_large_image","twitter_misc":{"Tiempo de lectura":"1 minuto"},"schema":{"@context":"https:\/\/schema.org","@graph":[{"@type":"WebPage","@id":"https:\/\/ttlcomputer.es\/new\/ttl-teknoslim-sf01q570i7256ssd\/","url":"https:\/\/ttlcomputer.es\/new\/ttl-teknoslim-sf01q570i7256ssd\/","name":"TTL TEKNOSLIM SF01Q570I7256SSD - TTL Computer","isPartOf":{"@id":"https:\/\/ttlcomputer.es\/new\/#website"},"primaryImageOfPage":{"@id":"https:\/\/ttlcomputer.es\/new\/ttl-teknoslim-sf01q570i7256ssd\/#primaryimage"},"image":{"@id":"https:\/\/ttlcomputer.es\/new\/ttl-teknoslim-sf01q570i7256ssd\/#primaryimage"},"thumbnailUrl":"https:\/\/ttlcomputer.es\/new\/wp-content\/uploads\/2023\/06\/SF01Q570I7256SSD.png","datePublished":"2023-06-07T06:00:30+00:00","dateModified":"2023-06-12T06:15:42+00:00","breadcrumb":{"@id":"https:\/\/ttlcomputer.es\/new\/ttl-teknoslim-sf01q570i7256ssd\/#breadcrumb"},"inLanguage":"es","potentialAction":[{"@type":"ReadAction","target":["https:\/\/ttlcomputer.es\/new\/ttl-teknoslim-sf01q570i7256ssd\/"]}]},{"@type":"ImageObject","inLanguage":"es","@id":"https:\/\/ttlcomputer.es\/new\/ttl-teknoslim-sf01q570i7256ssd\/#primaryimage","url":"https:\/\/ttlcomputer.es\/new\/wp-content\/uploads\/2023\/06\/SF01Q570I7256SSD.png","contentUrl":"https:\/\/ttlcomputer.es\/new\/wp-content\/uploads\/2023\/06\/SF01Q570I7256SSD.png","width":515,"height":259},{"@type":"BreadcrumbList","@id":"https:\/\/ttlcomputer.es\/new\/ttl-teknoslim-sf01q570i7256ssd\/#breadcrumb","itemListElement":[{"@type":"ListItem","position":1,"name":"Portada","item":"https:\/\/ttlcomputer.es\/new\/"},{"@type":"ListItem","position":2,"name":"TTL TEKNOSLIM SF01Q570I7256SSD"}]},{"@type":"WebSite","@id":"https:\/\/ttlcomputer.es\/new\/#website","url":"https:\/\/ttlcomputer.es\/new\/","name":"TTL Computer","description":"","publisher":{"@id":"https:\/\/ttlcomputer.es\/new\/#organization"},"potentialAction":[{"@type":"SearchAction","target":{"@type":"EntryPoint","urlTemplate":"https:\/\/ttlcomputer.es\/new\/?s={search_term_string}"},"query-input":{"@type":"PropertyValueSpecification","valueRequired":true,"valueName":"search_term_string"}}],"inLanguage":"es"},{"@type":"Organization","@id":"https:\/\/ttlcomputer.es\/new\/#organization","name":"TTL Computer","url":"https:\/\/ttlcomputer.es\/new\/","logo":{"@type":"ImageObject","inLanguage":"es","@id":"https:\/\/ttlcomputer.es\/new\/#\/schema\/logo\/image\/","url":"https:\/\/ttlcomputer.es\/new\/wp-content\/uploads\/2023\/06\/TTL-Negro.png","contentUrl":"https:\/\/ttlcomputer.es\/new\/wp-content\/uploads\/2023\/06\/TTL-Negro.png","width":2810,"height":2194,"caption":"TTL Computer "},"image":{"@id":"https:\/\/ttlcomputer.es\/new\/#\/schema\/logo\/image\/"}}]}},"_links":{"self":[{"href":"https:\/\/ttlcomputer.es\/new\/wp-json\/wp\/v2\/pages\/1006","targetHints":{"allow":["GET"]}}],"collection":[{"href":"https:\/\/ttlcomputer.es\/new\/wp-json\/wp\/v2\/pages"}],"about":[{"href":"https:\/\/ttlcomputer.es\/new\/wp-json\/wp\/v2\/types\/page"}],"author":[{"embeddable":true,"href":"https:\/\/ttlcomputer.es\/new\/wp-json\/wp\/v2\/users\/1"}],"replies":[{"embeddable":true,"href":"https:\/\/ttlcomputer.es\/new\/wp-json\/wp\/v2\/comments?post=1006"}],"version-history":[{"count":8,"href":"https:\/\/ttlcomputer.es\/new\/wp-json\/wp\/v2\/pages\/1006\/revisions"}],"predecessor-version":[{"id":1326,"href":"https:\/\/ttlcomputer.es\/new\/wp-json\/wp\/v2\/pages\/1006\/revisions\/1326"}],"wp:attachment":[{"href":"https:\/\/ttlcomputer.es\/new\/wp-json\/wp\/v2\/media?parent=1006"}],"curies":[{"name":"wp","href":"https:\/\/api.w.org\/{rel}","templated":true}]}}